{"id":246,"date":"2020-12-09T13:07:33","date_gmt":"2020-12-09T13:07:33","guid":{"rendered":"http:\/\/domainedepamadera.nl\/?page_id=246"},"modified":"2025-11-28T14:08:25","modified_gmt":"2025-11-28T14:08:25","slug":"chambre-d-hotes","status":"publish","type":"page","link":"https:\/\/domainedepamadera.nl\/duits\/chambre-d-hotes\/","title":{"rendered":"Chambre d&#039; H\u00f4tes"},"content":{"rendered":"\n<p><strong>Chambre d&#8250;\u00a0H\u00f4tes<\/strong><br \/>\n<span style=\"font-family: 'Rock Salt';\"><strong><span lang=\"de\">Allgemeines;<\/span><\/strong><\/span><\/p>\n<p><img decoding=\"async\" loading=\"lazy\" class=\"alignnone wp-image-505 size-medium\" src=\"http:\/\/domainedepamadera.nl\/wp-content\/uploads\/2021\/02\/20210183-Schilt-Mialet-Transparant-300x213.png\" alt=\"\" width=\"300\" height=\"213\" srcset=\"https:\/\/domainedepamadera.nl\/wp-content\/uploads\/2021\/02\/20210183-Schilt-Mialet-Transparant-300x213.png 300w, https:\/\/domainedepamadera.nl\/wp-content\/uploads\/2021\/02\/20210183-Schilt-Mialet-Transparant-768x544.png 768w, https:\/\/domainedepamadera.nl\/wp-content\/uploads\/2021\/02\/20210183-Schilt-Mialet-Transparant.png 886w\" sizes=\"(max-width: 300px) 100vw, 300px\" \/><br \/>\n<span style=\"font-family: 'Rock Salt';\"><strong><span lang=\"de\">In unserem Chambre d&#8217;H\u00f4tes stehen 3 Zimmer zur Verf\u00fcgung. Jedes Zimmer verf\u00fcgt \u00fcber ein angrenzendes Badezimmer mit WC. Bettw\u00e4sche und Handt\u00fccher sind ebenfalls immer verf\u00fcgbar.<\/span><\/strong><\/span><\/p>\n<p><img decoding=\"async\" loading=\"lazy\" class=\"alignnone wp-image-599\" src=\"http:\/\/domainedepamadera.nl\/wp-content\/uploads\/2021\/02\/q14-202x300.jpg\" alt=\"\" width=\"144\" height=\"214\" srcset=\"https:\/\/domainedepamadera.nl\/wp-content\/uploads\/2021\/02\/q14-202x300.jpg 202w, https:\/\/domainedepamadera.nl\/wp-content\/uploads\/2021\/02\/q14-689x1024.jpg 689w, https:\/\/domainedepamadera.nl\/wp-content\/uploads\/2021\/02\/q14-768x1142.jpg 768w, https:\/\/domainedepamadera.nl\/wp-content\/uploads\/2021\/02\/q14.jpg 977w\" sizes=\"(max-width: 144px) 100vw, 144px\" \/>\u00a0 <img decoding=\"async\" loading=\"lazy\" class=\"alignnone wp-image-600\" src=\"http:\/\/domainedepamadera.nl\/wp-content\/uploads\/2021\/02\/192-300x225.jpg\" alt=\"\" width=\"287\" height=\"215\" srcset=\"https:\/\/domainedepamadera.nl\/wp-content\/uploads\/2021\/02\/192-300x225.jpg 300w, https:\/\/domainedepamadera.nl\/wp-content\/uploads\/2021\/02\/192.jpg 640w\" sizes=\"(max-width: 287px) 100vw, 287px\" \/>\u00a0\u00a0<img decoding=\"async\" loading=\"lazy\" class=\"alignnone wp-image-598\" src=\"http:\/\/domainedepamadera.nl\/wp-content\/uploads\/2021\/02\/q15-300x204.jpg\" alt=\"\" width=\"312\" height=\"212\" srcset=\"https:\/\/domainedepamadera.nl\/wp-content\/uploads\/2021\/02\/q15-300x204.jpg 300w, https:\/\/domainedepamadera.nl\/wp-content\/uploads\/2021\/02\/q15-768x521.jpg 768w, https:\/\/domainedepamadera.nl\/wp-content\/uploads\/2021\/02\/q15.jpg 962w\" sizes=\"(max-width: 312px) 100vw, 312px\" \/><img decoding=\"async\" loading=\"lazy\" class=\"alignnone size-medium wp-image-597\" src=\"http:\/\/domainedepamadera.nl\/wp-content\/uploads\/2021\/02\/150-300x225.jpg\" alt=\"\" width=\"300\" height=\"225\" srcset=\"https:\/\/domainedepamadera.nl\/wp-content\/uploads\/2021\/02\/150-300x225.jpg 300w, https:\/\/domainedepamadera.nl\/wp-content\/uploads\/2021\/02\/150.jpg 640w\" sizes=\"(max-width: 300px) 100vw, 300px\" \/><br \/>\n<span style=\"font-family: 'Rock Salt';\"><strong><span lang=\"de\">Inkl. umfangreiches franz\u00f6sisches Fr\u00fchst\u00fcck<\/span><\/strong><\/span><\/p>\n<p>Die Zimmer im Chambre d&#8217;h\u00f4tes sind Doppelzimmer.<\/p>\n<p>Es gibt auch Kinderbetten, die auf Anfrage in den Zimmern aufgestellt werden k\u00f6nnen.<\/p>\n<p>Dar\u00fcber hinaus haben wir ein Luxus-Ferienhaus f\u00fcr bis zu 6 Personen mit viel Privatsph\u00e4re, ein Apartment f\u00fcr bis zu 6 Personen<\/p>\n<p>Wifi ist verf\u00fcgbar.<\/p>\n<p>Rauchen ist in der Unterkunft nicht gestattet.<\/p>\n<p>Fragen Sie nach den Optionen, die Ihren W\u00fcnschen f\u00fcr einen angenehmen Aufenthalt entsprechen<\/p>\n<p><img decoding=\"async\" loading=\"lazy\" class=\"alignnone wp-image-512 size-medium\" src=\"http:\/\/domainedepamadera.nl\/wp-content\/uploads\/2021\/02\/visitekaartje-voorkant-300x192.jpg\" alt=\"\" width=\"300\" height=\"192\" srcset=\"https:\/\/domainedepamadera.nl\/wp-content\/uploads\/2021\/02\/visitekaartje-voorkant-300x192.jpg 300w, https:\/\/domainedepamadera.nl\/wp-content\/uploads\/2021\/02\/visitekaartje-voorkant-768x491.jpg 768w, https:\/\/domainedepamadera.nl\/wp-content\/uploads\/2021\/02\/visitekaartje-voorkant.jpg 1007w\" sizes=\"(max-width: 300px) 100vw, 300px\" \/> <img decoding=\"async\" loading=\"lazy\" class=\"alignnone wp-image-513 \" src=\"http:\/\/domainedepamadera.nl\/wp-content\/uploads\/2021\/02\/visitekaartje-achterzijde-300x198.jpg\" alt=\"\" width=\"292\" height=\"192\" srcset=\"https:\/\/domainedepamadera.nl\/wp-content\/uploads\/2021\/02\/visitekaartje-achterzijde-300x198.jpg 300w, https:\/\/domainedepamadera.nl\/wp-content\/uploads\/2021\/02\/visitekaartje-achterzijde-768x508.jpg 768w, https:\/\/domainedepamadera.nl\/wp-content\/uploads\/2021\/02\/visitekaartje-achterzijde.jpg 990w\" sizes=\"(max-width: 292px) 100vw, 292px\" \/><\/p>\n","protected":false},"excerpt":{"rendered":"<p>Chambre d&#8250;\u00a0H\u00f4tes Allgemeines; In unserem Chambre d&#8217;H\u00f4tes stehen 3 Zimmer zur Verf\u00fcgung. Jedes Zimmer verf\u00fcgt \u00fcber ein angrenzendes Badezimmer mit WC. Bettw\u00e4sche und Handt\u00fccher sind ebenfalls immer verf\u00fcgbar. \u00a0 \u00a0\u00a0 Inkl. umfangreiches franz\u00f6sisches Fr\u00fchst\u00fcck Die Zimmer im Chambre d&#8217;h\u00f4tes sind Doppelzimmer. Es gibt auch Kinderbetten, die auf Anfrage in den Zimmern aufgestellt werden k\u00f6nnen. Dar\u00fcber [&hellip;]<\/p>\n","protected":false},"author":1,"featured_media":0,"parent":0,"menu_order":0,"comment_status":"closed","ping_status":"closed","template":"","meta":{"footnotes":""},"_links":{"self":[{"href":"https:\/\/domainedepamadera.nl\/duits\/wp-json\/wp\/v2\/pages\/246"}],"collection":[{"href":"https:\/\/domainedepamadera.nl\/duits\/wp-json\/wp\/v2\/pages"}],"about":[{"href":"https:\/\/domainedepamadera.nl\/duits\/wp-json\/wp\/v2\/types\/page"}],"author":[{"embeddable":true,"href":"https:\/\/domainedepamadera.nl\/duits\/wp-json\/wp\/v2\/users\/1"}],"replies":[{"embeddable":true,"href":"https:\/\/domainedepamadera.nl\/duits\/wp-json\/wp\/v2\/comments?post=246"}],"version-history":[{"count":33,"href":"https:\/\/domainedepamadera.nl\/duits\/wp-json\/wp\/v2\/pages\/246\/revisions"}],"predecessor-version":[{"id":2432,"href":"https:\/\/domainedepamadera.nl\/duits\/wp-json\/wp\/v2\/pages\/246\/revisions\/2432"}],"wp:attachment":[{"href":"https:\/\/domainedepamadera.nl\/duits\/wp-json\/wp\/v2\/media?parent=246"}],"curies":[{"name":"wp","href":"https:\/\/api.w.org\/{rel}","templated":true}]}}