{"id":254,"date":"2020-12-09T14:35:38","date_gmt":"2020-12-09T14:35:38","guid":{"rendered":"http:\/\/domainedepamadera.nl\/?page_id=254"},"modified":"2022-01-06T16:12:20","modified_gmt":"2022-01-06T16:12:20","slug":"dieren","status":"publish","type":"page","link":"https:\/\/domainedepamadera.nl\/duits\/dieren\/","title":{"rendered":"Tiere"},"content":{"rendered":"<p><img decoding=\"async\" loading=\"lazy\" class=\"alignnone size-medium wp-image-255\" src=\"http:\/\/domainedepamadera.nl\/wp-content\/uploads\/2020\/12\/dieren-300x166.png\" alt=\"\" width=\"300\" height=\"166\" srcset=\"https:\/\/domainedepamadera.nl\/wp-content\/uploads\/2020\/12\/dieren-300x166.png 300w, https:\/\/domainedepamadera.nl\/wp-content\/uploads\/2020\/12\/dieren.png 365w\" sizes=\"(max-width: 300px) 100vw, 300px\" \/> <img decoding=\"async\" loading=\"lazy\" class=\"alignnone wp-image-505 \" src=\"http:\/\/domainedepamadera.nl\/wp-content\/uploads\/2021\/02\/20210183-Schilt-Mialet-Transparant-300x213.png\" alt=\"\" width=\"235\" height=\"167\" srcset=\"https:\/\/domainedepamadera.nl\/wp-content\/uploads\/2021\/02\/20210183-Schilt-Mialet-Transparant-300x213.png 300w, https:\/\/domainedepamadera.nl\/wp-content\/uploads\/2021\/02\/20210183-Schilt-Mialet-Transparant-768x544.png 768w, https:\/\/domainedepamadera.nl\/wp-content\/uploads\/2021\/02\/20210183-Schilt-Mialet-Transparant.png 886w\" sizes=\"(max-width: 235px) 100vw, 235px\" \/> <img decoding=\"async\" loading=\"lazy\" class=\"alignnone size-medium wp-image-1513\" src=\"https:\/\/domainedepamadera.nl\/wp-content\/uploads\/2022\/01\/50DB8CE0-D07D-4635-A9CD-096405069102-225x300.jpeg\" alt=\"\" width=\"225\" height=\"300\" srcset=\"https:\/\/domainedepamadera.nl\/wp-content\/uploads\/2022\/01\/50DB8CE0-D07D-4635-A9CD-096405069102-225x300.jpeg 225w, https:\/\/domainedepamadera.nl\/wp-content\/uploads\/2022\/01\/50DB8CE0-D07D-4635-A9CD-096405069102-768x1024.jpeg 768w, https:\/\/domainedepamadera.nl\/wp-content\/uploads\/2022\/01\/50DB8CE0-D07D-4635-A9CD-096405069102-1152x1536.jpeg 1152w, https:\/\/domainedepamadera.nl\/wp-content\/uploads\/2022\/01\/50DB8CE0-D07D-4635-A9CD-096405069102-1536x2048.jpeg 1536w, https:\/\/domainedepamadera.nl\/wp-content\/uploads\/2022\/01\/50DB8CE0-D07D-4635-A9CD-096405069102-scaled.jpeg 1920w\" sizes=\"(max-width: 225px) 100vw, 225px\" \/><br \/>\n<span style=\"font-family: 'Rock Salt';\"><strong><span lang=\"de\">Genie\u00dfen Sie Natur und Tiere in der N\u00e4he<\/span><\/strong><\/span><\/p>\n<p>Domaine de Pamadera<\/p>\n<p>Beim Aufgang der ersten Sonnenstrahlen erwachen die Tiere auch in der Domaine de Pamadera.<\/p>\n<p>Jeden Tag frische Eier von unseren H\u00fchnern mit einem m\u00e4chtigen Hahn, der \u00fcber seine Rute wacht. W\u00e4hrend die Ziegen bereits den ersten Satz auf der Dom\u00e4ne beobachten. Eifrig auf der Suche nach jemandem, der mit ihnen ein St\u00fcck abgestandenes Brot zum Fr\u00fchst\u00fcck isst.<\/p>\n<p>Die Pferde, die mit dem Tau in der Gegend hin und her gehen, fallen immer noch auf ihre Hufe. Die Esel finden es gut und lassen sich langsamer erwachen.<\/p>\n<p>Die Hunde haben ihren morgendlichen Spaziergang bereits abgeschlossen und w\u00fcrden gerne kurz vor dem Fr\u00fchst\u00fcck die Aktivit\u00e4t einer spielerischen \u00dcbung nachschlagen. Sie m\u00fcssen jedoch noch geduldig sein, bevor das reichhaltige Fr\u00fchst\u00fcck serviert wird.<\/p>\n<p>Die Katzen halten die St\u00fchle warm und bewegen sich \u00fcberhaupt nicht, um Platz f\u00fcr die ersten fr\u00fchen G\u00e4ste zu schaffen. Sie strecken sich tr\u00e4ge aus einem wunderbaren Schlaf unter dem auffallend klaren Sternenhimmel.<\/p>\n<p>Der Tag bricht an und das Vogelgezwitscher zeigt Ihnen den Weg zur gem\u00fctlichen Veranda der Domaine de Pamadera, wo Sie mit den ersten Sonnenstrahlen im Gesicht Platz nehmen k\u00f6nnen. Den Tag in Ihrem eigenen Tempo zu \u00fcberwachen und Pl\u00e4ne f\u00fcr eine weitere unvergessliche Dynamik zu schmieden.<\/p>\n<p><img decoding=\"async\" loading=\"lazy\" class=\"alignnone size-medium wp-image-1504\" src=\"https:\/\/domainedepamadera.nl\/wp-content\/uploads\/2022\/01\/5BCCE280-6BFE-4627-B519-F12C111798D4-300x225.jpeg\" alt=\"\" width=\"300\" height=\"225\" srcset=\"https:\/\/domainedepamadera.nl\/wp-content\/uploads\/2022\/01\/5BCCE280-6BFE-4627-B519-F12C111798D4-300x225.jpeg 300w, https:\/\/domainedepamadera.nl\/wp-content\/uploads\/2022\/01\/5BCCE280-6BFE-4627-B519-F12C111798D4-1024x768.jpeg 1024w, https:\/\/domainedepamadera.nl\/wp-content\/uploads\/2022\/01\/5BCCE280-6BFE-4627-B519-F12C111798D4-768x576.jpeg 768w, https:\/\/domainedepamadera.nl\/wp-content\/uploads\/2022\/01\/5BCCE280-6BFE-4627-B519-F12C111798D4-1536x1152.jpeg 1536w, https:\/\/domainedepamadera.nl\/wp-content\/uploads\/2022\/01\/5BCCE280-6BFE-4627-B519-F12C111798D4-2048x1536.jpeg 2048w\" sizes=\"(max-width: 300px) 100vw, 300px\" \/>\u00a0 <img decoding=\"async\" loading=\"lazy\" class=\"alignnone size-medium wp-image-1505\" src=\"https:\/\/domainedepamadera.nl\/wp-content\/uploads\/2022\/01\/27C20120-4CC6-48EE-9F61-602E4AC19AA3-300x225.jpeg\" alt=\"\" width=\"300\" height=\"225\" srcset=\"https:\/\/domainedepamadera.nl\/wp-content\/uploads\/2022\/01\/27C20120-4CC6-48EE-9F61-602E4AC19AA3-300x225.jpeg 300w, https:\/\/domainedepamadera.nl\/wp-content\/uploads\/2022\/01\/27C20120-4CC6-48EE-9F61-602E4AC19AA3-1024x768.jpeg 1024w, https:\/\/domainedepamadera.nl\/wp-content\/uploads\/2022\/01\/27C20120-4CC6-48EE-9F61-602E4AC19AA3-768x576.jpeg 768w, https:\/\/domainedepamadera.nl\/wp-content\/uploads\/2022\/01\/27C20120-4CC6-48EE-9F61-602E4AC19AA3-1536x1152.jpeg 1536w, https:\/\/domainedepamadera.nl\/wp-content\/uploads\/2022\/01\/27C20120-4CC6-48EE-9F61-602E4AC19AA3-2048x1536.jpeg 2048w\" sizes=\"(max-width: 300px) 100vw, 300px\" \/><\/p>\n<p><span style=\"font-size: 18pt;\"><strong>Bisons;<\/strong><\/span><br \/>\n<span style=\"font-family: 'Rock Salt';\"><strong><span lang=\"de\">Auf weniger als 150 Metern k\u00f6nnen Sie einen Blick auf eine Bisonherde werfen. Mit diesen fantastischen Tieren werden Sie sich auf Ihrer Reise durch die franz\u00f6sische Landschaft als Mensch wieder klein f\u00fchlen.<\/span><\/strong><\/span><\/p>\n<p>Genie\u00dfen Sie Ihr eigenes Erwachen bei einem k\u00f6stlichen Fr\u00fchst\u00fcck<\/p>\n<p><img decoding=\"async\" loading=\"lazy\" class=\"alignnone wp-image-473\" src=\"http:\/\/domainedepamadera.nl\/wp-content\/uploads\/2021\/01\/kippen-300x199.jpg\" alt=\"\" width=\"261\" height=\"173\" \/> <img decoding=\"async\" loading=\"lazy\" class=\"alignnone wp-image-474\" src=\"http:\/\/domainedepamadera.nl\/wp-content\/uploads\/2021\/01\/ezels-300x287.png\" alt=\"\" width=\"182\" height=\"174\" srcset=\"https:\/\/domainedepamadera.nl\/wp-content\/uploads\/2021\/01\/ezels-300x287.png 300w, https:\/\/domainedepamadera.nl\/wp-content\/uploads\/2021\/01\/ezels.png 500w\" sizes=\"(max-width: 182px) 100vw, 182px\" \/> <img decoding=\"async\" loading=\"lazy\" class=\"alignnone wp-image-475\" src=\"http:\/\/domainedepamadera.nl\/wp-content\/uploads\/2021\/01\/mini-geitjes-300x167.jpg\" alt=\"\" width=\"310\" height=\"173\" srcset=\"https:\/\/domainedepamadera.nl\/wp-content\/uploads\/2021\/01\/mini-geitjes-300x167.jpg 300w, https:\/\/domainedepamadera.nl\/wp-content\/uploads\/2021\/01\/mini-geitjes-768x427.jpg 768w, https:\/\/domainedepamadera.nl\/wp-content\/uploads\/2021\/01\/mini-geitjes.jpg 800w\" sizes=\"(max-width: 310px) 100vw, 310px\" \/><\/p>\n","protected":false},"excerpt":{"rendered":"<p>Genie\u00dfen Sie Natur und Tiere in der N\u00e4he Domaine de Pamadera Beim Aufgang der ersten Sonnenstrahlen erwachen die Tiere auch in der Domaine de Pamadera. Jeden Tag frische Eier von unseren H\u00fchnern mit einem m\u00e4chtigen Hahn, der \u00fcber seine Rute wacht. W\u00e4hrend die Ziegen bereits den ersten Satz auf der Dom\u00e4ne beobachten. Eifrig auf der [&hellip;]<\/p>\n","protected":false},"author":1,"featured_media":0,"parent":0,"menu_order":0,"comment_status":"closed","ping_status":"closed","template":"","meta":{"footnotes":""},"_links":{"self":[{"href":"https:\/\/domainedepamadera.nl\/duits\/wp-json\/wp\/v2\/pages\/254"}],"collection":[{"href":"https:\/\/domainedepamadera.nl\/duits\/wp-json\/wp\/v2\/pages"}],"about":[{"href":"https:\/\/domainedepamadera.nl\/duits\/wp-json\/wp\/v2\/types\/page"}],"author":[{"embeddable":true,"href":"https:\/\/domainedepamadera.nl\/duits\/wp-json\/wp\/v2\/users\/1"}],"replies":[{"embeddable":true,"href":"https:\/\/domainedepamadera.nl\/duits\/wp-json\/wp\/v2\/comments?post=254"}],"version-history":[{"count":18,"href":"https:\/\/domainedepamadera.nl\/duits\/wp-json\/wp\/v2\/pages\/254\/revisions"}],"predecessor-version":[{"id":1676,"href":"https:\/\/domainedepamadera.nl\/duits\/wp-json\/wp\/v2\/pages\/254\/revisions\/1676"}],"wp:attachment":[{"href":"https:\/\/domainedepamadera.nl\/duits\/wp-json\/wp\/v2\/media?parent=254"}],"curies":[{"name":"wp","href":"https:\/\/api.w.org\/{rel}","templated":true}]}}