{"id":274,"date":"2020-12-23T10:35:00","date_gmt":"2020-12-23T10:35:00","guid":{"rendered":"http:\/\/domainedepamadera.nl\/?page_id=274"},"modified":"2025-11-28T14:12:05","modified_gmt":"2025-11-28T14:12:05","slug":"gites","status":"publish","type":"page","link":"https:\/\/domainedepamadera.nl\/duits\/gites\/","title":{"rendered":"G\u00eetes &#038; appartement"},"content":{"rendered":"<p><br \/>\n<span style=\"font-family: 'Rock Salt';\"><strong><span lang=\"de\">Allgemeines; Ferienh\u00e4user und Wohnung<\/span><\/strong><\/span><\/p>\n<p><img decoding=\"async\" loading=\"lazy\" class=\"alignnone size-medium wp-image-1483\" src=\"https:\/\/domainedepamadera.nl\/wp-content\/uploads\/2022\/01\/E29B6296-3AA4-4E80-90A9-0E63D1EDB948-300x225.jpeg\" alt=\"\" width=\"300\" height=\"225\" srcset=\"https:\/\/domainedepamadera.nl\/wp-content\/uploads\/2022\/01\/E29B6296-3AA4-4E80-90A9-0E63D1EDB948-300x225.jpeg 300w, https:\/\/domainedepamadera.nl\/wp-content\/uploads\/2022\/01\/E29B6296-3AA4-4E80-90A9-0E63D1EDB948-1024x768.jpeg 1024w, https:\/\/domainedepamadera.nl\/wp-content\/uploads\/2022\/01\/E29B6296-3AA4-4E80-90A9-0E63D1EDB948-768x576.jpeg 768w, https:\/\/domainedepamadera.nl\/wp-content\/uploads\/2022\/01\/E29B6296-3AA4-4E80-90A9-0E63D1EDB948-1536x1152.jpeg 1536w, https:\/\/domainedepamadera.nl\/wp-content\/uploads\/2022\/01\/E29B6296-3AA4-4E80-90A9-0E63D1EDB948-2048x1536.jpeg 2048w\" sizes=\"(max-width: 300px) 100vw, 300px\" \/>\u00a0 <img decoding=\"async\" loading=\"lazy\" class=\"alignnone size-medium wp-image-1457\" src=\"https:\/\/domainedepamadera.nl\/wp-content\/uploads\/2022\/01\/8BD14C58-70E1-4D96-B799-55C3D4058EAD-300x223.jpeg\" alt=\"\" width=\"300\" height=\"223\" srcset=\"https:\/\/domainedepamadera.nl\/wp-content\/uploads\/2022\/01\/8BD14C58-70E1-4D96-B799-55C3D4058EAD-300x223.jpeg 300w, https:\/\/domainedepamadera.nl\/wp-content\/uploads\/2022\/01\/8BD14C58-70E1-4D96-B799-55C3D4058EAD-1024x763.jpeg 1024w, https:\/\/domainedepamadera.nl\/wp-content\/uploads\/2022\/01\/8BD14C58-70E1-4D96-B799-55C3D4058EAD-768x572.jpeg 768w, https:\/\/domainedepamadera.nl\/wp-content\/uploads\/2022\/01\/8BD14C58-70E1-4D96-B799-55C3D4058EAD.jpeg 1125w\" sizes=\"(max-width: 300px) 100vw, 300px\" \/><\/p>\n<p><img decoding=\"async\" loading=\"lazy\" class=\"alignnone size-medium wp-image-1454\" src=\"https:\/\/domainedepamadera.nl\/wp-content\/uploads\/2022\/01\/943D2FF5-4391-4429-B6A1-A2D30B955F80-300x219.jpeg\" alt=\"\" width=\"300\" height=\"219\" srcset=\"https:\/\/domainedepamadera.nl\/wp-content\/uploads\/2022\/01\/943D2FF5-4391-4429-B6A1-A2D30B955F80-300x219.jpeg 300w, https:\/\/domainedepamadera.nl\/wp-content\/uploads\/2022\/01\/943D2FF5-4391-4429-B6A1-A2D30B955F80-1024x749.jpeg 1024w, https:\/\/domainedepamadera.nl\/wp-content\/uploads\/2022\/01\/943D2FF5-4391-4429-B6A1-A2D30B955F80-768x562.jpeg 768w, https:\/\/domainedepamadera.nl\/wp-content\/uploads\/2022\/01\/943D2FF5-4391-4429-B6A1-A2D30B955F80.jpeg 1125w\" sizes=\"(max-width: 300px) 100vw, 300px\" \/>\u00a0 <img decoding=\"async\" loading=\"lazy\" class=\"alignnone size-medium wp-image-1456\" src=\"https:\/\/domainedepamadera.nl\/wp-content\/uploads\/2022\/01\/9DCA9B82-C67F-4E9A-A34A-CD584181968F-300x222.jpeg\" alt=\"\" width=\"300\" height=\"222\" srcset=\"https:\/\/domainedepamadera.nl\/wp-content\/uploads\/2022\/01\/9DCA9B82-C67F-4E9A-A34A-CD584181968F-300x222.jpeg 300w, https:\/\/domainedepamadera.nl\/wp-content\/uploads\/2022\/01\/9DCA9B82-C67F-4E9A-A34A-CD584181968F-1024x758.jpeg 1024w, https:\/\/domainedepamadera.nl\/wp-content\/uploads\/2022\/01\/9DCA9B82-C67F-4E9A-A34A-CD584181968F-768x569.jpeg 768w, https:\/\/domainedepamadera.nl\/wp-content\/uploads\/2022\/01\/9DCA9B82-C67F-4E9A-A34A-CD584181968F.jpeg 1125w\" sizes=\"(max-width: 300px) 100vw, 300px\" \/><\/p>\n<p><img decoding=\"async\" loading=\"lazy\" class=\"alignnone size-medium wp-image-1459\" src=\"https:\/\/domainedepamadera.nl\/wp-content\/uploads\/2022\/01\/EAA335FE-174D-474A-B287-AB46372460F9-300x224.jpeg\" alt=\"\" width=\"300\" height=\"224\" srcset=\"https:\/\/domainedepamadera.nl\/wp-content\/uploads\/2022\/01\/EAA335FE-174D-474A-B287-AB46372460F9-300x224.jpeg 300w, https:\/\/domainedepamadera.nl\/wp-content\/uploads\/2022\/01\/EAA335FE-174D-474A-B287-AB46372460F9-1024x765.jpeg 1024w, https:\/\/domainedepamadera.nl\/wp-content\/uploads\/2022\/01\/EAA335FE-174D-474A-B287-AB46372460F9-768x574.jpeg 768w, https:\/\/domainedepamadera.nl\/wp-content\/uploads\/2022\/01\/EAA335FE-174D-474A-B287-AB46372460F9.jpeg 1125w\" sizes=\"(max-width: 300px) 100vw, 300px\" \/><br \/>\n<span style=\"font-family: 'Rock Salt';\"><strong><span lang=\"de\">Unsere Unterkunft ist f\u00fcr 6 Personen geeignet. Es gibt einen ger\u00e4umigen Wohn- und Essbereich sowie eine voll ausgestattete K\u00fcche mit allen Elektroger\u00e4ten wie Mikrowelle, Senseo, K\u00fchlschrank mit Gefrierfach &#8230;<\/span><\/strong><\/span><\/p>\n<p>Wenn wir in den Wohnbereich ziehen, finden wir dort ein gro\u00dfes Sofa, das in ein gro\u00dfes Schlafbett f\u00fcr 2 Personen umgewandelt werden kann.<\/p>\n<p>Das Schlafzimmer verf\u00fcgt \u00fcber ein Doppelbett in einem Kastenbett und ein angrenzendes Badezimmer mit Dusche, WC und Waschbecken.<\/p>\n<p>\u00dcber eine alte Treppe gelangen wir zu den beiden sch\u00f6nsten Schlafpl\u00e4tzen hoch oben auf dem Dachboden mit Stromnetz.<\/p>\n<p>Nat\u00fcrlich m\u00f6chten Sie auch drau\u00dfen bleiben. Sie haben Zugang zu einer sch\u00f6n angelegten Terrasse mit Gartenm\u00f6beln und viel Privatsph\u00e4re und Blick auf den sch\u00f6nen Garten.<\/p>\n<p><img decoding=\"async\" loading=\"lazy\" class=\"alignnone wp-image-589\" src=\"http:\/\/domainedepamadera.nl\/wp-content\/uploads\/2021\/02\/app-1-298x300.jpg\" alt=\"\" width=\"194\" height=\"195\" srcset=\"https:\/\/domainedepamadera.nl\/wp-content\/uploads\/2021\/02\/app-1-298x300.jpg 298w, https:\/\/domainedepamadera.nl\/wp-content\/uploads\/2021\/02\/app-1-150x150.jpg 150w, https:\/\/domainedepamadera.nl\/wp-content\/uploads\/2021\/02\/app-1-768x774.jpg 768w, https:\/\/domainedepamadera.nl\/wp-content\/uploads\/2021\/02\/app-1.jpg 965w\" sizes=\"(max-width: 194px) 100vw, 194px\" \/> <img decoding=\"async\" loading=\"lazy\" class=\"alignnone wp-image-590\" src=\"http:\/\/domainedepamadera.nl\/wp-content\/uploads\/2021\/02\/app2-297x300.jpg\" alt=\"\" width=\"194\" height=\"196\" srcset=\"https:\/\/domainedepamadera.nl\/wp-content\/uploads\/2021\/02\/app2-297x300.jpg 297w, https:\/\/domainedepamadera.nl\/wp-content\/uploads\/2021\/02\/app2-768x775.jpg 768w, https:\/\/domainedepamadera.nl\/wp-content\/uploads\/2021\/02\/app2.jpg 971w\" sizes=\"(max-width: 194px) 100vw, 194px\" \/> <img decoding=\"async\" loading=\"lazy\" class=\"alignnone wp-image-591\" src=\"http:\/\/domainedepamadera.nl\/wp-content\/uploads\/2021\/02\/app3-300x300.jpg\" alt=\"\" width=\"196\" height=\"196\" srcset=\"https:\/\/domainedepamadera.nl\/wp-content\/uploads\/2021\/02\/app3-300x300.jpg 300w, https:\/\/domainedepamadera.nl\/wp-content\/uploads\/2021\/02\/app3-150x150.jpg 150w, https:\/\/domainedepamadera.nl\/wp-content\/uploads\/2021\/02\/app3-768x769.jpg 768w, https:\/\/domainedepamadera.nl\/wp-content\/uploads\/2021\/02\/app3.jpg 971w\" sizes=\"(max-width: 196px) 100vw, 196px\" \/> <img decoding=\"async\" loading=\"lazy\" class=\"alignnone wp-image-592\" src=\"http:\/\/domainedepamadera.nl\/wp-content\/uploads\/2021\/02\/app4-295x300.jpg\" alt=\"\" width=\"194\" height=\"197\" srcset=\"https:\/\/domainedepamadera.nl\/wp-content\/uploads\/2021\/02\/app4-295x300.jpg 295w, https:\/\/domainedepamadera.nl\/wp-content\/uploads\/2021\/02\/app4-768x782.jpg 768w, https:\/\/domainedepamadera.nl\/wp-content\/uploads\/2021\/02\/app4.jpg 960w\" sizes=\"(max-width: 194px) 100vw, 194px\" \/><\/p>\n<p><img decoding=\"async\" loading=\"lazy\" class=\"alignnone size-medium wp-image-557\" src=\"http:\/\/domainedepamadera.nl\/wp-content\/uploads\/2021\/02\/191-300x225.jpg\" alt=\"\" width=\"300\" height=\"225\" srcset=\"https:\/\/domainedepamadera.nl\/wp-content\/uploads\/2021\/02\/191-300x225.jpg 300w, https:\/\/domainedepamadera.nl\/wp-content\/uploads\/2021\/02\/191.jpg 640w\" sizes=\"(max-width: 300px) 100vw, 300px\" \/> <img decoding=\"async\" loading=\"lazy\" class=\"alignnone size-medium wp-image-556\" src=\"http:\/\/domainedepamadera.nl\/wp-content\/uploads\/2021\/02\/180-300x225.jpg\" alt=\"\" width=\"300\" height=\"225\" srcset=\"https:\/\/domainedepamadera.nl\/wp-content\/uploads\/2021\/02\/180-300x225.jpg 300w, https:\/\/domainedepamadera.nl\/wp-content\/uploads\/2021\/02\/180.jpg 640w\" sizes=\"(max-width: 300px) 100vw, 300px\" \/><br \/>\n<span style=\"font-family: 'Rock Salt';\"><strong><span lang=\"de\">Dann haben wir auch eine 6-Personen-Wohnung \u00fcber den alten Kuhst\u00e4llen.<\/span><\/strong><\/span><\/p>\n<p>\u00dcber eine Treppe betreten Sie ein ger\u00e4umiges Zimmer mit einem Doppelbett, einem Etagenbett und einem Schlafsofa. Das Wohnzimmer verf\u00fcgt \u00fcber ein Wohnzimmer und eine K\u00fcche sowie ein eigenes Bad. Sie k\u00f6nnen nat\u00fcrlich selbst kochen, aber tats\u00e4chlich suchen alle unsere Kunden den Komfort eines gro\u00dfartigen, reichhaltigen Fr\u00fchst\u00fccks und eines attraktiven und geschmackvollen Abendessens, das Ihnen jeden Abend angeboten wird. Immerhin ist es Urlaub &#8230;!<\/p>\n<p>Auf der Veranda k\u00f6nnen Sie bequem auf den vorhandenen Lounge-Sets sitzen. Genie\u00dfen Sie alle Einrichtungen, die die Domaine de Pamadera f\u00fcr die ganze Familie zu bieten hat!<span class=\"Y2IQFc\" lang=\"de\" style=\"font-family: 'Rock Salt';\">Wie Volleyball, Fu\u00dfball, Basketball, Fitnessstudio, Darts, Snooker, Jeu des Boules, Entspannungsbaum, ein gro\u00dfes Schwimmbad mit Str\u00f6mung, ein holzbefeuerter Whirlpool, Whirlpool, kostenloses WLAN und vieles mehr!<\/span><\/p>\n<p>&nbsp;<\/p>\n","protected":false},"excerpt":{"rendered":"<p>Allgemeines; Ferienh\u00e4user und Wohnung \u00a0 \u00a0 Unsere Unterkunft ist f\u00fcr 6 Personen geeignet. Es gibt einen ger\u00e4umigen Wohn- und Essbereich sowie eine voll ausgestattete K\u00fcche mit allen Elektroger\u00e4ten wie Mikrowelle, Senseo, K\u00fchlschrank mit Gefrierfach &#8230; Wenn wir in den Wohnbereich ziehen, finden wir dort ein gro\u00dfes Sofa, das in ein gro\u00dfes Schlafbett f\u00fcr 2 Personen [&hellip;]<\/p>\n","protected":false},"author":1,"featured_media":0,"parent":0,"menu_order":0,"comment_status":"closed","ping_status":"closed","template":"","meta":{"footnotes":""},"_links":{"self":[{"href":"https:\/\/domainedepamadera.nl\/duits\/wp-json\/wp\/v2\/pages\/274"}],"collection":[{"href":"https:\/\/domainedepamadera.nl\/duits\/wp-json\/wp\/v2\/pages"}],"about":[{"href":"https:\/\/domainedepamadera.nl\/duits\/wp-json\/wp\/v2\/types\/page"}],"author":[{"embeddable":true,"href":"https:\/\/domainedepamadera.nl\/duits\/wp-json\/wp\/v2\/users\/1"}],"replies":[{"embeddable":true,"href":"https:\/\/domainedepamadera.nl\/duits\/wp-json\/wp\/v2\/comments?post=274"}],"version-history":[{"count":31,"href":"https:\/\/domainedepamadera.nl\/duits\/wp-json\/wp\/v2\/pages\/274\/revisions"}],"predecessor-version":[{"id":2433,"href":"https:\/\/domainedepamadera.nl\/duits\/wp-json\/wp\/v2\/pages\/274\/revisions\/2433"}],"wp:attachment":[{"href":"https:\/\/domainedepamadera.nl\/duits\/wp-json\/wp\/v2\/media?parent=274"}],"curies":[{"name":"wp","href":"https:\/\/api.w.org\/{rel}","templated":true}]}}