{"id":285,"date":"2020-12-23T10:38:30","date_gmt":"2020-12-23T10:38:30","guid":{"rendered":"http:\/\/domainedepamadera.nl\/?page_id=285"},"modified":"2022-06-16T12:24:46","modified_gmt":"2022-06-16T12:24:46","slug":"nieuwsberichten","status":"publish","type":"page","link":"https:\/\/domainedepamadera.nl\/duits\/nieuwsberichten\/","title":{"rendered":"Nachrichten"},"content":{"rendered":"<p><br \/>\n<span style=\"font-family: 'Rock Salt';\"><strong><span lang=\"de\">Immer die aktuelle Wettervorhersage auf unserer Website verf\u00fcgbar;<\/span><\/strong><\/span><\/p>\n<p><span style=\"font-size: 18pt; font-family: 'Rock Salt';\"><strong><span lang=\"de\">Am 26. Juni 2021 wird Ambiance Lavande in Domaine de Pamadera umgewandelt<\/span><\/strong><\/span><\/p>\n<p><img decoding=\"async\" loading=\"lazy\" class=\"alignnone size-medium wp-image-619\" src=\"http:\/\/domainedepamadera.nl\/wp-content\/uploads\/2021\/02\/20210183-Schilt-Mialet-Transparant-01-300x213.png\" alt=\"\" width=\"300\" height=\"213\" srcset=\"https:\/\/domainedepamadera.nl\/wp-content\/uploads\/2021\/02\/20210183-Schilt-Mialet-Transparant-01-300x213.png 300w, https:\/\/domainedepamadera.nl\/wp-content\/uploads\/2021\/02\/20210183-Schilt-Mialet-Transparant-01-768x544.png 768w, https:\/\/domainedepamadera.nl\/wp-content\/uploads\/2021\/02\/20210183-Schilt-Mialet-Transparant-01.png 886w\" sizes=\"(max-width: 300px) 100vw, 300px\" \/> <img decoding=\"async\" loading=\"lazy\" class=\"alignnone wp-image-610\" src=\"http:\/\/domainedepamadera.nl\/wp-content\/uploads\/2021\/02\/q13-296x300.jpg\" alt=\"\" width=\"210\" height=\"213\" \/><br \/>\n<span style=\"font-family: 'Rock Salt';\"><strong><span lang=\"de\">Die Saison 2021 beginnt am 26. Juni 2021. Vor dieser Zeit versuchen wir, alle Annehmlichkeiten vorzubereiten, um Ihnen einen unvergesslichen Urlaub zu bieten. In unserer ersten Staffel versuchen wir, die von Joke und Ger gelegte Basis weiter freizugeben und unsere eigene Sauce dar\u00fcber zu werfen. Dennoch wird es immer Dinge geben, die verbessert werden k\u00f6nnen! Sagen Sie uns, wir k\u00f6nnen nur daraus lernen und wo m\u00f6glich eine geeignete L\u00f6sung finden. Wir freuen uns, Sie in der Domaine de Pamadera begr\u00fc\u00dfen zu d\u00fcrfen.<\/span><\/strong><\/span><\/p>\n<p><img decoding=\"async\" loading=\"lazy\" class=\"alignnone wp-image-621\" src=\"http:\/\/domainedepamadera.nl\/wp-content\/uploads\/2021\/02\/45-300x224.jpg\" alt=\"\" width=\"266\" height=\"198\" srcset=\"https:\/\/domainedepamadera.nl\/wp-content\/uploads\/2021\/02\/45-300x224.jpg 300w, https:\/\/domainedepamadera.nl\/wp-content\/uploads\/2021\/02\/45.jpg 640w\" sizes=\"(max-width: 266px) 100vw, 266px\" \/> <img decoding=\"async\" loading=\"lazy\" class=\"alignnone wp-image-622\" src=\"http:\/\/domainedepamadera.nl\/wp-content\/uploads\/2021\/02\/52-300x224.jpg\" alt=\"\" width=\"268\" height=\"200\" srcset=\"https:\/\/domainedepamadera.nl\/wp-content\/uploads\/2021\/02\/52-300x224.jpg 300w, https:\/\/domainedepamadera.nl\/wp-content\/uploads\/2021\/02\/52.jpg 640w\" sizes=\"(max-width: 268px) 100vw, 268px\" \/> <img decoding=\"async\" loading=\"lazy\" class=\"alignnone wp-image-623\" src=\"http:\/\/domainedepamadera.nl\/wp-content\/uploads\/2021\/02\/100-300x225.jpg\" alt=\"\" width=\"267\" height=\"200\" \/><br \/>\n<span style=\"font-family: 'Rock Salt';\"><strong><span lang=\"de\">Nach ca. 10 Jahren Vorbereitung haben wir den Kurs ge\u00e4ndert. Schlie\u00dflich wanderte die Vorbereitung tats\u00e4chlich nach Frankreich aus und wir haben alle unsere Tr\u00e4ume und Pl\u00e4ne in einen gro\u00dfen Koffer gepackt und werden sehen, was in den kommenden Jahren auf unserem 3 Hektar gro\u00dfen Gebiet verwirklicht werden kann. Wir wollten zu Beginn unserer ersten Staffel einige Dinge auf der Domain \u00e4ndern. Sicherlich eine \u00dcberraschung f\u00fcr die Stammg\u00e4ste bei ihrem n\u00e4chsten Besuch. Unsere neue Website bietet Ihnen bereits viele Informationen und manchmal eine Vorstellung von unseren Pl\u00e4nen und Erfolgen. Besuchen Sie regelm\u00e4\u00dfig unsere Website oder Facebook und bleiben Sie \u00fcber die Domaine de Pamadera auf dem Laufenden. Genie\u00dfen Sie die Ruhe, den Raum und die Gem\u00fctlichkeit an unserem sch\u00f6nsten Ort in Frankreich.<\/span><\/strong><\/span><\/p>\n<p><strong> <img decoding=\"async\" loading=\"lazy\" class=\"alignnone size-medium wp-image-624\" src=\"http:\/\/domainedepamadera.nl\/wp-content\/uploads\/2021\/02\/m1-300x221.jpg\" alt=\"\" width=\"300\" height=\"221\" \/> <img decoding=\"async\" loading=\"lazy\" class=\"alignnone wp-image-625\" src=\"http:\/\/domainedepamadera.nl\/wp-content\/uploads\/2021\/02\/m2-300x288.jpg\" alt=\"\" width=\"230\" height=\"221\" \/> <img decoding=\"async\" loading=\"lazy\" class=\"alignnone wp-image-626\" src=\"http:\/\/domainedepamadera.nl\/wp-content\/uploads\/2021\/02\/m3-300x205.jpg\" alt=\"\" width=\"271\" height=\"185\" \/><\/strong><\/p>\n<p><img decoding=\"async\" loading=\"lazy\" class=\"alignnone size-medium wp-image-627\" src=\"http:\/\/domainedepamadera.nl\/wp-content\/uploads\/2021\/02\/m4-208x300.jpg\" alt=\"\" width=\"208\" height=\"300\" \/> <img decoding=\"async\" loading=\"lazy\" class=\"alignnone size-medium wp-image-628\" src=\"http:\/\/domainedepamadera.nl\/wp-content\/uploads\/2021\/02\/m6-300x225.jpg\" alt=\"\" width=\"300\" height=\"225\" \/><\/p>\n<pre class=\"tw-data-text tw-text-large XcVN5d tw-ta\" dir=\"ltr\" data-placeholder=\"Vertaling\"><span style=\"font-family: 'Rock Salt';\"><strong><span lang=\"de\">Wir werden Sie in K\u00fcrze \u00fcber neue Lauf- und Radrouten rund um unsere Domain informieren. Im Jahr 2022 wird es auch ein spezielles Arrangement f\u00fcr Motorradfans geben, bei dem Sie die wundersch\u00f6ne Landschaft der Dordogne mit Ihrem treuen Hobby an Ihrer Seite erkunden k\u00f6nnen.\r\n\r\nBehalten Sie die Nachrichten im Auge und bleiben Sie \u00fcber die M\u00f6glichkeiten eines unvergesslichen Urlaubs in der Domaine de Pamadera auf dem Laufenden\r\n<\/span><\/strong><\/span><\/pre>\n<p><img decoding=\"async\" loading=\"lazy\" class=\"alignnone size-medium wp-image-1370\" src=\"https:\/\/domainedepamadera.nl\/wp-content\/uploads\/2021\/06\/8CA6A451-A5E1-4829-92D7-D9CA30F119F5-300x225.jpeg\" alt=\"\" width=\"300\" height=\"225\" srcset=\"https:\/\/domainedepamadera.nl\/wp-content\/uploads\/2021\/06\/8CA6A451-A5E1-4829-92D7-D9CA30F119F5-300x225.jpeg 300w, https:\/\/domainedepamadera.nl\/wp-content\/uploads\/2021\/06\/8CA6A451-A5E1-4829-92D7-D9CA30F119F5-1024x768.jpeg 1024w, https:\/\/domainedepamadera.nl\/wp-content\/uploads\/2021\/06\/8CA6A451-A5E1-4829-92D7-D9CA30F119F5-768x576.jpeg 768w, https:\/\/domainedepamadera.nl\/wp-content\/uploads\/2021\/06\/8CA6A451-A5E1-4829-92D7-D9CA30F119F5-1536x1152.jpeg 1536w, https:\/\/domainedepamadera.nl\/wp-content\/uploads\/2021\/06\/8CA6A451-A5E1-4829-92D7-D9CA30F119F5.jpeg 1600w\" sizes=\"(max-width: 300px) 100vw, 300px\" \/> <img decoding=\"async\" loading=\"lazy\" class=\"alignnone size-medium wp-image-1369\" src=\"https:\/\/domainedepamadera.nl\/wp-content\/uploads\/2021\/06\/1D4FA0FC-6058-448B-9322-060918B17921-300x225.jpeg\" alt=\"\" width=\"300\" height=\"225\" srcset=\"https:\/\/domainedepamadera.nl\/wp-content\/uploads\/2021\/06\/1D4FA0FC-6058-448B-9322-060918B17921-300x225.jpeg 300w, https:\/\/domainedepamadera.nl\/wp-content\/uploads\/2021\/06\/1D4FA0FC-6058-448B-9322-060918B17921-1024x768.jpeg 1024w, https:\/\/domainedepamadera.nl\/wp-content\/uploads\/2021\/06\/1D4FA0FC-6058-448B-9322-060918B17921-768x576.jpeg 768w, https:\/\/domainedepamadera.nl\/wp-content\/uploads\/2021\/06\/1D4FA0FC-6058-448B-9322-060918B17921-1536x1152.jpeg 1536w, https:\/\/domainedepamadera.nl\/wp-content\/uploads\/2021\/06\/1D4FA0FC-6058-448B-9322-060918B17921.jpeg 1600w\" sizes=\"(max-width: 300px) 100vw, 300px\" \/> <img decoding=\"async\" loading=\"lazy\" class=\"alignnone size-medium wp-image-1371\" src=\"https:\/\/domainedepamadera.nl\/wp-content\/uploads\/2021\/06\/DAAF88BA-7DE0-4A17-8892-593A51BB59BA-300x225.jpeg\" alt=\"\" width=\"300\" height=\"225\" srcset=\"https:\/\/domainedepamadera.nl\/wp-content\/uploads\/2021\/06\/DAAF88BA-7DE0-4A17-8892-593A51BB59BA-300x225.jpeg 300w, https:\/\/domainedepamadera.nl\/wp-content\/uploads\/2021\/06\/DAAF88BA-7DE0-4A17-8892-593A51BB59BA-1024x768.jpeg 1024w, https:\/\/domainedepamadera.nl\/wp-content\/uploads\/2021\/06\/DAAF88BA-7DE0-4A17-8892-593A51BB59BA-768x576.jpeg 768w, https:\/\/domainedepamadera.nl\/wp-content\/uploads\/2021\/06\/DAAF88BA-7DE0-4A17-8892-593A51BB59BA-1536x1152.jpeg 1536w, https:\/\/domainedepamadera.nl\/wp-content\/uploads\/2021\/06\/DAAF88BA-7DE0-4A17-8892-593A51BB59BA.jpeg 1600w\" sizes=\"(max-width: 300px) 100vw, 300px\" \/><\/p>\n<pre id=\"tw-target-text\" class=\"tw-data-text tw-text-large XcVN5d tw-ta\" dir=\"ltr\" data-placeholder=\"Vertaling\"><span class=\"Y2IQFc\" lang=\"de\" style=\"font-family: 'Rock Salt';\">Im Handumdrehen hat Airmountain der Domaine de Pamadera eine einzigartige Aitrampoline hinzugef\u00fcgt.<\/span><\/pre>\n<p><img decoding=\"async\" loading=\"lazy\" class=\"alignnone size-medium wp-image-1385\" src=\"https:\/\/domainedepamadera.nl\/wp-content\/uploads\/2021\/07\/6AACF00A-1C4E-4D18-AF8D-F5AC84AB61F8-225x300.jpeg\" alt=\"\" width=\"225\" height=\"300\" srcset=\"https:\/\/domainedepamadera.nl\/wp-content\/uploads\/2021\/07\/6AACF00A-1C4E-4D18-AF8D-F5AC84AB61F8-225x300.jpeg 225w, https:\/\/domainedepamadera.nl\/wp-content\/uploads\/2021\/07\/6AACF00A-1C4E-4D18-AF8D-F5AC84AB61F8.jpeg 768w\" sizes=\"(max-width: 225px) 100vw, 225px\" \/> <img decoding=\"async\" loading=\"lazy\" class=\"alignnone size-medium wp-image-1386\" src=\"https:\/\/domainedepamadera.nl\/wp-content\/uploads\/2021\/07\/A2E888BE-F939-4CA4-909F-51EDE920C930-225x300.jpeg\" alt=\"\" width=\"225\" height=\"300\" srcset=\"https:\/\/domainedepamadera.nl\/wp-content\/uploads\/2021\/07\/A2E888BE-F939-4CA4-909F-51EDE920C930-225x300.jpeg 225w, https:\/\/domainedepamadera.nl\/wp-content\/uploads\/2021\/07\/A2E888BE-F939-4CA4-909F-51EDE920C930.jpeg 768w\" sizes=\"(max-width: 225px) 100vw, 225px\" \/><\/p>\n<pre id=\"tw-target-text\" class=\"tw-data-text tw-text-large XcVN5d tw-ta\" dir=\"ltr\" data-placeholder=\"Vertaling\"><span class=\"Y2IQFc\" lang=\"de\" style=\"font-family: 'Rock Salt';\">In unserem Blumengarten gleicht kein Tag dem anderen, jeden Tag werden Sie von den vielen Farben der Blumen und Pflanzen verzaubert, die die sch\u00f6nsten Schmetterlinge anziehen.<\/span><\/pre>\n<p><img decoding=\"async\" loading=\"lazy\" class=\"alignnone size-medium wp-image-1387\" src=\"https:\/\/domainedepamadera.nl\/wp-content\/uploads\/2021\/07\/72F65AF7-5D71-464B-A687-B0CC2E3FC630-300x225.jpeg\" alt=\"\" width=\"300\" height=\"225\" srcset=\"https:\/\/domainedepamadera.nl\/wp-content\/uploads\/2021\/07\/72F65AF7-5D71-464B-A687-B0CC2E3FC630-300x225.jpeg 300w, https:\/\/domainedepamadera.nl\/wp-content\/uploads\/2021\/07\/72F65AF7-5D71-464B-A687-B0CC2E3FC630-1024x768.jpeg 1024w, https:\/\/domainedepamadera.nl\/wp-content\/uploads\/2021\/07\/72F65AF7-5D71-464B-A687-B0CC2E3FC630-768x576.jpeg 768w, https:\/\/domainedepamadera.nl\/wp-content\/uploads\/2021\/07\/72F65AF7-5D71-464B-A687-B0CC2E3FC630-1536x1152.jpeg 1536w, https:\/\/domainedepamadera.nl\/wp-content\/uploads\/2021\/07\/72F65AF7-5D71-464B-A687-B0CC2E3FC630-2048x1536.jpeg 2048w\" sizes=\"(max-width: 300px) 100vw, 300px\" \/> <img decoding=\"async\" loading=\"lazy\" class=\"alignnone size-medium wp-image-1388\" src=\"https:\/\/domainedepamadera.nl\/wp-content\/uploads\/2021\/07\/63AB84F7-F6A0-4E8F-B539-E5916D8BC4F8-225x300.jpeg\" alt=\"\" width=\"225\" height=\"300\" srcset=\"https:\/\/domainedepamadera.nl\/wp-content\/uploads\/2021\/07\/63AB84F7-F6A0-4E8F-B539-E5916D8BC4F8-225x300.jpeg 225w, https:\/\/domainedepamadera.nl\/wp-content\/uploads\/2021\/07\/63AB84F7-F6A0-4E8F-B539-E5916D8BC4F8-768x1024.jpeg 768w, https:\/\/domainedepamadera.nl\/wp-content\/uploads\/2021\/07\/63AB84F7-F6A0-4E8F-B539-E5916D8BC4F8-1152x1536.jpeg 1152w, https:\/\/domainedepamadera.nl\/wp-content\/uploads\/2021\/07\/63AB84F7-F6A0-4E8F-B539-E5916D8BC4F8-1536x2048.jpeg 1536w, https:\/\/domainedepamadera.nl\/wp-content\/uploads\/2021\/07\/63AB84F7-F6A0-4E8F-B539-E5916D8BC4F8-scaled.jpeg 1920w\" sizes=\"(max-width: 225px) 100vw, 225px\" \/> <img decoding=\"async\" loading=\"lazy\" class=\"alignnone size-medium wp-image-1389\" src=\"https:\/\/domainedepamadera.nl\/wp-content\/uploads\/2021\/07\/1B815D8B-9325-4D34-AB9A-8BB3AF43296B-300x225.jpeg\" alt=\"\" width=\"300\" height=\"225\" srcset=\"https:\/\/domainedepamadera.nl\/wp-content\/uploads\/2021\/07\/1B815D8B-9325-4D34-AB9A-8BB3AF43296B-300x225.jpeg 300w, https:\/\/domainedepamadera.nl\/wp-content\/uploads\/2021\/07\/1B815D8B-9325-4D34-AB9A-8BB3AF43296B-1024x768.jpeg 1024w, https:\/\/domainedepamadera.nl\/wp-content\/uploads\/2021\/07\/1B815D8B-9325-4D34-AB9A-8BB3AF43296B-768x576.jpeg 768w, https:\/\/domainedepamadera.nl\/wp-content\/uploads\/2021\/07\/1B815D8B-9325-4D34-AB9A-8BB3AF43296B-1536x1152.jpeg 1536w, https:\/\/domainedepamadera.nl\/wp-content\/uploads\/2021\/07\/1B815D8B-9325-4D34-AB9A-8BB3AF43296B-2048x1536.jpeg 2048w\" sizes=\"(max-width: 300px) 100vw, 300px\" \/> <img decoding=\"async\" loading=\"lazy\" class=\"alignnone size-medium wp-image-1390\" src=\"https:\/\/domainedepamadera.nl\/wp-content\/uploads\/2021\/07\/06ED21D2-C084-448B-A050-10E881AD1AE0-300x225.jpeg\" alt=\"\" width=\"300\" height=\"225\" srcset=\"https:\/\/domainedepamadera.nl\/wp-content\/uploads\/2021\/07\/06ED21D2-C084-448B-A050-10E881AD1AE0-300x225.jpeg 300w, https:\/\/domainedepamadera.nl\/wp-content\/uploads\/2021\/07\/06ED21D2-C084-448B-A050-10E881AD1AE0-1024x768.jpeg 1024w, https:\/\/domainedepamadera.nl\/wp-content\/uploads\/2021\/07\/06ED21D2-C084-448B-A050-10E881AD1AE0-768x576.jpeg 768w, https:\/\/domainedepamadera.nl\/wp-content\/uploads\/2021\/07\/06ED21D2-C084-448B-A050-10E881AD1AE0-1536x1152.jpeg 1536w, https:\/\/domainedepamadera.nl\/wp-content\/uploads\/2021\/07\/06ED21D2-C084-448B-A050-10E881AD1AE0-2048x1536.jpeg 2048w\" sizes=\"(max-width: 300px) 100vw, 300px\" \/><\/p>\n<pre id=\"tw-target-text\" class=\"tw-data-text tw-text-large XcVN5d tw-ta\" dir=\"ltr\" data-placeholder=\"Vertaling\"><span class=\"Y2IQFc\" lang=\"de\" style=\"font-family: 'Rock Salt';\">In unserem Relax-Baum k\u00f6nnen Sie sich vollkommen entspannen. Mitten in der Natur, wo nur das Ger\u00e4usch von V\u00f6geln und Fr\u00f6schen in den H\u00e4ngen der Landschaft widerhallt. Sie verlieren sich in der Zeit, die in der franz\u00f6sischen Landschaft still zu stehen scheint.<\/span><\/pre>\n<p><img decoding=\"async\" loading=\"lazy\" class=\"alignnone size-medium wp-image-1391\" src=\"https:\/\/domainedepamadera.nl\/wp-content\/uploads\/2021\/07\/8071FFA8-030D-4123-9FA1-B4C2840D3DD9-300x225.jpeg\" alt=\"\" width=\"300\" height=\"225\" srcset=\"https:\/\/domainedepamadera.nl\/wp-content\/uploads\/2021\/07\/8071FFA8-030D-4123-9FA1-B4C2840D3DD9-300x225.jpeg 300w, https:\/\/domainedepamadera.nl\/wp-content\/uploads\/2021\/07\/8071FFA8-030D-4123-9FA1-B4C2840D3DD9-1024x768.jpeg 1024w, https:\/\/domainedepamadera.nl\/wp-content\/uploads\/2021\/07\/8071FFA8-030D-4123-9FA1-B4C2840D3DD9-768x576.jpeg 768w, https:\/\/domainedepamadera.nl\/wp-content\/uploads\/2021\/07\/8071FFA8-030D-4123-9FA1-B4C2840D3DD9-1536x1152.jpeg 1536w, https:\/\/domainedepamadera.nl\/wp-content\/uploads\/2021\/07\/8071FFA8-030D-4123-9FA1-B4C2840D3DD9-2048x1536.jpeg 2048w\" sizes=\"(max-width: 300px) 100vw, 300px\" \/> <img decoding=\"async\" loading=\"lazy\" class=\"alignnone size-medium wp-image-1392\" src=\"https:\/\/domainedepamadera.nl\/wp-content\/uploads\/2021\/07\/5076D542-9CAA-4C86-B710-49AD91507F26-300x225.jpeg\" alt=\"\" width=\"300\" height=\"225\" srcset=\"https:\/\/domainedepamadera.nl\/wp-content\/uploads\/2021\/07\/5076D542-9CAA-4C86-B710-49AD91507F26-300x225.jpeg 300w, https:\/\/domainedepamadera.nl\/wp-content\/uploads\/2021\/07\/5076D542-9CAA-4C86-B710-49AD91507F26-1024x768.jpeg 1024w, https:\/\/domainedepamadera.nl\/wp-content\/uploads\/2021\/07\/5076D542-9CAA-4C86-B710-49AD91507F26-768x576.jpeg 768w, https:\/\/domainedepamadera.nl\/wp-content\/uploads\/2021\/07\/5076D542-9CAA-4C86-B710-49AD91507F26-1536x1152.jpeg 1536w, https:\/\/domainedepamadera.nl\/wp-content\/uploads\/2021\/07\/5076D542-9CAA-4C86-B710-49AD91507F26-2048x1536.jpeg 2048w\" sizes=\"(max-width: 300px) 100vw, 300px\" \/> <img decoding=\"async\" loading=\"lazy\" class=\"alignnone size-medium wp-image-1393\" src=\"https:\/\/domainedepamadera.nl\/wp-content\/uploads\/2021\/07\/9961A622-22FF-47C2-B533-8D5937238CA2-300x225.jpeg\" alt=\"\" width=\"300\" height=\"225\" srcset=\"https:\/\/domainedepamadera.nl\/wp-content\/uploads\/2021\/07\/9961A622-22FF-47C2-B533-8D5937238CA2-300x225.jpeg 300w, https:\/\/domainedepamadera.nl\/wp-content\/uploads\/2021\/07\/9961A622-22FF-47C2-B533-8D5937238CA2-1024x768.jpeg 1024w, https:\/\/domainedepamadera.nl\/wp-content\/uploads\/2021\/07\/9961A622-22FF-47C2-B533-8D5937238CA2-768x576.jpeg 768w, https:\/\/domainedepamadera.nl\/wp-content\/uploads\/2021\/07\/9961A622-22FF-47C2-B533-8D5937238CA2-1536x1152.jpeg 1536w, https:\/\/domainedepamadera.nl\/wp-content\/uploads\/2021\/07\/9961A622-22FF-47C2-B533-8D5937238CA2-2048x1536.jpeg 2048w\" sizes=\"(max-width: 300px) 100vw, 300px\" \/> <img decoding=\"async\" loading=\"lazy\" class=\"alignnone size-medium wp-image-1394\" src=\"https:\/\/domainedepamadera.nl\/wp-content\/uploads\/2021\/07\/58AC4B78-49B5-4E33-A56A-CC0C83712464-300x225.jpeg\" alt=\"\" width=\"300\" height=\"225\" srcset=\"https:\/\/domainedepamadera.nl\/wp-content\/uploads\/2021\/07\/58AC4B78-49B5-4E33-A56A-CC0C83712464-300x225.jpeg 300w, https:\/\/domainedepamadera.nl\/wp-content\/uploads\/2021\/07\/58AC4B78-49B5-4E33-A56A-CC0C83712464-1024x768.jpeg 1024w, https:\/\/domainedepamadera.nl\/wp-content\/uploads\/2021\/07\/58AC4B78-49B5-4E33-A56A-CC0C83712464-768x576.jpeg 768w, https:\/\/domainedepamadera.nl\/wp-content\/uploads\/2021\/07\/58AC4B78-49B5-4E33-A56A-CC0C83712464-1536x1152.jpeg 1536w, https:\/\/domainedepamadera.nl\/wp-content\/uploads\/2021\/07\/58AC4B78-49B5-4E33-A56A-CC0C83712464-2048x1536.jpeg 2048w\" sizes=\"(max-width: 300px) 100vw, 300px\" \/><\/p>\n<pre id=\"tw-target-text\" class=\"tw-data-text tw-text-large XcVN5d tw-ta\" dir=\"ltr\" data-placeholder=\"Vertaling\"><span class=\"Y2IQFc\" lang=\"de\"><span style=\"font-family: 'Rock Salt';\">Stimmungsvoll ist es auch am Abend im Domaine de Pamadera. Mit sch\u00f6ner Dekoration und ausgewogener Beleuchtung wurde ein gem\u00fctliches Ganzes geschaffen, in dem Sie und die anderen G\u00e4ste eine gute Geschichte, ein kaltes Getr\u00e4nk oder einen burgundischen Leckerbissen genie\u00dfen k\u00f6nnen.\r\n\r\nIm Sommer 2021 hat die Domaine de Pamadera in etwa 7 Wochen eine solche Metamorphose durchlaufen, die f\u00fcr Frankreich, seine Umgebung und seine n\u00e4chsten Nachbarn ungew\u00f6hnlich war. Aber es ist sch\u00f6ner geworden, als wir dachten. Nat\u00fcrlich sind einige Dinge noch nicht ganz fertig und werden im Herbst mit der gleichen Begeisterung angepackt. Domaine de Pamadera wird jedoch nie zu einem Ferienpark, sondern wird seinen Besuchern im kleinen Rahmen die wundersch\u00f6ne Natur und die Ruhe vorstellen, die Mialet in Les Parcs bieten kann. Zuk\u00fcnftig werden in der bestehenden Garage zwei Gites als Erg\u00e4nzung zu den bestehenden<\/span> <span style=\"font-family: 'Rock Salt';\">\u00dcbernachtungsm\u00f6glichkeiten entstehen, aber dann wird Domaine de Pamadera bereit sein, um einer begrenzten Gruppe die M\u00f6glichkeit zu geben, all die sch\u00f6nen Dinge zu genie\u00dfen, die wir erreicht haben. Interessieren Sie sich f\u00fcr Domaine de Pamadera, folgen Sie unserer Website, Facebook oder Instagram und \u00fcberzeugen Sie sich selbst, wie sch\u00f6n das franz\u00f6sische Plagtteland sein kann.<\/span><\/span><\/pre>\n<pre id=\"tw-target-text\" class=\"tw-data-text tw-text-large XcVN5d tw-ta\" dir=\"ltr\" data-placeholder=\"Vertaling\"><span style=\"font-family: 'Rock Salt';\"><strong><span lang=\"de\">\u00a0<\/span><\/strong><\/span><\/pre>\n","protected":false},"excerpt":{"rendered":"<p>Immer die aktuelle Wettervorhersage auf unserer Website verf\u00fcgbar; Am 26. Juni 2021 wird Ambiance Lavande in Domaine de Pamadera umgewandelt Die Saison 2021 beginnt am 26. Juni 2021. Vor dieser Zeit versuchen wir, alle Annehmlichkeiten vorzubereiten, um Ihnen einen unvergesslichen Urlaub zu bieten. In unserer ersten Staffel versuchen wir, die von Joke und Ger gelegte [&hellip;]<\/p>\n","protected":false},"author":1,"featured_media":0,"parent":0,"menu_order":0,"comment_status":"closed","ping_status":"closed","template":"","meta":{"footnotes":""},"_links":{"self":[{"href":"https:\/\/domainedepamadera.nl\/duits\/wp-json\/wp\/v2\/pages\/285"}],"collection":[{"href":"https:\/\/domainedepamadera.nl\/duits\/wp-json\/wp\/v2\/pages"}],"about":[{"href":"https:\/\/domainedepamadera.nl\/duits\/wp-json\/wp\/v2\/types\/page"}],"author":[{"embeddable":true,"href":"https:\/\/domainedepamadera.nl\/duits\/wp-json\/wp\/v2\/users\/1"}],"replies":[{"embeddable":true,"href":"https:\/\/domainedepamadera.nl\/duits\/wp-json\/wp\/v2\/comments?post=285"}],"version-history":[{"count":34,"href":"https:\/\/domainedepamadera.nl\/duits\/wp-json\/wp\/v2\/pages\/285\/revisions"}],"predecessor-version":[{"id":1915,"href":"https:\/\/domainedepamadera.nl\/duits\/wp-json\/wp\/v2\/pages\/285\/revisions\/1915"}],"wp:attachment":[{"href":"https:\/\/domainedepamadera.nl\/duits\/wp-json\/wp\/v2\/media?parent=285"}],"curies":[{"name":"wp","href":"https:\/\/api.w.org\/{rel}","templated":true}]}}