{"id":3,"date":"2020-11-12T11:56:46","date_gmt":"2020-11-12T11:56:46","guid":{"rendered":"http:\/\/domainedepamadera.nl\/?page_id=3"},"modified":"2022-01-08T17:11:55","modified_gmt":"2022-01-08T17:11:55","slug":"privacybeleid","status":"publish","type":"page","link":"https:\/\/domainedepamadera.nl\/duits\/privacybeleid\/","title":{"rendered":"Datenschutz-Bestimmungen"},"content":{"rendered":"\r\n<h2 class=\"wp-block-heading\"><img decoding=\"async\" loading=\"lazy\" class=\"alignnone size-medium wp-image-674\" src=\"http:\/\/domainedepamadera.nl\/wp-content\/uploads\/2021\/02\/privacy-2-300x181.jpg\" alt=\"\" width=\"300\" height=\"181\" srcset=\"https:\/\/domainedepamadera.nl\/wp-content\/uploads\/2021\/02\/privacy-2-300x181.jpg 300w, https:\/\/domainedepamadera.nl\/wp-content\/uploads\/2021\/02\/privacy-2-768x464.jpg 768w, https:\/\/domainedepamadera.nl\/wp-content\/uploads\/2021\/02\/privacy-2.jpg 938w\" sizes=\"(max-width: 300px) 100vw, 300px\" \/> <img decoding=\"async\" loading=\"lazy\" class=\"alignnone size-medium wp-image-677\" src=\"http:\/\/domainedepamadera.nl\/wp-content\/uploads\/2021\/02\/privacy-4-300x218.jpg\" alt=\"\" width=\"300\" height=\"218\" \/><\/h2>\r\n<p><span style=\"font-family: 'Rock Salt';\"><strong><span lang=\"de\">Wer sind wir; Unsere Site-Adresse lautet: http:\/\/www.domainedepamadera.eu Welche pers\u00f6nlichen Daten sammeln wir und warum sammeln wir sie? Bemerkungen Wenn Besucher Kommentare auf der Website hinterlassen, erfassen wir die im Kommentarformular angezeigten Daten sowie die IP-Adresse des Besuchers und die Zeichenfolge des Browser-Benutzeragenten, um die Spam-Erkennung zu unterst\u00fctzen. Eine anonymisierte Zeichenfolge, die aus Ihrer E-Mail-Adresse erstellt wurde (auch als Hash bezeichnet), kann an den Gravatar-Dienst gesendet werden, wenn Sie ihn verwenden. Die Seite mit den Datenschutzrichtlinien finden Sie hier: https:\/\/automattic.com\/privacy\/. Nachdem Ihr Kommentar genehmigt wurde, wird Ihr Profilbild im Kontext Ihres Kommentars \u00f6ffentlich sichtbar. Medien Wenn Sie ein registrierter Benutzer sind und Bilder auf die Site hochladen, sollten Sie das Hochladen von Bildern mit EXIF \u200b\u200bGPS-Standortdaten vermeiden. Site-Besucher k\u00f6nnen die Bilder von der Site herunterladen und die Standortinformationen anzeigen. Kontaktformulare Kekse Wenn Sie einen Kommentar auf unserer Website hinterlassen, k\u00f6nnen Sie angeben, ob Ihr Name, Ihre E-Mail-Adresse und Ihre Website m\u00f6glicherweise in einem Cookie gespeichert sind. Wir tun dies zu Ihrer Bequemlichkeit, damit Sie diese Informationen nicht erneut eingeben m\u00fcssen, um eine neue Antwort zu erhalten. Diese Cookies sind ein Jahr g\u00fcltig. Wenn Sie unsere Anmeldeseite besuchen, speichern wir ein tempor\u00e4res Cookie, um zu \u00fcberpr\u00fcfen, ob Ihr Browser Cookies akzeptiert. Dieses Cookie enth\u00e4lt keine pers\u00f6nlichen Daten und wird gel\u00f6scht, wenn Sie Ihren Browser schlie\u00dfen. Sobald Sie sich anmelden, speichern wir einige Cookies in Verbindung mit Ihren Anmeldeinformationen und Bildschirmanzeigeoptionen. Login-Cookies sind 2 Tage g\u00fcltig und Bildschirmoptions-Cookies halten 1 Jahr. Wenn Sie &#171;Erinnere mich&#187; ausw\u00e4hlen, wird Ihr Login 2 Wochen lang gespeichert. Sobald Sie sich von Ihrem Konto abmelden, werden Anmelde-Cookies gel\u00f6scht. Wenn Sie eine Nachricht \u00e4ndern oder ver\u00f6ffentlichen, wird von Ihrem Browser ein zus\u00e4tzliches Cookie gespeichert. Dieses Cookie enth\u00e4lt keine pers\u00f6nlichen Daten und nur die Post-ID des Artikels, den Sie bearbeitet haben. Dieser Cookie l\u00e4uft nach einem Tag ab. Eingebettete Inhalte von anderen Websites Nachrichten auf dieser Site k\u00f6nnen eingebetteten (eingebetteten) Inhalt enthalten (z. B. Videos, Bilder, Nachrichten usw.). Eingebettete Inhalte von anderen Websites verhalten sich genauso, als h\u00e4tte der Besucher diese andere Website besucht. Diese Websites sammeln m\u00f6glicherweise Informationen \u00fcber Sie, verwenden Cookies, binden zus\u00e4tzliches Tracking von Drittanbietern ein und \u00fcberwachen Ihre Interaktion mit diesen eingebetteten Inhalten, einschlie\u00dflich der Protokollierung Ihrer Interaktion mit eingebetteten Inhalten, wenn Sie \u00fcber ein Konto verf\u00fcgen und auf dieser Website angemeldet sind.<\/span><\/strong><\/span><\/p>\r\n<h3><span style=\"font-family: 'Rock Salt';\"><strong><img decoding=\"async\" loading=\"lazy\" class=\"alignnone  wp-image-675\" src=\"http:\/\/domainedepamadera.nl\/wp-content\/uploads\/2021\/02\/privacy-3-300x290.jpg\" alt=\"\" width=\"208\" height=\"201\" \/> <img decoding=\"async\" loading=\"lazy\" class=\"alignnone size-medium wp-image-676\" src=\"http:\/\/domainedepamadera.nl\/wp-content\/uploads\/2021\/02\/privacy-1-300x201.jpg\" alt=\"\" width=\"300\" height=\"201\" \/><\/strong><\/span><\/h3>\r\n<p><span style=\"font-family: 'Rock Salt';\"><strong><span lang=\"de\">Analytik Mit wem wir Ihre Daten teilen, Wie lange speichern wir Ihre Daten? Wenn Sie einen Kommentar hinterlassen, bleiben der Kommentar und seine Metadaten auf unbestimmte Zeit erhalten. Auf diese Weise k\u00f6nnen wir Folgekommentare automatisch erkennen und genehmigen, anstatt sie moderieren zu m\u00fcssen. F\u00fcr Benutzer, die sich auf unserer Website registrieren (falls vorhanden), speichern wir auch die von ihnen angegebenen pers\u00f6nlichen Informationen in ihrem Benutzerprofil. Alle Benutzer k\u00f6nnen ihre pers\u00f6nlichen Daten jederzeit anzeigen, bearbeiten oder l\u00f6schen (au\u00dfer sie k\u00f6nnen ihren Benutzernamen nicht \u00e4ndern). Site-Administratoren k\u00f6nnen diese Informationen auch anzeigen und bearbeiten. Welche Rechte haben Sie an Ihren Daten? Wenn Sie ein Konto auf dieser Website haben oder Kommentare hinterlassen haben, k\u00f6nnen Sie eine Exportdatei Ihrer pers\u00f6nlichen Daten anfordern, die wir \u00fcber Sie haben, einschlie\u00dflich aller Informationen, die Sie uns zur Verf\u00fcgung gestellt haben. Sie k\u00f6nnen auch verlangen, dass wir alle pers\u00f6nlichen Daten l\u00f6schen, die wir \u00fcber Sie gespeichert haben. Dies schlie\u00dft keine Daten ein, die wir aus administrativen, rechtlichen oder Sicherheitsgr\u00fcnden aufbewahren m\u00fcssen. Wohin wir Ihre Daten senden Besucherkommentare k\u00f6nnen \u00fcber einen automatisierten Spam-Erkennungsdienst \u00fcberpr\u00fcft werden. Ihre Kontaktinformationen Weitere Informationen; Wie wir Ihre Daten sch\u00fctzen Welche Datenleckverfahren haben wir implementiert? Von welchen Dritten erhalten wir Daten? Welche Art von automatisierter Entscheidungsfindung und \/ oder Profilerstellung machen wir mit Benutzerdaten? Offenlegungspflichten der Branche<\/span><\/strong><\/span><\/p>\r\n","protected":false},"excerpt":{"rendered":"<p>Wer sind wir; Unsere Site-Adresse lautet: http:\/\/www.domainedepamadera.eu Welche pers\u00f6nlichen Daten sammeln wir und warum sammeln wir sie? Bemerkungen Wenn Besucher Kommentare auf der Website hinterlassen, erfassen wir die im Kommentarformular angezeigten Daten sowie die IP-Adresse des Besuchers und die Zeichenfolge des Browser-Benutzeragenten, um die Spam-Erkennung zu unterst\u00fctzen. Eine anonymisierte Zeichenfolge, die aus Ihrer E-Mail-Adresse erstellt [&hellip;]<\/p>\n","protected":false},"author":1,"featured_media":0,"parent":0,"menu_order":0,"comment_status":"closed","ping_status":"open","template":"","meta":{"footnotes":""},"_links":{"self":[{"href":"https:\/\/domainedepamadera.nl\/duits\/wp-json\/wp\/v2\/pages\/3"}],"collection":[{"href":"https:\/\/domainedepamadera.nl\/duits\/wp-json\/wp\/v2\/pages"}],"about":[{"href":"https:\/\/domainedepamadera.nl\/duits\/wp-json\/wp\/v2\/types\/page"}],"author":[{"embeddable":true,"href":"https:\/\/domainedepamadera.nl\/duits\/wp-json\/wp\/v2\/users\/1"}],"replies":[{"embeddable":true,"href":"https:\/\/domainedepamadera.nl\/duits\/wp-json\/wp\/v2\/comments?post=3"}],"version-history":[{"count":12,"href":"https:\/\/domainedepamadera.nl\/duits\/wp-json\/wp\/v2\/pages\/3\/revisions"}],"predecessor-version":[{"id":1743,"href":"https:\/\/domainedepamadera.nl\/duits\/wp-json\/wp\/v2\/pages\/3\/revisions\/1743"}],"wp:attachment":[{"href":"https:\/\/domainedepamadera.nl\/duits\/wp-json\/wp\/v2\/media?parent=3"}],"curies":[{"name":"wp","href":"https:\/\/api.w.org\/{rel}","templated":true}]}}