{"id":315,"date":"2020-12-23T10:55:53","date_gmt":"2020-12-23T10:55:53","guid":{"rendered":"http:\/\/domainedepamadera.nl\/?page_id=315"},"modified":"2022-01-08T17:10:31","modified_gmt":"2022-01-08T17:10:31","slug":"privacy-verklaring","status":"publish","type":"page","link":"https:\/\/domainedepamadera.nl\/duits\/privacy-verklaring\/","title":{"rendered":"Datenschutzerkl\u00e4rung"},"content":{"rendered":"<p><br \/>\n<span style=\"font-family: 'Rock Salt';\"><strong><span lang=\"de\">Datenschutzerkl\u00e4rung;<\/span><\/strong><\/span><\/p>\n<p>Version 1. Januar 2022<\/p>\n<p>Diese Datenschutzerkl\u00e4rung gilt f\u00fcr www.domainedepamadera.eu und www.domainedepamadera.nl. Diese Websites sind Eigentum von Domaine de Pamadera und werden von dieser betrieben. Diese Datenschutzerkl\u00e4rung beschreibt, wie wir Informationen sammeln und verwenden, die Sie auf unseren oben genannten Websites bereitstellen. Au\u00dferdem werden die M\u00f6glichkeiten beschrieben, die Sie hinsichtlich der Verwendung Ihrer pers\u00f6nlichen Daten haben, und wie Sie auf diese Informationen zugreifen und sie aktualisieren k\u00f6nnen.<\/p>\n<p>Datensammlung<\/p>\n<p>Die verschiedenen pers\u00f6nlichen Daten, die wir f\u00fcr eine Reservierung sammeln, umfassen:<\/p>\n<p>Ihr Vorname, Nachname, E-Mail-Adresse, Telefonnummer und Privatadresse;<br \/>\nInformationen \u00fcber den Aufenthalt, wie das Ankunfts- und Abreisedatum, den Zimmertyp, die Anzahl der Personen und eine von Ihnen angegebene Erkl\u00e4rung dazu;<\/p>\n<p>Sie entscheiden, welche pers\u00f6nlichen Daten Sie uns mitteilen m\u00f6chten. Wir ben\u00f6tigen die mit einem * gekennzeichneten Abschnitte, um die Reservierung abzuschlie\u00dfen. Die anderen Informationen m\u00fcssen nicht ausgef\u00fcllt werden.<\/p>\n<p>Informationen, die wir automatisch sammeln<\/p>\n<p>Bei der Nutzung unserer Website erfassen wir auch automatisch Daten, einschlie\u00dflich personenbezogener Daten. Dies umfasst Daten wie Spracheinstellungen, IP-Adresse, Standort, Ger\u00e4teeinstellungen, Ger\u00e4tebetriebssystem, Protokolldaten, Verwendungszeit, angeforderte URL, Statusbericht, Benutzeragent (Browserversionsinformationen), Betriebssystem, Ergebnis (Viewer oder Booker), Suchverlauf, Reservierungs-ID des Buchers und Art der angezeigten Daten. Wir k\u00f6nnen Daten auch automatisch durch Cookies sammeln.<\/p>\n<p>Ein Cookie ist eine kleine Textdatei, die im Browser gespeichert wird, um bestimmte Daten w\u00e4hrend Ihres Besuchs auf unserer Website speichern zu k\u00f6nnen.<\/p>\n<p>Es geht nicht so sehr darum, dass wir ein Cookie auf Ihrem Computer ablegen, sondern dass andere Unternehmen dies auch k\u00f6nnen. Aufgrund unseres Statistikpakets (Google Analytics) werden von diesem Unternehmen auch Cookies gesetzt. Und diese Cookies k\u00f6nnen verwendet werden, um Ihr Verhalten im Internet zu verfolgen und Ihnen gezielte Werbung zu zeigen.<\/p>\n<p>Wir m\u00f6chten nicht, dass Sie unerw\u00fcnscht verfolgt werden, aber wir ben\u00f6tigen Statistiken, um Ihnen in Zukunft den bestm\u00f6glichen Service bieten zu k\u00f6nnen. Im Folgenden finden Sie eine Reihe von Ma\u00dfnahmen, die Sie ergreifen k\u00f6nnen, um die Angelegenheit selbst in die Hand zu nehmen:<\/p>\n<p>Deaktivieren Sie automatisch &#171;Cookies von Drittanbietern&#187; im Browser. Moderne Browser (Chrome und Firefox) bieten hierf\u00fcr viele M\u00f6glichkeiten.<br \/>\nGeben Sie in den Browsereinstellungen an, dass Sie nicht &#171;verfolgt&#187; werden m\u00f6chten.<br \/>\nSie k\u00f6nnen platzierte Cookies jederzeit aus dem Browser l\u00f6schen. Diese k\u00f6nnen auch pro Domain gesperrt werden.<\/p>\n<p><span style=\"font-family: 'Rock Salt';\"><strong><span lang=\"de\">Verarbeitungszwecke<\/span><\/strong><\/span><\/p>\n<p>Wir verwenden Ihre personenbezogenen Daten f\u00fcr folgende Zwecke:<\/p>\n<p>Reservierungen: Wir verwenden Ihre pers\u00f6nlichen Daten, um Ihre Online-Reservierung abzuschlie\u00dfen und zu bearbeiten.<br \/>\nKundendienst: Wir verwenden Ihre pers\u00f6nlichen Daten, um den Kundendienst zu gew\u00e4hrleisten.<br \/>\nG\u00e4stebewertungen: Wir k\u00f6nnen Ihre Kontaktdaten verwenden, um Sie per E-Mail einzuladen, nach Ihrem Aufenthalt eine G\u00e4stebewertung zu verfassen. Dies kann anderen Reisenden helfen, die Unterkunft zu w\u00e4hlen, die am besten zu ihnen passt.<br \/>\nMarketingzwecke: Soweit gesetzlich zul\u00e4ssig, verwenden wir Ihre Daten auch f\u00fcr Marketingzwecke. Wenn wir Ihre personenbezogenen Daten f\u00fcr Direktmarketingzwecke wie Newsletter verwenden, finden Sie auch einen Link zum Abbestellen, wenn Sie diese Nachrichten nicht mehr erhalten m\u00f6chten.<br \/>\nRechtsgrundlagen<br \/>\nIn Anbetracht des oben genannten Zwecks st\u00fctzen wir uns auf die Erf\u00fcllung eines Vertrags. Die Verwendung Ihrer Daten kann zur Erf\u00fcllung Ihres Vertrages mit uns erforderlich sein. Wenn Sie beispielsweise unsere Dienste nutzen, um online zu buchen, werden wir Ihre Daten verwenden, um unserer vertraglichen Verpflichtung nachzukommen, Ihre Reservierung bei uns abzuschlie\u00dfen und zu verwalten.<br \/>\nIn Anbetracht der Zwecke der anderweitig genannten Zwecke st\u00fctzen wir uns auf die berechtigten Interessen: Wir verwenden Ihre Daten f\u00fcr unsere berechtigten Interessen, z. B. den am besten geeigneten Inhalt f\u00fcr die Website.<br \/>\nBereitstellung von E-Mails und Newslettern zur Verbesserung und F\u00f6rderung unserer Produkte und Dienstleistungen sowie des Inhalts der Website sowie zu Verwaltungs-, Betrugserkennungs- und rechtlichen Zwecken. Bei der Verwendung personenbezogener Daten f\u00fcr unsere berechtigten Interessen achten wir stets auf ein ausgewogenes Verh\u00e4ltnis Ihrer Rechte und Interessen, um Ihre Daten vor unseren Rechten und Interessen zu sch\u00fctzen.<br \/>\nSofern dies nach geltendem Recht erforderlich ist, bitten wir Sie um Ihre Zustimmung, bevor Sie Ihre personenbezogenen Daten f\u00fcr Direktmarketingzwecke verarbeiten.<\/p>\n<p>Falls erforderlich, bitten wir Sie nach geltendem Recht um Ihre Zustimmung. Sie k\u00f6nnen Ihre Einwilligung jederzeit widerrufen, indem Sie uns unter einer der Adressen am Ende dieser Datenschutzerkl\u00e4rung kontaktieren.<\/p>\n<p><span style=\"font-family: 'Rock Salt';\"><strong><span lang=\"de\">Wenn Sie der Verarbeitung eines der Zwecke widersprechen m\u00f6chten, Ihnen jedoch kein Opt-out-Mechanismus direkt zur Verf\u00fcgung steht (z. B. in Ihren Kontoeinstellungen), kontaktieren Sie uns bitte unter info@domainedepamadera.eu<\/span><\/strong><\/span><\/p>\n<p>Daten teilen<\/p>\n<p>Der Newsletter von Maison &#8249;L Aventure de Pamadera wird \u00fcber den Mailinganbieter KPN Netherlands verschickt<\/p>\n<p>Wenn Sie sich f\u00fcr den Newsletter anmelden, erkl\u00e4ren Sie sich damit einverstanden, dass die von Ihnen eingegebenen Daten zur Verarbeitung gem\u00e4\u00df den Datenschutzbestimmungen von KPN gem\u00e4\u00df den Allgemeinen Gesch\u00e4ftsbedingungen von KPN Nederland an KPN gesendet werden<\/p>\n<p>Aufbewahrung von Daten<\/p>\n<p>Wir werden Ihre Daten, einschlie\u00dflich personenbezogener Daten, so lange aufbewahren, wie wir es f\u00fcr erforderlich halten, Ihnen Dienstleistungen zu erbringen, geltendes Recht einzuhalten, Streitigkeiten mit Parteien beizulegen und auf andere Weise die Durchf\u00fchrung unseres Gesch\u00e4fts zu erm\u00f6glichen, einschlie\u00dflich Aufdeckung und Verhinderung von Betrug oder andere illegale Aktivit\u00e4ten. Alle gespeicherten personenbezogenen Daten unterliegen dieser Datenschutzerkl\u00e4rung. Wenn Sie Fragen zu einer bestimmten Aufbewahrungsfrist f\u00fcr bestimmte Arten von personenbezogenen Daten haben, die wir \u00fcber Sie verarbeiten, wenden Sie sich bitte \u00fcber die unten angegebenen Kontaktdaten an uns.<\/p>\n<p><span style=\"font-family: 'Rock Salt';\"><strong><span lang=\"de\">Optionen und Rechte<\/span><\/strong><\/span><\/p>\n<p>Wir m\u00f6chten, dass Sie selbst kontrollieren k\u00f6nnen, wie Ihre pers\u00f6nlichen Daten von uns verwendet werden. Sie k\u00f6nnen dies auf folgende Arten tun:<\/p>\n<p>Sie k\u00f6nnen uns um eine Kopie der personenbezogenen Daten bitten, die wir \u00fcber Sie haben.<br \/>\nSie k\u00f6nnen uns \u00fcber \u00c4nderungen Ihrer pers\u00f6nlichen Daten informieren oder uns bitten, die personenbezogenen Daten, die wir \u00fcber Sie haben, zu korrigieren<br \/>\nSie k\u00f6nnen uns auffordern, die Verarbeitung der von uns \u00fcber Sie gespeicherten personenbezogenen Daten zu l\u00f6schen, zu blockieren oder einzuschr\u00e4nken oder der Art und Weise zu widersprechen, wie wir Ihre personenbezogenen Daten verwenden.<\/p>\n<p>Wenn wir Ihre personenbezogenen Daten mit Ihrer Zustimmung verwenden, haben Sie das Recht, diese Zustimmung vorbehaltlich des geltenden Rechts jederzeit zu widerrufen. Wenn wir Ihre personenbezogenen Daten auf der Grundlage eines berechtigten Interesses oder eines \u00f6ffentlichen Interesses verarbeiten, haben Sie au\u00dferdem das Recht, der Verwendung Ihrer personenbezogenen Daten nach geltendem Recht jederzeit zu widersprechen.<\/p>\n<p>Wir verlassen uns darauf, dass Sie sicherstellen, dass Ihre pers\u00f6nlichen Daten vollst\u00e4ndig, korrekt und aktuell sind. Bitte benachrichtigen Sie uns unverz\u00fcglich \u00fcber \u00c4nderungen oder Ungenauigkeiten Ihrer pers\u00f6nlichen Daten, indem Sie sich an info@domainedepamadera.eu wenden. Wir werden Ihre Anfrage gem\u00e4\u00df den geltenden Gesetzen bearbeiten.<\/p>\n<p><span style=\"font-family: 'Rock Salt';\"><strong><span lang=\"de\">Fragen oder Beschwerden<\/span><\/strong><\/span><\/p>\n<p>Wenn Sie Fragen oder Bedenken bez\u00fcglich unserer Verarbeitung Ihrer personenbezogenen Daten haben oder eines der Rechte aus\u00fcben m\u00f6chten, die Sie unter dieser Mitteilung haben, k\u00f6nnen Sie uns gerne unter info@domaindedepamadera.eu kontaktieren. Bei Fragen und Beschwerden k\u00f6nnen Sie sich auch an die niederl\u00e4ndische Datenschutzbeh\u00f6rde oder die Datenschutzbeh\u00f6rde wenden.<\/p>\n<p>\u00c4nderungen an der Bekanntmachung<\/p>\n<p>Diese Datenschutzerkl\u00e4rung \u00e4ndert sich ebenfalls von Zeit zu Zeit. Wenn Sie \u00fcber \u00c4nderungen dieser Datenschutzerkl\u00e4rung auf dem Laufenden gehalten werden m\u00f6chten, empfehlen wir Ihnen, diese Seite regelm\u00e4\u00dfig zu besuchen. Wenn wir wesentliche \u00c4nderungen vornehmen oder \u00c4nderungen vornehmen, die Sie betreffen (z. B. wenn wir mit der Verarbeitung Ihrer personenbezogenen Daten f\u00fcr andere als die oben genannten Zwecke beginnen), werden wir Sie kontaktieren, bevor wir mit der Verarbeitung beginnen.<\/p>\n<p>Sie k\u00f6nnen uns jederzeit \u00fcber unsere E-Mail-Adresse kontaktieren, wenn Sie weitere Fragen haben. www.domainedepamadera.eu<\/p>\n","protected":false},"excerpt":{"rendered":"<p>Datenschutzerkl\u00e4rung; Version 1. Januar 2022 Diese Datenschutzerkl\u00e4rung gilt f\u00fcr www.domainedepamadera.eu und www.domainedepamadera.nl. Diese Websites sind Eigentum von Domaine de Pamadera und werden von dieser betrieben. Diese Datenschutzerkl\u00e4rung beschreibt, wie wir Informationen sammeln und verwenden, die Sie auf unseren oben genannten Websites bereitstellen. Au\u00dferdem werden die M\u00f6glichkeiten beschrieben, die Sie hinsichtlich der Verwendung Ihrer pers\u00f6nlichen Daten [&hellip;]<\/p>\n","protected":false},"author":1,"featured_media":0,"parent":0,"menu_order":0,"comment_status":"closed","ping_status":"closed","template":"","meta":{"footnotes":""},"_links":{"self":[{"href":"https:\/\/domainedepamadera.nl\/duits\/wp-json\/wp\/v2\/pages\/315"}],"collection":[{"href":"https:\/\/domainedepamadera.nl\/duits\/wp-json\/wp\/v2\/pages"}],"about":[{"href":"https:\/\/domainedepamadera.nl\/duits\/wp-json\/wp\/v2\/types\/page"}],"author":[{"embeddable":true,"href":"https:\/\/domainedepamadera.nl\/duits\/wp-json\/wp\/v2\/users\/1"}],"replies":[{"embeddable":true,"href":"https:\/\/domainedepamadera.nl\/duits\/wp-json\/wp\/v2\/comments?post=315"}],"version-history":[{"count":15,"href":"https:\/\/domainedepamadera.nl\/duits\/wp-json\/wp\/v2\/pages\/315\/revisions"}],"predecessor-version":[{"id":1740,"href":"https:\/\/domainedepamadera.nl\/duits\/wp-json\/wp\/v2\/pages\/315\/revisions\/1740"}],"wp:attachment":[{"href":"https:\/\/domainedepamadera.nl\/duits\/wp-json\/wp\/v2\/media?parent=315"}],"curies":[{"name":"wp","href":"https:\/\/api.w.org\/{rel}","templated":true}]}}