{"id":318,"date":"2020-12-23T11:02:27","date_gmt":"2020-12-23T11:02:27","guid":{"rendered":"http:\/\/domainedepamadera.nl\/?page_id=318"},"modified":"2022-01-09T12:48:06","modified_gmt":"2022-01-09T12:48:06","slug":"route","status":"publish","type":"page","link":"https:\/\/domainedepamadera.nl\/duits\/route\/","title":{"rendered":"Route"},"content":{"rendered":"<p><br \/>\n<span style=\"font-family: 'Rock Salt';\"><strong><span lang=\"de\">Reisen Sie mit dem Auto?<\/span><\/strong><\/span><\/p>\n<p><span style=\"font-family: 'Rock Salt';\"><strong><img decoding=\"async\" loading=\"lazy\" class=\"alignnone size-medium wp-image-690\" src=\"http:\/\/domainedepamadera.nl\/wp-content\/uploads\/2021\/02\/reis-2-300x228.jpg\" alt=\"\" width=\"300\" height=\"228\" srcset=\"https:\/\/domainedepamadera.nl\/wp-content\/uploads\/2021\/02\/reis-2-300x228.jpg 300w, https:\/\/domainedepamadera.nl\/wp-content\/uploads\/2021\/02\/reis-2-768x584.jpg 768w, https:\/\/domainedepamadera.nl\/wp-content\/uploads\/2021\/02\/reis-2.jpg 963w\" sizes=\"(max-width: 300px) 100vw, 300px\" \/> <img decoding=\"async\" loading=\"lazy\" class=\"alignnone size-medium wp-image-689\" src=\"http:\/\/domainedepamadera.nl\/wp-content\/uploads\/2021\/02\/reis-3-300x117.jpg\" alt=\"\" width=\"300\" height=\"117\" srcset=\"https:\/\/domainedepamadera.nl\/wp-content\/uploads\/2021\/02\/reis-3-300x117.jpg 300w, https:\/\/domainedepamadera.nl\/wp-content\/uploads\/2021\/02\/reis-3.jpg 583w\" sizes=\"(max-width: 300px) 100vw, 300px\" \/><\/strong><\/span><br \/>\n<span style=\"font-family: 'Rock Salt';\"><strong><span lang=\"de\">Die Koordinaten f\u00fcr einen Besuch der Domaine de Pamadera sind:<\/span><\/strong><\/span><\/p>\n<p>GPS-Koordinaten: N45 * 32&#8217;02 &#171;\/ E 0 * 53&#8217;32&#187;<\/p>\n<p>Die vollst\u00e4ndige Adresse lautet:<\/p>\n<p>7 Les Parcs, 24450 Mialet, Frankreich<\/p>\n<p>Die Schilder Domaine de Pamadera f\u00fchren Sie auf den letzten Kilometern durch die h\u00fcgelige gr\u00fcne Landschaft zu Ihrer wohlverdienten Urlaubsadresse. Wenn Sie immer noch Probleme haben, k\u00f6nnen Sie uns jederzeit kontaktieren.<\/p>\n<p><span style=\"font-family: 'Rock Salt';\"><strong><img decoding=\"async\" loading=\"lazy\" class=\"alignnone size-medium wp-image-688\" src=\"http:\/\/domainedepamadera.nl\/wp-content\/uploads\/2021\/02\/reis-4-300x127.jpg\" alt=\"\" width=\"300\" height=\"127\" srcset=\"https:\/\/domainedepamadera.nl\/wp-content\/uploads\/2021\/02\/reis-4-300x127.jpg 300w, https:\/\/domainedepamadera.nl\/wp-content\/uploads\/2021\/02\/reis-4.jpg 602w\" sizes=\"(max-width: 300px) 100vw, 300px\" \/> <img decoding=\"async\" loading=\"lazy\" class=\"alignnone wp-image-687\" src=\"http:\/\/domainedepamadera.nl\/wp-content\/uploads\/2021\/02\/reis-5-300x198.jpg\" alt=\"\" width=\"192\" height=\"127\" \/><\/strong><\/span><br \/>\n<span style=\"font-family: 'Rock Salt';\"><strong><span lang=\"de\">Die Stra\u00dfen in Frankreich sind befahrbar. Von den Niederlanden aus m\u00fcssen Sie mit zwei mautpflichtigen Stra\u00dfen umgehen, ber\u00fccksichtigen Sie die Zahlung (insgesamt einfache Fahrt 40 Euro), damit Sie sichere, ordentliche Stra\u00dfen mit ausreichenden Haltestellen und Toiletten auf dem Weg erhalten!<\/span><\/strong><\/span><\/p>\n<p><span style=\"font-family: 'Rock Salt';\"><strong><img decoding=\"async\" loading=\"lazy\" class=\"alignnone size-medium wp-image-685\" src=\"http:\/\/domainedepamadera.nl\/wp-content\/uploads\/2021\/02\/reis-300x260.jpg\" alt=\"\" width=\"300\" height=\"260\" \/><\/strong><\/span><br \/>\n<span style=\"font-family: 'Rock Salt';\"><strong><span lang=\"de\">Reisen Sie mit dem Zug?<\/span><\/strong><\/span><\/p>\n<p>Der Zug ist auch eine Option. Die schnellste Verbindung von den Niederlanden ist mit den Thalys nach Bordeaux. Diese Route dauert ungef\u00e4hr 4,5 Stunden und kann \u00fcber https:\/\/treintickets.nshispeed.nl\/ gebucht werden. Von Bordeaux m\u00fcssen Sie herausfinden.<\/p>\n<p>Die franz\u00f6sischen Z\u00fcge k\u00f6nnen \u00fcber http:\/\/www.voyages-sncf.com gebucht werden.<\/p>\n<p>Reisen Sie mit dem Flugzeug?<\/p>\n<p>Der n\u00e4chstgelegene internationale Flughafen ist Limoges oder Laroche, die 40-60 km von uns entfernt sind.<\/p>\n<p><span style=\"font-family: 'Rock Salt';\"><strong><img decoding=\"async\" loading=\"lazy\" class=\"alignnone size-medium wp-image-686\" src=\"http:\/\/domainedepamadera.nl\/wp-content\/uploads\/2021\/02\/reis-6-300x194.jpg\" alt=\"\" width=\"300\" height=\"194\" \/><\/strong><\/span><br \/>\n<span style=\"font-family: 'Rock Salt';\"><strong><span lang=\"de\">Reisen Sie mit dem Bus?<\/span><\/strong><\/span><\/p>\n<p>Reisen Sie lieber mit dem Bus? Dann nehmen Sie den Flixbus oder buchen Sie einen Platz bei Eurolines.<br \/>\nWeitere Informationen zum Reisen mit einem dieser Busse finden Sie auf der Website www.flixbus.nl oder nl.eurolines.eu.<\/p>\n","protected":false},"excerpt":{"rendered":"<p>Reisen Sie mit dem Auto? Die Koordinaten f\u00fcr einen Besuch der Domaine de Pamadera sind: GPS-Koordinaten: N45 * 32&#8217;02 &#171;\/ E 0 * 53&#8217;32&#187; Die vollst\u00e4ndige Adresse lautet: 7 Les Parcs, 24450 Mialet, Frankreich Die Schilder Domaine de Pamadera f\u00fchren Sie auf den letzten Kilometern durch die h\u00fcgelige gr\u00fcne Landschaft zu Ihrer wohlverdienten Urlaubsadresse. Wenn [&hellip;]<\/p>\n","protected":false},"author":1,"featured_media":0,"parent":0,"menu_order":0,"comment_status":"closed","ping_status":"closed","template":"","meta":{"footnotes":""},"_links":{"self":[{"href":"https:\/\/domainedepamadera.nl\/duits\/wp-json\/wp\/v2\/pages\/318"}],"collection":[{"href":"https:\/\/domainedepamadera.nl\/duits\/wp-json\/wp\/v2\/pages"}],"about":[{"href":"https:\/\/domainedepamadera.nl\/duits\/wp-json\/wp\/v2\/types\/page"}],"author":[{"embeddable":true,"href":"https:\/\/domainedepamadera.nl\/duits\/wp-json\/wp\/v2\/users\/1"}],"replies":[{"embeddable":true,"href":"https:\/\/domainedepamadera.nl\/duits\/wp-json\/wp\/v2\/comments?post=318"}],"version-history":[{"count":15,"href":"https:\/\/domainedepamadera.nl\/duits\/wp-json\/wp\/v2\/pages\/318\/revisions"}],"predecessor-version":[{"id":1748,"href":"https:\/\/domainedepamadera.nl\/duits\/wp-json\/wp\/v2\/pages\/318\/revisions\/1748"}],"wp:attachment":[{"href":"https:\/\/domainedepamadera.nl\/duits\/wp-json\/wp\/v2\/media?parent=318"}],"curies":[{"name":"wp","href":"https:\/\/api.w.org\/{rel}","templated":true}]}}