{"id":32,"date":"2020-11-12T14:55:42","date_gmt":"2020-11-12T14:55:42","guid":{"rendered":"http:\/\/domainedepamadera.nl\/?page_id=32"},"modified":"2024-12-06T10:46:39","modified_gmt":"2024-12-06T10:46:39","slug":"contactformulier","status":"publish","type":"page","link":"https:\/\/domainedepamadera.nl\/duits\/contactformulier\/","title":{"rendered":"Kontakt Formular"},"content":{"rendered":"<p><br \/>\n<span style=\"font-family: 'Rock Salt';\"><strong><span lang=\"de\">Erw\u00e4gen Sie einen Aufenthalt in der Domaine de Pamadera?<\/span><\/strong><\/span><\/p>\n<p>Frieden, Raum und Gem\u00fctlichkeit genie\u00dfen ?!<\/p>\n<p><strong><span class=\"Y2IQFc\" lang=\"de\" style=\"font-family: 'Rock Salt';\">Wir verstehen, dass es in dieser neuen Gesellschaft nach COVID viele Unsicherheiten gibt. In unserem Resort k\u00f6nnen Sie jedoch Ruhe, Weite und Geselligkeit ungest\u00f6rt genie\u00dfen. Wir haben alle Einrichtungen und Dienstleistungen im Haus, um Ihnen einen unvergesslichen Urlaub zu bereiten. Ob Sie also f\u00fcr ein paar Tage, eine Woche oder eventuell 2 Wochen kommen m\u00f6chten, Domaine de Pamadera sorgt f\u00fcr Abwechslung vor Ort, Geselligkeit und das alles in einer einzigartigen Atmosph\u00e4re, die wir geschaffen haben.<\/span><\/strong><\/p>\n<p><img decoding=\"async\" loading=\"lazy\" class=\"alignnone wp-image-515 size-medium\" src=\"http:\/\/domainedepamadera.nl\/wp-content\/uploads\/2021\/02\/20210183-Recht-Mialet-Transparant-300x200.png\" alt=\"\" width=\"300\" height=\"200\" srcset=\"https:\/\/domainedepamadera.nl\/wp-content\/uploads\/2021\/02\/20210183-Recht-Mialet-Transparant-300x200.png 300w, https:\/\/domainedepamadera.nl\/wp-content\/uploads\/2021\/02\/20210183-Recht-Mialet-Transparant-272x182.png 272w, https:\/\/domainedepamadera.nl\/wp-content\/uploads\/2021\/02\/20210183-Recht-Mialet-Transparant.png 699w\" sizes=\"(max-width: 300px) 100vw, 300px\" \/><img decoding=\"async\" loading=\"lazy\" class=\"alignnone wp-image-518 \" src=\"http:\/\/domainedepamadera.nl\/wp-content\/uploads\/2021\/02\/tel-300x163.jpg\" alt=\"\" width=\"311\" height=\"169\" \/><br \/>\n<span style=\"font-family: 'Rock Salt';\"><strong><span lang=\"de\">Stellen Sie Ihre Frage unten in unserem Kontaktformular.<\/span><\/strong><\/span><\/p>\n<p><span style=\"font-family: 'Rock Salt';\"><strong><span lang=\"de\">Unser Team wird versuchen, sich so schnell wie m\u00f6glich bei Ihnen zu melden.<\/span><\/strong><\/span><\/p>\n<p>\n<div class=\"wpcf7 no-js\" id=\"wpcf7-f908-o1\" lang=\"nl-NL\" dir=\"ltr\">\n<div class=\"screen-reader-response\"><p role=\"status\" aria-live=\"polite\" aria-atomic=\"true\"><\/p> <ul><\/ul><\/div>\n<form action=\"\/duits\/wp-json\/wp\/v2\/pages\/32#wpcf7-f908-o1\" method=\"post\" class=\"wpcf7-form init\" aria-label=\"Contactformulier\" novalidate=\"novalidate\" data-status=\"init\">\n<div style=\"display: none;\">\n<input type=\"hidden\" name=\"_wpcf7\" value=\"908\" \/>\n<input type=\"hidden\" name=\"_wpcf7_version\" value=\"5.9.8\" \/>\n<input type=\"hidden\" name=\"_wpcf7_locale\" value=\"nl_NL\" \/>\n<input type=\"hidden\" name=\"_wpcf7_unit_tag\" value=\"wpcf7-f908-o1\" \/>\n<input type=\"hidden\" name=\"_wpcf7_container_post\" value=\"0\" \/>\n<input type=\"hidden\" name=\"_wpcf7_posted_data_hash\" value=\"\" \/>\n<input type=\"hidden\" name=\"lang\" value=\"duits\" \/>\n<input type=\"hidden\" name=\"_wpcf7_recaptcha_response\" value=\"\" \/>\n<\/div>\n<p><label> Uw voornaam<br \/>\n<span class=\"wpcf7-form-control-wrap\" data-name=\"your-name\"><input size=\"40\" maxlength=\"400\" class=\"wpcf7-form-control wpcf7-text wpcf7-validates-as-required\" aria-required=\"true\" aria-invalid=\"false\" value=\"\" type=\"text\" name=\"your-name\" \/><\/span> <\/label>\n<\/p>\n<p><label> Uw achternaam<br \/>\n<span class=\"wpcf7-form-control-wrap\" data-name=\"your-achternaam\"><input size=\"40\" maxlength=\"400\" class=\"wpcf7-form-control wpcf7-text\" aria-invalid=\"false\" value=\"\" type=\"text\" name=\"your-achternaam\" \/><\/span> <\/label>\n<\/p>\n<p><label> Uw telefoonnummer<br \/>\n<span class=\"wpcf7-form-control-wrap\" data-name=\"your-nr\"><input size=\"40\" maxlength=\"400\" class=\"wpcf7-form-control wpcf7-text wpcf7-validates-as-required\" aria-required=\"true\" aria-invalid=\"false\" value=\"\" type=\"text\" name=\"your-nr\" \/><\/span> <\/label>\n<\/p>\n<p><label> Uw e-mailadres<br \/>\n<span class=\"wpcf7-form-control-wrap\" data-name=\"your-email\"><input size=\"40\" maxlength=\"400\" class=\"wpcf7-form-control wpcf7-email wpcf7-validates-as-required wpcf7-text wpcf7-validates-as-email\" aria-required=\"true\" aria-invalid=\"false\" value=\"\" type=\"email\" name=\"your-email\" \/><\/span> <\/label>\n<\/p>\n<p><label>Bent u reeds eerder bij ons geweest?<\/label><br \/>\n<span class=\"wpcf7-form-control-wrap\" data-name=\"checkbox-363\"><span class=\"wpcf7-form-control wpcf7-checkbox\"><span class=\"wpcf7-list-item first\"><label><input type=\"checkbox\" name=\"checkbox-363[]\" value=\"Ja\" \/><span class=\"wpcf7-list-item-label\">Ja<\/span><\/label><\/span><span class=\"wpcf7-list-item last\"><label><input type=\"checkbox\" name=\"checkbox-363[]\" value=\"Nee\" \/><span class=\"wpcf7-list-item-label\">Nee<\/span><\/label><\/span><\/span><\/span>\n<\/p>\n<p><label> Uw vraag (optioneel)<br \/>\n<span class=\"wpcf7-form-control-wrap\" data-name=\"your-message\"><textarea cols=\"40\" rows=\"10\" maxlength=\"2000\" class=\"wpcf7-form-control wpcf7-textarea\" aria-invalid=\"false\" name=\"your-message\"><\/textarea><\/span> <\/label>\n<\/p>\n<p><label>WIL JE ONZE NIEUWSBERICHTEN DIGITAAL ONTVANGEN?<br \/>\nWij respecteren je privacy en je kunt je altijd weer afmelden voor de nieuwsberichten<\/label><br \/>\n<span class=\"wpcf7-form-control-wrap\" data-name=\"Nieuwsbrief\"><span class=\"wpcf7-form-control wpcf7-checkbox\"><span class=\"wpcf7-list-item first\"><label><input type=\"checkbox\" name=\"Nieuwsbrief[]\" value=\"JA, IK WIL DE NIEUWSBERICHTEN VAN Domaine de Pamadera\" \/><span class=\"wpcf7-list-item-label\">JA, IK WIL DE NIEUWSBERICHTEN VAN Domaine de Pamadera<\/span><\/label><\/span><span class=\"wpcf7-list-item last\"><label><input type=\"checkbox\" name=\"Nieuwsbrief[]\" value=\"Nee, ik heb geen interesse\" \/><span class=\"wpcf7-list-item-label\">Nee, ik heb geen interesse<\/span><\/label><\/span><\/span><\/span>\n<\/p>\n<p><input class=\"wpcf7-form-control wpcf7-submit has-spinner\" type=\"submit\" value=\"Verzenden\" \/>\n<\/p><div class=\"wpcf7-response-output\" aria-hidden=\"true\"><\/div>\n<\/form>\n<\/div>\n<br \/>\n<span style=\"font-family: 'Rock Salt';\"><strong><span lang=\"de\">WIR SPRECHEN NIEDERL\u00c4NDISCH, FRANZ\u00d6SISCH, DEUTSCH UND ENGLISCH<\/span><\/strong><\/span><\/p>\n<p>&nbsp;<\/p>\n","protected":false},"excerpt":{"rendered":"<p>Erw\u00e4gen Sie einen Aufenthalt in der Domaine de Pamadera? Frieden, Raum und Gem\u00fctlichkeit genie\u00dfen ?! Wir verstehen, dass es in dieser neuen Gesellschaft nach COVID viele Unsicherheiten gibt. In unserem Resort k\u00f6nnen Sie jedoch Ruhe, Weite und Geselligkeit ungest\u00f6rt genie\u00dfen. Wir haben alle Einrichtungen und Dienstleistungen im Haus, um Ihnen einen unvergesslichen Urlaub zu bereiten. [&hellip;]<\/p>\n","protected":false},"author":1,"featured_media":0,"parent":0,"menu_order":0,"comment_status":"closed","ping_status":"closed","template":"","meta":{"footnotes":""},"_links":{"self":[{"href":"https:\/\/domainedepamadera.nl\/duits\/wp-json\/wp\/v2\/pages\/32"}],"collection":[{"href":"https:\/\/domainedepamadera.nl\/duits\/wp-json\/wp\/v2\/pages"}],"about":[{"href":"https:\/\/domainedepamadera.nl\/duits\/wp-json\/wp\/v2\/types\/page"}],"author":[{"embeddable":true,"href":"https:\/\/domainedepamadera.nl\/duits\/wp-json\/wp\/v2\/users\/1"}],"replies":[{"embeddable":true,"href":"https:\/\/domainedepamadera.nl\/duits\/wp-json\/wp\/v2\/comments?post=32"}],"version-history":[{"count":32,"href":"https:\/\/domainedepamadera.nl\/duits\/wp-json\/wp\/v2\/pages\/32\/revisions"}],"predecessor-version":[{"id":2383,"href":"https:\/\/domainedepamadera.nl\/duits\/wp-json\/wp\/v2\/pages\/32\/revisions\/2383"}],"wp:attachment":[{"href":"https:\/\/domainedepamadera.nl\/duits\/wp-json\/wp\/v2\/media?parent=32"}],"curies":[{"name":"wp","href":"https:\/\/api.w.org\/{rel}","templated":true}]}}