{"id":342,"date":"2020-12-23T11:21:12","date_gmt":"2020-12-23T11:21:12","guid":{"rendered":"http:\/\/domainedepamadera.nl\/?page_id=342"},"modified":"2022-11-15T11:46:34","modified_gmt":"2022-11-15T11:46:34","slug":"tarieven","status":"publish","type":"page","link":"https:\/\/domainedepamadera.nl\/duits\/tarieven\/","title":{"rendered":"Preise"},"content":{"rendered":"\n<p><img decoding=\"async\" loading=\"lazy\" class=\"alignnone wp-image-600\" src=\"http:\/\/domainedepamadera.nl\/wp-content\/uploads\/2021\/02\/192-300x225.jpg\" alt=\"\" width=\"207\" height=\"155\" srcset=\"https:\/\/domainedepamadera.nl\/wp-content\/uploads\/2021\/02\/192-300x225.jpg 300w, https:\/\/domainedepamadera.nl\/wp-content\/uploads\/2021\/02\/192.jpg 640w\" sizes=\"(max-width: 207px) 100vw, 207px\" \/> <img decoding=\"async\" loading=\"lazy\" class=\"alignnone wp-image-599\" src=\"http:\/\/domainedepamadera.nl\/wp-content\/uploads\/2021\/02\/q14-202x300.jpg\" alt=\"\" width=\"106\" height=\"157\" srcset=\"https:\/\/domainedepamadera.nl\/wp-content\/uploads\/2021\/02\/q14-202x300.jpg 202w, https:\/\/domainedepamadera.nl\/wp-content\/uploads\/2021\/02\/q14-689x1024.jpg 689w, https:\/\/domainedepamadera.nl\/wp-content\/uploads\/2021\/02\/q14-768x1142.jpg 768w, https:\/\/domainedepamadera.nl\/wp-content\/uploads\/2021\/02\/q14.jpg 977w\" sizes=\"(max-width: 106px) 100vw, 106px\" \/> <img decoding=\"async\" loading=\"lazy\" class=\"alignnone wp-image-598\" src=\"http:\/\/domainedepamadera.nl\/wp-content\/uploads\/2021\/02\/q15-300x204.jpg\" alt=\"\" width=\"231\" height=\"157\" srcset=\"https:\/\/domainedepamadera.nl\/wp-content\/uploads\/2021\/02\/q15-300x204.jpg 300w, https:\/\/domainedepamadera.nl\/wp-content\/uploads\/2021\/02\/q15-768x521.jpg 768w, https:\/\/domainedepamadera.nl\/wp-content\/uploads\/2021\/02\/q15.jpg 962w\" sizes=\"(max-width: 231px) 100vw, 231px\" \/> <img decoding=\"async\" loading=\"lazy\" class=\"alignnone wp-image-597\" src=\"http:\/\/domainedepamadera.nl\/wp-content\/uploads\/2021\/02\/150-300x225.jpg\" alt=\"\" width=\"210\" height=\"157\" srcset=\"https:\/\/domainedepamadera.nl\/wp-content\/uploads\/2021\/02\/150-300x225.jpg 300w, https:\/\/domainedepamadera.nl\/wp-content\/uploads\/2021\/02\/150.jpg 640w\" sizes=\"(max-width: 210px) 100vw, 210px\" \/><\/p>\n<p><span class=\"Y2IQFc\" lang=\"de\">Preise Chambre \u2018d Hotes Zimmer;<\/span><\/p>\n<p>inkl. Endreinigung, W\u00e4schepaket, Handtuchpaket, Kurtaxe, gemachte Betten bei Anreise und Fr\u00fchst\u00fcck.<\/p>\n<p>Ab 99 \u20ac* pro Zimmer und Nacht<\/p>\n<p>(ab 2 N\u00e4chte, Preis basiert auf 2 Personen\/Zimmer)<\/p>\n<p>* Preise variieren je nach Zeitraum, Sie werden im Voraus \u00fcber die aktuellen Preise der Neben-, Mittel- oder Hochsaison informiert<\/p>\n<h3><span style=\"font-family: 'Rock Salt';\"><strong> <img decoding=\"async\" loading=\"lazy\" class=\"alignnone wp-image-559\" src=\"http:\/\/domainedepamadera.nl\/wp-content\/uploads\/2021\/02\/177-300x225.jpg\" alt=\"\" width=\"261\" height=\"196\" srcset=\"https:\/\/domainedepamadera.nl\/wp-content\/uploads\/2021\/02\/177-300x225.jpg 300w, https:\/\/domainedepamadera.nl\/wp-content\/uploads\/2021\/02\/177.jpg 640w\" sizes=\"(max-width: 261px) 100vw, 261px\" \/> <img decoding=\"async\" loading=\"lazy\" class=\"alignnone wp-image-581\" src=\"http:\/\/domainedepamadera.nl\/wp-content\/uploads\/2021\/02\/gi1-300x231.jpg\" alt=\"\" width=\"255\" height=\"196\" srcset=\"https:\/\/domainedepamadera.nl\/wp-content\/uploads\/2021\/02\/gi1-300x231.jpg 300w, https:\/\/domainedepamadera.nl\/wp-content\/uploads\/2021\/02\/gi1-768x591.jpg 768w, https:\/\/domainedepamadera.nl\/wp-content\/uploads\/2021\/02\/gi1.jpg 966w\" sizes=\"(max-width: 255px) 100vw, 255px\" \/><\/strong><\/span><\/h3>\n<p><span class=\"Y2IQFc\" lang=\"de\">Preise unserer Gite (maximal 6 Personen);<\/span><\/p>\n<p>Ist von Sonntag 16:00 Uhr bis Sonntag 10:00 Uhr verf\u00fcgbar<\/p>\n<p>ab \u20ac950,-* \/pro Woche. basierend auf 2 Personen.<\/p>\n<p>inkl. Endreinigung, W\u00e4schepaket, Handtuchpaket, Kurtaxe, gemachte Betten bei Ankunft, ansonsten stehen alle Einrichtungen der Domaine de Pamadera zur Verf\u00fcgung. (Whirlpool, Whirlpool, Sauna und private Massage sind gegen Geb\u00fchr vor Ort und nach Verf\u00fcgbarkeit verf\u00fcgbar)<\/p>\n<p>Zus\u00e4tzliche Person \u20ac25,-pP Tag.<\/p>\n<p>* Preise variieren je nach Zeitraum, Sie werden im Voraus \u00fcber die aktuellen Preise der Neben-, Mittel- oder Hochsaison informiert<\/p>\n<p><span style=\"font-family: 'Rock Salt';\"><strong><img decoding=\"async\" loading=\"lazy\" class=\"alignnone wp-image-557\" src=\"http:\/\/domainedepamadera.nl\/wp-content\/uploads\/2021\/02\/191-300x225.jpg\" alt=\"\" width=\"259\" height=\"194\" srcset=\"https:\/\/domainedepamadera.nl\/wp-content\/uploads\/2021\/02\/191-300x225.jpg 300w, https:\/\/domainedepamadera.nl\/wp-content\/uploads\/2021\/02\/191.jpg 640w\" sizes=\"(max-width: 259px) 100vw, 259px\" \/>\u00a0<img decoding=\"async\" loading=\"lazy\" class=\"alignnone wp-image-590\" src=\"http:\/\/domainedepamadera.nl\/wp-content\/uploads\/2021\/02\/app2-297x300.jpg\" alt=\"\" width=\"192\" height=\"194\" srcset=\"https:\/\/domainedepamadera.nl\/wp-content\/uploads\/2021\/02\/app2-297x300.jpg 297w, https:\/\/domainedepamadera.nl\/wp-content\/uploads\/2021\/02\/app2-768x775.jpg 768w, https:\/\/domainedepamadera.nl\/wp-content\/uploads\/2021\/02\/app2.jpg 971w\" sizes=\"(max-width: 192px) 100vw, 192px\" \/><\/strong><\/span><\/p>\n<p><span class=\"Y2IQFc\" lang=\"de\">Preise unserer Wohnung (maximal 6 Personen);<\/span><\/p>\n<p>Ist von Sonntag 16:00 Uhr bis Sonntag 10:00 Uhr verf\u00fcgbar<\/p>\n<p>ab \u20ac750,-* \/pro Woche. basierend auf 2 Personen.<\/p>\n<p>inkl. Endreinigung, W\u00e4schepaket, Handtuchpaket, Kurtaxe, gemachte Betten bei Ankunft, ansonsten stehen alle Einrichtungen der Domaine de Pamadera zur Verf\u00fcgung. (Whirlpool, Whirlpool, Sauna und private Massage sind gegen Geb\u00fchr vor Ort und nach Verf\u00fcgbarkeit verf\u00fcgbar)<\/p>\n<p>Zus\u00e4tzliche Person \u20ac25,-pP Tag.<\/p>\n<p>* Preise variieren je nach Zeitraum, Sie werden im Voraus \u00fcber die aktuellen Preise der Neben-, Mittel- oder Hochsaison informiert<\/p>\n<p><span class=\"Y2IQFc\" lang=\"de\">Fr\u00fchst\u00fcck:<\/span><\/p>\n<p>F\u00fcr 8 \u20ac pro Tag k\u00f6nnen Sie ein reichhaltiges franz\u00f6sisches Fr\u00fchst\u00fcck buchen.<\/p>\n<p><span style=\"font-family: 'Rock Salt';\"><strong><img decoding=\"async\" loading=\"lazy\" class=\"alignnone wp-image-753\" src=\"http:\/\/domainedepamadera.nl\/wp-content\/uploads\/2021\/02\/9.6-300x225.jpg\" alt=\"\" width=\"217\" height=\"163\" srcset=\"https:\/\/domainedepamadera.nl\/wp-content\/uploads\/2021\/02\/9.6-300x225.jpg 300w, https:\/\/domainedepamadera.nl\/wp-content\/uploads\/2021\/02\/9.6.jpg 486w\" sizes=\"(max-width: 217px) 100vw, 217px\" \/><\/strong><\/span><\/p>\n<p>K\u00fcmmern Sie sich um Ihren Urlaub und genie\u00dfen Sie die Domaine de Pamadera. Wir arbeiten jeden Tag sehr hart daran, dass Sie einen unbeschwerten Aufenthalt genie\u00dfen k\u00f6nnen! Wenn es Dinge gibt, die Ihnen nicht gefallen, freuen wir uns, Sie dar\u00fcber zu informieren. Tipps sind immer willkommen!<\/p>\n<p>Patrick und Marianne Jungbeker<\/p>\n","protected":false},"excerpt":{"rendered":"<p>Preise Chambre \u2018d Hotes Zimmer; inkl. Endreinigung, W\u00e4schepaket, Handtuchpaket, Kurtaxe, gemachte Betten bei Anreise und Fr\u00fchst\u00fcck. Ab 99 \u20ac* pro Zimmer und Nacht (ab 2 N\u00e4chte, Preis basiert auf 2 Personen\/Zimmer) * Preise variieren je nach Zeitraum, Sie werden im Voraus \u00fcber die aktuellen Preise der Neben-, Mittel- oder Hochsaison informiert Preise unserer Gite (maximal [&hellip;]<\/p>\n","protected":false},"author":1,"featured_media":0,"parent":0,"menu_order":0,"comment_status":"closed","ping_status":"closed","template":"","meta":{"footnotes":""},"_links":{"self":[{"href":"https:\/\/domainedepamadera.nl\/duits\/wp-json\/wp\/v2\/pages\/342"}],"collection":[{"href":"https:\/\/domainedepamadera.nl\/duits\/wp-json\/wp\/v2\/pages"}],"about":[{"href":"https:\/\/domainedepamadera.nl\/duits\/wp-json\/wp\/v2\/types\/page"}],"author":[{"embeddable":true,"href":"https:\/\/domainedepamadera.nl\/duits\/wp-json\/wp\/v2\/users\/1"}],"replies":[{"embeddable":true,"href":"https:\/\/domainedepamadera.nl\/duits\/wp-json\/wp\/v2\/comments?post=342"}],"version-history":[{"count":63,"href":"https:\/\/domainedepamadera.nl\/duits\/wp-json\/wp\/v2\/pages\/342\/revisions"}],"predecessor-version":[{"id":2192,"href":"https:\/\/domainedepamadera.nl\/duits\/wp-json\/wp\/v2\/pages\/342\/revisions\/2192"}],"wp:attachment":[{"href":"https:\/\/domainedepamadera.nl\/duits\/wp-json\/wp\/v2\/media?parent=342"}],"curies":[{"name":"wp","href":"https:\/\/api.w.org\/{rel}","templated":true}]}}