{"id":351,"date":"2020-12-23T11:23:42","date_gmt":"2020-12-23T11:23:42","guid":{"rendered":"http:\/\/domainedepamadera.nl\/?page_id=351"},"modified":"2022-01-09T14:13:07","modified_gmt":"2022-01-09T14:13:07","slug":"veranda","status":"publish","type":"page","link":"https:\/\/domainedepamadera.nl\/duits\/veranda\/","title":{"rendered":"Veranda"},"content":{"rendered":"<p><br \/>\n<span style=\"font-family: 'Rock Salt';\"><strong><span lang=\"de\">Veranda Zeit\u2026.<\/span><\/strong><\/span><\/p>\n<p>In der Domaine de Pamadera<\/p>\n<p><img decoding=\"async\" loading=\"lazy\" class=\"alignnone size-medium wp-image-1499\" src=\"https:\/\/domainedepamadera.nl\/wp-content\/uploads\/2022\/01\/C61D3110-2E42-4012-8C14-F727F9239723-300x225.jpeg\" alt=\"\" width=\"300\" height=\"225\" srcset=\"https:\/\/domainedepamadera.nl\/wp-content\/uploads\/2022\/01\/C61D3110-2E42-4012-8C14-F727F9239723-300x225.jpeg 300w, https:\/\/domainedepamadera.nl\/wp-content\/uploads\/2022\/01\/C61D3110-2E42-4012-8C14-F727F9239723-1024x768.jpeg 1024w, https:\/\/domainedepamadera.nl\/wp-content\/uploads\/2022\/01\/C61D3110-2E42-4012-8C14-F727F9239723-768x576.jpeg 768w, https:\/\/domainedepamadera.nl\/wp-content\/uploads\/2022\/01\/C61D3110-2E42-4012-8C14-F727F9239723-1536x1152.jpeg 1536w, https:\/\/domainedepamadera.nl\/wp-content\/uploads\/2022\/01\/C61D3110-2E42-4012-8C14-F727F9239723-2048x1536.jpeg 2048w\" sizes=\"(max-width: 300px) 100vw, 300px\" \/> <img decoding=\"async\" loading=\"lazy\" class=\"alignnone size-medium wp-image-1644\" src=\"https:\/\/domainedepamadera.nl\/wp-content\/uploads\/2022\/01\/00D6E521-1B89-4C9E-B8C7-146E5A323802-300x225.jpeg\" alt=\"\" width=\"300\" height=\"225\" srcset=\"https:\/\/domainedepamadera.nl\/wp-content\/uploads\/2022\/01\/00D6E521-1B89-4C9E-B8C7-146E5A323802-300x225.jpeg 300w, https:\/\/domainedepamadera.nl\/wp-content\/uploads\/2022\/01\/00D6E521-1B89-4C9E-B8C7-146E5A323802-1024x768.jpeg 1024w, https:\/\/domainedepamadera.nl\/wp-content\/uploads\/2022\/01\/00D6E521-1B89-4C9E-B8C7-146E5A323802-768x576.jpeg 768w, https:\/\/domainedepamadera.nl\/wp-content\/uploads\/2022\/01\/00D6E521-1B89-4C9E-B8C7-146E5A323802-1536x1152.jpeg 1536w, https:\/\/domainedepamadera.nl\/wp-content\/uploads\/2022\/01\/00D6E521-1B89-4C9E-B8C7-146E5A323802-2048x1536.jpeg 2048w\" sizes=\"(max-width: 300px) 100vw, 300px\" \/><\/p>\n<p><img decoding=\"async\" loading=\"lazy\" class=\"alignnone size-medium wp-image-1494\" src=\"https:\/\/domainedepamadera.nl\/wp-content\/uploads\/2022\/01\/1D328595-894F-4F16-970C-923DBC71FE20-300x225.jpeg\" alt=\"\" width=\"300\" height=\"225\" srcset=\"https:\/\/domainedepamadera.nl\/wp-content\/uploads\/2022\/01\/1D328595-894F-4F16-970C-923DBC71FE20-300x225.jpeg 300w, https:\/\/domainedepamadera.nl\/wp-content\/uploads\/2022\/01\/1D328595-894F-4F16-970C-923DBC71FE20-1024x768.jpeg 1024w, https:\/\/domainedepamadera.nl\/wp-content\/uploads\/2022\/01\/1D328595-894F-4F16-970C-923DBC71FE20-768x576.jpeg 768w, https:\/\/domainedepamadera.nl\/wp-content\/uploads\/2022\/01\/1D328595-894F-4F16-970C-923DBC71FE20-1536x1152.jpeg 1536w, https:\/\/domainedepamadera.nl\/wp-content\/uploads\/2022\/01\/1D328595-894F-4F16-970C-923DBC71FE20-2048x1536.jpeg 2048w\" sizes=\"(max-width: 300px) 100vw, 300px\" \/> <img decoding=\"async\" loading=\"lazy\" class=\"alignnone size-medium wp-image-1501\" src=\"https:\/\/domainedepamadera.nl\/wp-content\/uploads\/2022\/01\/9C2905CD-A28C-4B50-9D0B-C4E3F2F87D3F-300x225.jpeg\" alt=\"\" width=\"300\" height=\"225\" srcset=\"https:\/\/domainedepamadera.nl\/wp-content\/uploads\/2022\/01\/9C2905CD-A28C-4B50-9D0B-C4E3F2F87D3F-300x225.jpeg 300w, https:\/\/domainedepamadera.nl\/wp-content\/uploads\/2022\/01\/9C2905CD-A28C-4B50-9D0B-C4E3F2F87D3F-1024x768.jpeg 1024w, https:\/\/domainedepamadera.nl\/wp-content\/uploads\/2022\/01\/9C2905CD-A28C-4B50-9D0B-C4E3F2F87D3F-768x576.jpeg 768w, https:\/\/domainedepamadera.nl\/wp-content\/uploads\/2022\/01\/9C2905CD-A28C-4B50-9D0B-C4E3F2F87D3F-1536x1152.jpeg 1536w, https:\/\/domainedepamadera.nl\/wp-content\/uploads\/2022\/01\/9C2905CD-A28C-4B50-9D0B-C4E3F2F87D3F-2048x1536.jpeg 2048w\" sizes=\"(max-width: 300px) 100vw, 300px\" \/><\/p>\n<p>Wenn Sie die Tore unserer Domain betreten, k\u00f6nnen Sie diese nicht ignorieren! Unser Herzst\u00fcck ist stolz unsere Veranda, auf der alle zusammenkommen, um ein k\u00f6stliches und vielseitiges Fr\u00fchst\u00fcck, ein leckeres Mittagessen, ein herzhaftes Snackboard oder das viel diskutierte Abendessen zu genie\u00dfen!<\/p>\n<p>F\u00fchlen Sie sich frei, unter unserer Veranda zu sitzen, um ein sch\u00f6nes Spiel zu spielen oder sich zu unterhalten. Sind wir nicht da &#8230; Kein Problem, l\u00e4uten Sie einfach die gl\u00e4nzende Schiffsglocke und wir werden mit Ihnen ein k\u00f6stliches k\u00fchlendes Eis trinken oder die Frage beantworten, die Sie haben.<\/p>\n<p>Am Abend f\u00e4llt Dunkelheit auf die Felder um uns herum. Die rot-gelbe Kugel sinkt langsam hinter den Horizont. Die Tiere suchen ihre Nachtk\u00e4fige und in der Stille h\u00f6rt man eine Eule im Wald rufen, der Beginn des Abends ist eine Tatsache &#8230; Dann ist es Zeit f\u00fcr Magie!<\/p>\n<p>Wenn die atmosph\u00e4rische Beleuchtung die Dunkelheit \u00fcbernimmt und der atmosph\u00e4rische Garten so beleuchtet wird, dass Sie wissen, k\u00f6nnte dies ein langer Abend werden! Der Pool ist wundersch\u00f6n beleuchtet und die alte Fassade der Scheune sticht im goldgelben Schein ihrer Sch\u00f6nheit hervor. Ein weiteres Spiel von Jeu &#8249;des Boules wird gespielt, ein Glas Wein wird eingegossen. Langsam f\u00fcllt sich die Veranda zu einem gem\u00fctlichen Beisammensein, wunderbares Summen zwischen dem Knistern eines sch\u00f6nen Feuers &#8230;<\/p>\n<p>Wie freuen wir uns auf diese langen, gem\u00fctlichen, schw\u00fclen Abende in der Domaine de Pamadera, bis ein neuer Tag kommt.<\/p>\n<p>Bonne Soiree, Bonne nuit!<\/p>\n","protected":false},"excerpt":{"rendered":"<p>Veranda Zeit\u2026. In der Domaine de Pamadera Wenn Sie die Tore unserer Domain betreten, k\u00f6nnen Sie diese nicht ignorieren! Unser Herzst\u00fcck ist stolz unsere Veranda, auf der alle zusammenkommen, um ein k\u00f6stliches und vielseitiges Fr\u00fchst\u00fcck, ein leckeres Mittagessen, ein herzhaftes Snackboard oder das viel diskutierte Abendessen zu genie\u00dfen! F\u00fchlen Sie sich frei, unter unserer Veranda [&hellip;]<\/p>\n","protected":false},"author":1,"featured_media":0,"parent":0,"menu_order":0,"comment_status":"closed","ping_status":"closed","template":"","meta":{"footnotes":""},"_links":{"self":[{"href":"https:\/\/domainedepamadera.nl\/duits\/wp-json\/wp\/v2\/pages\/351"}],"collection":[{"href":"https:\/\/domainedepamadera.nl\/duits\/wp-json\/wp\/v2\/pages"}],"about":[{"href":"https:\/\/domainedepamadera.nl\/duits\/wp-json\/wp\/v2\/types\/page"}],"author":[{"embeddable":true,"href":"https:\/\/domainedepamadera.nl\/duits\/wp-json\/wp\/v2\/users\/1"}],"replies":[{"embeddable":true,"href":"https:\/\/domainedepamadera.nl\/duits\/wp-json\/wp\/v2\/comments?post=351"}],"version-history":[{"count":21,"href":"https:\/\/domainedepamadera.nl\/duits\/wp-json\/wp\/v2\/pages\/351\/revisions"}],"predecessor-version":[{"id":1781,"href":"https:\/\/domainedepamadera.nl\/duits\/wp-json\/wp\/v2\/pages\/351\/revisions\/1781"}],"wp:attachment":[{"href":"https:\/\/domainedepamadera.nl\/duits\/wp-json\/wp\/v2\/media?parent=351"}],"curies":[{"name":"wp","href":"https:\/\/api.w.org\/{rel}","templated":true}]}}