{"id":363,"date":"2020-12-23T11:33:54","date_gmt":"2020-12-23T11:33:54","guid":{"rendered":"http:\/\/domainedepamadera.nl\/?page_id=363"},"modified":"2025-11-28T13:42:42","modified_gmt":"2025-11-28T13:42:42","slug":"workshop","status":"publish","type":"page","link":"https:\/\/domainedepamadera.nl\/duits\/workshop\/","title":{"rendered":"Werkstatt"},"content":{"rendered":"<p><br \/>\n<span style=\"font-family: 'Rock Salt';\"><strong><span lang=\"de\">Hattest du jemals daran gedacht, so entspannend kreativ zu sein ?! Es ist in der Domaine de Pamadera m\u00f6glich<\/span><\/strong><\/span><\/p>\n<p><img decoding=\"async\" loading=\"lazy\" class=\"alignnone size-medium wp-image-1473\" src=\"https:\/\/domainedepamadera.nl\/wp-content\/uploads\/2022\/01\/C8495865-FE3B-458E-ABA9-BCA6CAB8DF2C-300x298.jpeg\" alt=\"\" width=\"300\" height=\"298\" srcset=\"https:\/\/domainedepamadera.nl\/wp-content\/uploads\/2022\/01\/C8495865-FE3B-458E-ABA9-BCA6CAB8DF2C-300x298.jpeg 300w, https:\/\/domainedepamadera.nl\/wp-content\/uploads\/2022\/01\/C8495865-FE3B-458E-ABA9-BCA6CAB8DF2C-1024x1019.jpeg 1024w, https:\/\/domainedepamadera.nl\/wp-content\/uploads\/2022\/01\/C8495865-FE3B-458E-ABA9-BCA6CAB8DF2C-150x150.jpeg 150w, https:\/\/domainedepamadera.nl\/wp-content\/uploads\/2022\/01\/C8495865-FE3B-458E-ABA9-BCA6CAB8DF2C-768x764.jpeg 768w, https:\/\/domainedepamadera.nl\/wp-content\/uploads\/2022\/01\/C8495865-FE3B-458E-ABA9-BCA6CAB8DF2C.jpeg 1125w\" sizes=\"(max-width: 300px) 100vw, 300px\" \/> <img decoding=\"async\" loading=\"lazy\" class=\"alignnone size-medium wp-image-1472\" src=\"https:\/\/domainedepamadera.nl\/wp-content\/uploads\/2022\/01\/187DF1C2-761A-40AB-800B-E02F6BCB0500-300x297.jpeg\" alt=\"\" width=\"300\" height=\"297\" srcset=\"https:\/\/domainedepamadera.nl\/wp-content\/uploads\/2022\/01\/187DF1C2-761A-40AB-800B-E02F6BCB0500-300x297.jpeg 300w, https:\/\/domainedepamadera.nl\/wp-content\/uploads\/2022\/01\/187DF1C2-761A-40AB-800B-E02F6BCB0500-1024x1012.jpeg 1024w, https:\/\/domainedepamadera.nl\/wp-content\/uploads\/2022\/01\/187DF1C2-761A-40AB-800B-E02F6BCB0500-150x150.jpeg 150w, https:\/\/domainedepamadera.nl\/wp-content\/uploads\/2022\/01\/187DF1C2-761A-40AB-800B-E02F6BCB0500-768x759.jpeg 768w, https:\/\/domainedepamadera.nl\/wp-content\/uploads\/2022\/01\/187DF1C2-761A-40AB-800B-E02F6BCB0500.jpeg 1125w\" sizes=\"(max-width: 300px) 100vw, 300px\" \/><\/p>\n<p>W\u00e4hrend sich die Sonne langsam in den klaren blauen Himmel verschiebt, mit den wundersch\u00f6nen wei\u00dfen Schafwolken, die Ihnen helfen, in den Tag hinein zu tr\u00e4umen, steht wieder etwas Sch\u00f6nes auf dem Programm. Die Veranda oder unser Atelier begr\u00fc\u00dft Sie mit offenen T\u00fcren.<\/p>\n<p><span style=\"font-family: 'Rock Salt';\"><strong><img decoding=\"async\" loading=\"lazy\" class=\"alignnone size-medium wp-image-700\" src=\"http:\/\/domainedepamadera.nl\/wp-content\/uploads\/2021\/02\/work-300x196.jpg\" alt=\"\" width=\"300\" height=\"196\" srcset=\"https:\/\/domainedepamadera.nl\/wp-content\/uploads\/2021\/02\/work-300x196.jpg 300w, https:\/\/domainedepamadera.nl\/wp-content\/uploads\/2021\/02\/work.jpg 499w\" sizes=\"(max-width: 300px) 100vw, 300px\" \/> <img decoding=\"async\" loading=\"lazy\" class=\"alignnone size-medium wp-image-697\" src=\"http:\/\/domainedepamadera.nl\/wp-content\/uploads\/2021\/02\/work-2-300x196.jpg\" alt=\"\" width=\"300\" height=\"196\" srcset=\"https:\/\/domainedepamadera.nl\/wp-content\/uploads\/2021\/02\/work-2-300x196.jpg 300w, https:\/\/domainedepamadera.nl\/wp-content\/uploads\/2021\/02\/work-2.jpg 487w\" sizes=\"(max-width: 300px) 100vw, 300px\" \/><\/strong><\/span><br \/>\n<span style=\"font-family: 'Rock Salt';\"><strong><span lang=\"de\">Lassen Sie sich von Ihrer eigenen Kreativit\u00e4t \u00fcberraschen, die durch die M\u00f6glichkeiten eines weiteren unterhaltsamen kreativen, aktiven, kulinarischen oder entspannenden Workshops unterst\u00fctzt wird!<\/span><\/strong><\/span><\/p>\n<p>Lassen Sie sich von den M\u00f6glichkeiten, die jeder hat, mitrei\u00dfen und begrenzen Sie nicht Ihre Angst, Ihre Kreativit\u00e4t passiv zu unterdr\u00fccken. Wir sagen immer, was wertvoller ist als Ihre eigene Anwesenheit, um die Gem\u00fctlichkeit f\u00fcr alle zu bereichern und selbst ein entspanntes Beisammensein zu genie\u00dfen.<\/p>\n<p>Schauen Sie sich an, welche Workshops diese Woche angeboten werden und machen Sie mit!<\/p>\n<p>Patrick und Marianne Jungbeker<\/p>\n<p><span style=\"font-family: 'Rock Salt';\"><strong> <img decoding=\"async\" loading=\"lazy\" class=\"alignnone size-medium wp-image-845\" src=\"https:\/\/domainedepamadera.nl\/wp-content\/uploads\/2021\/02\/20210183-Rond-24450-Mialet-Transparant-01-300x212.png\" alt=\"\" width=\"300\" height=\"212\" srcset=\"https:\/\/domainedepamadera.nl\/wp-content\/uploads\/2021\/02\/20210183-Rond-24450-Mialet-Transparant-01-300x212.png 300w, https:\/\/domainedepamadera.nl\/wp-content\/uploads\/2021\/02\/20210183-Rond-24450-Mialet-Transparant-01-768x544.png 768w, https:\/\/domainedepamadera.nl\/wp-content\/uploads\/2021\/02\/20210183-Rond-24450-Mialet-Transparant-01.png 842w\" sizes=\"(max-width: 300px) 100vw, 300px\" \/><\/strong><\/span><br \/>\n<span style=\"font-family: 'Rock Salt';\"><strong><span lang=\"de\">Workshops in der Domaine de Pamadera<\/span><\/strong><\/span><\/p>\n<p>Workshops (siehe Wochenprogramm)<\/p>\n<p>In der Domaine de Pamadera finden regelm\u00e4\u00dfig sch\u00f6ne Workshops statt. Dies k\u00f6nnen Themenworkshops sein, die an einem bestimmten Wochenende oder w\u00e4hrend einer Ferienzeit oder sogar in einer Themenwoche angeboten werden.<\/p>\n<p><span style=\"font-family: 'Rock Salt';\"><strong><img decoding=\"async\" loading=\"lazy\" class=\"alignnone wp-image-698\" src=\"http:\/\/domainedepamadera.nl\/wp-content\/uploads\/2021\/02\/work-3-300x187.jpg\" alt=\"\" width=\"420\" height=\"262\" srcset=\"https:\/\/domainedepamadera.nl\/wp-content\/uploads\/2021\/02\/work-3-300x187.jpg 300w, https:\/\/domainedepamadera.nl\/wp-content\/uploads\/2021\/02\/work-3-436x272.jpg 436w, https:\/\/domainedepamadera.nl\/wp-content\/uploads\/2021\/02\/work-3.jpg 515w\" sizes=\"(max-width: 420px) 100vw, 420px\" \/> <img decoding=\"async\" loading=\"lazy\" class=\"alignnone size-medium wp-image-699\" src=\"http:\/\/domainedepamadera.nl\/wp-content\/uploads\/2021\/02\/work-4-300x263.jpg\" alt=\"\" width=\"300\" height=\"263\" srcset=\"https:\/\/domainedepamadera.nl\/wp-content\/uploads\/2021\/02\/work-4-300x263.jpg 300w, https:\/\/domainedepamadera.nl\/wp-content\/uploads\/2021\/02\/work-4.jpg 525w\" sizes=\"(max-width: 300px) 100vw, 300px\" \/><\/strong><\/span><br \/>\n<span style=\"font-family: 'Rock Salt';\"><strong><span lang=\"de\">Sie k\u00f6nnen an kreative Workshops, Holzbearbeitung, kulinarische Workshops und aktive Workshops denken. Welche Workshops auf unserer Website geplant sind, k\u00f6nnen Sie unter der \u00dcberschrift Workshops verfolgen. Wenn Sie Vorschl\u00e4ge haben, lassen Sie es uns bitte wissen!<\/span><\/strong><\/span><\/p>\n<p>Ab Saison 2022;<\/p>\n<p>Verleih von Fitnessstudios<\/p>\n<p>Whirlpoolverleih<\/p>\n<p>Elektrofahrr\u00e4der mieten<\/p>\n","protected":false},"excerpt":{"rendered":"<p>Hattest du jemals daran gedacht, so entspannend kreativ zu sein ?! Es ist in der Domaine de Pamadera m\u00f6glich W\u00e4hrend sich die Sonne langsam in den klaren blauen Himmel verschiebt, mit den wundersch\u00f6nen wei\u00dfen Schafwolken, die Ihnen helfen, in den Tag hinein zu tr\u00e4umen, steht wieder etwas Sch\u00f6nes auf dem Programm. Die Veranda oder unser [&hellip;]<\/p>\n","protected":false},"author":1,"featured_media":0,"parent":0,"menu_order":0,"comment_status":"closed","ping_status":"closed","template":"","meta":{"footnotes":""},"_links":{"self":[{"href":"https:\/\/domainedepamadera.nl\/duits\/wp-json\/wp\/v2\/pages\/363"}],"collection":[{"href":"https:\/\/domainedepamadera.nl\/duits\/wp-json\/wp\/v2\/pages"}],"about":[{"href":"https:\/\/domainedepamadera.nl\/duits\/wp-json\/wp\/v2\/types\/page"}],"author":[{"embeddable":true,"href":"https:\/\/domainedepamadera.nl\/duits\/wp-json\/wp\/v2\/users\/1"}],"replies":[{"embeddable":true,"href":"https:\/\/domainedepamadera.nl\/duits\/wp-json\/wp\/v2\/comments?post=363"}],"version-history":[{"count":21,"href":"https:\/\/domainedepamadera.nl\/duits\/wp-json\/wp\/v2\/pages\/363\/revisions"}],"predecessor-version":[{"id":2429,"href":"https:\/\/domainedepamadera.nl\/duits\/wp-json\/wp\/v2\/pages\/363\/revisions\/2429"}],"wp:attachment":[{"href":"https:\/\/domainedepamadera.nl\/duits\/wp-json\/wp\/v2\/media?parent=363"}],"curies":[{"name":"wp","href":"https:\/\/api.w.org\/{rel}","templated":true}]}}