{"id":376,"date":"2020-12-23T11:52:39","date_gmt":"2020-12-23T11:52:39","guid":{"rendered":"http:\/\/domainedepamadera.nl\/?page_id=376"},"modified":"2022-01-09T14:27:51","modified_gmt":"2022-01-09T14:27:51","slug":"zwembad","status":"publish","type":"page","link":"https:\/\/domainedepamadera.nl\/duits\/zwembad\/","title":{"rendered":"Schwimmbad"},"content":{"rendered":"<p><br \/>\n<span style=\"font-family: 'Rock Salt';\"><strong><span lang=\"de\">Wasserspa\u00df und K\u00fchlung,<\/span><\/strong><\/span><\/p>\n<p>unter der warmen franz\u00f6sischen Sonne &#8230;<\/p>\n<p><span style=\"font-family: 'Rock Salt';\"><strong> <img decoding=\"async\" loading=\"lazy\" class=\"alignnone wp-image-716\" src=\"http:\/\/domainedepamadera.nl\/wp-content\/uploads\/2021\/02\/5-300x201.jpg\" alt=\"\" width=\"333\" height=\"223\" srcset=\"https:\/\/domainedepamadera.nl\/wp-content\/uploads\/2021\/02\/5-300x201.jpg 300w, https:\/\/domainedepamadera.nl\/wp-content\/uploads\/2021\/02\/5-768x514.jpg 768w, https:\/\/domainedepamadera.nl\/wp-content\/uploads\/2021\/02\/5-272x182.jpg 272w, https:\/\/domainedepamadera.nl\/wp-content\/uploads\/2021\/02\/5.jpg 922w\" sizes=\"(max-width: 333px) 100vw, 333px\" \/> <img decoding=\"async\" loading=\"lazy\" class=\"alignnone size-medium wp-image-729\" src=\"http:\/\/domainedepamadera.nl\/wp-content\/uploads\/2021\/02\/54-1-300x224.jpg\" alt=\"\" width=\"300\" height=\"224\" srcset=\"https:\/\/domainedepamadera.nl\/wp-content\/uploads\/2021\/02\/54-1-300x224.jpg 300w, https:\/\/domainedepamadera.nl\/wp-content\/uploads\/2021\/02\/54-1.jpg 640w\" sizes=\"(max-width: 300px) 100vw, 300px\" \/> <\/strong><\/span><br \/>\n<span style=\"font-family: 'Rock Salt';\"><strong><span lang=\"de\">Jeden Morgen ziehen die ersten Sonnenstrahlen sanft die rot-gelb leuchtende Kugel \u00fcber den Horizont.<\/span><\/strong><\/span><\/p>\n<p>Die letzten Nebelflocken ziehen sich zur\u00fcck, nachdem sie diese warmen Strahlen gesehen haben, und lassen die Tautropfen auf dem gr\u00fcnen Blatt einer Sonnenblume verdunsten, die in Richtung unserer Dom\u00e4ne schaut.<\/p>\n<p>Das Wasser im blauen, klaren Pool bildet bei jeder Ber\u00fchrung einer Libelle Kreise auf der Suche nach Nahrung und Tanz, um den Tag im fr\u00fchen Morgenlicht zu begr\u00fc\u00dfen.<\/p>\n<p>Wie anders wird es sein, wenn unsere G\u00e4ste das Wasser besuchen, um sich unter der hei\u00dfen goldgelben franz\u00f6sischen Mittagssonne zu entspannen.<\/p>\n<p>Wie die Kinder spielen und planschen und an einem Wasserspektakel teilnehmen, gl\u00fccklich mit ihren Eltern aus ihrer entspannten Position genie\u00dfen und weiter in ihr Lesebuch eintauchen.<\/p>\n<p><span style=\"font-family: 'Rock Salt';\"><strong><img decoding=\"async\" loading=\"lazy\" class=\"alignnone size-medium wp-image-731\" src=\"http:\/\/domainedepamadera.nl\/wp-content\/uploads\/2021\/02\/15-300x225.jpg\" alt=\"\" width=\"300\" height=\"225\" srcset=\"https:\/\/domainedepamadera.nl\/wp-content\/uploads\/2021\/02\/15-300x225.jpg 300w, https:\/\/domainedepamadera.nl\/wp-content\/uploads\/2021\/02\/15.jpg 640w\" sizes=\"(max-width: 300px) 100vw, 300px\" \/> <img decoding=\"async\" loading=\"lazy\" class=\"alignnone size-medium wp-image-730\" src=\"http:\/\/domainedepamadera.nl\/wp-content\/uploads\/2021\/02\/97-300x225.jpg\" alt=\"\" width=\"300\" height=\"225\" srcset=\"https:\/\/domainedepamadera.nl\/wp-content\/uploads\/2021\/02\/97-300x225.jpg 300w, https:\/\/domainedepamadera.nl\/wp-content\/uploads\/2021\/02\/97.jpg 640w\" sizes=\"(max-width: 300px) 100vw, 300px\" \/><\/strong><\/span><br \/>\n<span style=\"font-family: 'Rock Salt';\"><strong><span lang=\"de\">Tags\u00fcber vergessene Zeit und erstaunt \u00fcber einen schnell vergangenen und wundervollen Tag an einem einzigartigen, atmosph\u00e4rischen Ort mit unserem wundersch\u00f6nen Swimmingpool als Mittelpunkt, der es kaum erwarten kann, bis der n\u00e4chste Tag kommt. Die Wellen gedeihen und die Spritzer trocknen aus, bis die letzten Tropfen zur\u00fcck in das klare Bad flie\u00dfen und das Mondlicht von einer nachts beleuchteten Wasseroberfl\u00e4che reflektiert wird<\/span><\/strong><\/span><\/p>\n<p><img decoding=\"async\" loading=\"lazy\" class=\"alignnone size-medium wp-image-1605\" src=\"https:\/\/domainedepamadera.nl\/wp-content\/uploads\/2022\/01\/6BC7F44B-DB4A-44A9-ABA0-77A3147BFB9A-300x225.jpeg\" alt=\"\" width=\"300\" height=\"225\" srcset=\"https:\/\/domainedepamadera.nl\/wp-content\/uploads\/2022\/01\/6BC7F44B-DB4A-44A9-ABA0-77A3147BFB9A-300x225.jpeg 300w, https:\/\/domainedepamadera.nl\/wp-content\/uploads\/2022\/01\/6BC7F44B-DB4A-44A9-ABA0-77A3147BFB9A-768x576.jpeg 768w, https:\/\/domainedepamadera.nl\/wp-content\/uploads\/2022\/01\/6BC7F44B-DB4A-44A9-ABA0-77A3147BFB9A.jpeg 1024w\" sizes=\"(max-width: 300px) 100vw, 300px\" \/> <img decoding=\"async\" loading=\"lazy\" class=\"alignnone size-medium wp-image-1604\" src=\"https:\/\/domainedepamadera.nl\/wp-content\/uploads\/2022\/01\/E77AF88A-CF08-46D2-AB9D-3BEEC875F8EB-225x300.jpeg\" alt=\"\" width=\"225\" height=\"300\" srcset=\"https:\/\/domainedepamadera.nl\/wp-content\/uploads\/2022\/01\/E77AF88A-CF08-46D2-AB9D-3BEEC875F8EB-225x300.jpeg 225w, https:\/\/domainedepamadera.nl\/wp-content\/uploads\/2022\/01\/E77AF88A-CF08-46D2-AB9D-3BEEC875F8EB.jpeg 768w\" sizes=\"(max-width: 225px) 100vw, 225px\" \/><\/p>\n<p><strong>Kommen Sie und genie\u00dfen Sie die Domaine de Pamadera<\/strong><\/p>\n","protected":false},"excerpt":{"rendered":"<p>Wasserspa\u00df und K\u00fchlung, unter der warmen franz\u00f6sischen Sonne &#8230; Jeden Morgen ziehen die ersten Sonnenstrahlen sanft die rot-gelb leuchtende Kugel \u00fcber den Horizont. Die letzten Nebelflocken ziehen sich zur\u00fcck, nachdem sie diese warmen Strahlen gesehen haben, und lassen die Tautropfen auf dem gr\u00fcnen Blatt einer Sonnenblume verdunsten, die in Richtung unserer Dom\u00e4ne schaut. Das Wasser [&hellip;]<\/p>\n","protected":false},"author":1,"featured_media":0,"parent":0,"menu_order":0,"comment_status":"closed","ping_status":"closed","template":"","meta":{"footnotes":""},"_links":{"self":[{"href":"https:\/\/domainedepamadera.nl\/duits\/wp-json\/wp\/v2\/pages\/376"}],"collection":[{"href":"https:\/\/domainedepamadera.nl\/duits\/wp-json\/wp\/v2\/pages"}],"about":[{"href":"https:\/\/domainedepamadera.nl\/duits\/wp-json\/wp\/v2\/types\/page"}],"author":[{"embeddable":true,"href":"https:\/\/domainedepamadera.nl\/duits\/wp-json\/wp\/v2\/users\/1"}],"replies":[{"embeddable":true,"href":"https:\/\/domainedepamadera.nl\/duits\/wp-json\/wp\/v2\/comments?post=376"}],"version-history":[{"count":15,"href":"https:\/\/domainedepamadera.nl\/duits\/wp-json\/wp\/v2\/pages\/376\/revisions"}],"predecessor-version":[{"id":1791,"href":"https:\/\/domainedepamadera.nl\/duits\/wp-json\/wp\/v2\/pages\/376\/revisions\/1791"}],"wp:attachment":[{"href":"https:\/\/domainedepamadera.nl\/duits\/wp-json\/wp\/v2\/media?parent=376"}],"curies":[{"name":"wp","href":"https:\/\/api.w.org\/{rel}","templated":true}]}}