{"id":38,"date":"2020-11-12T14:57:33","date_gmt":"2020-11-12T14:57:33","guid":{"rendered":"http:\/\/domainedepamadera.nl\/?page_id=38"},"modified":"2022-01-06T16:03:30","modified_gmt":"2022-01-06T16:03:30","slug":"covid","status":"publish","type":"page","link":"https:\/\/domainedepamadera.nl\/duits\/covid\/","title":{"rendered":"Covid"},"content":{"rendered":"<p><center><\/center><br \/>\n<span style=\"font-family: 'Rock Salt';\"><strong><span lang=\"de\">in der Domaine de Pamadera<\/span><\/strong><\/span><\/p>\n<p>Wir haben es weltweit mit Covid 19 (Corona) zu tun. Da sich die Entwicklungen und Ma\u00dfnahmen schnell fortsetzen, erhalten Sie bei Ihrer Ankunft eine A4 mit allen Regeln, mit denen wir von Domaine de Pamadera dazu beitragen m\u00f6chten, das Virus zu stoppen, damit Sie und alle auf unserer Domain einen wundersch\u00f6nen Urlaub genie\u00dfen k\u00f6nnen. Nur wenn wir alle diese Regeln befolgen, k\u00f6nnen wir jedem, der uns in dieser Saison besuchen m\u00f6chte, das gleiche unvergessliche Erlebnis bieten.<\/p>\n<p>Vielen Dank f\u00fcr Ihr Verst\u00e4ndnis. Wenn Sie Fragen zum Schreiben der erhaltenen Informationen haben, wenden Sie sich bitte zur weiteren Kl\u00e4rung an uns.<\/p>\n<p>Wir halten 1,5 Meter von Ihrer eigenen Blase entfernt, sodass Sie auch regelm\u00e4\u00dfig daran denken, Ihre H\u00e4nde zu desinfizieren.<\/p>\n<p><img decoding=\"async\" loading=\"lazy\" class=\"alignnone size-medium wp-image-911\" src=\"https:\/\/domainedepamadera.nl\/wp-content\/uploads\/2021\/03\/20210183-Doezelaar-24450-Mialet-Transparant-300x200.png\" alt=\"\" width=\"300\" height=\"200\" srcset=\"https:\/\/domainedepamadera.nl\/wp-content\/uploads\/2021\/03\/20210183-Doezelaar-24450-Mialet-Transparant-300x200.png 300w, https:\/\/domainedepamadera.nl\/wp-content\/uploads\/2021\/03\/20210183-Doezelaar-24450-Mialet-Transparant-272x182.png 272w, https:\/\/domainedepamadera.nl\/wp-content\/uploads\/2021\/03\/20210183-Doezelaar-24450-Mialet-Transparant.png 699w\" sizes=\"(max-width: 300px) 100vw, 300px\" \/><br \/>\n<span style=\"font-family: 'Rock Salt';\"><strong><span lang=\"de\">\u00a0 \u00a0 \u00a0 \u00a0 \u00a0 \u00a0 \u00a0 \u00a0 \u00a0 \u00a0 \u00a0 \u00a0 \u00a0 \u00a0 \u00a0 \u00a0 \u00a0 \u00a0 \u00a0 \u00a0 \u00a0 \u00a0 \u00a0 \u00a0 \u00a0 \u00a0 \u00a0 \u00a0 \u00a0 \u00a0 \u00a0 \u00a0 \u00a0 \u00a0 \u00a0 Protokoll Covig 19\u00a0<\/span><\/strong><\/span><\/p>\n<p>Version Jan 20222<\/p>\n<p>Sehr geehrte G\u00e4ste,<\/p>\n<p>In Ihrem und unserem Interesse haben wir ein Covid 19-Protokoll bei Domaine de Pamadera. Wir halten uns strikt an die Richtlinien, die uns von der franz\u00f6sischen Regierung und der \u00f6rtlichen Gemeinde zugewiesen wurden. Wir bitten Sie, diese Richtlinien w\u00e4hrend Ihres Aufenthalts zu beachten und zu respektieren.<\/p>\n<p>Wir m\u00f6chten die Blase in der Domaine de Pamadera so gesund wie m\u00f6glich halten, damit Sie und sp\u00e4tere G\u00e4ste einen wohlverdienten Urlaub optimal genie\u00dfen k\u00f6nnen.<\/p>\n<p>Haben Sie w\u00e4hrend Ihres Aufenthalts einen Kommentar oder denken Sie, dass die Dinge anders arrangiert werden sollten, lassen Sie es uns bitte wissen. Wir werden dann sehen, ob es m\u00f6glich ist, dies einzuhalten.<\/p>\n<p>Protokoll Covid 19;<\/p>\n<p>* Wir bitten alle, die Beschwerden haben, dies zu melden und Sie im Voraus auf Corona testen zu lassen<\/p>\n<p>* Bei anhaltenden Beschwerden bitten wir Sie, Ihren Urlaub auf einen sp\u00e4teren Zeitpunkt zu verschieben, wenn Sie keine Beschwerden mehr haben.<\/p>\n<p>* Wir halten einen Abstand von bis zu 1,5 Metern zu anderen Personen ein, die nicht zu unserer eigenen Blase geh\u00f6ren.<\/p>\n<p>* Wir bieten verschiedene Stellen in unserer Domaine an, um Ihre H\u00e4nde zu desinfizieren<\/p>\n<p>* Wir reinigen und desinfizieren Orte, an denen mehrmals t\u00e4glich mehrere Personen zusammenkommen.<\/p>\n<p>* Wir halten derzeit zus\u00e4tzlichen Platz zwischen den Sitzen unter den Veranden<\/p>\n<p>Vielen Dank f\u00fcr Ihre Mitarbeit, um allen einen angenehmen und gesunden Aufenthalt bieten zu k\u00f6nnen.<\/p>\n<p>Team Domaine de Pamadera<\/p>\n","protected":false},"excerpt":{"rendered":"<p>in der Domaine de Pamadera Wir haben es weltweit mit Covid 19 (Corona) zu tun. Da sich die Entwicklungen und Ma\u00dfnahmen schnell fortsetzen, erhalten Sie bei Ihrer Ankunft eine A4 mit allen Regeln, mit denen wir von Domaine de Pamadera dazu beitragen m\u00f6chten, das Virus zu stoppen, damit Sie und alle auf unserer Domain einen [&hellip;]<\/p>\n","protected":false},"author":1,"featured_media":0,"parent":0,"menu_order":0,"comment_status":"closed","ping_status":"closed","template":"","meta":{"footnotes":""},"_links":{"self":[{"href":"https:\/\/domainedepamadera.nl\/duits\/wp-json\/wp\/v2\/pages\/38"}],"collection":[{"href":"https:\/\/domainedepamadera.nl\/duits\/wp-json\/wp\/v2\/pages"}],"about":[{"href":"https:\/\/domainedepamadera.nl\/duits\/wp-json\/wp\/v2\/types\/page"}],"author":[{"embeddable":true,"href":"https:\/\/domainedepamadera.nl\/duits\/wp-json\/wp\/v2\/users\/1"}],"replies":[{"embeddable":true,"href":"https:\/\/domainedepamadera.nl\/duits\/wp-json\/wp\/v2\/comments?post=38"}],"version-history":[{"count":36,"href":"https:\/\/domainedepamadera.nl\/duits\/wp-json\/wp\/v2\/pages\/38\/revisions"}],"predecessor-version":[{"id":1671,"href":"https:\/\/domainedepamadera.nl\/duits\/wp-json\/wp\/v2\/pages\/38\/revisions\/1671"}],"wp:attachment":[{"href":"https:\/\/domainedepamadera.nl\/duits\/wp-json\/wp\/v2\/media?parent=38"}],"curies":[{"name":"wp","href":"https:\/\/api.w.org\/{rel}","templated":true}]}}