{"id":380,"date":"2020-12-23T11:56:17","date_gmt":"2020-12-23T11:56:17","guid":{"rendered":"http:\/\/domainedepamadera.nl\/?page_id=380"},"modified":"2022-01-06T16:34:11","modified_gmt":"2022-01-06T16:34:11","slug":"evenementen","status":"publish","type":"page","link":"https:\/\/domainedepamadera.nl\/duits\/evenementen\/","title":{"rendered":"Veranstaltungen"},"content":{"rendered":"<p><br \/>\n<span style=\"font-family: 'Rock Salt';\"><strong><span lang=\"de\">Folgen Sie Ihrem Lieblingsereignis\u2026.<\/span><\/strong><\/span><\/p>\n<p>Mitten in einer burgundisch-franz\u00f6sischen Atmosph\u00e4re in der weiten Landschaft unter unserer attraktiven Veranda!<\/p>\n<p>Es ist gro\u00dfartig zu erleben, dass Sie w\u00e4hrend Ihres Aufenthalts in der Domaine de Pamadera eingeladen sind, Ihre Lieblingsveranstaltung zu genie\u00dfen, w\u00e4hrend Sie einen Snack oder ein Getr\u00e4nk genie\u00dfen!<\/p>\n<p><img decoding=\"async\" loading=\"lazy\" class=\"alignnone size-medium wp-image-1683\" src=\"https:\/\/domainedepamadera.nl\/wp-content\/uploads\/2022\/01\/4F250E8C-DD4D-4408-8F3F-D36B64C9DC6C-300x225.jpeg\" alt=\"\" width=\"300\" height=\"225\" srcset=\"https:\/\/domainedepamadera.nl\/wp-content\/uploads\/2022\/01\/4F250E8C-DD4D-4408-8F3F-D36B64C9DC6C-300x225.jpeg 300w, https:\/\/domainedepamadera.nl\/wp-content\/uploads\/2022\/01\/4F250E8C-DD4D-4408-8F3F-D36B64C9DC6C-1024x768.jpeg 1024w, https:\/\/domainedepamadera.nl\/wp-content\/uploads\/2022\/01\/4F250E8C-DD4D-4408-8F3F-D36B64C9DC6C-768x576.jpeg 768w, https:\/\/domainedepamadera.nl\/wp-content\/uploads\/2022\/01\/4F250E8C-DD4D-4408-8F3F-D36B64C9DC6C-1536x1152.jpeg 1536w, https:\/\/domainedepamadera.nl\/wp-content\/uploads\/2022\/01\/4F250E8C-DD4D-4408-8F3F-D36B64C9DC6C-2048x1536.jpeg 2048w\" sizes=\"(max-width: 300px) 100vw, 300px\" \/>\u00a0 <img decoding=\"async\" loading=\"lazy\" class=\"alignnone size-medium wp-image-1684\" src=\"https:\/\/domainedepamadera.nl\/wp-content\/uploads\/2022\/01\/39729D7B-C0C0-4240-9D42-BA52AA446CB2-226x300.jpeg\" alt=\"\" width=\"226\" height=\"300\" srcset=\"https:\/\/domainedepamadera.nl\/wp-content\/uploads\/2022\/01\/39729D7B-C0C0-4240-9D42-BA52AA446CB2-226x300.jpeg 226w, https:\/\/domainedepamadera.nl\/wp-content\/uploads\/2022\/01\/39729D7B-C0C0-4240-9D42-BA52AA446CB2-772x1024.jpeg 772w, https:\/\/domainedepamadera.nl\/wp-content\/uploads\/2022\/01\/39729D7B-C0C0-4240-9D42-BA52AA446CB2-768x1019.jpeg 768w, https:\/\/domainedepamadera.nl\/wp-content\/uploads\/2022\/01\/39729D7B-C0C0-4240-9D42-BA52AA446CB2.jpeg 1125w\" sizes=\"(max-width: 226px) 100vw, 226px\" \/><\/p>\n<p>Die Olympischen Spiele, die Weltmeisterschaft oder die Tour de France werden jeden Tag auf einer Mega-Leinwand unter der Veranda projiziert! Sie befinden sich im Urlaubsmodus mit Blick auf unseren wundersch\u00f6nen Garten, der unter der franz\u00f6sischen Sonne scheint, w\u00e4hrend Ihr Favorit eine ultimative Leistung erbringt.<\/p>\n<p>Der Beginn Ihres Sportereignisses beginnt, die Zeit vergeht langsam, die Spannung ist unertr\u00e4glich, Sie bewegen sich an die Kante Ihres Sitzes. Die Erfahrung ist wie inmitten Ihrer Favoriten. Sie werden den ultimativen Versuch erleben, wie nie zuvor der Gewinner auf dem Podium zu sein, und Sie werden all dies bei uns w\u00e4hrend Ihres unvergesslichen Urlaubs oder Aufenthalts erleben.<\/p>\n<p>In der Domaine de Pamdera m\u00fcssen Sie nichts verpassen und den Sport und die Spitzenleistungen erleben, w\u00e4hrend Sie einen Snack und ein Getr\u00e4nk genie\u00dfen.<\/p>\n<p>Ein sportlicher Gru\u00df<\/p>\n<p><strong><img decoding=\"async\" loading=\"lazy\" class=\"alignnone wp-image-525\" src=\"http:\/\/domainedepamadera.nl\/wp-content\/uploads\/2021\/02\/10-300x225.jpg\" alt=\"\" width=\"252\" height=\"189\" \/> <img decoding=\"async\" loading=\"lazy\" class=\"alignnone wp-image-526\" src=\"http:\/\/domainedepamadera.nl\/wp-content\/uploads\/2021\/02\/11-300x225.jpg\" alt=\"\" width=\"251\" height=\"188\" \/> <img decoding=\"async\" loading=\"lazy\" class=\"alignnone wp-image-527\" src=\"http:\/\/domainedepamadera.nl\/wp-content\/uploads\/2021\/02\/54-300x224.jpg\" alt=\"\" width=\"250\" height=\"187\" srcset=\"https:\/\/domainedepamadera.nl\/wp-content\/uploads\/2021\/02\/54-300x224.jpg 300w, https:\/\/domainedepamadera.nl\/wp-content\/uploads\/2021\/02\/54.jpg 640w\" sizes=\"(max-width: 250px) 100vw, 250px\" \/>\u00a0 \u00a0 \u00a0<\/strong><\/p>\n","protected":false},"excerpt":{"rendered":"<p>Folgen Sie Ihrem Lieblingsereignis\u2026. Mitten in einer burgundisch-franz\u00f6sischen Atmosph\u00e4re in der weiten Landschaft unter unserer attraktiven Veranda! Es ist gro\u00dfartig zu erleben, dass Sie w\u00e4hrend Ihres Aufenthalts in der Domaine de Pamadera eingeladen sind, Ihre Lieblingsveranstaltung zu genie\u00dfen, w\u00e4hrend Sie einen Snack oder ein Getr\u00e4nk genie\u00dfen! \u00a0 Die Olympischen Spiele, die Weltmeisterschaft oder die Tour [&hellip;]<\/p>\n","protected":false},"author":1,"featured_media":0,"parent":0,"menu_order":0,"comment_status":"closed","ping_status":"closed","template":"","meta":{"footnotes":""},"_links":{"self":[{"href":"https:\/\/domainedepamadera.nl\/duits\/wp-json\/wp\/v2\/pages\/380"}],"collection":[{"href":"https:\/\/domainedepamadera.nl\/duits\/wp-json\/wp\/v2\/pages"}],"about":[{"href":"https:\/\/domainedepamadera.nl\/duits\/wp-json\/wp\/v2\/types\/page"}],"author":[{"embeddable":true,"href":"https:\/\/domainedepamadera.nl\/duits\/wp-json\/wp\/v2\/users\/1"}],"replies":[{"embeddable":true,"href":"https:\/\/domainedepamadera.nl\/duits\/wp-json\/wp\/v2\/comments?post=380"}],"version-history":[{"count":19,"href":"https:\/\/domainedepamadera.nl\/duits\/wp-json\/wp\/v2\/pages\/380\/revisions"}],"predecessor-version":[{"id":1689,"href":"https:\/\/domainedepamadera.nl\/duits\/wp-json\/wp\/v2\/pages\/380\/revisions\/1689"}],"wp:attachment":[{"href":"https:\/\/domainedepamadera.nl\/duits\/wp-json\/wp\/v2\/media?parent=380"}],"curies":[{"name":"wp","href":"https:\/\/api.w.org\/{rel}","templated":true}]}}