{"id":390,"date":"2020-12-23T13:48:10","date_gmt":"2020-12-23T13:48:10","guid":{"rendered":"http:\/\/domainedepamadera.nl\/?page_id=390"},"modified":"2023-12-22T10:19:57","modified_gmt":"2023-12-22T10:19:57","slug":"eten-drinken","status":"publish","type":"page","link":"https:\/\/domainedepamadera.nl\/duits\/eten-drinken\/","title":{"rendered":"Essen trinken"},"content":{"rendered":"<p><br \/>\n<span style=\"font-family: 'Rock Salt';\"><strong><span lang=\"de\">Essen und Trinken;<\/span><\/strong><\/span><\/p>\n<p>Alles wird Ihnen unter unserer fantastischen stimmungsvollen Veranda mit Blick auf unseren sch\u00f6nen Garten serviert<\/p>\n<p><img decoding=\"async\" loading=\"lazy\" class=\"alignnone wp-image-480\" src=\"http:\/\/domainedepamadera.nl\/wp-content\/uploads\/2021\/01\/9.3-300x200.jpg\" alt=\"\" width=\"216\" height=\"144\" \/><\/p>\n<p><strong>8.00-10.00 u <\/strong><br \/>\n<span style=\"font-family: 'Rock Salt';\"><strong><span lang=\"de\">Reichhaltiges franz\u00f6sisches Fr\u00fchst\u00fcck<\/span><\/strong><\/span><\/p>\n<p><img decoding=\"async\" loading=\"lazy\" class=\"alignnone wp-image-489\" src=\"http:\/\/domainedepamadera.nl\/wp-content\/uploads\/2021\/01\/3.3-300x160.jpg\" alt=\"\" width=\"233\" height=\"124\" srcset=\"https:\/\/domainedepamadera.nl\/wp-content\/uploads\/2021\/01\/3.3-300x160.jpg 300w, https:\/\/domainedepamadera.nl\/wp-content\/uploads\/2021\/01\/3.3-1024x546.jpg 1024w, https:\/\/domainedepamadera.nl\/wp-content\/uploads\/2021\/01\/3.3-768x409.jpg 768w, https:\/\/domainedepamadera.nl\/wp-content\/uploads\/2021\/01\/3.3-720x380.jpg 720w, https:\/\/domainedepamadera.nl\/wp-content\/uploads\/2021\/01\/3.3.jpg 1163w\" sizes=\"(max-width: 233px) 100vw, 233px\" \/><\/p>\n<p><strong>12.00-14.00 <span lang=\"de\">Mittagsmen\u00fc <\/span><\/strong><\/p>\n<p><strong><span lang=\"de\">4 leckere Baguettes mit verschiedenen F\u00fcllungen und das Sandwich der Woche! Schauen Sie sich die Stelle an, mit der wir Sie jeden Tag \u00fcberraschen k\u00f6nnen!<\/span><\/strong><\/p>\n<p><img decoding=\"async\" loading=\"lazy\" class=\"alignnone wp-image-481\" src=\"http:\/\/domainedepamadera.nl\/wp-content\/uploads\/2021\/01\/9.4-300x300.jpg\" alt=\"\" width=\"187\" height=\"187\" \/><\/p>\n<p><strong>16.00-17.30\u00a0<span lang=\"de\">Getr\u00e4nkekarte<\/span><\/strong><\/p>\n<p><img decoding=\"async\" loading=\"lazy\" class=\"alignnone wp-image-483\" src=\"http:\/\/domainedepamadera.nl\/wp-content\/uploads\/2021\/01\/9.6-300x225.jpg\" alt=\"\" width=\"188\" height=\"141\" \/><\/p>\n<p><strong>19.30 u <span lang=\"de\">Genie\u00dfen Sie ein burgundisches Abendessen<\/span><\/strong><\/p>\n<p><strong>\u00a0 <\/strong><br \/>\n<span style=\"font-family: 'Rock Salt';\"><strong><span lang=\"de\">Essen und Trinken in der Domaine de Pamadera<\/span><\/strong><\/span><\/p>\n<p>Unsere Veranda ist das Zentrum unserer Dom\u00e4ne, in der Menschen zusammenkommen, um Kontakte zu kn\u00fcpfen, sich zu unterhalten oder einen Snack und ein Getr\u00e4nk zu sich zu nehmen. Nat\u00fcrlich haben wir Ihnen etwas zu bieten!<\/p>\n<p>Sobald die ersten Sonnenstrahlen die Veranda ins Licht r\u00fccken, beginnen wir mit einem reichhaltigen Fr\u00fchst\u00fcck mit vielen lokalen Produkten. Sie k\u00f6nnten sich keinen besseren Start in den Tag w\u00fcnschen, an alles wurde gedacht. Wenn Sie w\u00e4hrend des Fr\u00fchst\u00fccks etwas verpassen, teilen Sie uns dies bitte mit. M\u00f6glicherweise k\u00f6nnen wir dies in Zukunft hinzuf\u00fcgen. Allerdings hat noch niemand den Tag mit uns hungrig begonnen!<\/p>\n<p>Der Morgen verl\u00e4uft reibungslos, aktiv oder so, wie Sie es m\u00f6chten. Die Sonne scheint hoch in den klaren blauen Himmel! Dein Magen beginnt zu knurren und du machst dich auf den Weg zur atmosph\u00e4rischen Veranda. Dort finden Sie die Men\u00fckarte mit leckeren Sandwiches, manchmal gibt es sogar eine \u00dcberraschung! Seien Sie \u00fcberrascht und genie\u00dfen Sie Ihr Essen!<\/p>\n<p>In der warmen Nachmittagssonne suchen die Kinder nach einem k\u00f6stlichen k\u00fchlenden Snack. Achten Sie darauf in unserer Eisk\u00fchlung und lassen Sie Ihre K\u00f6rpertemperatur mit einem k\u00f6stlichen Leck Ihres Eises ein wenig sinken.<\/p>\n<p>Der Nachmittag ist wunderbar auf unserer Dom\u00e4ne, was f\u00fcr ein Urlaubsgef\u00fchl bekommen Sie davon! Das Abendessen beginnt heute Abend gegen 19.30 Uhr. Sie k\u00f6nnen noch einige Leckereien daf\u00fcr verwenden! W\u00e4hrend die Kinder ein Bad im Pool nehmen, k\u00f6nnen Sie ein Getr\u00e4nk unter der Veranda, einen k\u00f6stlichen Wein, ein Getr\u00e4nk oder eine der vielen Biersorten zusammen mit einem k\u00f6stlichen Snackbrett genie\u00dfen, nur weil Sie k\u00f6nnen!<\/p>\n<p>Nach einer wunderbaren Dusche bereiten Sie sich auf das Abendessen vor, gem\u00fctlich zusammen unter der Veranda mit den Lichtern, die Sie vom sch\u00f6nen franz\u00f6sischen Leben tr\u00e4umen lassen. Jeden Tag versuchen wir ein k\u00f6stliches Essen zu servieren und wir haben auch an das kleinste unter uns gedacht. Herrlich zufrieden mit diesem Essen, geht Ihr Abend in guter Gesellschaft weiter und Ihre Tr\u00e4ume rufen nach einer wohlverdienten Nachtruhe, bis der Morgen wieder kommt!<\/p>\n<p><img decoding=\"async\" loading=\"lazy\" class=\"alignnone size-medium wp-image-521\" src=\"http:\/\/domainedepamadera.nl\/wp-content\/uploads\/2021\/02\/44-225x300.jpg\" alt=\"\" width=\"225\" height=\"300\" srcset=\"https:\/\/domainedepamadera.nl\/wp-content\/uploads\/2021\/02\/44-225x300.jpg 225w, https:\/\/domainedepamadera.nl\/wp-content\/uploads\/2021\/02\/44-rotated.jpg 480w\" sizes=\"(max-width: 225px) 100vw, 225px\" \/> <img decoding=\"async\" loading=\"lazy\" class=\"alignnone size-medium wp-image-522\" src=\"http:\/\/domainedepamadera.nl\/wp-content\/uploads\/2021\/02\/68-225x300.jpg\" alt=\"\" width=\"225\" height=\"300\" srcset=\"https:\/\/domainedepamadera.nl\/wp-content\/uploads\/2021\/02\/68-225x300.jpg 225w, https:\/\/domainedepamadera.nl\/wp-content\/uploads\/2021\/02\/68-rotated.jpg 480w\" sizes=\"(max-width: 225px) 100vw, 225px\" \/> <img decoding=\"async\" loading=\"lazy\" class=\"alignnone size-medium wp-image-523\" src=\"http:\/\/domainedepamadera.nl\/wp-content\/uploads\/2021\/02\/c7-225x300.jpg\" alt=\"\" width=\"225\" height=\"300\" srcset=\"https:\/\/domainedepamadera.nl\/wp-content\/uploads\/2021\/02\/c7-225x300.jpg 225w, https:\/\/domainedepamadera.nl\/wp-content\/uploads\/2021\/02\/c7.jpg 480w\" sizes=\"(max-width: 225px) 100vw, 225px\" \/><\/p>\n<p>&nbsp;<\/p>\n","protected":false},"excerpt":{"rendered":"<p>Essen und Trinken; Alles wird Ihnen unter unserer fantastischen stimmungsvollen Veranda mit Blick auf unseren sch\u00f6nen Garten serviert 8.00-10.00 u Reichhaltiges franz\u00f6sisches Fr\u00fchst\u00fcck 12.00-14.00 Mittagsmen\u00fc 4 leckere Baguettes mit verschiedenen F\u00fcllungen und das Sandwich der Woche! Schauen Sie sich die Stelle an, mit der wir Sie jeden Tag \u00fcberraschen k\u00f6nnen! 16.00-17.30\u00a0Getr\u00e4nkekarte 19.30 u Genie\u00dfen Sie [&hellip;]<\/p>\n","protected":false},"author":1,"featured_media":0,"parent":0,"menu_order":0,"comment_status":"closed","ping_status":"closed","template":"","meta":{"footnotes":""},"_links":{"self":[{"href":"https:\/\/domainedepamadera.nl\/duits\/wp-json\/wp\/v2\/pages\/390"}],"collection":[{"href":"https:\/\/domainedepamadera.nl\/duits\/wp-json\/wp\/v2\/pages"}],"about":[{"href":"https:\/\/domainedepamadera.nl\/duits\/wp-json\/wp\/v2\/types\/page"}],"author":[{"embeddable":true,"href":"https:\/\/domainedepamadera.nl\/duits\/wp-json\/wp\/v2\/users\/1"}],"replies":[{"embeddable":true,"href":"https:\/\/domainedepamadera.nl\/duits\/wp-json\/wp\/v2\/comments?post=390"}],"version-history":[{"count":40,"href":"https:\/\/domainedepamadera.nl\/duits\/wp-json\/wp\/v2\/pages\/390\/revisions"}],"predecessor-version":[{"id":2239,"href":"https:\/\/domainedepamadera.nl\/duits\/wp-json\/wp\/v2\/pages\/390\/revisions\/2239"}],"wp:attachment":[{"href":"https:\/\/domainedepamadera.nl\/duits\/wp-json\/wp\/v2\/media?parent=390"}],"curies":[{"name":"wp","href":"https:\/\/api.w.org\/{rel}","templated":true}]}}