{"id":6,"date":"2020-11-12T12:12:06","date_gmt":"2020-11-12T12:12:06","guid":{"rendered":"http:\/\/domainedepamadera.nl\/home-pagina\/"},"modified":"2025-12-30T09:59:20","modified_gmt":"2025-12-30T09:59:20","slug":"home-pagina","status":"publish","type":"page","link":"https:\/\/domainedepamadera.nl\/duits\/","title":{"rendered":"Home pagina"},"content":{"rendered":"<div id=\"pl-6\"  class=\"panel-layout\" ><div id=\"pg-6-0\"  class=\"panel-grid panel-no-style\" ><div id=\"pgc-6-0-0\"  class=\"panel-grid-cell\" ><div id=\"panel-6-0-0-0\" class=\"so-panel widget widget_circleicon-widget panel-first-child panel-last-child\" data-index=\"0\" >\t\t<div class=\"circle-icon-box circle-icon-position-top circle-icon-hide-box circle-icon-size-small \">\n\t\t\t\t\t\t\t<div class=\"circle-icon-wrapper\">\n\t\t\t\t\t\t\t\t\t\t<a href=\"http:\/\/domainedepamadera.nl\/chambre-d-hotes\/\" class=\"link-icon\" >\t\t\t\t\t<div class=\"circle-icon icon-style-set\" style=\"background-color: #5c5c38\">\n\t\t\t\t\t\t\t\t\t\t\t\t\t<div class=\"fa fa-forward\" ><\/div>\n\t\t\t\t\t\t\t\t\t\t\t<\/div> \n\t\t\t\t\t<\/a>\t\t\t\t<\/div>\n\t\t\t\n\t\t\t\t\t\t\t<a href=\"http:\/\/domainedepamadera.nl\/chambre-d-hotes\/\" class=\"link-title\" >\n\t\t\t\t\t\t\t\t\t\t\t\t\t<\/a>\n\t\t\t\n\t\t\t\t\t\t\t\t\t\t<a href=\"http:\/\/domainedepamadera.nl\/chambre-d-hotes\/\" class=\"more-button\" >  <i><\/i><\/a>\n\t\t\t\t\t<\/div>\n\t\t<\/div><\/div><div id=\"pgc-6-0-1\"  class=\"panel-grid-cell\" ><div id=\"panel-6-0-1-0\" class=\"so-panel widget widget_text panel-first-child panel-last-child\" data-index=\"1\" ><div class=\"panel-widget-style panel-widget-style-for-6-0-1-0\" ><h3 class=\"widget-title\">Chambres d&#8217;H\u00f4tes<\/h3>\t\t\t<div class=\"textwidget\"><\/div>\n\t\t<\/div><\/div><\/div><div id=\"pgc-6-0-2\"  class=\"panel-grid-cell\" ><div id=\"panel-6-0-2-0\" class=\"so-panel widget widget_circleicon-widget panel-first-child panel-last-child\" data-index=\"2\" >\t\t<div class=\"circle-icon-box circle-icon-position-top circle-icon-hide-box circle-icon-size-small \">\n\t\t\t\t\t\t\t<div class=\"circle-icon-wrapper\">\n\t\t\t\t\t\t\t\t\t\t<a href=\"http:\/\/domainedepamadera.nl\/gites\/\" class=\"link-icon\" >\t\t\t\t\t<div class=\"circle-icon icon-style-set\" style=\"background-color: #5c5c38\">\n\t\t\t\t\t\t\t\t\t\t\t\t\t<div class=\"fa fa-forward\" ><\/div>\n\t\t\t\t\t\t\t\t\t\t\t<\/div> \n\t\t\t\t\t<\/a>\t\t\t\t<\/div>\n\t\t\t\n\t\t\t\t\t\t\t<a href=\"http:\/\/domainedepamadera.nl\/gites\/\" class=\"link-title\" >\n\t\t\t\t\t\t\t\t\t\t\t\t\t<\/a>\n\t\t\t\n\t\t\t\t\t\t\t\t\t\t<a href=\"http:\/\/domainedepamadera.nl\/gites\/\" class=\"more-button\" >  <i><\/i><\/a>\n\t\t\t\t\t<\/div>\n\t\t<\/div><\/div><div id=\"pgc-6-0-3\"  class=\"panel-grid-cell panel-grid-cell-mobile-last\" ><div id=\"panel-6-0-3-0\" class=\"so-panel widget widget_text panel-first-child panel-last-child\" data-index=\"3\" ><h3 class=\"widget-title\">G\u00eetes en appartementen<\/h3>\t\t\t<div class=\"textwidget\"><\/div>\n\t\t<\/div><\/div><div id=\"pgc-6-0-4\"  class=\"panel-grid-cell panel-grid-cell-empty\" ><\/div><\/div><div id=\"pg-6-1\"  class=\"panel-grid panel-no-style\" ><div id=\"pgc-6-1-0\"  class=\"panel-grid-cell\" ><div id=\"panel-6-1-0-0\" class=\"so-panel widget widget_circleicon-widget panel-first-child panel-last-child\" data-index=\"4\" >\t\t<div class=\"circle-icon-box circle-icon-position-top circle-icon-hide-box circle-icon-size-small \">\n\t\t\t\t\t\t\t<div class=\"circle-icon-wrapper\">\n\t\t\t\t\t\t\t\t\t\t<a href=\"http:\/\/domainedepamadera.nl\/workshops\/\" class=\"link-icon\" >\t\t\t\t\t<div class=\"circle-icon icon-style-set\" style=\"background-color: #5c5c38\">\n\t\t\t\t\t\t\t\t\t\t\t\t\t<div class=\"fa fa-forward\" ><\/div>\n\t\t\t\t\t\t\t\t\t\t\t<\/div> \n\t\t\t\t\t<\/a>\t\t\t\t<\/div>\n\t\t\t\n\t\t\t\t\t\t\t<a href=\"http:\/\/domainedepamadera.nl\/workshops\/\" class=\"link-title\" >\n\t\t\t\t\t\t\t\t\t\t\t\t\t<\/a>\n\t\t\t\n\t\t\t\t\t\t\t\t\t\t<a href=\"http:\/\/domainedepamadera.nl\/workshops\/\" class=\"more-button\" >  <i><\/i><\/a>\n\t\t\t\t\t<\/div>\n\t\t<\/div><\/div><div id=\"pgc-6-1-1\"  class=\"panel-grid-cell\" ><div id=\"panel-6-1-1-0\" class=\"so-panel widget widget_text panel-first-child panel-last-child\" data-index=\"5\" ><h3 class=\"widget-title\">Faciliteiten<\/h3>\t\t\t<div class=\"textwidget\"><\/div>\n\t\t<\/div><\/div><div id=\"pgc-6-1-2\"  class=\"panel-grid-cell\" ><div id=\"panel-6-1-2-0\" class=\"so-panel widget widget_circleicon-widget panel-first-child panel-last-child\" data-index=\"6\" >\t\t<div class=\"circle-icon-box circle-icon-position-top circle-icon-hide-box circle-icon-size-small \">\n\t\t\t\t\t\t\t<div class=\"circle-icon-wrapper\">\n\t\t\t\t\t\t\t\t\t\t<a href=\"http:\/\/domainedepamadera.nl\/eten-drinken\/\" class=\"link-icon\" >\t\t\t\t\t<div class=\"circle-icon icon-style-set\" style=\"background-color: #5c5c38\">\n\t\t\t\t\t\t\t\t\t\t\t\t\t<div class=\"fa fa-forward\" ><\/div>\n\t\t\t\t\t\t\t\t\t\t\t<\/div> \n\t\t\t\t\t<\/a>\t\t\t\t<\/div>\n\t\t\t\n\t\t\t\t\t\t\t<a href=\"http:\/\/domainedepamadera.nl\/eten-drinken\/\" class=\"link-title\" >\n\t\t\t\t\t\t\t\t\t\t\t\t\t<\/a>\n\t\t\t\n\t\t\t\t\t\t\t\t\t\t<a href=\"http:\/\/domainedepamadera.nl\/eten-drinken\/\" class=\"more-button\" >  <i><\/i><\/a>\n\t\t\t\t\t<\/div>\n\t\t<\/div><\/div><div id=\"pgc-6-1-3\"  class=\"panel-grid-cell panel-grid-cell-mobile-last\" ><div id=\"panel-6-1-3-0\" class=\"so-panel widget widget_text panel-first-child panel-last-child\" data-index=\"7\" ><h3 class=\"widget-title\">Eten &#038; Drinken<\/h3>\t\t\t<div class=\"textwidget\"><\/div>\n\t\t<\/div><\/div><div id=\"pgc-6-1-4\"  class=\"panel-grid-cell panel-grid-cell-empty\" ><\/div><\/div><div id=\"pg-6-2\"  class=\"panel-grid panel-no-style\" ><div id=\"pgc-6-2-0\"  class=\"panel-grid-cell\" ><div id=\"panel-6-2-0-0\" class=\"so-panel widget widget_circleicon-widget panel-first-child panel-last-child\" data-index=\"8\" >\t\t<div class=\"circle-icon-box circle-icon-position-top circle-icon-hide-box circle-icon-size-small \">\n\t\t\t\t\t\t\t<div class=\"circle-icon-wrapper\">\n\t\t\t\t\t\t\t\t\t\t<a href=\"http:\/\/domainedepamadera.nl\/zwembad\/\" class=\"link-icon\" >\t\t\t\t\t<div class=\"circle-icon icon-style-set\" style=\"background-color: #5c5c38\">\n\t\t\t\t\t\t\t\t\t\t\t\t\t<div class=\"fa fa-forward\" ><\/div>\n\t\t\t\t\t\t\t\t\t\t\t<\/div> \n\t\t\t\t\t<\/a>\t\t\t\t<\/div>\n\t\t\t\n\t\t\t\t\t\t\t<a href=\"http:\/\/domainedepamadera.nl\/zwembad\/\" class=\"link-title\" >\n\t\t\t\t\t\t\t\t\t\t\t\t\t<\/a>\n\t\t\t\n\t\t\t\t\t\t\t\t\t\t<a href=\"http:\/\/domainedepamadera.nl\/zwembad\/\" class=\"more-button\" >  <i><\/i><\/a>\n\t\t\t\t\t<\/div>\n\t\t<\/div><\/div><div id=\"pgc-6-2-1\"  class=\"panel-grid-cell\" ><div id=\"panel-6-2-1-0\" class=\"so-panel widget widget_text panel-first-child panel-last-child\" data-index=\"9\" ><h3 class=\"widget-title\">Zwembad<\/h3>\t\t\t<div class=\"textwidget\"><\/div>\n\t\t<\/div><\/div><div id=\"pgc-6-2-2\"  class=\"panel-grid-cell\" ><div id=\"panel-6-2-2-0\" class=\"so-panel widget widget_circleicon-widget panel-first-child panel-last-child\" data-index=\"10\" >\t\t<div class=\"circle-icon-box circle-icon-position-top circle-icon-hide-box circle-icon-size-small \">\n\t\t\t\t\t\t\t<div class=\"circle-icon-wrapper\">\n\t\t\t\t\t\t\t\t\t\t<div class=\"circle-icon icon-style-set\" style=\"background-color: #5c5c38\">\n\t\t\t\t\t\t\t\t\t\t\t\t\t<div class=\"fa fa-forward\" ><\/div>\n\t\t\t\t\t\t\t\t\t\t\t<\/div> \n\t\t\t\t\t\t\t\t\t<\/div>\n\t\t\t\n\t\t\t\t\t\t\t\t\t\n\t\t\t\t\t\t\t\t\t\t<a href=\"http:\/\/domainedepamadera.nl\/veranda\/\" class=\"more-button\" >  <i><\/i><\/a>\n\t\t\t\t\t<\/div>\n\t\t<\/div><\/div><div id=\"pgc-6-2-3\"  class=\"panel-grid-cell panel-grid-cell-mobile-last\" ><div id=\"panel-6-2-3-0\" class=\"so-panel widget widget_text panel-first-child panel-last-child\" data-index=\"11\" ><h3 class=\"widget-title\">Veranda<\/h3>\t\t\t<div class=\"textwidget\"><\/div>\n\t\t<\/div><\/div><div id=\"pgc-6-2-4\"  class=\"panel-grid-cell panel-grid-cell-empty\" ><\/div><\/div><div id=\"pg-6-3\"  class=\"panel-grid panel-no-style\" ><div id=\"pgc-6-3-0\"  class=\"panel-grid-cell\" ><div id=\"panel-6-3-0-0\" class=\"so-panel widget widget_circleicon-widget panel-first-child panel-last-child\" data-index=\"12\" >\t\t<div class=\"circle-icon-box circle-icon-position-top circle-icon-hide-box circle-icon-size-small \">\n\t\t\t\t\t\t\t<div class=\"circle-icon-wrapper\">\n\t\t\t\t\t\t\t\t\t\t<a href=\"http:\/\/domainedepamadera.nl\/beschikbaarheid\/\" class=\"link-icon\" >\t\t\t\t\t<div class=\"circle-icon icon-style-set\" style=\"background-color: #5c5c38\">\n\t\t\t\t\t\t\t\t\t\t\t\t\t<div class=\"fa fa-forward\" ><\/div>\n\t\t\t\t\t\t\t\t\t\t\t<\/div> \n\t\t\t\t\t<\/a>\t\t\t\t<\/div>\n\t\t\t\n\t\t\t\t\t\t\t<a href=\"http:\/\/domainedepamadera.nl\/beschikbaarheid\/\" class=\"link-title\" >\n\t\t\t\t\t\t\t\t\t\t\t\t\t<\/a>\n\t\t\t\n\t\t\t\t\t\t\t\t\t\t<a href=\"http:\/\/domainedepamadera.nl\/beschikbaarheid\/\" class=\"more-button\" >  <i><\/i><\/a>\n\t\t\t\t\t<\/div>\n\t\t<\/div><\/div><div id=\"pgc-6-3-1\"  class=\"panel-grid-cell\" ><div id=\"panel-6-3-1-0\" class=\"so-panel widget widget_text panel-first-child panel-last-child\" data-index=\"13\" ><h3 class=\"widget-title\">Beschikbaarheid<\/h3>\t\t\t<div class=\"textwidget\"><\/div>\n\t\t<\/div><\/div><div id=\"pgc-6-3-2\"  class=\"panel-grid-cell\" ><div id=\"panel-6-3-2-0\" class=\"so-panel widget widget_circleicon-widget panel-first-child panel-last-child\" data-index=\"14\" >\t\t<div class=\"circle-icon-box circle-icon-position-top circle-icon-hide-box circle-icon-size-small \">\n\t\t\t\t\t\t\t<div class=\"circle-icon-wrapper\">\n\t\t\t\t\t\t\t\t\t\t<a href=\"http:\/\/domainedepamadera.nl\/omgeving\/\" class=\"link-icon\" >\t\t\t\t\t<div class=\"circle-icon icon-style-set\" style=\"background-color: #5c5c38\">\n\t\t\t\t\t\t\t\t\t\t\t\t\t<div class=\"fa fa-forward\" ><\/div>\n\t\t\t\t\t\t\t\t\t\t\t<\/div> \n\t\t\t\t\t<\/a>\t\t\t\t<\/div>\n\t\t\t\n\t\t\t\t\t\t\t<a href=\"http:\/\/domainedepamadera.nl\/omgeving\/\" class=\"link-title\" >\n\t\t\t\t\t\t\t\t\t\t\t\t\t<\/a>\n\t\t\t\n\t\t\t\t\t\t\t\t\t\t<a href=\"http:\/\/domainedepamadera.nl\/omgeving\/\" class=\"more-button\" >  <i><\/i><\/a>\n\t\t\t\t\t<\/div>\n\t\t<\/div><\/div><div id=\"pgc-6-3-3\"  class=\"panel-grid-cell panel-grid-cell-mobile-last\" ><div id=\"panel-6-3-3-0\" class=\"so-panel widget widget_text panel-first-child panel-last-child\" data-index=\"15\" ><h3 class=\"widget-title\">Omgeving<\/h3>\t\t\t<div class=\"textwidget\"><\/div>\n\t\t<\/div><\/div><div id=\"pgc-6-3-4\"  class=\"panel-grid-cell panel-grid-cell-empty\" ><\/div><\/div><div id=\"pg-6-4\"  class=\"panel-grid panel-no-style\" ><div id=\"pgc-6-4-0\"  class=\"panel-grid-cell\" ><div id=\"panel-6-4-0-0\" class=\"so-panel widget widget_text panel-first-child panel-last-child\" data-index=\"16\" ><h3 class=\"widget-title\">Nieuws<\/h3>\t\t\t<div class=\"textwidget\"><p><span class=\"Y2IQFc\" lang=\"de\">Willkommen auf unserer Website Domaine de Pamadera, voller Informationen und Eindr\u00fccke unserer Domaine, um Ihnen einen guten Eindruck von der Atmosph\u00e4re und den M\u00f6glichkeiten f\u00fcr einen unbeschwerten Urlaub zu geben. Denn ja, wir haben mittlerweile gemerkt, dass wir in einer anderen Zeit miteinander leben und dies auch noch eine Weile bleiben wird. Gl\u00fccklicherweise ist unsere Domaine nur 800 km von den Niederlanden entfernt und Sie k\u00f6nnen Ihren wohlverdienten Urlaub in unserem Resort mit allen M\u00f6glichkeiten, dem herrlichen Wetter, der Ruhe und dem Platz f\u00fcr alle in vollen Z\u00fcgen genie\u00dfen.<\/span><\/p>\n<p><img decoding=\"async\" loading=\"lazy\" class=\"alignnone size-medium wp-image-2350\" src=\"http:\/\/domainedepamadera.nl\/wp-content\/uploads\/2024\/12\/IMG_9866-228x300.jpeg\" alt=\"\" width=\"228\" height=\"300\" srcset=\"https:\/\/domainedepamadera.nl\/wp-content\/uploads\/2024\/12\/IMG_9866-228x300.jpeg 228w, https:\/\/domainedepamadera.nl\/wp-content\/uploads\/2024\/12\/IMG_9866-777x1024.jpeg 777w, https:\/\/domainedepamadera.nl\/wp-content\/uploads\/2024\/12\/IMG_9866-768x1012.jpeg 768w, https:\/\/domainedepamadera.nl\/wp-content\/uploads\/2024\/12\/IMG_9866.jpeg 1125w\" sizes=\"(max-width: 228px) 100vw, 228px\" \/> <img decoding=\"async\" loading=\"lazy\" class=\"alignnone size-medium wp-image-2349\" src=\"http:\/\/domainedepamadera.nl\/wp-content\/uploads\/2024\/12\/IMG_9862-227x300.jpeg\" alt=\"\" width=\"227\" height=\"300\" srcset=\"https:\/\/domainedepamadera.nl\/wp-content\/uploads\/2024\/12\/IMG_9862-227x300.jpeg 227w, https:\/\/domainedepamadera.nl\/wp-content\/uploads\/2024\/12\/IMG_9862-776x1024.jpeg 776w, https:\/\/domainedepamadera.nl\/wp-content\/uploads\/2024\/12\/IMG_9862-768x1014.jpeg 768w, https:\/\/domainedepamadera.nl\/wp-content\/uploads\/2024\/12\/IMG_9862.jpeg 1125w\" sizes=\"(max-width: 227px) 100vw, 227px\" \/> <img decoding=\"async\" loading=\"lazy\" class=\"alignnone size-medium wp-image-2342\" src=\"http:\/\/domainedepamadera.nl\/wp-content\/uploads\/2024\/12\/IMG_9846-227x300.jpeg\" alt=\"\" width=\"227\" height=\"300\" srcset=\"https:\/\/domainedepamadera.nl\/wp-content\/uploads\/2024\/12\/IMG_9846-227x300.jpeg 227w, https:\/\/domainedepamadera.nl\/wp-content\/uploads\/2024\/12\/IMG_9846-776x1024.jpeg 776w, https:\/\/domainedepamadera.nl\/wp-content\/uploads\/2024\/12\/IMG_9846-768x1014.jpeg 768w, https:\/\/domainedepamadera.nl\/wp-content\/uploads\/2024\/12\/IMG_9846.jpeg 1125w\" sizes=\"(max-width: 227px) 100vw, 227px\" \/> <img decoding=\"async\" loading=\"lazy\" class=\"alignnone size-medium wp-image-2344\" src=\"http:\/\/domainedepamadera.nl\/wp-content\/uploads\/2024\/12\/IMG_9850-227x300.jpeg\" alt=\"\" width=\"227\" height=\"300\" srcset=\"https:\/\/domainedepamadera.nl\/wp-content\/uploads\/2024\/12\/IMG_9850-227x300.jpeg 227w, https:\/\/domainedepamadera.nl\/wp-content\/uploads\/2024\/12\/IMG_9850-774x1024.jpeg 774w, https:\/\/domainedepamadera.nl\/wp-content\/uploads\/2024\/12\/IMG_9850-768x1016.jpeg 768w, https:\/\/domainedepamadera.nl\/wp-content\/uploads\/2024\/12\/IMG_9850.jpeg 1125w\" sizes=\"(max-width: 227px) 100vw, 227px\" \/><\/p>\n<p><span class=\"Y2IQFc\" lang=\"de\">Im Juni 2021 kamen wir mit 4 vollen LKWs und vielen Pl\u00e4nen in Frankreich an, um unsere Domaine zu einem einzigartigen Ort f\u00fcr alle zu machen, die einen gro\u00dfartigen Urlaub mit Ruhe, Natur, Entspannung und Geselligkeit in einer einzigartigen ungezwungenen Atmosph\u00e4re suchen. Dies haben wir unter anderem unter unseren sch\u00f6nen Veranden geschaffen, die das schlagende Herz unserer Domaine bilden und in denen jeder unser eigenes Zuhause betreten und verlassen kann, weil wir jeden Kunden als unseren pers\u00f6nlichen Gast betrachten. Wir spielen keine Rolle, wir machen nicht unseren Job, aber wir sind, wie wir sind, und wir handeln, wie wir sind, und die G\u00e4ste, die bereits auf unserer Domaine waren, haben erlebt, dass wir alles tun, um Ihnen etwas zu geben Einzigartig, das Ihren Urlaub unvergesslich macht. Die Saison 2026 beginnt offiziell am 1. April, aber wir haben auf Anfrage ganzj\u00e4hrig ge\u00f6ffnet. Im vergangenen Jahr haben wir viele Verbesserungen an unserer Domaine vorgenommen. Priorit\u00e4t hatte die \u00fcberf\u00e4llige Wartung in vielen kleinen Dingen, die wir alle angesprochen haben. Wir w\u00fcrden gerne noch so viele Schritte gehen, aber nicht immer geht alles in 1 mal. Aber das wird kommen, was in so kurzer Zeit geschrieben wird, reicht eigentlich aus und die letzte Sommerperiode hat deutlich gezeigt, dass wir etwas Einzigartiges tun, etwas Gutes tun! Wir haben nur sehr nette, sch\u00f6ne Reaktionen erhalten und die Menschen gingen mit einer gut gef\u00fcllten, funkelnden Batterie, positiver Energie, die sie w\u00e4hrend ihres Aufenthalts auf der Domaine de Pamadera gewonnen haben, nach Hause. Das st\u00e4rkt uns, um voller Elan ins neue Jahr zu gehen und bereit zu sein, Sie willkommen zu hei\u00dfen. Auf dieser Seite werden Sie so gut wie m\u00f6glich informiert, aber ist etwas unklar oder haben Sie spezielle W\u00fcnsche oder m\u00f6chten Sie einfach nur den pers\u00f6nlichen Kontakt? Rufen Sie uns an oder mailen Sie uns, um die M\u00f6glichkeiten zu besprechen. Wir haben in unserer 10-j\u00e4hrigen Vorbereitung an viele Dinge gedacht und nicht alles ist m\u00f6glich, aber wir sind \u00fcberzeugt, dass Sie einen einzigartigen Ort in der Dordogne in Frankreich erleben werden.<\/span><\/p>\n<p><img decoding=\"async\" loading=\"lazy\" class=\"alignnone size-medium wp-image-2347\" src=\"http:\/\/domainedepamadera.nl\/wp-content\/uploads\/2024\/12\/IMG_9859-226x300.jpeg\" alt=\"\" width=\"226\" height=\"300\" srcset=\"https:\/\/domainedepamadera.nl\/wp-content\/uploads\/2024\/12\/IMG_9859-226x300.jpeg 226w, https:\/\/domainedepamadera.nl\/wp-content\/uploads\/2024\/12\/IMG_9859-772x1024.jpeg 772w, https:\/\/domainedepamadera.nl\/wp-content\/uploads\/2024\/12\/IMG_9859-768x1019.jpeg 768w, https:\/\/domainedepamadera.nl\/wp-content\/uploads\/2024\/12\/IMG_9859.jpeg 1125w\" sizes=\"(max-width: 226px) 100vw, 226px\" \/> <img decoding=\"async\" loading=\"lazy\" class=\"alignnone size-medium wp-image-2345\" src=\"http:\/\/domainedepamadera.nl\/wp-content\/uploads\/2024\/12\/IMG_9848-229x300.jpeg\" alt=\"\" width=\"229\" height=\"300\" srcset=\"https:\/\/domainedepamadera.nl\/wp-content\/uploads\/2024\/12\/IMG_9848-229x300.jpeg 229w, https:\/\/domainedepamadera.nl\/wp-content\/uploads\/2024\/12\/IMG_9848-780x1024.jpeg 780w, https:\/\/domainedepamadera.nl\/wp-content\/uploads\/2024\/12\/IMG_9848-768x1008.jpeg 768w, https:\/\/domainedepamadera.nl\/wp-content\/uploads\/2024\/12\/IMG_9848.jpeg 1125w\" sizes=\"(max-width: 229px) 100vw, 229px\" \/> <img decoding=\"async\" loading=\"lazy\" class=\"alignnone size-medium wp-image-2343\" src=\"http:\/\/domainedepamadera.nl\/wp-content\/uploads\/2024\/12\/IMG_9852-300x221.jpeg\" alt=\"\" width=\"300\" height=\"221\" srcset=\"https:\/\/domainedepamadera.nl\/wp-content\/uploads\/2024\/12\/IMG_9852-300x221.jpeg 300w, https:\/\/domainedepamadera.nl\/wp-content\/uploads\/2024\/12\/IMG_9852-1024x755.jpeg 1024w, https:\/\/domainedepamadera.nl\/wp-content\/uploads\/2024\/12\/IMG_9852-768x566.jpeg 768w, https:\/\/domainedepamadera.nl\/wp-content\/uploads\/2024\/12\/IMG_9852.jpeg 1125w\" sizes=\"(max-width: 300px) 100vw, 300px\" \/><\/p>\n<p>Ob Sie mit Ihrer Familie oder in einem Zeitraum nur f\u00fcr Erwachsene kommen m\u00f6chten, die Domaine de Pamadera ist der richtige Ort f\u00fcr einen wundersch\u00f6nen Urlaub inmitten der franz\u00f6sischen Landschaft voller Ruhe, Weite und Geselligkeit. Wir haben das Jahr 2026 in 3 Perioden Vorsaison, Zwischensaison und Hochsaison unterteilt. Bei Interesse an einem Aufenthalt erhalten Sie immer vorab umfangreiche Informationen \u00fcber M\u00f6glichkeiten, Verf\u00fcgbarkeit, Ausstattung und Preise. Wir sind offen und transparent und das m\u00f6chten wir auch bleiben!<\/p>\n<p>Bis bald auf der Domaine de Pamadera,<\/p>\n<p><a href=\"http:\/\/domainedepamadera.nl\/duits\/nieuws\/\">Klicken Sie hier f\u00fcr die vollst\u00e4ndigen Nachrichten<\/a><\/p>\n<\/div>\n\t\t<\/div><\/div><div id=\"pgc-6-4-1\"  class=\"panel-grid-cell\" ><div id=\"panel-6-4-1-0\" class=\"so-panel widget widget_media_image panel-first-child panel-last-child\" data-index=\"17\" ><h3 class=\"widget-title\">Visitekaartje<\/h3><img width=\"1007\" height=\"644\" src=\"https:\/\/domainedepamadera.nl\/wp-content\/uploads\/2021\/02\/22.1.jpg\" class=\"image wp-image-502  attachment-full size-full\" alt=\"\" decoding=\"async\" style=\"max-width: 100%; height: auto;\" srcset=\"https:\/\/domainedepamadera.nl\/wp-content\/uploads\/2021\/02\/22.1.jpg 1007w, https:\/\/domainedepamadera.nl\/wp-content\/uploads\/2021\/02\/22.1-300x192.jpg 300w, https:\/\/domainedepamadera.nl\/wp-content\/uploads\/2021\/02\/22.1-768x491.jpg 768w\" sizes=\"(max-width: 1007px) 100vw, 1007px\" \/><\/div><\/div><\/div><div id=\"pg-6-5\"  class=\"panel-grid panel-no-style\" ><div id=\"pgc-6-5-0\"  class=\"panel-grid-cell panel-grid-cell-empty\" ><\/div><div id=\"pgc-6-5-1\"  class=\"panel-grid-cell\" ><div id=\"panel-6-5-1-0\" class=\"so-panel widget widget_media_video panel-first-child panel-last-child\" data-index=\"18\" ><h3 class=\"widget-title\">Domaine de Pamadera in beeld;<\/h3><div style=\"width:100%;\" class=\"wp-video\"><!--[if lt IE 9]><script>document.createElement('video');<\/script><![endif]-->\n<video class=\"wp-video-shortcode\" id=\"video-6-1\" preload=\"metadata\" controls=\"controls\"><source type=\"video\/mp4\" src=\"https:\/\/domainedepamadera.nl\/wp-content\/uploads\/2021\/05\/VIDEO-2021-05-21-15-14-14.mp4?_=1\" \/><source type=\"video\/mp4\" src=\"https:\/\/domainedepamadera.nl\/wp-content\/uploads\/2021\/05\/VIDEO-2021-05-21-15-14-14.mp4?_=1\" \/><a href=\"https:\/\/domainedepamadera.nl\/wp-content\/uploads\/2021\/05\/VIDEO-2021-05-21-15-14-14.mp4\">https:\/\/domainedepamadera.nl\/wp-content\/uploads\/2021\/05\/VIDEO-2021-05-21-15-14-14.mp4<\/a><\/video><\/div><\/div><\/div><\/div><div id=\"pg-6-6\"  class=\"panel-grid panel-no-style\" ><div id=\"pgc-6-6-0\"  class=\"panel-grid-cell\" ><div id=\"panel-6-6-0-0\" class=\"widget_text so-panel widget widget_custom_html panel-first-child panel-last-child\" data-index=\"19\" ><div class=\"textwidget custom-html-widget\"><img src=\"http:\/\/domainedepamadera.nl\/wp-content\/uploads\/2021\/02\/kaartje-Frankrijk.jpg\">\n<a href=\"https:\/\/www.google.nl\/maps\/dir\/Ambiance+Lavande,+Les+Parcs+(Mialet,+Dordogne),+24450+Aux+Parcs,+Frankrijk\/@45.5378728,0.9088896,13z\/data=!4m8!4m7!1m0!1m5!1m1!1s0x47ff1f24c58406f9:0x34702f402d7bdff!2m2!1d0.8923136!2d45.534213\">Klik hier voor routebeschrijving<\/a><\/div><\/div><\/div><div id=\"pgc-6-6-1\"  class=\"panel-grid-cell\" ><div id=\"panel-6-6-1-0\" class=\"widget_text so-panel widget widget_custom_html panel-first-child panel-last-child\" data-index=\"20\" ><div class=\"textwidget custom-html-widget\"><img src=\"https:\/\/www.tameteo.nl\/wimages\/fotob5d590968714ae0afaeaa29d8baf27ac.png\"><br>\n<a href=\"https:\/\/www.tameteo.nl\/mialet.htm\">Klik hier voor de weerberichten<\/a><\/div><\/div><\/div><\/div><\/div>","protected":false},"excerpt":{"rendered":"<p>Chambres d&#8217;H\u00f4tes G\u00eetes en appartementen Faciliteiten Eten &#038; Drinken Zwembad Veranda Beschikbaarheid Omgeving Nieuws Willkommen auf unserer Website Domaine de Pamadera, voller Informationen und Eindr\u00fccke unserer Domaine, um Ihnen einen guten Eindruck von der Atmosph\u00e4re und den M\u00f6glichkeiten f\u00fcr einen unbeschwerten Urlaub zu geben. Denn ja, wir haben mittlerweile gemerkt, dass wir in einer anderen [&hellip;]<\/p>\n","protected":false},"author":1,"featured_media":0,"parent":0,"menu_order":0,"comment_status":"closed","ping_status":"closed","template":"home-panels.php","meta":{"footnotes":""},"_links":{"self":[{"href":"https:\/\/domainedepamadera.nl\/duits\/wp-json\/wp\/v2\/pages\/6"}],"collection":[{"href":"https:\/\/domainedepamadera.nl\/duits\/wp-json\/wp\/v2\/pages"}],"about":[{"href":"https:\/\/domainedepamadera.nl\/duits\/wp-json\/wp\/v2\/types\/page"}],"author":[{"embeddable":true,"href":"https:\/\/domainedepamadera.nl\/duits\/wp-json\/wp\/v2\/users\/1"}],"replies":[{"embeddable":true,"href":"https:\/\/domainedepamadera.nl\/duits\/wp-json\/wp\/v2\/comments?post=6"}],"version-history":[{"count":194,"href":"https:\/\/domainedepamadera.nl\/duits\/wp-json\/wp\/v2\/pages\/6\/revisions"}],"predecessor-version":[{"id":2443,"href":"https:\/\/domainedepamadera.nl\/duits\/wp-json\/wp\/v2\/pages\/6\/revisions\/2443"}],"wp:attachment":[{"href":"https:\/\/domainedepamadera.nl\/duits\/wp-json\/wp\/v2\/media?parent=6"}],"curies":[{"name":"wp","href":"https:\/\/api.w.org\/{rel}","templated":true}]}}