{"id":228,"date":"2020-11-27T12:14:15","date_gmt":"2020-11-27T12:14:15","guid":{"rendered":"http:\/\/domainedepamadera.nl\/?page_id=228"},"modified":"2022-11-15T11:09:28","modified_gmt":"2022-11-15T11:09:28","slug":"beschikbaarheid","status":"publish","type":"page","link":"https:\/\/domainedepamadera.nl\/fr\/beschikbaarheid\/","title":{"rendered":"Disponibilit\u00e9"},"content":{"rendered":"<p><span style=\"font-family: 'Rock Salt';\"><strong><span lang=\"fr\">Disponibilit\u00e9 au Domaine de Pamadera<\/span><\/strong><\/span><\/p>\n<p>Est-ce que Peace and Space est ce que vous recherchez?!<\/p>\n<p>Alors vous \u00eates au bon endroit!<br \/>\n<img decoding=\"async\" loading=\"lazy\" class=\"alignnone size-medium wp-image-229\" src=\"http:\/\/domainedepamadera.nl\/wp-content\/uploads\/2020\/11\/beschikbaarheid-300x167.png\" alt=\"\" width=\"300\" height=\"167\" srcset=\"https:\/\/domainedepamadera.nl\/wp-content\/uploads\/2020\/11\/beschikbaarheid-300x167.png 300w, https:\/\/domainedepamadera.nl\/wp-content\/uploads\/2020\/11\/beschikbaarheid.png 334w\" sizes=\"(max-width: 300px) 100vw, 300px\" \/> <img decoding=\"async\" loading=\"lazy\" class=\"alignnone wp-image-507 size-medium\" style=\"font-family: 'Rock Salt';\" src=\"http:\/\/domainedepamadera.nl\/wp-content\/uploads\/2021\/02\/20210183-Doezelaar-Mialet-Transparant-01-300x212.png\" alt=\"\" width=\"300\" height=\"212\" srcset=\"https:\/\/domainedepamadera.nl\/wp-content\/uploads\/2021\/02\/20210183-Doezelaar-Mialet-Transparant-01-300x212.png 300w, https:\/\/domainedepamadera.nl\/wp-content\/uploads\/2021\/02\/20210183-Doezelaar-Mialet-Transparant-01-768x544.png 768w, https:\/\/domainedepamadera.nl\/wp-content\/uploads\/2021\/02\/20210183-Doezelaar-Mialet-Transparant-01.png 842w\" sizes=\"(max-width: 300px) 100vw, 300px\" \/><\/p>\n<p><span style=\"font-family: 'Rock Salt';\"><strong><span lang=\"fr\">Lorsque vous vous retirez dans notre jardin magnifiquement am\u00e9nag\u00e9 avec des coins confortables et des coins salon accueillants, vous remarquerez les hamacs sous les arbres verts frais qui sont l\u00e9g\u00e8rement d\u00e9plac\u00e9s par le vent chaud de l&rsquo;\u00e9t\u00e9. Les pieds dans l&rsquo;herbe verte fra\u00eechement coup\u00e9e, vous vous frayez un chemin entre les arbres pour vous installer dans ces confortables lits suspendus ou fauteuils suspendus. N&rsquo;oubliez pas de prendre place dans notre \u00abLovetree\u00bb, notre plus grand arbre du Domaine de plus de 200 ans, vous offre une perspective compl\u00e8tement diff\u00e9rente sur la campagne fran\u00e7aise depuis un fauteuil suspendu paresseux.<\/span><\/strong><\/span><\/p>\n<p>En position couch\u00e9e, vous regardez le ciel bleu clair avec le nuage occasionnel de moutons blancs qui d\u00e9rive par une merveilleuse brise d&rsquo;\u00e9t\u00e9. Vous avez apport\u00e9 votre livre avec vous, mais bient\u00f4t vous fermez les yeux et vous imaginez un instant comme un Dieu en France &#8230;<\/p>\n<p>Vous laissez vos pens\u00e9es vous emmener dans le village pittoresque fran\u00e7ais o\u00f9 vous \u00eates pass\u00e9 ce matin \u00e0 v\u00e9lo. Le long des vastes champs pleins de colza et un regard amical d&rsquo;un troupeau de vaches vous arrivez dans une fromagerie de ch\u00e8vre.<\/p>\n<p><span style=\"font-family: 'Rock Salt';\"><strong><span lang=\"fr\">Bien s\u00fbr, jetez un \u0153il \u00e0 la cour de ferme typiquement fran\u00e7aise avec dans le coin des yeux des \u00e9curies pleines de ch\u00e8vres qui cherchent de l&rsquo;ombre sous le toit sous le soleil du matin \u00e0 la fran\u00e7aise. De d\u00e9licieux fromages de ch\u00e8vre vous regardent et bien s\u00fbr vous pourrez d\u00e9guster le charmant fermier qui vend son fromage. Satisfait, vous choisissez votre pr\u00e9f\u00e9rence et vous vous dirigez vers le Domaine de Pamadera et voyez au menu que vous pouvez d\u00e9guster une d\u00e9licieuse salade de ch\u00e8vre ce soir.<\/span><\/strong><\/span><\/p>\n<p>Comme il est relaxant en s&rsquo;\u00e9loignant quand il peut \u00eatre si beau dans ce cadre &#8230;<\/p>\n<p><img decoding=\"async\" loading=\"lazy\" class=\"alignnone wp-image-508 size-medium\" src=\"http:\/\/domainedepamadera.nl\/wp-content\/uploads\/2021\/02\/20210183-Rond-24450-Mialet-Transparant-300x214.png\" alt=\"\" width=\"300\" height=\"214\" srcset=\"https:\/\/domainedepamadera.nl\/wp-content\/uploads\/2021\/02\/20210183-Rond-24450-Mialet-Transparant-300x214.png 300w, https:\/\/domainedepamadera.nl\/wp-content\/uploads\/2021\/02\/20210183-Rond-24450-Mialet-Transparant.png 741w\" sizes=\"(max-width: 300px) 100vw, 300px\" \/> <img decoding=\"async\" loading=\"lazy\" class=\"alignnone size-full wp-image-230\" src=\"http:\/\/domainedepamadera.nl\/wp-content\/uploads\/2020\/11\/beschikbaarheid2.png\" alt=\"\" width=\"258\" height=\"137\" \/><br \/>\n<span style=\"font-family: 'Rock Salt';\"><strong><span lang=\"fr\">Disponibilit\u00e9; nous serions heureux de v\u00e9rifier la disponibilit\u00e9 pour vous. Parce que notre planification change presque tous les jours, nous voulons que vous profitiez au maximum des possibilit\u00e9s.<\/span><\/strong><\/span><\/p>\n<p>Par cons\u00e9quent, remplissez notre formulaire de contact ci-dessous en appuyant simplement sur un bouton et faites-nous part de vos souhaits. Nous examinerons ensuite les options de notre planification d\u00e8s que possible et vous fournirons des commentaires. Si cela ne r\u00e9pond pas enti\u00e8rement \u00e0 vos besoins, nous vous proposerons une alternative.<\/p>\n<p>R\u00e9servez le plus t\u00f4t possible et \u00e9vitez les d\u00e9ceptions!<\/p>\n<table>\n<tbody>\n<tr>\n<td width=\"243\">\n<table width=\"100%\">\n<tbody>\n<tr>\n<td><a href=\"http:\/\/domainedepamadera.nl\/contactformulier\/\"><strong>Naar contactformulier ><\/strong><\/a><\/td>\n<\/tr>\n<\/tbody>\n<\/table>\n<\/td>\n<\/tr>\n<\/tbody>\n<\/table>\n<p><span style=\"font-family: 'Rock Salt';\"><strong><span lang=\"fr\">Appuyez ci-dessus pour acc\u00e9der \u00e0 notre formulaire de contact;<\/span><\/strong><\/span><\/p>\n<p>Cordialement<\/p>\n<p>\u00c9quipe Domaine de Pamadera<\/p>\n<p><img decoding=\"async\" loading=\"lazy\" class=\"alignnone size-medium wp-image-1483\" src=\"https:\/\/domainedepamadera.nl\/wp-content\/uploads\/2022\/01\/E29B6296-3AA4-4E80-90A9-0E63D1EDB948-300x225.jpeg\" alt=\"\" width=\"300\" height=\"225\" srcset=\"https:\/\/domainedepamadera.nl\/wp-content\/uploads\/2022\/01\/E29B6296-3AA4-4E80-90A9-0E63D1EDB948-300x225.jpeg 300w, https:\/\/domainedepamadera.nl\/wp-content\/uploads\/2022\/01\/E29B6296-3AA4-4E80-90A9-0E63D1EDB948-1024x768.jpeg 1024w, https:\/\/domainedepamadera.nl\/wp-content\/uploads\/2022\/01\/E29B6296-3AA4-4E80-90A9-0E63D1EDB948-768x576.jpeg 768w, https:\/\/domainedepamadera.nl\/wp-content\/uploads\/2022\/01\/E29B6296-3AA4-4E80-90A9-0E63D1EDB948-1536x1152.jpeg 1536w, https:\/\/domainedepamadera.nl\/wp-content\/uploads\/2022\/01\/E29B6296-3AA4-4E80-90A9-0E63D1EDB948-2048x1536.jpeg 2048w\" sizes=\"(max-width: 300px) 100vw, 300px\" \/>\u00a0 <img decoding=\"async\" loading=\"lazy\" class=\"alignnone size-medium wp-image-1485\" src=\"https:\/\/domainedepamadera.nl\/wp-content\/uploads\/2022\/01\/06441F73-0C31-4375-B72F-6E1E39232579-300x225.jpeg\" alt=\"\" width=\"300\" height=\"225\" srcset=\"https:\/\/domainedepamadera.nl\/wp-content\/uploads\/2022\/01\/06441F73-0C31-4375-B72F-6E1E39232579-300x225.jpeg 300w, https:\/\/domainedepamadera.nl\/wp-content\/uploads\/2022\/01\/06441F73-0C31-4375-B72F-6E1E39232579-1024x768.jpeg 1024w, https:\/\/domainedepamadera.nl\/wp-content\/uploads\/2022\/01\/06441F73-0C31-4375-B72F-6E1E39232579-768x576.jpeg 768w, https:\/\/domainedepamadera.nl\/wp-content\/uploads\/2022\/01\/06441F73-0C31-4375-B72F-6E1E39232579-1536x1152.jpeg 1536w, https:\/\/domainedepamadera.nl\/wp-content\/uploads\/2022\/01\/06441F73-0C31-4375-B72F-6E1E39232579-2048x1536.jpeg 2048w\" sizes=\"(max-width: 300px) 100vw, 300px\" \/><\/p>\n","protected":false},"excerpt":{"rendered":"<p>Disponibilit\u00e9 au Domaine de Pamadera Est-ce que Peace and Space est ce que vous recherchez?! Alors vous \u00eates au bon endroit! Lorsque vous vous retirez dans notre jardin magnifiquement am\u00e9nag\u00e9 avec des coins confortables et des coins salon accueillants, vous remarquerez les hamacs sous les arbres verts frais qui sont l\u00e9g\u00e8rement d\u00e9plac\u00e9s par le vent [&hellip;]<\/p>\n","protected":false},"author":1,"featured_media":0,"parent":0,"menu_order":0,"comment_status":"closed","ping_status":"closed","template":"","meta":{"footnotes":""},"_links":{"self":[{"href":"https:\/\/domainedepamadera.nl\/fr\/wp-json\/wp\/v2\/pages\/228"}],"collection":[{"href":"https:\/\/domainedepamadera.nl\/fr\/wp-json\/wp\/v2\/pages"}],"about":[{"href":"https:\/\/domainedepamadera.nl\/fr\/wp-json\/wp\/v2\/types\/page"}],"author":[{"embeddable":true,"href":"https:\/\/domainedepamadera.nl\/fr\/wp-json\/wp\/v2\/users\/1"}],"replies":[{"embeddable":true,"href":"https:\/\/domainedepamadera.nl\/fr\/wp-json\/wp\/v2\/comments?post=228"}],"version-history":[{"count":33,"href":"https:\/\/domainedepamadera.nl\/fr\/wp-json\/wp\/v2\/pages\/228\/revisions"}],"predecessor-version":[{"id":2169,"href":"https:\/\/domainedepamadera.nl\/fr\/wp-json\/wp\/v2\/pages\/228\/revisions\/2169"}],"wp:attachment":[{"href":"https:\/\/domainedepamadera.nl\/fr\/wp-json\/wp\/v2\/media?parent=228"}],"curies":[{"name":"wp","href":"https:\/\/api.w.org\/{rel}","templated":true}]}}