{"id":246,"date":"2020-12-09T13:07:33","date_gmt":"2020-12-09T13:07:33","guid":{"rendered":"http:\/\/domainedepamadera.nl\/?page_id=246"},"modified":"2025-11-28T14:08:25","modified_gmt":"2025-11-28T14:08:25","slug":"chambre-d-hotes","status":"publish","type":"page","link":"https:\/\/domainedepamadera.nl\/fr\/chambre-d-hotes\/","title":{"rendered":"Chambre d&#039; H\u00f4tes"},"content":{"rendered":"\n<p><strong>Chambre d&rsquo;\u00a0H\u00f4tes<\/strong><\/p>\n<p><strong>Algemeen;<\/strong><\/p>\n<p><img decoding=\"async\" loading=\"lazy\" class=\"alignnone wp-image-505 size-medium\" src=\"http:\/\/domainedepamadera.nl\/wp-content\/uploads\/2021\/02\/20210183-Schilt-Mialet-Transparant-300x213.png\" alt=\"\" width=\"300\" height=\"213\" srcset=\"https:\/\/domainedepamadera.nl\/wp-content\/uploads\/2021\/02\/20210183-Schilt-Mialet-Transparant-300x213.png 300w, https:\/\/domainedepamadera.nl\/wp-content\/uploads\/2021\/02\/20210183-Schilt-Mialet-Transparant-768x544.png 768w, https:\/\/domainedepamadera.nl\/wp-content\/uploads\/2021\/02\/20210183-Schilt-Mialet-Transparant.png 886w\" sizes=\"(max-width: 300px) 100vw, 300px\" \/><\/p>\n<p><strong><span class=\"Y2IQFc\" lang=\"fr\" style=\"font-family: 'Rock Salt';\">Dans notre Chambre d&rsquo;h\u00f4tes, nous avons 3 chambres disponibles. Chaque chambre dispose d&rsquo;une salle de bain attenante avec WC. Les draps et les serviettes sont \u00e9galement toujours disponibles.<\/span><\/strong><\/p>\n<p><img decoding=\"async\" loading=\"lazy\" class=\"alignnone wp-image-599\" src=\"http:\/\/domainedepamadera.nl\/wp-content\/uploads\/2021\/02\/q14-202x300.jpg\" alt=\"\" width=\"144\" height=\"214\" srcset=\"https:\/\/domainedepamadera.nl\/wp-content\/uploads\/2021\/02\/q14-202x300.jpg 202w, https:\/\/domainedepamadera.nl\/wp-content\/uploads\/2021\/02\/q14-689x1024.jpg 689w, https:\/\/domainedepamadera.nl\/wp-content\/uploads\/2021\/02\/q14-768x1142.jpg 768w, https:\/\/domainedepamadera.nl\/wp-content\/uploads\/2021\/02\/q14.jpg 977w\" sizes=\"(max-width: 144px) 100vw, 144px\" \/>\u00a0 <img decoding=\"async\" loading=\"lazy\" class=\"alignnone wp-image-600\" src=\"http:\/\/domainedepamadera.nl\/wp-content\/uploads\/2021\/02\/192-300x225.jpg\" alt=\"\" width=\"287\" height=\"215\" srcset=\"https:\/\/domainedepamadera.nl\/wp-content\/uploads\/2021\/02\/192-300x225.jpg 300w, https:\/\/domainedepamadera.nl\/wp-content\/uploads\/2021\/02\/192.jpg 640w\" sizes=\"(max-width: 287px) 100vw, 287px\" \/>\u00a0\u00a0<img decoding=\"async\" loading=\"lazy\" class=\"alignnone wp-image-598\" src=\"http:\/\/domainedepamadera.nl\/wp-content\/uploads\/2021\/02\/q15-300x204.jpg\" alt=\"\" width=\"312\" height=\"212\" srcset=\"https:\/\/domainedepamadera.nl\/wp-content\/uploads\/2021\/02\/q15-300x204.jpg 300w, https:\/\/domainedepamadera.nl\/wp-content\/uploads\/2021\/02\/q15-768x521.jpg 768w, https:\/\/domainedepamadera.nl\/wp-content\/uploads\/2021\/02\/q15.jpg 962w\" sizes=\"(max-width: 312px) 100vw, 312px\" \/><img decoding=\"async\" loading=\"lazy\" class=\"alignnone size-medium wp-image-597\" src=\"http:\/\/domainedepamadera.nl\/wp-content\/uploads\/2021\/02\/150-300x225.jpg\" alt=\"\" width=\"300\" height=\"225\" srcset=\"https:\/\/domainedepamadera.nl\/wp-content\/uploads\/2021\/02\/150-300x225.jpg 300w, https:\/\/domainedepamadera.nl\/wp-content\/uploads\/2021\/02\/150.jpg 640w\" sizes=\"(max-width: 300px) 100vw, 300px\" \/><strong><span class=\"Y2IQFc\" lang=\"fr\" style=\"font-family: 'Rock Salt';\">incl. petit d\u00e9jeuner fran\u00e7ais copieux<\/span><\/strong><\/p>\n<p><strong>Les chambres d&rsquo;h\u00f4tes sont des chambres doubles.<\/strong><\/p>\n<p><strong>Il y a aussi des lits b\u00e9b\u00e9 disponibles qui peuvent \u00eatre plac\u00e9s dans les chambres sur demande.<\/strong><\/p>\n<p><strong>Nous avons \u00e9galement un g\u00eete de luxe pouvant accueillir jusqu&rsquo;\u00e0 6 personnes avec beaucoup d&rsquo;intimit\u00e9, un appartement pouvant accueillir jusqu&rsquo;\u00e0 6 personnes<\/strong><\/p>\n<p><strong><span class=\"Y2IQFc\" lang=\"fr\" style=\"font-family: 'Rock Salt';\">Une connexion Wi-Fi est disponible.<\/span><\/strong><\/p>\n<p><strong>Il est interdit de fumer dans les logements.<\/strong><\/p>\n<p><strong>Renseignez-vous sur les possibilit\u00e9s qui correspondent \u00e0 vos souhaits pour un s\u00e9jour agr\u00e9able<\/strong><\/p>\n<p>&nbsp;<\/p>\n<p><img decoding=\"async\" loading=\"lazy\" class=\"alignnone wp-image-512 size-medium\" src=\"http:\/\/domainedepamadera.nl\/wp-content\/uploads\/2021\/02\/visitekaartje-voorkant-300x192.jpg\" alt=\"\" width=\"300\" height=\"192\" srcset=\"https:\/\/domainedepamadera.nl\/wp-content\/uploads\/2021\/02\/visitekaartje-voorkant-300x192.jpg 300w, https:\/\/domainedepamadera.nl\/wp-content\/uploads\/2021\/02\/visitekaartje-voorkant-768x491.jpg 768w, https:\/\/domainedepamadera.nl\/wp-content\/uploads\/2021\/02\/visitekaartje-voorkant.jpg 1007w\" sizes=\"(max-width: 300px) 100vw, 300px\" \/> <img decoding=\"async\" loading=\"lazy\" class=\"alignnone wp-image-513 \" src=\"http:\/\/domainedepamadera.nl\/wp-content\/uploads\/2021\/02\/visitekaartje-achterzijde-300x198.jpg\" alt=\"\" width=\"292\" height=\"192\" srcset=\"https:\/\/domainedepamadera.nl\/wp-content\/uploads\/2021\/02\/visitekaartje-achterzijde-300x198.jpg 300w, https:\/\/domainedepamadera.nl\/wp-content\/uploads\/2021\/02\/visitekaartje-achterzijde-768x508.jpg 768w, https:\/\/domainedepamadera.nl\/wp-content\/uploads\/2021\/02\/visitekaartje-achterzijde.jpg 990w\" sizes=\"(max-width: 292px) 100vw, 292px\" \/><\/p>\n","protected":false},"excerpt":{"rendered":"<p>Chambre d&rsquo;\u00a0H\u00f4tes Algemeen; Dans notre Chambre d&rsquo;h\u00f4tes, nous avons 3 chambres disponibles. Chaque chambre dispose d&rsquo;une salle de bain attenante avec WC. Les draps et les serviettes sont \u00e9galement toujours disponibles. \u00a0 \u00a0\u00a0incl. petit d\u00e9jeuner fran\u00e7ais copieux Les chambres d&rsquo;h\u00f4tes sont des chambres doubles. Il y a aussi des lits b\u00e9b\u00e9 disponibles qui peuvent \u00eatre [&hellip;]<\/p>\n","protected":false},"author":1,"featured_media":0,"parent":0,"menu_order":0,"comment_status":"closed","ping_status":"closed","template":"","meta":{"footnotes":""},"_links":{"self":[{"href":"https:\/\/domainedepamadera.nl\/fr\/wp-json\/wp\/v2\/pages\/246"}],"collection":[{"href":"https:\/\/domainedepamadera.nl\/fr\/wp-json\/wp\/v2\/pages"}],"about":[{"href":"https:\/\/domainedepamadera.nl\/fr\/wp-json\/wp\/v2\/types\/page"}],"author":[{"embeddable":true,"href":"https:\/\/domainedepamadera.nl\/fr\/wp-json\/wp\/v2\/users\/1"}],"replies":[{"embeddable":true,"href":"https:\/\/domainedepamadera.nl\/fr\/wp-json\/wp\/v2\/comments?post=246"}],"version-history":[{"count":33,"href":"https:\/\/domainedepamadera.nl\/fr\/wp-json\/wp\/v2\/pages\/246\/revisions"}],"predecessor-version":[{"id":2432,"href":"https:\/\/domainedepamadera.nl\/fr\/wp-json\/wp\/v2\/pages\/246\/revisions\/2432"}],"wp:attachment":[{"href":"https:\/\/domainedepamadera.nl\/fr\/wp-json\/wp\/v2\/media?parent=246"}],"curies":[{"name":"wp","href":"https:\/\/api.w.org\/{rel}","templated":true}]}}