{"id":254,"date":"2020-12-09T14:35:38","date_gmt":"2020-12-09T14:35:38","guid":{"rendered":"http:\/\/domainedepamadera.nl\/?page_id=254"},"modified":"2022-01-06T16:12:20","modified_gmt":"2022-01-06T16:12:20","slug":"dieren","status":"publish","type":"page","link":"https:\/\/domainedepamadera.nl\/fr\/dieren\/","title":{"rendered":"Animaux"},"content":{"rendered":"<p><img decoding=\"async\" loading=\"lazy\" class=\"alignnone size-medium wp-image-255\" src=\"http:\/\/domainedepamadera.nl\/wp-content\/uploads\/2020\/12\/dieren-300x166.png\" alt=\"\" width=\"300\" height=\"166\" srcset=\"https:\/\/domainedepamadera.nl\/wp-content\/uploads\/2020\/12\/dieren-300x166.png 300w, https:\/\/domainedepamadera.nl\/wp-content\/uploads\/2020\/12\/dieren.png 365w\" sizes=\"(max-width: 300px) 100vw, 300px\" \/> <img decoding=\"async\" loading=\"lazy\" class=\"alignnone wp-image-505 \" src=\"http:\/\/domainedepamadera.nl\/wp-content\/uploads\/2021\/02\/20210183-Schilt-Mialet-Transparant-300x213.png\" alt=\"\" width=\"235\" height=\"167\" srcset=\"https:\/\/domainedepamadera.nl\/wp-content\/uploads\/2021\/02\/20210183-Schilt-Mialet-Transparant-300x213.png 300w, https:\/\/domainedepamadera.nl\/wp-content\/uploads\/2021\/02\/20210183-Schilt-Mialet-Transparant-768x544.png 768w, https:\/\/domainedepamadera.nl\/wp-content\/uploads\/2021\/02\/20210183-Schilt-Mialet-Transparant.png 886w\" sizes=\"(max-width: 235px) 100vw, 235px\" \/> <img decoding=\"async\" loading=\"lazy\" class=\"alignnone size-medium wp-image-1513\" src=\"https:\/\/domainedepamadera.nl\/wp-content\/uploads\/2022\/01\/50DB8CE0-D07D-4635-A9CD-096405069102-225x300.jpeg\" alt=\"\" width=\"225\" height=\"300\" srcset=\"https:\/\/domainedepamadera.nl\/wp-content\/uploads\/2022\/01\/50DB8CE0-D07D-4635-A9CD-096405069102-225x300.jpeg 225w, https:\/\/domainedepamadera.nl\/wp-content\/uploads\/2022\/01\/50DB8CE0-D07D-4635-A9CD-096405069102-768x1024.jpeg 768w, https:\/\/domainedepamadera.nl\/wp-content\/uploads\/2022\/01\/50DB8CE0-D07D-4635-A9CD-096405069102-1152x1536.jpeg 1152w, https:\/\/domainedepamadera.nl\/wp-content\/uploads\/2022\/01\/50DB8CE0-D07D-4635-A9CD-096405069102-1536x2048.jpeg 1536w, https:\/\/domainedepamadera.nl\/wp-content\/uploads\/2022\/01\/50DB8CE0-D07D-4635-A9CD-096405069102-scaled.jpeg 1920w\" sizes=\"(max-width: 225px) 100vw, 225px\" \/><br \/>\n<span style=\"font-family: 'Rock Salt';\"><strong><span lang=\"fr\">Profitez de la nature et des animaux \u00e0 proximit\u00e9<\/span><\/strong><\/span><\/p>\n<p>Domaine de Pamadera<\/p>\n<p>Au lever des premiers rayons du soleil, les animaux se r\u00e9veillent \u00e9galement au Domaine de Pamadera.<\/p>\n<p>Des \u0153ufs frais de nos poules tous les jours avec un coq puissant veillant sur sa verge. Ceci alors que les Ch\u00e8vres regardent d\u00e9j\u00e0 le premier mouvement sur le domaine. Cherche avec impatience quelqu&rsquo;un pour manger un morceau de pain rassis pour le petit d\u00e9jeuner avec eux.<\/p>\n<p>Les chevaux qui vont et viennent dans la zone avec les gouttes de ros\u00e9e encore sur leurs sabots. Les \u00e2nes pensent que \u00e7a va et s&rsquo;installent \u00e0 un rythme de r\u00e9veil plus lent.<\/p>\n<p>Les chiens ont d\u00e9j\u00e0 termin\u00e9 leur promenade matinale et aimeraient regarder l&rsquo;activit\u00e9 d&rsquo;un exercice ludique juste avant le petit-d\u00e9jeuner. Cependant, ils doivent encore faire preuve de patience avant que le copieux petit-d\u00e9jeuner ne soit servi.<\/p>\n<p>Les chats gardent les chaises au chaud et ne bougent pas du tout pour faire de la place aux premiers invit\u00e9s. Ils s&rsquo;\u00e9tirent paresseusement apr\u00e8s une merveilleuse nuit de sommeil sous le ciel \u00e9toil\u00e9 d&rsquo;une clart\u00e9 saisissante.<\/p>\n<p>Le jour se l\u00e8ve et le chant des oiseaux vous montrera le chemin vers la confortable v\u00e9randa du Domaine de Pamadera o\u00f9 vous pourrez vous asseoir avec les premiers rayons du soleil sur votre visage. Pour superviser la journ\u00e9e \u00e0 votre rythme et planifier un autre \u00e9lan inoubliable.<\/p>\n<p><img decoding=\"async\" loading=\"lazy\" class=\"alignnone size-medium wp-image-1504\" src=\"https:\/\/domainedepamadera.nl\/wp-content\/uploads\/2022\/01\/5BCCE280-6BFE-4627-B519-F12C111798D4-300x225.jpeg\" alt=\"\" width=\"300\" height=\"225\" srcset=\"https:\/\/domainedepamadera.nl\/wp-content\/uploads\/2022\/01\/5BCCE280-6BFE-4627-B519-F12C111798D4-300x225.jpeg 300w, https:\/\/domainedepamadera.nl\/wp-content\/uploads\/2022\/01\/5BCCE280-6BFE-4627-B519-F12C111798D4-1024x768.jpeg 1024w, https:\/\/domainedepamadera.nl\/wp-content\/uploads\/2022\/01\/5BCCE280-6BFE-4627-B519-F12C111798D4-768x576.jpeg 768w, https:\/\/domainedepamadera.nl\/wp-content\/uploads\/2022\/01\/5BCCE280-6BFE-4627-B519-F12C111798D4-1536x1152.jpeg 1536w, https:\/\/domainedepamadera.nl\/wp-content\/uploads\/2022\/01\/5BCCE280-6BFE-4627-B519-F12C111798D4-2048x1536.jpeg 2048w\" sizes=\"(max-width: 300px) 100vw, 300px\" \/>\u00a0 <img decoding=\"async\" loading=\"lazy\" class=\"alignnone size-medium wp-image-1505\" src=\"https:\/\/domainedepamadera.nl\/wp-content\/uploads\/2022\/01\/27C20120-4CC6-48EE-9F61-602E4AC19AA3-300x225.jpeg\" alt=\"\" width=\"300\" height=\"225\" srcset=\"https:\/\/domainedepamadera.nl\/wp-content\/uploads\/2022\/01\/27C20120-4CC6-48EE-9F61-602E4AC19AA3-300x225.jpeg 300w, https:\/\/domainedepamadera.nl\/wp-content\/uploads\/2022\/01\/27C20120-4CC6-48EE-9F61-602E4AC19AA3-1024x768.jpeg 1024w, https:\/\/domainedepamadera.nl\/wp-content\/uploads\/2022\/01\/27C20120-4CC6-48EE-9F61-602E4AC19AA3-768x576.jpeg 768w, https:\/\/domainedepamadera.nl\/wp-content\/uploads\/2022\/01\/27C20120-4CC6-48EE-9F61-602E4AC19AA3-1536x1152.jpeg 1536w, https:\/\/domainedepamadera.nl\/wp-content\/uploads\/2022\/01\/27C20120-4CC6-48EE-9F61-602E4AC19AA3-2048x1536.jpeg 2048w\" sizes=\"(max-width: 300px) 100vw, 300px\" \/><\/p>\n<p><span style=\"font-size: 18pt;\"><strong>Bisons;<\/strong><\/span><br \/>\n<span style=\"font-family: 'Rock Salt';\"><strong><span lang=\"fr\">\u00c0 moins de 150 meters, vous pouvez jeter un \u0153il \u00e0 un troupeau de bisons, ces animaux fantastiques vous feront vous sentir \u00e0 nouveau petit en tant qu&rsquo;\u00eatre humain lors de votre voyage \u00e0 travers la campagne fran\u00e7aise.<\/span><\/strong><\/span><\/p>\n<p>Profitez de votre propre r\u00e9veil tout en d\u00e9gustant un d\u00e9licieux petit-d\u00e9jeuner<\/p>\n<p><img decoding=\"async\" loading=\"lazy\" class=\"alignnone wp-image-473\" src=\"http:\/\/domainedepamadera.nl\/wp-content\/uploads\/2021\/01\/kippen-300x199.jpg\" alt=\"\" width=\"261\" height=\"173\" \/> <img decoding=\"async\" loading=\"lazy\" class=\"alignnone wp-image-474\" src=\"http:\/\/domainedepamadera.nl\/wp-content\/uploads\/2021\/01\/ezels-300x287.png\" alt=\"\" width=\"182\" height=\"174\" srcset=\"https:\/\/domainedepamadera.nl\/wp-content\/uploads\/2021\/01\/ezels-300x287.png 300w, https:\/\/domainedepamadera.nl\/wp-content\/uploads\/2021\/01\/ezels.png 500w\" sizes=\"(max-width: 182px) 100vw, 182px\" \/> <img decoding=\"async\" loading=\"lazy\" class=\"alignnone wp-image-475\" src=\"http:\/\/domainedepamadera.nl\/wp-content\/uploads\/2021\/01\/mini-geitjes-300x167.jpg\" alt=\"\" width=\"310\" height=\"173\" srcset=\"https:\/\/domainedepamadera.nl\/wp-content\/uploads\/2021\/01\/mini-geitjes-300x167.jpg 300w, https:\/\/domainedepamadera.nl\/wp-content\/uploads\/2021\/01\/mini-geitjes-768x427.jpg 768w, https:\/\/domainedepamadera.nl\/wp-content\/uploads\/2021\/01\/mini-geitjes.jpg 800w\" sizes=\"(max-width: 310px) 100vw, 310px\" \/><\/p>\n","protected":false},"excerpt":{"rendered":"<p>Profitez de la nature et des animaux \u00e0 proximit\u00e9 Domaine de Pamadera Au lever des premiers rayons du soleil, les animaux se r\u00e9veillent \u00e9galement au Domaine de Pamadera. Des \u0153ufs frais de nos poules tous les jours avec un coq puissant veillant sur sa verge. Ceci alors que les Ch\u00e8vres regardent d\u00e9j\u00e0 le premier mouvement [&hellip;]<\/p>\n","protected":false},"author":1,"featured_media":0,"parent":0,"menu_order":0,"comment_status":"closed","ping_status":"closed","template":"","meta":{"footnotes":""},"_links":{"self":[{"href":"https:\/\/domainedepamadera.nl\/fr\/wp-json\/wp\/v2\/pages\/254"}],"collection":[{"href":"https:\/\/domainedepamadera.nl\/fr\/wp-json\/wp\/v2\/pages"}],"about":[{"href":"https:\/\/domainedepamadera.nl\/fr\/wp-json\/wp\/v2\/types\/page"}],"author":[{"embeddable":true,"href":"https:\/\/domainedepamadera.nl\/fr\/wp-json\/wp\/v2\/users\/1"}],"replies":[{"embeddable":true,"href":"https:\/\/domainedepamadera.nl\/fr\/wp-json\/wp\/v2\/comments?post=254"}],"version-history":[{"count":18,"href":"https:\/\/domainedepamadera.nl\/fr\/wp-json\/wp\/v2\/pages\/254\/revisions"}],"predecessor-version":[{"id":1676,"href":"https:\/\/domainedepamadera.nl\/fr\/wp-json\/wp\/v2\/pages\/254\/revisions\/1676"}],"wp:attachment":[{"href":"https:\/\/domainedepamadera.nl\/fr\/wp-json\/wp\/v2\/media?parent=254"}],"curies":[{"name":"wp","href":"https:\/\/api.w.org\/{rel}","templated":true}]}}