{"id":274,"date":"2020-12-23T10:35:00","date_gmt":"2020-12-23T10:35:00","guid":{"rendered":"http:\/\/domainedepamadera.nl\/?page_id=274"},"modified":"2025-11-28T14:12:05","modified_gmt":"2025-11-28T14:12:05","slug":"gites","status":"publish","type":"page","link":"https:\/\/domainedepamadera.nl\/fr\/gites\/","title":{"rendered":"G\u00eetes &#038; appartement"},"content":{"rendered":"<p><br \/>\n<span style=\"font-family: 'Rock Salt';\"><strong><span lang=\"fr\" style=\"font-size: 18pt;\">G\u00e9n\u00e9ral; g\u00eetes et appartement<\/span><\/strong><\/span><\/p>\n<p><img decoding=\"async\" loading=\"lazy\" class=\"alignnone size-medium wp-image-1483\" src=\"https:\/\/domainedepamadera.nl\/wp-content\/uploads\/2022\/01\/E29B6296-3AA4-4E80-90A9-0E63D1EDB948-300x225.jpeg\" alt=\"\" width=\"300\" height=\"225\" srcset=\"https:\/\/domainedepamadera.nl\/wp-content\/uploads\/2022\/01\/E29B6296-3AA4-4E80-90A9-0E63D1EDB948-300x225.jpeg 300w, https:\/\/domainedepamadera.nl\/wp-content\/uploads\/2022\/01\/E29B6296-3AA4-4E80-90A9-0E63D1EDB948-1024x768.jpeg 1024w, https:\/\/domainedepamadera.nl\/wp-content\/uploads\/2022\/01\/E29B6296-3AA4-4E80-90A9-0E63D1EDB948-768x576.jpeg 768w, https:\/\/domainedepamadera.nl\/wp-content\/uploads\/2022\/01\/E29B6296-3AA4-4E80-90A9-0E63D1EDB948-1536x1152.jpeg 1536w, https:\/\/domainedepamadera.nl\/wp-content\/uploads\/2022\/01\/E29B6296-3AA4-4E80-90A9-0E63D1EDB948-2048x1536.jpeg 2048w\" sizes=\"(max-width: 300px) 100vw, 300px\" \/>\u00a0 <img decoding=\"async\" loading=\"lazy\" class=\"alignnone size-medium wp-image-1457\" src=\"https:\/\/domainedepamadera.nl\/wp-content\/uploads\/2022\/01\/8BD14C58-70E1-4D96-B799-55C3D4058EAD-300x223.jpeg\" alt=\"\" width=\"300\" height=\"223\" srcset=\"https:\/\/domainedepamadera.nl\/wp-content\/uploads\/2022\/01\/8BD14C58-70E1-4D96-B799-55C3D4058EAD-300x223.jpeg 300w, https:\/\/domainedepamadera.nl\/wp-content\/uploads\/2022\/01\/8BD14C58-70E1-4D96-B799-55C3D4058EAD-1024x763.jpeg 1024w, https:\/\/domainedepamadera.nl\/wp-content\/uploads\/2022\/01\/8BD14C58-70E1-4D96-B799-55C3D4058EAD-768x572.jpeg 768w, https:\/\/domainedepamadera.nl\/wp-content\/uploads\/2022\/01\/8BD14C58-70E1-4D96-B799-55C3D4058EAD.jpeg 1125w\" sizes=\"(max-width: 300px) 100vw, 300px\" \/><\/p>\n<p><img decoding=\"async\" loading=\"lazy\" class=\"alignnone size-medium wp-image-1459\" src=\"https:\/\/domainedepamadera.nl\/wp-content\/uploads\/2022\/01\/EAA335FE-174D-474A-B287-AB46372460F9-300x224.jpeg\" alt=\"\" width=\"300\" height=\"224\" srcset=\"https:\/\/domainedepamadera.nl\/wp-content\/uploads\/2022\/01\/EAA335FE-174D-474A-B287-AB46372460F9-300x224.jpeg 300w, https:\/\/domainedepamadera.nl\/wp-content\/uploads\/2022\/01\/EAA335FE-174D-474A-B287-AB46372460F9-1024x765.jpeg 1024w, https:\/\/domainedepamadera.nl\/wp-content\/uploads\/2022\/01\/EAA335FE-174D-474A-B287-AB46372460F9-768x574.jpeg 768w, https:\/\/domainedepamadera.nl\/wp-content\/uploads\/2022\/01\/EAA335FE-174D-474A-B287-AB46372460F9.jpeg 1125w\" sizes=\"(max-width: 300px) 100vw, 300px\" \/>\u00a0 <img decoding=\"async\" loading=\"lazy\" class=\"alignnone size-medium wp-image-1456\" src=\"https:\/\/domainedepamadera.nl\/wp-content\/uploads\/2022\/01\/9DCA9B82-C67F-4E9A-A34A-CD584181968F-300x222.jpeg\" alt=\"\" width=\"300\" height=\"222\" srcset=\"https:\/\/domainedepamadera.nl\/wp-content\/uploads\/2022\/01\/9DCA9B82-C67F-4E9A-A34A-CD584181968F-300x222.jpeg 300w, https:\/\/domainedepamadera.nl\/wp-content\/uploads\/2022\/01\/9DCA9B82-C67F-4E9A-A34A-CD584181968F-1024x758.jpeg 1024w, https:\/\/domainedepamadera.nl\/wp-content\/uploads\/2022\/01\/9DCA9B82-C67F-4E9A-A34A-CD584181968F-768x569.jpeg 768w, https:\/\/domainedepamadera.nl\/wp-content\/uploads\/2022\/01\/9DCA9B82-C67F-4E9A-A34A-CD584181968F.jpeg 1125w\" sizes=\"(max-width: 300px) 100vw, 300px\" \/><\/p>\n<p><img decoding=\"async\" loading=\"lazy\" class=\"alignnone size-medium wp-image-1454\" src=\"https:\/\/domainedepamadera.nl\/wp-content\/uploads\/2022\/01\/943D2FF5-4391-4429-B6A1-A2D30B955F80-300x219.jpeg\" alt=\"\" width=\"300\" height=\"219\" srcset=\"https:\/\/domainedepamadera.nl\/wp-content\/uploads\/2022\/01\/943D2FF5-4391-4429-B6A1-A2D30B955F80-300x219.jpeg 300w, https:\/\/domainedepamadera.nl\/wp-content\/uploads\/2022\/01\/943D2FF5-4391-4429-B6A1-A2D30B955F80-1024x749.jpeg 1024w, https:\/\/domainedepamadera.nl\/wp-content\/uploads\/2022\/01\/943D2FF5-4391-4429-B6A1-A2D30B955F80-768x562.jpeg 768w, https:\/\/domainedepamadera.nl\/wp-content\/uploads\/2022\/01\/943D2FF5-4391-4429-B6A1-A2D30B955F80.jpeg 1125w\" sizes=\"(max-width: 300px) 100vw, 300px\" \/>\u00a0 <img decoding=\"async\" loading=\"lazy\" class=\"alignnone size-medium wp-image-1455\" src=\"https:\/\/domainedepamadera.nl\/wp-content\/uploads\/2022\/01\/662335A5-90DF-4B68-B5E6-C5DB672F2C0E-300x223.jpeg\" alt=\"\" width=\"300\" height=\"223\" srcset=\"https:\/\/domainedepamadera.nl\/wp-content\/uploads\/2022\/01\/662335A5-90DF-4B68-B5E6-C5DB672F2C0E-300x223.jpeg 300w, https:\/\/domainedepamadera.nl\/wp-content\/uploads\/2022\/01\/662335A5-90DF-4B68-B5E6-C5DB672F2C0E-1024x763.jpeg 1024w, https:\/\/domainedepamadera.nl\/wp-content\/uploads\/2022\/01\/662335A5-90DF-4B68-B5E6-C5DB672F2C0E-768x572.jpeg 768w, https:\/\/domainedepamadera.nl\/wp-content\/uploads\/2022\/01\/662335A5-90DF-4B68-B5E6-C5DB672F2C0E.jpeg 1125w\" sizes=\"(max-width: 300px) 100vw, 300px\" \/><br \/>\n<span style=\"font-family: 'Rock Salt';\"><strong><span lang=\"fr\">Notre g\u00eete est adapt\u00e9 pour 6 personnes. Il y a un spacieux salon-salle \u00e0 manger, ainsi qu&rsquo;une cuisine enti\u00e8rement \u00e9quip\u00e9e avec tous les appareils \u00e9lectriques tels que micro-ondes, Senseo, r\u00e9frig\u00e9rateur avec cong\u00e9lateur &#8230;<\/span><\/strong><\/span><\/p>\n<p>Lorsque nous nous d\u00e9pla\u00e7ons dans le salon, nous y trouvons un grand canap\u00e9, qui peut \u00eatre converti en un grand lit de couchage pour 2 personnes.<\/p>\n<p>La chambre a un lit double dans un lit box et une salle de bain attenante avec douche, toilettes et lavabo.<\/p>\n<p>Par un ancien escalier, nous arrivons aux deux plus beaux couchages en hauteur dans le grenier avec r\u00e9seau \u00e9lectrique.<\/p>\n<p>Bien s\u00fbr, vous voudrez \u00e9galement rester \u00e0 l&rsquo;ext\u00e9rieur. Vous avez acc\u00e8s \u00e0 une terrasse joliment am\u00e9nag\u00e9e avec mobilier de jardin et beaucoup d&rsquo;intimit\u00e9 et une vue sur le magnifique jardin.<\/p>\n<p>&nbsp;<\/p>\n<p><img decoding=\"async\" loading=\"lazy\" class=\"alignnone wp-image-589\" src=\"http:\/\/domainedepamadera.nl\/wp-content\/uploads\/2021\/02\/app-1-298x300.jpg\" alt=\"\" width=\"194\" height=\"195\" srcset=\"https:\/\/domainedepamadera.nl\/wp-content\/uploads\/2021\/02\/app-1-298x300.jpg 298w, https:\/\/domainedepamadera.nl\/wp-content\/uploads\/2021\/02\/app-1-150x150.jpg 150w, https:\/\/domainedepamadera.nl\/wp-content\/uploads\/2021\/02\/app-1-768x774.jpg 768w, https:\/\/domainedepamadera.nl\/wp-content\/uploads\/2021\/02\/app-1.jpg 965w\" sizes=\"(max-width: 194px) 100vw, 194px\" \/> <img decoding=\"async\" loading=\"lazy\" class=\"alignnone wp-image-590\" src=\"http:\/\/domainedepamadera.nl\/wp-content\/uploads\/2021\/02\/app2-297x300.jpg\" alt=\"\" width=\"194\" height=\"196\" srcset=\"https:\/\/domainedepamadera.nl\/wp-content\/uploads\/2021\/02\/app2-297x300.jpg 297w, https:\/\/domainedepamadera.nl\/wp-content\/uploads\/2021\/02\/app2-768x775.jpg 768w, https:\/\/domainedepamadera.nl\/wp-content\/uploads\/2021\/02\/app2.jpg 971w\" sizes=\"(max-width: 194px) 100vw, 194px\" \/> <img decoding=\"async\" loading=\"lazy\" class=\"alignnone wp-image-591\" src=\"http:\/\/domainedepamadera.nl\/wp-content\/uploads\/2021\/02\/app3-300x300.jpg\" alt=\"\" width=\"196\" height=\"196\" srcset=\"https:\/\/domainedepamadera.nl\/wp-content\/uploads\/2021\/02\/app3-300x300.jpg 300w, https:\/\/domainedepamadera.nl\/wp-content\/uploads\/2021\/02\/app3-150x150.jpg 150w, https:\/\/domainedepamadera.nl\/wp-content\/uploads\/2021\/02\/app3-768x769.jpg 768w, https:\/\/domainedepamadera.nl\/wp-content\/uploads\/2021\/02\/app3.jpg 971w\" sizes=\"(max-width: 196px) 100vw, 196px\" \/> <img decoding=\"async\" loading=\"lazy\" class=\"alignnone wp-image-592\" src=\"http:\/\/domainedepamadera.nl\/wp-content\/uploads\/2021\/02\/app4-295x300.jpg\" alt=\"\" width=\"194\" height=\"197\" srcset=\"https:\/\/domainedepamadera.nl\/wp-content\/uploads\/2021\/02\/app4-295x300.jpg 295w, https:\/\/domainedepamadera.nl\/wp-content\/uploads\/2021\/02\/app4-768x782.jpg 768w, https:\/\/domainedepamadera.nl\/wp-content\/uploads\/2021\/02\/app4.jpg 960w\" sizes=\"(max-width: 194px) 100vw, 194px\" \/><\/p>\n<p><img decoding=\"async\" loading=\"lazy\" class=\"alignnone size-medium wp-image-557\" src=\"http:\/\/domainedepamadera.nl\/wp-content\/uploads\/2021\/02\/191-300x225.jpg\" alt=\"\" width=\"300\" height=\"225\" srcset=\"https:\/\/domainedepamadera.nl\/wp-content\/uploads\/2021\/02\/191-300x225.jpg 300w, https:\/\/domainedepamadera.nl\/wp-content\/uploads\/2021\/02\/191.jpg 640w\" sizes=\"(max-width: 300px) 100vw, 300px\" \/> <img decoding=\"async\" loading=\"lazy\" class=\"alignnone size-medium wp-image-556\" src=\"http:\/\/domainedepamadera.nl\/wp-content\/uploads\/2021\/02\/180-300x225.jpg\" alt=\"\" width=\"300\" height=\"225\" srcset=\"https:\/\/domainedepamadera.nl\/wp-content\/uploads\/2021\/02\/180-300x225.jpg 300w, https:\/\/domainedepamadera.nl\/wp-content\/uploads\/2021\/02\/180.jpg 640w\" sizes=\"(max-width: 300px) 100vw, 300px\" \/><br \/>\n<span style=\"font-family: 'Rock Salt';\"><strong><span lang=\"fr\">Ensuite, nous avons \u00e9galement un appartement pour 6 personnes au-dessus des anciennes \u00e9tables \u00e0 vaches.<\/span><\/strong><\/span><\/p>\n<p>Par un escalier, vous entrez dans une chambre spacieuse avec un lit double, un lit superpos\u00e9 et un canap\u00e9-lit. le salon a un salon et une cuisine et une salle de bain priv\u00e9e. Vous pouvez bien s\u00fbr cuisiner pour vous-m\u00eame, mais en fait, tous nos clients recherchent la commodit\u00e9 d&rsquo;un petit-d\u00e9jeuner copieux et copieux et d&rsquo;un d\u00eener attrayant et de bon go\u00fbt qui vous est offert tous les soirs. Apr\u00e8s tout, ce sont les vacances &#8230;!<\/p>\n<p>Vous pouvez utiliser la v\u00e9randa pour vous asseoir confortablement sur les ensembles de salon existants. Profitez de toutes les installations que le Domaine de Pamadera a \u00e0 offrir avec toute la famille!\u00a0<span class=\"Y2IQFc\" lang=\"fr\" style=\"font-family: 'Rock Salt';\">Tels que Volley-ball, football, basket-ball, salle de fitness, fl\u00e9chettes, snooker, Jeu des Boules, arbre de relaxation, une grande piscine \u00e0 courant, un bain \u00e0 remous au feu de bois, un jacuzzi, une connexion Wi-Fi gratuite et bien plus encore !<\/span><\/p>\n<p>&nbsp;<\/p>\n","protected":false},"excerpt":{"rendered":"<p>G\u00e9n\u00e9ral; g\u00eetes et appartement \u00a0 \u00a0 \u00a0 Notre g\u00eete est adapt\u00e9 pour 6 personnes. Il y a un spacieux salon-salle \u00e0 manger, ainsi qu&rsquo;une cuisine enti\u00e8rement \u00e9quip\u00e9e avec tous les appareils \u00e9lectriques tels que micro-ondes, Senseo, r\u00e9frig\u00e9rateur avec cong\u00e9lateur &#8230; Lorsque nous nous d\u00e9pla\u00e7ons dans le salon, nous y trouvons un grand canap\u00e9, qui peut [&hellip;]<\/p>\n","protected":false},"author":1,"featured_media":0,"parent":0,"menu_order":0,"comment_status":"closed","ping_status":"closed","template":"","meta":{"footnotes":""},"_links":{"self":[{"href":"https:\/\/domainedepamadera.nl\/fr\/wp-json\/wp\/v2\/pages\/274"}],"collection":[{"href":"https:\/\/domainedepamadera.nl\/fr\/wp-json\/wp\/v2\/pages"}],"about":[{"href":"https:\/\/domainedepamadera.nl\/fr\/wp-json\/wp\/v2\/types\/page"}],"author":[{"embeddable":true,"href":"https:\/\/domainedepamadera.nl\/fr\/wp-json\/wp\/v2\/users\/1"}],"replies":[{"embeddable":true,"href":"https:\/\/domainedepamadera.nl\/fr\/wp-json\/wp\/v2\/comments?post=274"}],"version-history":[{"count":31,"href":"https:\/\/domainedepamadera.nl\/fr\/wp-json\/wp\/v2\/pages\/274\/revisions"}],"predecessor-version":[{"id":2433,"href":"https:\/\/domainedepamadera.nl\/fr\/wp-json\/wp\/v2\/pages\/274\/revisions\/2433"}],"wp:attachment":[{"href":"https:\/\/domainedepamadera.nl\/fr\/wp-json\/wp\/v2\/media?parent=274"}],"curies":[{"name":"wp","href":"https:\/\/api.w.org\/{rel}","templated":true}]}}