{"id":3,"date":"2020-11-12T11:56:46","date_gmt":"2020-11-12T11:56:46","guid":{"rendered":"http:\/\/domainedepamadera.nl\/?page_id=3"},"modified":"2022-01-08T17:11:55","modified_gmt":"2022-01-08T17:11:55","slug":"privacybeleid","status":"publish","type":"page","link":"https:\/\/domainedepamadera.nl\/fr\/privacybeleid\/","title":{"rendered":"Politique de confidentialit\u00e9"},"content":{"rendered":"\r\n<h2 class=\"wp-block-heading\"><img decoding=\"async\" loading=\"lazy\" class=\"alignnone size-medium wp-image-674\" src=\"http:\/\/domainedepamadera.nl\/wp-content\/uploads\/2021\/02\/privacy-2-300x181.jpg\" alt=\"\" width=\"300\" height=\"181\" srcset=\"https:\/\/domainedepamadera.nl\/wp-content\/uploads\/2021\/02\/privacy-2-300x181.jpg 300w, https:\/\/domainedepamadera.nl\/wp-content\/uploads\/2021\/02\/privacy-2-768x464.jpg 768w, https:\/\/domainedepamadera.nl\/wp-content\/uploads\/2021\/02\/privacy-2.jpg 938w\" sizes=\"(max-width: 300px) 100vw, 300px\" \/> <img decoding=\"async\" loading=\"lazy\" class=\"alignnone size-medium wp-image-677\" src=\"http:\/\/domainedepamadera.nl\/wp-content\/uploads\/2021\/02\/privacy-4-300x218.jpg\" alt=\"\" width=\"300\" height=\"218\" \/><\/h2>\r\n<p><span style=\"font-family: 'Rock Salt';\"><strong><span lang=\"fr\">Qui sommes nous; L&rsquo;adresse de notre site est: http:\/\/www.domainedepamadera.eu Quelles informations personnelles nous collectons et pourquoi nous les collectons; R\u00e9actions Lorsque les visiteurs laissent des commentaires sur le site, nous collectons les donn\u00e9es affich\u00e9es dans le formulaire de commentaires, ainsi que l&rsquo;adresse IP du visiteur et la cha\u00eene de l&rsquo;agent utilisateur du navigateur pour aider \u00e0 la d\u00e9tection du spam. Une cha\u00eene anonyme, cr\u00e9\u00e9e \u00e0 partir de votre adresse e-mail (\u00e9galement appel\u00e9e hachage) peut \u00eatre envoy\u00e9e au service Gravatar si vous l&rsquo;utilisez. La page de politique de confidentialit\u00e9 se trouve ici: https:\/\/automattic.com\/privacy\/. Une fois votre commentaire approuv\u00e9, votre photo de profil sera visible publiquement dans le contexte de votre commentaire. M\u00e9dias Si vous \u00eates un utilisateur enregistr\u00e9 et que vous t\u00e9l\u00e9chargez des images sur le site, vous devez \u00e9viter de t\u00e9l\u00e9charger des images contenant des donn\u00e9es de localisation GPS EXIF. Les visiteurs du site peuvent t\u00e9l\u00e9charger les images du site et afficher les informations de localisation. Formulaires de contact Biscuits Lorsque vous laissez un commentaire sur notre site, vous pouvez indiquer si votre nom, votre adresse e-mail et votre site peuvent \u00eatre stock\u00e9s dans un cookie. Nous faisons cela pour votre commodit\u00e9 afin que vous n&rsquo;ayez pas \u00e0 ressaisir ces informations pour une nouvelle r\u00e9ponse. Ces cookies sont valables un an. Lorsque vous visitez notre page de connexion, nous stockons un cookie temporaire pour v\u00e9rifier si votre navigateur accepte les cookies. Ce cookie ne contient aucune donn\u00e9e personnelle et est supprim\u00e9 lorsque vous fermez votre navigateur. D\u00e8s que vous vous connectez, nous stockerons certains cookies en relation avec vos informations de connexion et vos options d&rsquo;affichage \u00e0 l&rsquo;\u00e9cran. Les cookies de connexion sont valables 2 jours et les cookies d&rsquo;options d&rsquo;\u00e9cran durent 1 an. Si vous s\u00e9lectionnez \u00ab\u00a0Me le rappeler\u00a0\u00bb, votre identifiant sera enregistr\u00e9 pendant 2 semaines. D\u00e8s que vous vous d\u00e9connectez de votre compte, les cookies de connexion sont supprim\u00e9s. Lorsque vous modifiez ou publiez un message, un cookie suppl\u00e9mentaire est stock\u00e9 par votre navigateur. Ce cookie ne contient aucune donn\u00e9e personnelle et contient uniquement l&rsquo;identifiant de publication de l&rsquo;article que vous avez \u00e9dit\u00e9. Ce cookie expire au bout d&rsquo;un jour. Contenu int\u00e9gr\u00e9 d&rsquo;autres sites Les messages sur ce site peuvent contenir du contenu int\u00e9gr\u00e9 (int\u00e9gr\u00e9) (par exemple des vid\u00e9os, des images, des messages, etc.). Le contenu int\u00e9gr\u00e9 d&rsquo;autres sites se comporte exactement de la m\u00eame mani\u00e8re que si le visiteur avait visit\u00e9 cet autre site. Ces sites peuvent collecter des informations sur vous, utiliser des cookies, int\u00e9grer un suivi tiers suppl\u00e9mentaire et surveiller votre interaction avec ce contenu int\u00e9gr\u00e9, y compris la journalisation de votre interaction avec le contenu int\u00e9gr\u00e9 si vous avez un compte et \u00eates connect\u00e9 \u00e0 ce site.<\/span><\/strong><\/span><\/p>\r\n<p><span style=\"font-family: 'Rock Salt';\"><strong>\r\n\r\n<\/strong><\/span><\/p>\r\n<h3 class=\"wp-block-heading\"><span style=\"font-family: 'Rock Salt';\"><strong><img decoding=\"async\" loading=\"lazy\" class=\"alignnone  wp-image-675\" src=\"http:\/\/domainedepamadera.nl\/wp-content\/uploads\/2021\/02\/privacy-3-300x290.jpg\" alt=\"\" width=\"208\" height=\"201\" \/> <img decoding=\"async\" loading=\"lazy\" class=\"alignnone size-medium wp-image-676\" src=\"http:\/\/domainedepamadera.nl\/wp-content\/uploads\/2021\/02\/privacy-1-300x201.jpg\" alt=\"\" width=\"300\" height=\"201\" \/><\/strong><\/span><\/h3>\r\n<p><span style=\"font-family: 'Rock Salt';\"><strong><span lang=\"fr\">Analytique Avec qui partageons-nous vos donn\u00e9es, Combien de temps nous conservons vos donn\u00e9es Lorsque vous laissez un commentaire, le commentaire et ses m\u00e9tadonn\u00e9es seront conserv\u00e9s ind\u00e9finiment. De cette fa\u00e7on, nous pouvons automatiquement reconna\u00eetre et approuver les commentaires de suivi au lieu d&rsquo;avoir \u00e0 les mod\u00e9rer. Pour les utilisateurs qui s&rsquo;inscrivent sur notre site (le cas \u00e9ch\u00e9ant), nous stockons \u00e9galement les informations personnelles qu&rsquo;ils fournissent dans leur profil d&rsquo;utilisateur. Tous les utilisateurs peuvent afficher, modifier ou supprimer leurs informations personnelles \u00e0 tout moment (sauf qu&rsquo;ils ne peuvent pas changer leur nom d&rsquo;utilisateur). Les administrateurs du site peuvent \u00e9galement afficher et modifier ces informations. Quels droits vous avez sur vos donn\u00e9es Si vous avez un compte sur ce site ou si vous avez laiss\u00e9 des commentaires, vous pouvez demander un fichier d&rsquo;exportation de vos informations personnelles que nous d\u00e9tenons \u00e0 votre sujet, y compris les informations que vous nous avez fournies. Vous pouvez \u00e9galement demander que nous supprimions toutes les informations personnelles que nous d\u00e9tenons \u00e0 votre sujet. Cela n&rsquo;inclut pas les donn\u00e9es que nous sommes tenus de conserver \u00e0 des fins administratives, juridiques ou de s\u00e9curit\u00e9. O\u00f9 nous envoyons vos donn\u00e9es Les commentaires des visiteurs peuvent \u00eatre v\u00e9rifi\u00e9s via un service automatis\u00e9 de d\u00e9tection de spam. Vos coordonn\u00e9es Information additionnelle; Comment nous prot\u00e9geons vos donn\u00e9es Quelles proc\u00e9dures de fuite de donn\u00e9es nous avons mises en \u0153uvre De quels tiers nous recevons des donn\u00e9es Quel type de prise de d\u00e9cision automatis\u00e9e et \/ ou de profilage que nous faisons avec les donn\u00e9es des utilisateurs Obligations de divulgation de l&rsquo;industrie<\/span><\/strong><\/span><\/p>\r\n","protected":false},"excerpt":{"rendered":"<p>Qui sommes nous; L&rsquo;adresse de notre site est: http:\/\/www.domainedepamadera.eu Quelles informations personnelles nous collectons et pourquoi nous les collectons; R\u00e9actions Lorsque les visiteurs laissent des commentaires sur le site, nous collectons les donn\u00e9es affich\u00e9es dans le formulaire de commentaires, ainsi que l&rsquo;adresse IP du visiteur et la cha\u00eene de l&rsquo;agent utilisateur du navigateur pour aider [&hellip;]<\/p>\n","protected":false},"author":1,"featured_media":0,"parent":0,"menu_order":0,"comment_status":"closed","ping_status":"open","template":"","meta":{"footnotes":""},"_links":{"self":[{"href":"https:\/\/domainedepamadera.nl\/fr\/wp-json\/wp\/v2\/pages\/3"}],"collection":[{"href":"https:\/\/domainedepamadera.nl\/fr\/wp-json\/wp\/v2\/pages"}],"about":[{"href":"https:\/\/domainedepamadera.nl\/fr\/wp-json\/wp\/v2\/types\/page"}],"author":[{"embeddable":true,"href":"https:\/\/domainedepamadera.nl\/fr\/wp-json\/wp\/v2\/users\/1"}],"replies":[{"embeddable":true,"href":"https:\/\/domainedepamadera.nl\/fr\/wp-json\/wp\/v2\/comments?post=3"}],"version-history":[{"count":12,"href":"https:\/\/domainedepamadera.nl\/fr\/wp-json\/wp\/v2\/pages\/3\/revisions"}],"predecessor-version":[{"id":1743,"href":"https:\/\/domainedepamadera.nl\/fr\/wp-json\/wp\/v2\/pages\/3\/revisions\/1743"}],"wp:attachment":[{"href":"https:\/\/domainedepamadera.nl\/fr\/wp-json\/wp\/v2\/media?parent=3"}],"curies":[{"name":"wp","href":"https:\/\/api.w.org\/{rel}","templated":true}]}}