{"id":303,"date":"2020-12-23T10:46:20","date_gmt":"2020-12-23T10:46:20","guid":{"rendered":"http:\/\/domainedepamadera.nl\/?page_id=303"},"modified":"2022-01-08T17:08:56","modified_gmt":"2022-01-08T17:08:56","slug":"partners","status":"publish","type":"page","link":"https:\/\/domainedepamadera.nl\/fr\/partners\/","title":{"rendered":"Partners"},"content":{"rendered":"\n<p><img decoding=\"async\" loading=\"lazy\" class=\"alignnone size-medium wp-image-1533\" src=\"https:\/\/domainedepamadera.nl\/wp-content\/uploads\/2022\/01\/4238976C-33CA-4AE3-B7CA-DBD441B0D96B-228x300.jpeg\" alt=\"\" width=\"228\" height=\"300\" srcset=\"https:\/\/domainedepamadera.nl\/wp-content\/uploads\/2022\/01\/4238976C-33CA-4AE3-B7CA-DBD441B0D96B-228x300.jpeg 228w, https:\/\/domainedepamadera.nl\/wp-content\/uploads\/2022\/01\/4238976C-33CA-4AE3-B7CA-DBD441B0D96B-778x1024.jpeg 778w, https:\/\/domainedepamadera.nl\/wp-content\/uploads\/2022\/01\/4238976C-33CA-4AE3-B7CA-DBD441B0D96B-768x1011.jpeg 768w, https:\/\/domainedepamadera.nl\/wp-content\/uploads\/2022\/01\/4238976C-33CA-4AE3-B7CA-DBD441B0D96B.jpeg 1125w\" sizes=\"(max-width: 228px) 100vw, 228px\" \/> <img decoding=\"async\" loading=\"lazy\" class=\"alignnone size-medium wp-image-1524\" src=\"https:\/\/domainedepamadera.nl\/wp-content\/uploads\/2022\/01\/18871DEC-2DAD-4FE3-A32A-9458CC936C41-300x225.jpeg\" alt=\"\" width=\"300\" height=\"225\" srcset=\"https:\/\/domainedepamadera.nl\/wp-content\/uploads\/2022\/01\/18871DEC-2DAD-4FE3-A32A-9458CC936C41-300x225.jpeg 300w, https:\/\/domainedepamadera.nl\/wp-content\/uploads\/2022\/01\/18871DEC-2DAD-4FE3-A32A-9458CC936C41-1024x768.jpeg 1024w, https:\/\/domainedepamadera.nl\/wp-content\/uploads\/2022\/01\/18871DEC-2DAD-4FE3-A32A-9458CC936C41-768x576.jpeg 768w, https:\/\/domainedepamadera.nl\/wp-content\/uploads\/2022\/01\/18871DEC-2DAD-4FE3-A32A-9458CC936C41-1536x1152.jpeg 1536w, https:\/\/domainedepamadera.nl\/wp-content\/uploads\/2022\/01\/18871DEC-2DAD-4FE3-A32A-9458CC936C41-2048x1536.jpeg 2048w\" sizes=\"(max-width: 300px) 100vw, 300px\" \/> <img decoding=\"async\" loading=\"lazy\" class=\"alignnone size-medium wp-image-1531\" src=\"https:\/\/domainedepamadera.nl\/wp-content\/uploads\/2022\/01\/A2387E2C-4650-4E23-9A47-AA312219BD74-300x221.jpeg\" alt=\"\" width=\"300\" height=\"221\" srcset=\"https:\/\/domainedepamadera.nl\/wp-content\/uploads\/2022\/01\/A2387E2C-4650-4E23-9A47-AA312219BD74-300x221.jpeg 300w, https:\/\/domainedepamadera.nl\/wp-content\/uploads\/2022\/01\/A2387E2C-4650-4E23-9A47-AA312219BD74-1024x755.jpeg 1024w, https:\/\/domainedepamadera.nl\/wp-content\/uploads\/2022\/01\/A2387E2C-4650-4E23-9A47-AA312219BD74-768x566.jpeg 768w, https:\/\/domainedepamadera.nl\/wp-content\/uploads\/2022\/01\/A2387E2C-4650-4E23-9A47-AA312219BD74.jpeg 1125w\" sizes=\"(max-width: 300px) 100vw, 300px\" \/><br \/>\n<span style=\"font-family: 'Rock Salt';\"><strong><span lang=\"fr\">Nous vous informerons prochainement des nouveaux itin\u00e9raires de course \u00e0 pied et \u00e0 v\u00e9lo autour de notre domaine. En 2022, il y aura \u00e9galement un arrangement sp\u00e9cial pour les passionn\u00e9s de moto o\u00f9 vous pourrez explorer le magnifique paysage de la Dordogne avec votre fid\u00e8le passe-temps \u00e0 vos c\u00f4t\u00e9s.<\/span><\/strong><\/span><\/p>\n<p>Gardez un \u0153il sur l&rsquo;actualit\u00e9 et restez inform\u00e9 des possibilit\u00e9s pour des vacances inoubliables au Domaine de Pamadera<\/p>\n","protected":false},"excerpt":{"rendered":"<p>Nous vous informerons prochainement des nouveaux itin\u00e9raires de course \u00e0 pied et \u00e0 v\u00e9lo autour de notre domaine. En 2022, il y aura \u00e9galement un arrangement sp\u00e9cial pour les passionn\u00e9s de moto o\u00f9 vous pourrez explorer le magnifique paysage de la Dordogne avec votre fid\u00e8le passe-temps \u00e0 vos c\u00f4t\u00e9s. Gardez un \u0153il sur l&rsquo;actualit\u00e9 et [&hellip;]<\/p>\n","protected":false},"author":1,"featured_media":0,"parent":0,"menu_order":0,"comment_status":"closed","ping_status":"closed","template":"","meta":{"footnotes":""},"_links":{"self":[{"href":"https:\/\/domainedepamadera.nl\/fr\/wp-json\/wp\/v2\/pages\/303"}],"collection":[{"href":"https:\/\/domainedepamadera.nl\/fr\/wp-json\/wp\/v2\/pages"}],"about":[{"href":"https:\/\/domainedepamadera.nl\/fr\/wp-json\/wp\/v2\/types\/page"}],"author":[{"embeddable":true,"href":"https:\/\/domainedepamadera.nl\/fr\/wp-json\/wp\/v2\/users\/1"}],"replies":[{"embeddable":true,"href":"https:\/\/domainedepamadera.nl\/fr\/wp-json\/wp\/v2\/comments?post=303"}],"version-history":[{"count":17,"href":"https:\/\/domainedepamadera.nl\/fr\/wp-json\/wp\/v2\/pages\/303\/revisions"}],"predecessor-version":[{"id":1735,"href":"https:\/\/domainedepamadera.nl\/fr\/wp-json\/wp\/v2\/pages\/303\/revisions\/1735"}],"wp:attachment":[{"href":"https:\/\/domainedepamadera.nl\/fr\/wp-json\/wp\/v2\/media?parent=303"}],"curies":[{"name":"wp","href":"https:\/\/api.w.org\/{rel}","templated":true}]}}