{"id":315,"date":"2020-12-23T10:55:53","date_gmt":"2020-12-23T10:55:53","guid":{"rendered":"http:\/\/domainedepamadera.nl\/?page_id=315"},"modified":"2022-01-08T17:10:31","modified_gmt":"2022-01-08T17:10:31","slug":"privacy-verklaring","status":"publish","type":"page","link":"https:\/\/domainedepamadera.nl\/fr\/privacy-verklaring\/","title":{"rendered":"D\u00e9claration de confidentialit\u00e9"},"content":{"rendered":"<p><br \/>\n<span style=\"font-family: 'Rock Salt';\"><strong><span lang=\"fr\">D\u00e9claration de confidentialit\u00e9;<\/span><\/strong><\/span><\/p>\n<p>Version 1 janvier 2022<\/p>\n<p>Cette d\u00e9claration de confidentialit\u00e9 s&rsquo;applique \u00e0 www.domainedepamadera.eu et www.domainedepamadera.nl Ces sites sont d\u00e9tenus et exploit\u00e9s par Domaine de Pamadera. Cette d\u00e9claration de confidentialit\u00e9 d\u00e9crit comment nous collectons et utilisons les informations que vous fournissez sur nos sites susmentionn\u00e9s. Il d\u00e9crit \u00e9galement les choix que vous avez concernant notre utilisation de vos donn\u00e9es personnelles et la mani\u00e8re dont vous pouvez acc\u00e9der et mettre \u00e0 jour ces informations.<\/p>\n<p>Collecte de donn\u00e9es<\/p>\n<p>Les diff\u00e9rentes donn\u00e9es personnelles que nous collectons pour une r\u00e9servation comprennent:<\/p>\n<p>Votre pr\u00e9nom, nom, adresse e-mail, num\u00e9ro de t\u00e9l\u00e9phone et adresse personnelle;<br \/>\nDes informations sur le s\u00e9jour, telles que la date d&rsquo;arriv\u00e9e et de d\u00e9part, le type de chambre, le nombre de personnes et une explication de celui-ci indiqu\u00e9 par vous;<\/p>\n<p>Vous d\u00e9cidez quelles donn\u00e9es personnelles vous souhaitez partager avec nous. Nous avons besoin des sections marqu\u00e9es d&rsquo;un * pour terminer la r\u00e9servation. Les autres informations ne doivent pas \u00eatre remplies.<\/p>\n<p>Informations que nous recueillons automatiquement<\/p>\n<p>Lors de l&rsquo;utilisation de notre site Web, nous collectons \u00e9galement automatiquement des donn\u00e9es, y compris des donn\u00e9es personnelles. Cela inclut des donn\u00e9es telles que les param\u00e8tres de langue, l&rsquo;adresse IP, l&#8217;emplacement, les param\u00e8tres de l&rsquo;appareil, le syst\u00e8me d&rsquo;exploitation de l&rsquo;appareil, les donn\u00e9es du journal, le temps d&rsquo;utilisation, l&rsquo;URL demand\u00e9e, le rapport d&rsquo;\u00e9tat, l&rsquo;agent utilisateur (informations sur la version du navigateur), le syst\u00e8me d&rsquo;exploitation, le r\u00e9sultat (visionneuse ou booker), historique de recherche, identifiant de r\u00e9servation du booker et type de donn\u00e9es visualis\u00e9es. Nous pouvons \u00e9galement collecter des donn\u00e9es automatiquement via des cookies.<\/p>\n<p>Un cookie est un petit fichier texte qui est stock\u00e9 dans le navigateur afin de pouvoir se souvenir de certaines donn\u00e9es lors de votre visite sur notre site Web.<\/p>\n<p>Le fait n&rsquo;est pas tant que nous pla\u00e7ons un cookie sur votre ordinateur, mais que d&rsquo;autres entreprises peuvent le faire aussi. Gr\u00e2ce \u00e0 notre package de statistiques (Google Analytics), des cookies sont \u00e9galement plac\u00e9s par cette soci\u00e9t\u00e9. Et ces cookies peuvent \u00eatre utilis\u00e9s pour suivre votre comportement sur Internet et vous montrer des publicit\u00e9s cibl\u00e9es.<\/p>\n<p><span style=\"font-family: 'Rock Salt';\"><strong><span lang=\"fr\">Nous ne voulons pas que vous soyez suivi de mani\u00e8re ind\u00e9sirable, mais nous avons besoin de statistiques pour pouvoir vous fournir le meilleur service possible \u00e0 l&rsquo;avenir. Vous trouverez ci-dessous un certain nombre d&rsquo;actions que vous pouvez entreprendre pour prendre les choses en main:<\/span><\/strong><\/span><\/p>\n<p>D\u00e9sactivez automatiquement les \u00ab\u00a0cookies tiers\u00a0\u00bb dans le navigateur. Les navigateurs modernes (Chrome et Firefox) offrent de nombreuses options pour cela.<br \/>\nIndiquez dans les param\u00e8tres du navigateur que vous ne souhaitez pas \u00eatre \u00ab\u00a0suivi\u00a0\u00bb.<br \/>\nVous pouvez toujours supprimer les cookies plac\u00e9s du navigateur. Ceux-ci peuvent \u00e9galement \u00eatre bloqu\u00e9s par domaine.<br \/>\nFinalit\u00e9s du traitement<\/p>\n<p>Nous utilisons vos donn\u00e9es personnelles aux fins suivantes:<\/p>\n<p>R\u00e9servations: nous utilisons vos donn\u00e9es personnelles pour compl\u00e9ter et traiter votre r\u00e9servation en ligne.<br \/>\nService client: nous utilisons vos donn\u00e9es personnelles pour fournir un service client.<br \/>\nAvis clients: nous pouvons utiliser vos coordonn\u00e9es pour vous inviter par e-mail \u00e0 r\u00e9diger un avis client apr\u00e8s votre s\u00e9jour. Cela peut aider les autres voyageurs \u00e0 choisir l&rsquo;h\u00e9bergement qui leur convient le mieux.<br \/>\n\u00c0 des fins de marketing: dans la mesure permise par la loi, nous utilisons \u00e9galement vos donn\u00e9es \u00e0 des fins de marketing. Lorsque nous utilisons vos donn\u00e9es personnelles \u00e0 des fins de marketing direct, telles que les newsletters, vous trouverez \u00e9galement un lien de d\u00e9sabonnement si vous ne souhaitez plus recevoir ces messages.<br \/>\nBases l\u00e9gales<br \/>\nCompte tenu de l&rsquo;objectif des finalit\u00e9s ci-dessus, nous nous basons sur l&rsquo;ex\u00e9cution d&rsquo;un contrat. L&rsquo;utilisation de vos donn\u00e9es peut \u00eatre n\u00e9cessaire \u00e0 l&rsquo;ex\u00e9cution de votre contrat avec nous. Par exemple, si vous utilisez nos services pour r\u00e9server en ligne, nous utiliserons vos informations pour remplir notre obligation contractuelle de compl\u00e9ter et de g\u00e9rer votre r\u00e9servation avec nous.<br \/>\nCompte tenu des finalit\u00e9s des finalit\u00e9s \u00e9nonc\u00e9es par ailleurs, nous nous basons sur les int\u00e9r\u00eats l\u00e9gitimes: nous utilisons vos donn\u00e9es pour nos int\u00e9r\u00eats l\u00e9gitimes, tels que le contenu le plus appropri\u00e9 pour le site Web,<br \/>\nFournir des courriels et des bulletins d&rsquo;information pour am\u00e9liorer et promouvoir nos produits et services et le contenu de notre site Web, et \u00e0 des fins administratives, de d\u00e9tection de fraude et \u00e0 des fins juridiques. Lorsque nous utilisons des donn\u00e9es personnelles pour nos int\u00e9r\u00eats l\u00e9gitimes, nous recherchons toujours un \u00e9quilibre \u00e9quilibr\u00e9 de vos droits et int\u00e9r\u00eats en vue de prot\u00e9ger vos donn\u00e9es contre nos droits et int\u00e9r\u00eats.<br \/>\nLe cas \u00e9ch\u00e9ant, en vertu de la loi applicable, nous vous demanderons votre consentement avant de traiter vos donn\u00e9es personnelles \u00e0 des fins de marketing direct.<\/p>\n<p>Si n\u00e9cessaire conform\u00e9ment \u00e0 la loi applicable, nous vous demanderons votre consentement. Vous pouvez retirer votre consentement \u00e0 tout moment en nous contactant \u00e0 l&rsquo;une des adresses \u00e0 la fin de cette d\u00e9claration de confidentialit\u00e9.<\/p>\n<p><span style=\"font-family: 'Rock Salt';\"><strong><span lang=\"fr\">Si vous souhaitez vous opposer au traitement de l&rsquo;une des finalit\u00e9s, mais qu&rsquo;aucun m\u00e9canisme de d\u00e9sinscription ne vous est directement disponible (par exemple dans les param\u00e8tres de votre compte), veuillez nous contacter \u00e0 info@domainedepamadera.eu<\/span><\/strong><\/span><\/p>\n<p>Partage de donn\u00e9es<\/p>\n<p>La newsletter de Maison &lsquo;L Aventure de Pamadera est envoy\u00e9e via le fournisseur de messagerie KPN Pays-Bas<\/p>\n<p>Si vous vous inscrivez \u00e0 la newsletter, vous acceptez que les donn\u00e9es que vous avez saisies soient envoy\u00e9es \u00e0 KPN pour traitement conform\u00e9ment \u00e0 la politique de confidentialit\u00e9 de KPN comme indiqu\u00e9 dans les conditions g\u00e9n\u00e9rales de KPN Nederland<\/p>\n<p>Conservation des donn\u00e9es<\/p>\n<p>Nous conserverons vos informations, y compris les donn\u00e9es personnelles, aussi longtemps que nous le jugerons n\u00e9cessaire pour vous fournir des services, nous conformer \u00e0 la loi applicable, r\u00e9soudre les litiges avec les parties et autrement si n\u00e9cessaire pour nous permettre de mener nos activit\u00e9s, y compris la d\u00e9tection et la pr\u00e9vention de la fraude ou autres activit\u00e9s ill\u00e9gales. Toutes les donn\u00e9es personnelles conserv\u00e9es sont soumises \u00e0 cette d\u00e9claration de confidentialit\u00e9. Si vous avez une question sur une p\u00e9riode de conservation sp\u00e9cifique pour certains types de donn\u00e9es personnelles que nous traitons \u00e0 votre sujet, veuillez nous contacter en utilisant les coordonn\u00e9es ci-dessous.<\/p>\n<p>Options et droits<\/p>\n<p>Nous voulons que vous ayez le contr\u00f4le de la fa\u00e7on dont vos donn\u00e9es personnelles sont utilis\u00e9es par nous. Vous pouvez le faire des mani\u00e8res suivantes:<\/p>\n<p>Vous pouvez nous demander une copie des donn\u00e9es personnelles que nous d\u00e9tenons \u00e0 votre sujet;<br \/>\nVous pouvez nous informer des modifications apport\u00e9es \u00e0 vos donn\u00e9es personnelles, ou nous demander de corriger les donn\u00e9es personnelles que nous d\u00e9tenons \u00e0 votre sujet, et<br \/>\nVous pouvez nous demander de supprimer, bloquer ou restreindre le traitement des donn\u00e9es personnelles que nous d\u00e9tenons \u00e0 votre sujet, ou vous opposer \u00e0 la mani\u00e8re dont nous utilisons vos donn\u00e9es personnelles.<\/p>\n<p><span style=\"font-family: 'Rock Salt';\"><strong><span lang=\"fr\">Lorsque nous utilisons vos donn\u00e9es personnelles avec votre consentement, vous avez le droit de retirer ce consentement \u00e0 tout moment, sous r\u00e9serve de la loi applicable. En outre, lorsque nous traitons vos donn\u00e9es personnelles sur la base d&rsquo;un int\u00e9r\u00eat l\u00e9gitime ou d&rsquo;un int\u00e9r\u00eat public, vous avez le droit de vous opposer \u00e0 tout moment \u00e0 cette utilisation de vos donn\u00e9es personnelles sous r\u00e9serve de la loi applicable.<\/span><\/strong><\/span><\/p>\n<p>Nous comptons sur vous pour nous assurer que vos donn\u00e9es personnelles sont compl\u00e8tes, correctes et \u00e0 jour. Veuillez nous informer imm\u00e9diatement de tout changement ou inexactitude de vos donn\u00e9es personnelles en contactant info@domainedepamadera.eu Nous traiterons votre demande conform\u00e9ment \u00e0 la loi applicable.<\/p>\n<p>Questions ou r\u00e9clamations<\/p>\n<p>Si vous avez des questions ou des pr\u00e9occupations concernant notre traitement de vos donn\u00e9es personnelles, ou si vous souhaitez exercer l&rsquo;un des droits que vous avez en vertu du pr\u00e9sent avis, vous \u00eates invit\u00e9s \u00e0 nous contacter \u00e0 info@domaindedepamadera.eu. Vous pouvez \u00e9galement contacter l&rsquo;Autorit\u00e9 n\u00e9erlandaise de protection des donn\u00e9es ou l&rsquo;Autorit\u00e9 de protection des donn\u00e9es pour toute question ou r\u00e9clamation.<\/p>\n<p>Modifications de l&rsquo;avis<\/p>\n<p>Cette d\u00e9claration de confidentialit\u00e9 changera \u00e9galement de temps \u00e0 autre. Si vous souhaitez \u00eatre tenu inform\u00e9 des modifications apport\u00e9es \u00e0 cette d\u00e9claration de confidentialit\u00e9, nous vous recommandons de visiter cette page r\u00e9guli\u00e8rement. Si nous apportons des modifications importantes ou apportons des modifications qui vous concernent (par exemple, lorsque nous commen\u00e7ons \u00e0 traiter vos donn\u00e9es personnelles \u00e0 des fins autres que celles d\u00e9crites ci-dessus), nous vous contacterons avant de commencer ce traitement.<\/p>\n<p>Vous pouvez toujours nous contacter via notre adresse e-mail avec des questions suppl\u00e9mentaires; www.domainedepamadera.eu<\/p>\n","protected":false},"excerpt":{"rendered":"<p>D\u00e9claration de confidentialit\u00e9; Version 1 janvier 2022 Cette d\u00e9claration de confidentialit\u00e9 s&rsquo;applique \u00e0 www.domainedepamadera.eu et www.domainedepamadera.nl Ces sites sont d\u00e9tenus et exploit\u00e9s par Domaine de Pamadera. Cette d\u00e9claration de confidentialit\u00e9 d\u00e9crit comment nous collectons et utilisons les informations que vous fournissez sur nos sites susmentionn\u00e9s. Il d\u00e9crit \u00e9galement les choix que vous avez concernant notre [&hellip;]<\/p>\n","protected":false},"author":1,"featured_media":0,"parent":0,"menu_order":0,"comment_status":"closed","ping_status":"closed","template":"","meta":{"footnotes":""},"_links":{"self":[{"href":"https:\/\/domainedepamadera.nl\/fr\/wp-json\/wp\/v2\/pages\/315"}],"collection":[{"href":"https:\/\/domainedepamadera.nl\/fr\/wp-json\/wp\/v2\/pages"}],"about":[{"href":"https:\/\/domainedepamadera.nl\/fr\/wp-json\/wp\/v2\/types\/page"}],"author":[{"embeddable":true,"href":"https:\/\/domainedepamadera.nl\/fr\/wp-json\/wp\/v2\/users\/1"}],"replies":[{"embeddable":true,"href":"https:\/\/domainedepamadera.nl\/fr\/wp-json\/wp\/v2\/comments?post=315"}],"version-history":[{"count":15,"href":"https:\/\/domainedepamadera.nl\/fr\/wp-json\/wp\/v2\/pages\/315\/revisions"}],"predecessor-version":[{"id":1740,"href":"https:\/\/domainedepamadera.nl\/fr\/wp-json\/wp\/v2\/pages\/315\/revisions\/1740"}],"wp:attachment":[{"href":"https:\/\/domainedepamadera.nl\/fr\/wp-json\/wp\/v2\/media?parent=315"}],"curies":[{"name":"wp","href":"https:\/\/api.w.org\/{rel}","templated":true}]}}