{"id":318,"date":"2020-12-23T11:02:27","date_gmt":"2020-12-23T11:02:27","guid":{"rendered":"http:\/\/domainedepamadera.nl\/?page_id=318"},"modified":"2022-01-09T12:48:06","modified_gmt":"2022-01-09T12:48:06","slug":"route","status":"publish","type":"page","link":"https:\/\/domainedepamadera.nl\/fr\/route\/","title":{"rendered":"Route"},"content":{"rendered":"<p><br \/>\n<span style=\"font-family: 'Rock Salt';\"><strong><span lang=\"fr\">Vous voyagez en voiture?<\/span><\/strong><\/span><\/p>\n<p><span style=\"font-family: 'Rock Salt';\"><strong><img decoding=\"async\" loading=\"lazy\" class=\"alignnone size-medium wp-image-690\" src=\"http:\/\/domainedepamadera.nl\/wp-content\/uploads\/2021\/02\/reis-2-300x228.jpg\" alt=\"\" width=\"300\" height=\"228\" srcset=\"https:\/\/domainedepamadera.nl\/wp-content\/uploads\/2021\/02\/reis-2-300x228.jpg 300w, https:\/\/domainedepamadera.nl\/wp-content\/uploads\/2021\/02\/reis-2-768x584.jpg 768w, https:\/\/domainedepamadera.nl\/wp-content\/uploads\/2021\/02\/reis-2.jpg 963w\" sizes=\"(max-width: 300px) 100vw, 300px\" \/> <img decoding=\"async\" loading=\"lazy\" class=\"alignnone size-medium wp-image-689\" src=\"http:\/\/domainedepamadera.nl\/wp-content\/uploads\/2021\/02\/reis-3-300x117.jpg\" alt=\"\" width=\"300\" height=\"117\" srcset=\"https:\/\/domainedepamadera.nl\/wp-content\/uploads\/2021\/02\/reis-3-300x117.jpg 300w, https:\/\/domainedepamadera.nl\/wp-content\/uploads\/2021\/02\/reis-3.jpg 583w\" sizes=\"(max-width: 300px) 100vw, 300px\" \/><\/strong><\/span><br \/>\n<span style=\"font-family: 'Rock Salt';\"><strong><span lang=\"fr\">Les coordonn\u00e9es pour visiter le Domaine de Pamadera sont:<\/span><\/strong><\/span><\/p>\n<p>Coordonn\u00e9es GPS: N45 * 32&rsquo;02 \u00ab\u00a0\/ E 0 * 53&rsquo;32\u00a0\u00bb<\/p>\n<p>L&rsquo;adresse compl\u00e8te est:<\/p>\n<p>7 Les Parcs, 24450 Mialet, France<\/p>\n<p>Les panneaux du Domaine de Pamadera vous guideront dans les derniers kilom\u00e8tres \u00e0 travers le paysage vallonn\u00e9 de verdure jusqu&rsquo;\u00e0 votre adresse de vacances bien m\u00e9rit\u00e9e. Si vous rencontrez toujours des probl\u00e8mes, vous pouvez toujours nous contacter.<\/p>\n<p><span style=\"font-family: 'Rock Salt';\"><strong><img decoding=\"async\" loading=\"lazy\" class=\"alignnone size-medium wp-image-688\" src=\"http:\/\/domainedepamadera.nl\/wp-content\/uploads\/2021\/02\/reis-4-300x127.jpg\" alt=\"\" width=\"300\" height=\"127\" srcset=\"https:\/\/domainedepamadera.nl\/wp-content\/uploads\/2021\/02\/reis-4-300x127.jpg 300w, https:\/\/domainedepamadera.nl\/wp-content\/uploads\/2021\/02\/reis-4.jpg 602w\" sizes=\"(max-width: 300px) 100vw, 300px\" \/> <img decoding=\"async\" loading=\"lazy\" class=\"alignnone wp-image-687\" src=\"http:\/\/domainedepamadera.nl\/wp-content\/uploads\/2021\/02\/reis-5-300x198.jpg\" alt=\"\" width=\"192\" height=\"127\" \/><\/strong><\/span><br \/>\n<span style=\"font-family: 'Rock Salt';\"><strong><span lang=\"fr\">Les routes en France sont praticables. Depuis les Pays-Bas, vous devrez faire face \u00e0 deux routes \u00e0 p\u00e9age, prenez en compte le paiement (total aller simple 40 euros) pour cela vous obtiendrez des routes s\u00fbres et bien entretenues avec suffisamment d&rsquo;arr\u00eats et de toilettes sur le chemin!<\/span><\/strong><\/span><\/p>\n<p><span style=\"font-family: 'Rock Salt';\"><strong><img decoding=\"async\" loading=\"lazy\" class=\"alignnone size-medium wp-image-685\" src=\"http:\/\/domainedepamadera.nl\/wp-content\/uploads\/2021\/02\/reis-300x260.jpg\" alt=\"\" width=\"300\" height=\"260\" \/><\/strong><\/span><br \/>\n<span style=\"font-family: 'Rock Salt';\"><strong><span lang=\"fr\">Vous voyagez en train?<\/span><\/strong><\/span><\/p>\n<p>Le train est \u00e9galement une option. La liaison la plus rapide depuis les Pays-Bas est avec le Thalys vers Bordeaux, ce trajet dure environ 4,5 heures et peut \u00eatre r\u00e9serv\u00e9 via https:\/\/treintickets.nshispeed.nl\/ Depuis Bordeaux, il faut le savoir.<\/p>\n<p>Les trains fran\u00e7ais peuvent \u00eatre r\u00e9serv\u00e9s via http:\/\/www.voyages-sncf.com.<\/p>\n<p>Vous voyagez par avion?<\/p>\n<p>L&rsquo;a\u00e9roport international le plus proche est celui de Limoges ou Laroche, \u00e0 40-60 km de chez nous.<\/p>\n<p><span style=\"font-family: 'Rock Salt';\"><strong><img decoding=\"async\" loading=\"lazy\" class=\"alignnone size-medium wp-image-686\" src=\"http:\/\/domainedepamadera.nl\/wp-content\/uploads\/2021\/02\/reis-6-300x194.jpg\" alt=\"\" width=\"300\" height=\"194\" \/><\/strong><\/span><br \/>\n<span style=\"font-family: 'Rock Salt';\"><strong><span lang=\"fr\">Vous voyagez en bus?<\/span><\/strong><\/span><\/p>\n<p>Vous pr\u00e9f\u00e9rez voyager en bus? Ensuite, prenez le Flixbus ou r\u00e9servez une place \u00e0 Eurolines.<br \/>\nPour plus d&rsquo;informations sur les voyages avec l&rsquo;un de ces bus, nous vous renvoyons au site www.flixbus.nl ou nl.eurolines.eu.<\/p>\n","protected":false},"excerpt":{"rendered":"<p>Vous voyagez en voiture? Les coordonn\u00e9es pour visiter le Domaine de Pamadera sont: Coordonn\u00e9es GPS: N45 * 32&rsquo;02 \u00ab\u00a0\/ E 0 * 53&rsquo;32\u00a0\u00bb L&rsquo;adresse compl\u00e8te est: 7 Les Parcs, 24450 Mialet, France Les panneaux du Domaine de Pamadera vous guideront dans les derniers kilom\u00e8tres \u00e0 travers le paysage vallonn\u00e9 de verdure jusqu&rsquo;\u00e0 votre adresse de [&hellip;]<\/p>\n","protected":false},"author":1,"featured_media":0,"parent":0,"menu_order":0,"comment_status":"closed","ping_status":"closed","template":"","meta":{"footnotes":""},"_links":{"self":[{"href":"https:\/\/domainedepamadera.nl\/fr\/wp-json\/wp\/v2\/pages\/318"}],"collection":[{"href":"https:\/\/domainedepamadera.nl\/fr\/wp-json\/wp\/v2\/pages"}],"about":[{"href":"https:\/\/domainedepamadera.nl\/fr\/wp-json\/wp\/v2\/types\/page"}],"author":[{"embeddable":true,"href":"https:\/\/domainedepamadera.nl\/fr\/wp-json\/wp\/v2\/users\/1"}],"replies":[{"embeddable":true,"href":"https:\/\/domainedepamadera.nl\/fr\/wp-json\/wp\/v2\/comments?post=318"}],"version-history":[{"count":15,"href":"https:\/\/domainedepamadera.nl\/fr\/wp-json\/wp\/v2\/pages\/318\/revisions"}],"predecessor-version":[{"id":1748,"href":"https:\/\/domainedepamadera.nl\/fr\/wp-json\/wp\/v2\/pages\/318\/revisions\/1748"}],"wp:attachment":[{"href":"https:\/\/domainedepamadera.nl\/fr\/wp-json\/wp\/v2\/media?parent=318"}],"curies":[{"name":"wp","href":"https:\/\/api.w.org\/{rel}","templated":true}]}}