{"id":32,"date":"2020-11-12T14:55:42","date_gmt":"2020-11-12T14:55:42","guid":{"rendered":"http:\/\/domainedepamadera.nl\/?page_id=32"},"modified":"2024-12-06T10:46:39","modified_gmt":"2024-12-06T10:46:39","slug":"contactformulier","status":"publish","type":"page","link":"https:\/\/domainedepamadera.nl\/fr\/contactformulier\/","title":{"rendered":"Formulaire de contact"},"content":{"rendered":"<p>Dit <br \/>\n<span style=\"font-family: 'Rock Salt';\"><strong><span lang=\"fr\">Vous envisagez un s\u00e9jour au Domaine de Pamadera?<\/span><\/strong><\/span><\/p>\n<p><strong><span class=\"Y2IQFc\" lang=\"fr\" style=\"font-family: 'Rock Salt';\">Vous aimez le calme, l&rsquo;espace et le confort ?!<\/span><\/strong><\/p>\n<p><strong><span class=\"Y2IQFc\" lang=\"fr\" style=\"font-family: 'Rock Salt';\">Nous comprenons que dans cette nouvelle soci\u00e9t\u00e9 apres COVID il y a beaucoup d&rsquo;incertitudes. Dans notre complexe, cependant, vous pouvez profiter du calme, de l&rsquo;espace et de la convivialit\u00e9 sans \u00eatre d\u00e9rang\u00e9s. Nous avons toutes les installations et services sur place pour vous offrir des vacances inoubliables. Alors que vous souhaitiez venir quelques jours, une semaine ou \u00e9ventuellement 2 semaines, le Domaine de Pamadera vous apportera sur place vari\u00e9t\u00e9, convivialit\u00e9 et tout cela dans une ambiance unique que nous avons cr\u00e9\u00e9e.<\/span><\/strong><\/p>\n<p><img decoding=\"async\" loading=\"lazy\" class=\"alignnone wp-image-515 size-medium\" src=\"http:\/\/domainedepamadera.nl\/wp-content\/uploads\/2021\/02\/20210183-Recht-Mialet-Transparant-300x200.png\" alt=\"\" width=\"300\" height=\"200\" srcset=\"https:\/\/domainedepamadera.nl\/wp-content\/uploads\/2021\/02\/20210183-Recht-Mialet-Transparant-300x200.png 300w, https:\/\/domainedepamadera.nl\/wp-content\/uploads\/2021\/02\/20210183-Recht-Mialet-Transparant-272x182.png 272w, https:\/\/domainedepamadera.nl\/wp-content\/uploads\/2021\/02\/20210183-Recht-Mialet-Transparant.png 699w\" sizes=\"(max-width: 300px) 100vw, 300px\" \/><img decoding=\"async\" loading=\"lazy\" class=\"alignnone wp-image-518 \" src=\"http:\/\/domainedepamadera.nl\/wp-content\/uploads\/2021\/02\/tel-300x163.jpg\" alt=\"\" width=\"311\" height=\"169\" \/><\/p>\n<p><strong><span lang=\"fr\">Posez votre question ci-dessous dans notre formulaire de contact. Notre \u00e9quipe essaiera de vous r\u00e9pondre dans les plus brefs d\u00e9lais.<\/span><\/strong><\/p>\n<p>\n<div class=\"wpcf7 no-js\" id=\"wpcf7-f908-o1\" lang=\"nl-NL\" dir=\"ltr\">\n<div class=\"screen-reader-response\"><p role=\"status\" aria-live=\"polite\" aria-atomic=\"true\"><\/p> <ul><\/ul><\/div>\n<form action=\"\/fr\/wp-json\/wp\/v2\/pages\/32#wpcf7-f908-o1\" method=\"post\" class=\"wpcf7-form init\" aria-label=\"Contactformulier\" novalidate=\"novalidate\" data-status=\"init\">\n<div style=\"display: none;\">\n<input type=\"hidden\" name=\"_wpcf7\" value=\"908\" \/>\n<input type=\"hidden\" name=\"_wpcf7_version\" value=\"5.9.8\" \/>\n<input type=\"hidden\" name=\"_wpcf7_locale\" value=\"nl_NL\" \/>\n<input type=\"hidden\" name=\"_wpcf7_unit_tag\" value=\"wpcf7-f908-o1\" \/>\n<input type=\"hidden\" name=\"_wpcf7_container_post\" value=\"0\" \/>\n<input type=\"hidden\" name=\"_wpcf7_posted_data_hash\" value=\"\" \/>\n<input type=\"hidden\" name=\"lang\" value=\"fr\" \/>\n<input type=\"hidden\" name=\"_wpcf7_recaptcha_response\" value=\"\" \/>\n<\/div>\n<p><label> Uw voornaam<br \/>\n<span class=\"wpcf7-form-control-wrap\" data-name=\"your-name\"><input size=\"40\" maxlength=\"400\" class=\"wpcf7-form-control wpcf7-text wpcf7-validates-as-required\" aria-required=\"true\" aria-invalid=\"false\" value=\"\" type=\"text\" name=\"your-name\" \/><\/span> <\/label>\n<\/p>\n<p><label> Uw achternaam<br \/>\n<span class=\"wpcf7-form-control-wrap\" data-name=\"your-achternaam\"><input size=\"40\" maxlength=\"400\" class=\"wpcf7-form-control wpcf7-text\" aria-invalid=\"false\" value=\"\" type=\"text\" name=\"your-achternaam\" \/><\/span> <\/label>\n<\/p>\n<p><label> Uw telefoonnummer<br \/>\n<span class=\"wpcf7-form-control-wrap\" data-name=\"your-nr\"><input size=\"40\" maxlength=\"400\" class=\"wpcf7-form-control wpcf7-text wpcf7-validates-as-required\" aria-required=\"true\" aria-invalid=\"false\" value=\"\" type=\"text\" name=\"your-nr\" \/><\/span> <\/label>\n<\/p>\n<p><label> Uw e-mailadres<br \/>\n<span class=\"wpcf7-form-control-wrap\" data-name=\"your-email\"><input size=\"40\" maxlength=\"400\" class=\"wpcf7-form-control wpcf7-email wpcf7-validates-as-required wpcf7-text wpcf7-validates-as-email\" aria-required=\"true\" aria-invalid=\"false\" value=\"\" type=\"email\" name=\"your-email\" \/><\/span> <\/label>\n<\/p>\n<p><label>Bent u reeds eerder bij ons geweest?<\/label><br \/>\n<span class=\"wpcf7-form-control-wrap\" data-name=\"checkbox-363\"><span class=\"wpcf7-form-control wpcf7-checkbox\"><span class=\"wpcf7-list-item first\"><label><input type=\"checkbox\" name=\"checkbox-363[]\" value=\"Ja\" \/><span class=\"wpcf7-list-item-label\">Ja<\/span><\/label><\/span><span class=\"wpcf7-list-item last\"><label><input type=\"checkbox\" name=\"checkbox-363[]\" value=\"Nee\" \/><span class=\"wpcf7-list-item-label\">Nee<\/span><\/label><\/span><\/span><\/span>\n<\/p>\n<p><label> Uw vraag (optioneel)<br \/>\n<span class=\"wpcf7-form-control-wrap\" data-name=\"your-message\"><textarea cols=\"40\" rows=\"10\" maxlength=\"2000\" class=\"wpcf7-form-control wpcf7-textarea\" aria-invalid=\"false\" name=\"your-message\"><\/textarea><\/span> <\/label>\n<\/p>\n<p><label>WIL JE ONZE NIEUWSBERICHTEN DIGITAAL ONTVANGEN?<br \/>\nWij respecteren je privacy en je kunt je altijd weer afmelden voor de nieuwsberichten<\/label><br \/>\n<span class=\"wpcf7-form-control-wrap\" data-name=\"Nieuwsbrief\"><span class=\"wpcf7-form-control wpcf7-checkbox\"><span class=\"wpcf7-list-item first\"><label><input type=\"checkbox\" name=\"Nieuwsbrief[]\" value=\"JA, IK WIL DE NIEUWSBERICHTEN VAN Domaine de Pamadera\" \/><span class=\"wpcf7-list-item-label\">JA, IK WIL DE NIEUWSBERICHTEN VAN Domaine de Pamadera<\/span><\/label><\/span><span class=\"wpcf7-list-item last\"><label><input type=\"checkbox\" name=\"Nieuwsbrief[]\" value=\"Nee, ik heb geen interesse\" \/><span class=\"wpcf7-list-item-label\">Nee, ik heb geen interesse<\/span><\/label><\/span><\/span><\/span>\n<\/p>\n<p><input class=\"wpcf7-form-control wpcf7-submit has-spinner\" type=\"submit\" value=\"Verzenden\" \/>\n<\/p><div class=\"wpcf7-response-output\" aria-hidden=\"true\"><\/div>\n<\/form>\n<\/div>\n<br \/>\n<span style=\"font-family: 'Rock Salt';\"><strong><span lang=\"fr\">NOUS PARLONS N\u00c9ERLANDAIS, FRAN\u00c7AIS, ALLEMAND ET ANGLAIS<\/span><\/strong><\/span><\/p>\n<p>&nbsp;<\/p>\n","protected":false},"excerpt":{"rendered":"<p>Dit Vous envisagez un s\u00e9jour au Domaine de Pamadera? Vous aimez le calme, l&rsquo;espace et le confort ?! Nous comprenons que dans cette nouvelle soci\u00e9t\u00e9 apres COVID il y a beaucoup d&rsquo;incertitudes. Dans notre complexe, cependant, vous pouvez profiter du calme, de l&rsquo;espace et de la convivialit\u00e9 sans \u00eatre d\u00e9rang\u00e9s. Nous avons toutes les installations [&hellip;]<\/p>\n","protected":false},"author":1,"featured_media":0,"parent":0,"menu_order":0,"comment_status":"closed","ping_status":"closed","template":"","meta":{"footnotes":""},"_links":{"self":[{"href":"https:\/\/domainedepamadera.nl\/fr\/wp-json\/wp\/v2\/pages\/32"}],"collection":[{"href":"https:\/\/domainedepamadera.nl\/fr\/wp-json\/wp\/v2\/pages"}],"about":[{"href":"https:\/\/domainedepamadera.nl\/fr\/wp-json\/wp\/v2\/types\/page"}],"author":[{"embeddable":true,"href":"https:\/\/domainedepamadera.nl\/fr\/wp-json\/wp\/v2\/users\/1"}],"replies":[{"embeddable":true,"href":"https:\/\/domainedepamadera.nl\/fr\/wp-json\/wp\/v2\/comments?post=32"}],"version-history":[{"count":32,"href":"https:\/\/domainedepamadera.nl\/fr\/wp-json\/wp\/v2\/pages\/32\/revisions"}],"predecessor-version":[{"id":2383,"href":"https:\/\/domainedepamadera.nl\/fr\/wp-json\/wp\/v2\/pages\/32\/revisions\/2383"}],"wp:attachment":[{"href":"https:\/\/domainedepamadera.nl\/fr\/wp-json\/wp\/v2\/media?parent=32"}],"curies":[{"name":"wp","href":"https:\/\/api.w.org\/{rel}","templated":true}]}}