{"id":325,"date":"2020-12-23T11:05:57","date_gmt":"2020-12-23T11:05:57","guid":{"rendered":"http:\/\/domainedepamadera.nl\/?page_id=325"},"modified":"2022-01-08T17:33:26","modified_gmt":"2022-01-08T17:33:26","slug":"groepsaccomodatie","status":"publish","type":"page","link":"https:\/\/domainedepamadera.nl\/fr\/groepsaccomodatie\/","title":{"rendered":"H\u00e9bergement de groupe"},"content":{"rendered":"<p><img decoding=\"async\" loading=\"lazy\" class=\"alignnone size-medium wp-image-1621\" src=\"https:\/\/domainedepamadera.nl\/wp-content\/uploads\/2022\/01\/BE5BE5FB-D473-40C9-8A55-9291FD8F88B9-225x300.jpeg\" alt=\"\" width=\"225\" height=\"300\" srcset=\"https:\/\/domainedepamadera.nl\/wp-content\/uploads\/2022\/01\/BE5BE5FB-D473-40C9-8A55-9291FD8F88B9-225x300.jpeg 225w, https:\/\/domainedepamadera.nl\/wp-content\/uploads\/2022\/01\/BE5BE5FB-D473-40C9-8A55-9291FD8F88B9-768x1024.jpeg 768w, https:\/\/domainedepamadera.nl\/wp-content\/uploads\/2022\/01\/BE5BE5FB-D473-40C9-8A55-9291FD8F88B9-1152x1536.jpeg 1152w, https:\/\/domainedepamadera.nl\/wp-content\/uploads\/2022\/01\/BE5BE5FB-D473-40C9-8A55-9291FD8F88B9-1536x2048.jpeg 1536w, https:\/\/domainedepamadera.nl\/wp-content\/uploads\/2022\/01\/BE5BE5FB-D473-40C9-8A55-9291FD8F88B9-scaled.jpeg 1920w\" sizes=\"(max-width: 225px) 100vw, 225px\" \/> <img decoding=\"async\" loading=\"lazy\" class=\"alignnone size-medium wp-image-1620\" src=\"https:\/\/domainedepamadera.nl\/wp-content\/uploads\/2022\/01\/F0213A09-1D60-4FEB-8635-F6539162325D-225x300.jpeg\" alt=\"\" width=\"225\" height=\"300\" srcset=\"https:\/\/domainedepamadera.nl\/wp-content\/uploads\/2022\/01\/F0213A09-1D60-4FEB-8635-F6539162325D-225x300.jpeg 225w, https:\/\/domainedepamadera.nl\/wp-content\/uploads\/2022\/01\/F0213A09-1D60-4FEB-8635-F6539162325D-768x1024.jpeg 768w, https:\/\/domainedepamadera.nl\/wp-content\/uploads\/2022\/01\/F0213A09-1D60-4FEB-8635-F6539162325D-1152x1536.jpeg 1152w, https:\/\/domainedepamadera.nl\/wp-content\/uploads\/2022\/01\/F0213A09-1D60-4FEB-8635-F6539162325D-1536x2048.jpeg 1536w, https:\/\/domainedepamadera.nl\/wp-content\/uploads\/2022\/01\/F0213A09-1D60-4FEB-8635-F6539162325D-scaled.jpeg 1920w\" sizes=\"(max-width: 225px) 100vw, 225px\" \/> <img decoding=\"async\" loading=\"lazy\" class=\"alignnone size-medium wp-image-1574\" src=\"https:\/\/domainedepamadera.nl\/wp-content\/uploads\/2022\/01\/043E462F-5E99-444B-BBCB-3A6544E52FB6-300x200.jpeg\" alt=\"\" width=\"300\" height=\"200\" srcset=\"https:\/\/domainedepamadera.nl\/wp-content\/uploads\/2022\/01\/043E462F-5E99-444B-BBCB-3A6544E52FB6-300x200.jpeg 300w, https:\/\/domainedepamadera.nl\/wp-content\/uploads\/2022\/01\/043E462F-5E99-444B-BBCB-3A6544E52FB6-768x512.jpeg 768w, https:\/\/domainedepamadera.nl\/wp-content\/uploads\/2022\/01\/043E462F-5E99-444B-BBCB-3A6544E52FB6-272x182.jpeg 272w, https:\/\/domainedepamadera.nl\/wp-content\/uploads\/2022\/01\/043E462F-5E99-444B-BBCB-3A6544E52FB6.jpeg 1024w\" sizes=\"(max-width: 300px) 100vw, 300px\" \/><\/p>\n<p><img decoding=\"async\" loading=\"lazy\" class=\"alignnone size-medium wp-image-1594\" src=\"https:\/\/domainedepamadera.nl\/wp-content\/uploads\/2022\/01\/42E1CE64-BA57-4192-966F-E9A5E7FF3ED4-225x300.jpeg\" alt=\"\" width=\"225\" height=\"300\" srcset=\"https:\/\/domainedepamadera.nl\/wp-content\/uploads\/2022\/01\/42E1CE64-BA57-4192-966F-E9A5E7FF3ED4-225x300.jpeg 225w, https:\/\/domainedepamadera.nl\/wp-content\/uploads\/2022\/01\/42E1CE64-BA57-4192-966F-E9A5E7FF3ED4-768x1024.jpeg 768w, https:\/\/domainedepamadera.nl\/wp-content\/uploads\/2022\/01\/42E1CE64-BA57-4192-966F-E9A5E7FF3ED4-1152x1536.jpeg 1152w, https:\/\/domainedepamadera.nl\/wp-content\/uploads\/2022\/01\/42E1CE64-BA57-4192-966F-E9A5E7FF3ED4-1536x2048.jpeg 1536w, https:\/\/domainedepamadera.nl\/wp-content\/uploads\/2022\/01\/42E1CE64-BA57-4192-966F-E9A5E7FF3ED4-scaled.jpeg 1920w\" sizes=\"(max-width: 225px) 100vw, 225px\" \/> <img decoding=\"async\" loading=\"lazy\" class=\"alignnone size-medium wp-image-1593\" src=\"https:\/\/domainedepamadera.nl\/wp-content\/uploads\/2022\/01\/DDE207DE-A730-47DD-B4E8-591D5F973632-300x225.jpeg\" alt=\"\" width=\"300\" height=\"225\" srcset=\"https:\/\/domainedepamadera.nl\/wp-content\/uploads\/2022\/01\/DDE207DE-A730-47DD-B4E8-591D5F973632-300x225.jpeg 300w, https:\/\/domainedepamadera.nl\/wp-content\/uploads\/2022\/01\/DDE207DE-A730-47DD-B4E8-591D5F973632-1024x768.jpeg 1024w, https:\/\/domainedepamadera.nl\/wp-content\/uploads\/2022\/01\/DDE207DE-A730-47DD-B4E8-591D5F973632-768x576.jpeg 768w, https:\/\/domainedepamadera.nl\/wp-content\/uploads\/2022\/01\/DDE207DE-A730-47DD-B4E8-591D5F973632-1536x1152.jpeg 1536w, https:\/\/domainedepamadera.nl\/wp-content\/uploads\/2022\/01\/DDE207DE-A730-47DD-B4E8-591D5F973632-2048x1536.jpeg 2048w\" sizes=\"(max-width: 300px) 100vw, 300px\" \/><\/p>\n<pre id=\"tw-target-text\" class=\"tw-data-text tw-text-large XcVN5d tw-ta\" dir=\"ltr\" data-placeholder=\"Vertaling\"><span class=\"Y2IQFc\" lang=\"fr\" style=\"font-family: 'Rock Salt';\">possibilit\u00e9 d'extension de c\u00e2ble \u00e0 l'avenir 2023<\/span><\/pre>\n<p>Passez la nuit en groupe au Domaine de Pamadera<\/p>\n<p>Demandez les possibilit\u00e9s!<\/p>\n<p><span style=\"font-family: 'Rock Salt';\"><strong><img decoding=\"async\" loading=\"lazy\" class=\"alignnone size-medium wp-image-681\" src=\"http:\/\/domainedepamadera.nl\/wp-content\/uploads\/2021\/02\/groep-2-300x203.jpg\" alt=\"\" width=\"300\" height=\"203\" srcset=\"https:\/\/domainedepamadera.nl\/wp-content\/uploads\/2021\/02\/groep-2-300x203.jpg 300w, https:\/\/domainedepamadera.nl\/wp-content\/uploads\/2021\/02\/groep-2.jpg 461w\" sizes=\"(max-width: 300px) 100vw, 300px\" \/> <img decoding=\"async\" loading=\"lazy\" class=\"alignnone size-medium wp-image-680\" src=\"http:\/\/domainedepamadera.nl\/wp-content\/uploads\/2021\/02\/groep-300x203.jpg\" alt=\"\" width=\"300\" height=\"203\" srcset=\"https:\/\/domainedepamadera.nl\/wp-content\/uploads\/2021\/02\/groep-300x203.jpg 300w, https:\/\/domainedepamadera.nl\/wp-content\/uploads\/2021\/02\/groep.jpg 516w\" sizes=\"(max-width: 300px) 100vw, 300px\" \/><\/strong><\/span><\/p>\n<p><span class=\"Y2IQFc\" lang=\"fr\" style=\"font-family: 'Rock Salt';\">Nous esp\u00e9rons pouvoir proposer deux Gites suppl\u00e9mentaires en saison 2023 afin que plus de nuit\u00e9es puissent \u00eatre propos\u00e9es aux familles ou amis qui souhaitent venir en vacances ensemble au Domaine de Pamadera Id\u00e9al \u00e9galement pour vos amis club cycliste, votre association de basket (terrain de basket disponible) ou simplement une sortie ludique en groupe ou en famille, \u00e9ventuellement en combinaison avec des ateliers.<\/span><\/p>\n<p>Cela inclut toutes les installations que notre station a \u00e0 offrir, la garantie d&rsquo;un agr\u00e9able week-end, midweek ou week-end dans le centre de la France.<\/p>\n<p>Jusqu&rsquo;\u00e0 la saison 2023, nous avons un g\u00eete et un appartement de luxe disponibles. Informez-vous sur les possibilit\u00e9s que nous pouvons offrir. Laissez-vous surprendre et savourez un d\u00e9licieux petit-d\u00e9jeuner et d\u00eener, \u00e0 quel point quelques jours sous le soleil fran\u00e7ais peuvent \u00eatre relaxants pour vous !<\/p>\n<p><span style=\"font-family: 'Rock Salt';\"><strong><img decoding=\"async\" loading=\"lazy\" class=\"alignnone size-medium wp-image-682\" src=\"http:\/\/domainedepamadera.nl\/wp-content\/uploads\/2021\/02\/groep-3-300x192.jpg\" alt=\"\" width=\"300\" height=\"192\" \/><\/strong><\/span><br \/>\n<span style=\"font-family: 'Rock Salt';\"><strong><span lang=\"fr\">Si vous souhaitez venir avec votre animal de compagnie, renseignez-vous sur les options sp\u00e9ciales pour les chiens et les chevaux. Cela rend si sp\u00e9cial de passer des vacances sans soucis dans le plus bel endroit de la Dordogne; Domaine de Pamadera!<\/span><\/strong><\/span><\/p>\n<p>&nbsp;<\/p>\n","protected":false},"excerpt":{"rendered":"<p>possibilit\u00e9 d&rsquo;extension de c\u00e2ble \u00e0 l&rsquo;avenir 2023 Passez la nuit en groupe au Domaine de Pamadera Demandez les possibilit\u00e9s! Nous esp\u00e9rons pouvoir proposer deux Gites suppl\u00e9mentaires en saison 2023 afin que plus de nuit\u00e9es puissent \u00eatre propos\u00e9es aux familles ou amis qui souhaitent venir en vacances ensemble au Domaine de Pamadera Id\u00e9al \u00e9galement pour vos [&hellip;]<\/p>\n","protected":false},"author":1,"featured_media":0,"parent":0,"menu_order":0,"comment_status":"closed","ping_status":"closed","template":"","meta":{"footnotes":""},"_links":{"self":[{"href":"https:\/\/domainedepamadera.nl\/fr\/wp-json\/wp\/v2\/pages\/325"}],"collection":[{"href":"https:\/\/domainedepamadera.nl\/fr\/wp-json\/wp\/v2\/pages"}],"about":[{"href":"https:\/\/domainedepamadera.nl\/fr\/wp-json\/wp\/v2\/types\/page"}],"author":[{"embeddable":true,"href":"https:\/\/domainedepamadera.nl\/fr\/wp-json\/wp\/v2\/users\/1"}],"replies":[{"embeddable":true,"href":"https:\/\/domainedepamadera.nl\/fr\/wp-json\/wp\/v2\/comments?post=325"}],"version-history":[{"count":30,"href":"https:\/\/domainedepamadera.nl\/fr\/wp-json\/wp\/v2\/pages\/325\/revisions"}],"predecessor-version":[{"id":1761,"href":"https:\/\/domainedepamadera.nl\/fr\/wp-json\/wp\/v2\/pages\/325\/revisions\/1761"}],"wp:attachment":[{"href":"https:\/\/domainedepamadera.nl\/fr\/wp-json\/wp\/v2\/media?parent=325"}],"curies":[{"name":"wp","href":"https:\/\/api.w.org\/{rel}","templated":true}]}}