{"id":334,"date":"2020-12-23T11:13:38","date_gmt":"2020-12-23T11:13:38","guid":{"rendered":"http:\/\/domainedepamadera.nl\/?page_id=334"},"modified":"2022-01-09T13:26:32","modified_gmt":"2022-01-09T13:26:32","slug":"sport-en-spel-2","status":"publish","type":"page","link":"https:\/\/domainedepamadera.nl\/fr\/sport-en-spel-2\/","title":{"rendered":"Sport et jeu"},"content":{"rendered":"<p><br \/>\n<span style=\"font-family: 'Rock Salt';\"><strong><span lang=\"fr\">Sports et jeux le \u2026\u2026<\/span><\/strong><\/span><\/p>\n<p><span style=\"font-family: 'Rock Salt';\"><strong><img decoding=\"async\" loading=\"lazy\" class=\"alignnone size-medium wp-image-721\" src=\"http:\/\/domainedepamadera.nl\/wp-content\/uploads\/2021\/02\/sport-300x125.jpg\" alt=\"\" width=\"300\" height=\"125\" srcset=\"https:\/\/domainedepamadera.nl\/wp-content\/uploads\/2021\/02\/sport-300x125.jpg 300w, https:\/\/domainedepamadera.nl\/wp-content\/uploads\/2021\/02\/sport-1024x427.jpg 1024w, https:\/\/domainedepamadera.nl\/wp-content\/uploads\/2021\/02\/sport-768x320.jpg 768w, https:\/\/domainedepamadera.nl\/wp-content\/uploads\/2021\/02\/sport.jpg 1397w\" sizes=\"(max-width: 300px) 100vw, 300px\" \/><\/strong><\/span><span style=\"font-family: 'Rock Salt';\"><strong><span lang=\"fr\">Domaine de Pamadera<\/span><\/strong><\/span><\/p>\n<p><img decoding=\"async\" loading=\"lazy\" class=\"alignnone size-medium wp-image-1502\" src=\"https:\/\/domainedepamadera.nl\/wp-content\/uploads\/2022\/01\/776C23C9-B142-4B8A-9109-EF5857F48944-225x300.jpeg\" alt=\"\" width=\"225\" height=\"300\" srcset=\"https:\/\/domainedepamadera.nl\/wp-content\/uploads\/2022\/01\/776C23C9-B142-4B8A-9109-EF5857F48944-225x300.jpeg 225w, https:\/\/domainedepamadera.nl\/wp-content\/uploads\/2022\/01\/776C23C9-B142-4B8A-9109-EF5857F48944-768x1024.jpeg 768w, https:\/\/domainedepamadera.nl\/wp-content\/uploads\/2022\/01\/776C23C9-B142-4B8A-9109-EF5857F48944-1152x1536.jpeg 1152w, https:\/\/domainedepamadera.nl\/wp-content\/uploads\/2022\/01\/776C23C9-B142-4B8A-9109-EF5857F48944-1536x2048.jpeg 1536w, https:\/\/domainedepamadera.nl\/wp-content\/uploads\/2022\/01\/776C23C9-B142-4B8A-9109-EF5857F48944-scaled.jpeg 1920w\" sizes=\"(max-width: 225px) 100vw, 225px\" \/> <img decoding=\"async\" loading=\"lazy\" class=\"alignnone size-medium wp-image-1525\" src=\"https:\/\/domainedepamadera.nl\/wp-content\/uploads\/2022\/01\/5192D9D1-7143-4ACE-B06A-A3BD8BB54966-228x300.jpeg\" alt=\"\" width=\"228\" height=\"300\" srcset=\"https:\/\/domainedepamadera.nl\/wp-content\/uploads\/2022\/01\/5192D9D1-7143-4ACE-B06A-A3BD8BB54966-228x300.jpeg 228w, https:\/\/domainedepamadera.nl\/wp-content\/uploads\/2022\/01\/5192D9D1-7143-4ACE-B06A-A3BD8BB54966-779x1024.jpeg 779w, https:\/\/domainedepamadera.nl\/wp-content\/uploads\/2022\/01\/5192D9D1-7143-4ACE-B06A-A3BD8BB54966-768x1010.jpeg 768w, https:\/\/domainedepamadera.nl\/wp-content\/uploads\/2022\/01\/5192D9D1-7143-4ACE-B06A-A3BD8BB54966.jpeg 1125w\" sizes=\"(max-width: 228px) 100vw, 228px\" \/> <img decoding=\"async\" loading=\"lazy\" class=\"alignnone size-medium wp-image-1551\" src=\"https:\/\/domainedepamadera.nl\/wp-content\/uploads\/2022\/01\/8E80EB69-1F86-4F1C-8C42-4C4D3878FF40-169x300.jpeg\" alt=\"\" width=\"169\" height=\"300\" srcset=\"https:\/\/domainedepamadera.nl\/wp-content\/uploads\/2022\/01\/8E80EB69-1F86-4F1C-8C42-4C4D3878FF40-169x300.jpeg 169w, https:\/\/domainedepamadera.nl\/wp-content\/uploads\/2022\/01\/8E80EB69-1F86-4F1C-8C42-4C4D3878FF40-576x1024.jpeg 576w, https:\/\/domainedepamadera.nl\/wp-content\/uploads\/2022\/01\/8E80EB69-1F86-4F1C-8C42-4C4D3878FF40-768x1365.jpeg 768w, https:\/\/domainedepamadera.nl\/wp-content\/uploads\/2022\/01\/8E80EB69-1F86-4F1C-8C42-4C4D3878FF40-864x1536.jpeg 864w, https:\/\/domainedepamadera.nl\/wp-content\/uploads\/2022\/01\/8E80EB69-1F86-4F1C-8C42-4C4D3878FF40.jpeg 900w\" sizes=\"(max-width: 169px) 100vw, 169px\" \/><\/p>\n<p><img decoding=\"async\" loading=\"lazy\" class=\"alignnone size-medium wp-image-1763\" src=\"https:\/\/domainedepamadera.nl\/wp-content\/uploads\/2022\/01\/943993DE-C0E2-420E-A68B-BFC762238566-300x225.jpeg\" alt=\"\" width=\"300\" height=\"225\" srcset=\"https:\/\/domainedepamadera.nl\/wp-content\/uploads\/2022\/01\/943993DE-C0E2-420E-A68B-BFC762238566-300x225.jpeg 300w, https:\/\/domainedepamadera.nl\/wp-content\/uploads\/2022\/01\/943993DE-C0E2-420E-A68B-BFC762238566-1024x768.jpeg 1024w, https:\/\/domainedepamadera.nl\/wp-content\/uploads\/2022\/01\/943993DE-C0E2-420E-A68B-BFC762238566-768x576.jpeg 768w, https:\/\/domainedepamadera.nl\/wp-content\/uploads\/2022\/01\/943993DE-C0E2-420E-A68B-BFC762238566-1536x1152.jpeg 1536w, https:\/\/domainedepamadera.nl\/wp-content\/uploads\/2022\/01\/943993DE-C0E2-420E-A68B-BFC762238566-2048x1536.jpeg 2048w\" sizes=\"(max-width: 300px) 100vw, 300px\" \/> <img decoding=\"async\" loading=\"lazy\" class=\"alignnone size-medium wp-image-1762\" src=\"https:\/\/domainedepamadera.nl\/wp-content\/uploads\/2022\/01\/F7A37B60-0183-4DAF-9F23-FF3D4B68049C-225x300.jpeg\" alt=\"\" width=\"225\" height=\"300\" srcset=\"https:\/\/domainedepamadera.nl\/wp-content\/uploads\/2022\/01\/F7A37B60-0183-4DAF-9F23-FF3D4B68049C-225x300.jpeg 225w, https:\/\/domainedepamadera.nl\/wp-content\/uploads\/2022\/01\/F7A37B60-0183-4DAF-9F23-FF3D4B68049C-768x1024.jpeg 768w, https:\/\/domainedepamadera.nl\/wp-content\/uploads\/2022\/01\/F7A37B60-0183-4DAF-9F23-FF3D4B68049C-1152x1536.jpeg 1152w, https:\/\/domainedepamadera.nl\/wp-content\/uploads\/2022\/01\/F7A37B60-0183-4DAF-9F23-FF3D4B68049C-1536x2048.jpeg 1536w, https:\/\/domainedepamadera.nl\/wp-content\/uploads\/2022\/01\/F7A37B60-0183-4DAF-9F23-FF3D4B68049C-scaled.jpeg 1920w\" sizes=\"(max-width: 225px) 100vw, 225px\" \/> <img decoding=\"async\" loading=\"lazy\" class=\"alignnone size-medium wp-image-1764\" src=\"https:\/\/domainedepamadera.nl\/wp-content\/uploads\/2022\/01\/DED3D4AB-222D-47DF-8620-DE042B8072A2-225x300.jpeg\" alt=\"\" width=\"225\" height=\"300\" srcset=\"https:\/\/domainedepamadera.nl\/wp-content\/uploads\/2022\/01\/DED3D4AB-222D-47DF-8620-DE042B8072A2-225x300.jpeg 225w, https:\/\/domainedepamadera.nl\/wp-content\/uploads\/2022\/01\/DED3D4AB-222D-47DF-8620-DE042B8072A2-768x1024.jpeg 768w, https:\/\/domainedepamadera.nl\/wp-content\/uploads\/2022\/01\/DED3D4AB-222D-47DF-8620-DE042B8072A2-1152x1536.jpeg 1152w, https:\/\/domainedepamadera.nl\/wp-content\/uploads\/2022\/01\/DED3D4AB-222D-47DF-8620-DE042B8072A2-1536x2048.jpeg 1536w, https:\/\/domainedepamadera.nl\/wp-content\/uploads\/2022\/01\/DED3D4AB-222D-47DF-8620-DE042B8072A2-scaled.jpeg 1920w\" sizes=\"(max-width: 225px) 100vw, 225px\" \/><\/p>\n<p>En plus du calme, de l&rsquo;espace et de la convivialit\u00e9, vous pourrez vous amuser avec les sports et les jeux au Domaine de Pamadera.<\/p>\n<p>Sur la piste proprement balay\u00e9e du Jeu des Boules, vous pouvez \u00eatre tent\u00e9 par un d\u00e9fi sportif jusqu&rsquo;\u00e0 la fin des heures, mais attention, cela peut devenir difficile sur le territoire fran\u00e7ais au sport national num\u00e9ro 1 en France!<\/p>\n<p><span style=\"font-family: 'Rock Salt';\"><strong><img decoding=\"async\" loading=\"lazy\" class=\"alignnone wp-image-723\" src=\"http:\/\/domainedepamadera.nl\/wp-content\/uploads\/2021\/02\/boules-300x185.jpg\" alt=\"\" width=\"355\" height=\"219\" srcset=\"https:\/\/domainedepamadera.nl\/wp-content\/uploads\/2021\/02\/boules-300x185.jpg 300w, https:\/\/domainedepamadera.nl\/wp-content\/uploads\/2021\/02\/boules-768x473.jpg 768w, https:\/\/domainedepamadera.nl\/wp-content\/uploads\/2021\/02\/boules.jpg 952w\" sizes=\"(max-width: 355px) 100vw, 355px\" \/> <img decoding=\"async\" loading=\"lazy\" class=\"alignnone size-medium wp-image-722\" src=\"http:\/\/domainedepamadera.nl\/wp-content\/uploads\/2021\/02\/darts-300x221.jpg\" alt=\"\" width=\"300\" height=\"221\" srcset=\"https:\/\/domainedepamadera.nl\/wp-content\/uploads\/2021\/02\/darts-300x221.jpg 300w, https:\/\/domainedepamadera.nl\/wp-content\/uploads\/2021\/02\/darts-768x566.jpg 768w, https:\/\/domainedepamadera.nl\/wp-content\/uploads\/2021\/02\/darts.jpg 794w\" sizes=\"(max-width: 300px) 100vw, 300px\" \/><\/strong><\/span><br \/>\n<span style=\"font-family: 'Rock Salt';\"><strong><span lang=\"fr\">Si vous \u00eates dou\u00e9 pour marquer vos points avec pr\u00e9cision, alors la piste de fl\u00e9chettes est \u00e0 votre disposition o\u00f9 le 180 sera votre d\u00e9fi ultime!<\/span><\/strong><\/span><\/p>\n<p>Nous aimons nous d\u00e9marquer en tant que Domaine de Pamadera et c&rsquo;est pourquoi un trampoline Air de 5&#215;8 m\u00e8tres a \u00e9t\u00e9 sp\u00e9cialement construit \u00e0 c\u00f4t\u00e9 du terrain de badminton et du terrain de volley-ball o\u00f9 les singeries n\u00e9cessaires peuvent \u00eatre effectu\u00e9es.<\/p>\n<p>\u00cates-vous plus \u00e0 l&rsquo;aise pour taper dans un ballon ?! C&rsquo;est possible sur notre terrain de football. Ici, beaucoup de p\u00e8res ou de m\u00e8res perdront contre la plus jeune prog\u00e9niture.<\/p>\n<p>Parce que nous d\u00e9ballons sur notre domaine, un vrai terrain de basket a \u00e9t\u00e9 construit sur lequel vous vous sentirez comme un vrai joueur de la NBA et de nombreux dunk m\u00e8neront \u00e0 des applaudissements.<\/p>\n<p><span style=\"font-family: 'Rock Salt';\"><strong><img decoding=\"async\" loading=\"lazy\" class=\"alignnone size-medium wp-image-724\" src=\"http:\/\/domainedepamadera.nl\/wp-content\/uploads\/2021\/02\/bask-300x165.jpg\" alt=\"\" width=\"300\" height=\"165\" srcset=\"https:\/\/domainedepamadera.nl\/wp-content\/uploads\/2021\/02\/bask-300x165.jpg 300w, https:\/\/domainedepamadera.nl\/wp-content\/uploads\/2021\/02\/bask-1024x563.jpg 1024w, https:\/\/domainedepamadera.nl\/wp-content\/uploads\/2021\/02\/bask-768x422.jpg 768w, https:\/\/domainedepamadera.nl\/wp-content\/uploads\/2021\/02\/bask.jpg 1052w\" sizes=\"(max-width: 300px) 100vw, 300px\" \/> <img decoding=\"async\" loading=\"lazy\" class=\"alignnone wp-image-725\" src=\"http:\/\/domainedepamadera.nl\/wp-content\/uploads\/2021\/02\/dam-300x142.jpg\" alt=\"\" width=\"349\" height=\"165\" srcset=\"https:\/\/domainedepamadera.nl\/wp-content\/uploads\/2021\/02\/dam-300x142.jpg 300w, https:\/\/domainedepamadera.nl\/wp-content\/uploads\/2021\/02\/dam-1024x484.jpg 1024w, https:\/\/domainedepamadera.nl\/wp-content\/uploads\/2021\/02\/dam-768x363.jpg 768w, https:\/\/domainedepamadera.nl\/wp-content\/uploads\/2021\/02\/dam-1536x726.jpg 1536w, https:\/\/domainedepamadera.nl\/wp-content\/uploads\/2021\/02\/dam.jpg 1624w\" sizes=\"(max-width: 349px) 100vw, 349px\" \/><\/strong><\/span><br \/>\n<span style=\"font-family: 'Rock Salt';\"><strong><span lang=\"fr\">Si vous cherchez une voie navigable plus calme, nous avons \u00e9galement un roi XXL et un \u00e9chiquier pour affronter n&rsquo;importe quel \u00e2ge dans ces jeux traditionnels mais dans le plus grand format. Bref, vous ne vous ennuierez certainement pas lors de votre s\u00e9jour au Domaine de Pamadera<\/span><\/strong><\/span><\/p>\n<p><span style=\"font-family: 'Rock Salt';\"><strong>\u00a0 \u00a0 \u00a0 \u00a0 \u00a0\u00a0<\/strong><\/span><\/p>\n<p>&nbsp;<\/p>\n","protected":false},"excerpt":{"rendered":"<p>Sports et jeux le \u2026\u2026 Domaine de Pamadera En plus du calme, de l&rsquo;espace et de la convivialit\u00e9, vous pourrez vous amuser avec les sports et les jeux au Domaine de Pamadera. Sur la piste proprement balay\u00e9e du Jeu des Boules, vous pouvez \u00eatre tent\u00e9 par un d\u00e9fi sportif jusqu&rsquo;\u00e0 la fin des heures, mais [&hellip;]<\/p>\n","protected":false},"author":1,"featured_media":0,"parent":0,"menu_order":0,"comment_status":"closed","ping_status":"closed","template":"","meta":{"footnotes":""},"_links":{"self":[{"href":"https:\/\/domainedepamadera.nl\/fr\/wp-json\/wp\/v2\/pages\/334"}],"collection":[{"href":"https:\/\/domainedepamadera.nl\/fr\/wp-json\/wp\/v2\/pages"}],"about":[{"href":"https:\/\/domainedepamadera.nl\/fr\/wp-json\/wp\/v2\/types\/page"}],"author":[{"embeddable":true,"href":"https:\/\/domainedepamadera.nl\/fr\/wp-json\/wp\/v2\/users\/1"}],"replies":[{"embeddable":true,"href":"https:\/\/domainedepamadera.nl\/fr\/wp-json\/wp\/v2\/comments?post=334"}],"version-history":[{"count":16,"href":"https:\/\/domainedepamadera.nl\/fr\/wp-json\/wp\/v2\/pages\/334\/revisions"}],"predecessor-version":[{"id":1769,"href":"https:\/\/domainedepamadera.nl\/fr\/wp-json\/wp\/v2\/pages\/334\/revisions\/1769"}],"wp:attachment":[{"href":"https:\/\/domainedepamadera.nl\/fr\/wp-json\/wp\/v2\/media?parent=334"}],"curies":[{"name":"wp","href":"https:\/\/api.w.org\/{rel}","templated":true}]}}