{"id":342,"date":"2020-12-23T11:21:12","date_gmt":"2020-12-23T11:21:12","guid":{"rendered":"http:\/\/domainedepamadera.nl\/?page_id=342"},"modified":"2022-11-15T11:46:34","modified_gmt":"2022-11-15T11:46:34","slug":"tarieven","status":"publish","type":"page","link":"https:\/\/domainedepamadera.nl\/fr\/tarieven\/","title":{"rendered":"Tarifs"},"content":{"rendered":"\n<p><img decoding=\"async\" loading=\"lazy\" class=\"alignnone wp-image-600\" src=\"http:\/\/domainedepamadera.nl\/wp-content\/uploads\/2021\/02\/192-300x225.jpg\" alt=\"\" width=\"207\" height=\"155\" srcset=\"https:\/\/domainedepamadera.nl\/wp-content\/uploads\/2021\/02\/192-300x225.jpg 300w, https:\/\/domainedepamadera.nl\/wp-content\/uploads\/2021\/02\/192.jpg 640w\" sizes=\"(max-width: 207px) 100vw, 207px\" \/> <img decoding=\"async\" loading=\"lazy\" class=\"alignnone wp-image-599\" src=\"http:\/\/domainedepamadera.nl\/wp-content\/uploads\/2021\/02\/q14-202x300.jpg\" alt=\"\" width=\"106\" height=\"157\" srcset=\"https:\/\/domainedepamadera.nl\/wp-content\/uploads\/2021\/02\/q14-202x300.jpg 202w, https:\/\/domainedepamadera.nl\/wp-content\/uploads\/2021\/02\/q14-689x1024.jpg 689w, https:\/\/domainedepamadera.nl\/wp-content\/uploads\/2021\/02\/q14-768x1142.jpg 768w, https:\/\/domainedepamadera.nl\/wp-content\/uploads\/2021\/02\/q14.jpg 977w\" sizes=\"(max-width: 106px) 100vw, 106px\" \/> <img decoding=\"async\" loading=\"lazy\" class=\"alignnone wp-image-598\" src=\"http:\/\/domainedepamadera.nl\/wp-content\/uploads\/2021\/02\/q15-300x204.jpg\" alt=\"\" width=\"231\" height=\"157\" srcset=\"https:\/\/domainedepamadera.nl\/wp-content\/uploads\/2021\/02\/q15-300x204.jpg 300w, https:\/\/domainedepamadera.nl\/wp-content\/uploads\/2021\/02\/q15-768x521.jpg 768w, https:\/\/domainedepamadera.nl\/wp-content\/uploads\/2021\/02\/q15.jpg 962w\" sizes=\"(max-width: 231px) 100vw, 231px\" \/> <img decoding=\"async\" loading=\"lazy\" class=\"alignnone wp-image-597\" src=\"http:\/\/domainedepamadera.nl\/wp-content\/uploads\/2021\/02\/150-300x225.jpg\" alt=\"\" width=\"210\" height=\"157\" srcset=\"https:\/\/domainedepamadera.nl\/wp-content\/uploads\/2021\/02\/150-300x225.jpg 300w, https:\/\/domainedepamadera.nl\/wp-content\/uploads\/2021\/02\/150.jpg 640w\" sizes=\"(max-width: 210px) 100vw, 210px\" \/><\/p>\n<p><span class=\"Y2IQFc\" lang=\"fr\">Tarifs des chambres Chambre \u2018d Hotes ;<\/span><\/p>\n<p>inclus le m\u00e9nage de fin de s\u00e9jour, le kit linge, le kit serviettes, la taxe de s\u00e9jour, les lits faits \u00e0 l&rsquo;arriv\u00e9e et le petit-d\u00e9jeuner.<\/p>\n<p>A partir de 99\u20ac* par chambre par nuit<\/p>\n<p>(\u00e0 partir de 2 nuits, tarif sur la base de 2 pers\/chambre)<\/p>\n<p>* les tarifs varient selon la p\u00e9riode, vous serez inform\u00e9 \u00e0 l&rsquo;avance de la tarification actuelle de la basse, moyenne ou haute saison<\/p>\n<h3><span style=\"font-family: 'Rock Salt';\"><strong> <img decoding=\"async\" loading=\"lazy\" class=\"alignnone wp-image-559\" src=\"http:\/\/domainedepamadera.nl\/wp-content\/uploads\/2021\/02\/177-300x225.jpg\" alt=\"\" width=\"261\" height=\"196\" srcset=\"https:\/\/domainedepamadera.nl\/wp-content\/uploads\/2021\/02\/177-300x225.jpg 300w, https:\/\/domainedepamadera.nl\/wp-content\/uploads\/2021\/02\/177.jpg 640w\" sizes=\"(max-width: 261px) 100vw, 261px\" \/> <img decoding=\"async\" loading=\"lazy\" class=\"alignnone wp-image-581\" src=\"http:\/\/domainedepamadera.nl\/wp-content\/uploads\/2021\/02\/gi1-300x231.jpg\" alt=\"\" width=\"255\" height=\"196\" srcset=\"https:\/\/domainedepamadera.nl\/wp-content\/uploads\/2021\/02\/gi1-300x231.jpg 300w, https:\/\/domainedepamadera.nl\/wp-content\/uploads\/2021\/02\/gi1-768x591.jpg 768w, https:\/\/domainedepamadera.nl\/wp-content\/uploads\/2021\/02\/gi1.jpg 966w\" sizes=\"(max-width: 255px) 100vw, 255px\" \/><\/strong><\/span><\/h3>\n<p><span class=\"Y2IQFc\" lang=\"fr\">Tarifs de notre Gite (maximum 6 personnes) ;<\/span><\/p>\n<p>Est disponible du dimanche 16h00 au dimanche 10h00<\/p>\n<p>\u00e0 partir de \u20ac950,-* \/par semaine. base 2 personnes.<\/p>\n<p>inclus le m\u00e9nage final, le paquet linge, le paquet serviettes, la taxe de s\u00e9jour, les lits faits \u00e0 l&rsquo;arriv\u00e9e, sinon toutes les commodit\u00e9s du Domaine de Pamadera sont disponibles. (Jacuzzi, bain \u00e0 remous, sauna et massage priv\u00e9 sont disponibles moyennant un suppl\u00e9ment sur place et selon disponibilit\u00e9)<\/p>\n<p>Personne suppl\u00e9mentaire 25 \u20ac,-pp.p jour.<\/p>\n<p>* les tarifs varient selon la p\u00e9riode, vous serez inform\u00e9 \u00e0 l&rsquo;avance de la tarification actuelle de la basse, moyenne ou haute saison<\/p>\n<p><span style=\"font-family: 'Rock Salt';\"><strong><img decoding=\"async\" loading=\"lazy\" class=\"alignnone wp-image-557\" src=\"http:\/\/domainedepamadera.nl\/wp-content\/uploads\/2021\/02\/191-300x225.jpg\" alt=\"\" width=\"259\" height=\"194\" srcset=\"https:\/\/domainedepamadera.nl\/wp-content\/uploads\/2021\/02\/191-300x225.jpg 300w, https:\/\/domainedepamadera.nl\/wp-content\/uploads\/2021\/02\/191.jpg 640w\" sizes=\"(max-width: 259px) 100vw, 259px\" \/>\u00a0<img decoding=\"async\" loading=\"lazy\" class=\"alignnone wp-image-590\" src=\"http:\/\/domainedepamadera.nl\/wp-content\/uploads\/2021\/02\/app2-297x300.jpg\" alt=\"\" width=\"192\" height=\"194\" srcset=\"https:\/\/domainedepamadera.nl\/wp-content\/uploads\/2021\/02\/app2-297x300.jpg 297w, https:\/\/domainedepamadera.nl\/wp-content\/uploads\/2021\/02\/app2-768x775.jpg 768w, https:\/\/domainedepamadera.nl\/wp-content\/uploads\/2021\/02\/app2.jpg 971w\" sizes=\"(max-width: 192px) 100vw, 192px\" \/><\/strong><\/span><\/p>\n<p><span class=\"Y2IQFc\" lang=\"fr\">Tarifs de notre appartement (maximum 6 personnes) ;<\/span><\/p>\n<p>Est disponible du dimanche 16h00 au dimanche 10h00<\/p>\n<p>\u00e0 partir de \u20ac750,-* \/par semaine. base 2 personnes.<\/p>\n<p>inclus le m\u00e9nage final, le paquet linge, le paquet serviettes, la taxe de s\u00e9jour, les lits faits \u00e0 l&rsquo;arriv\u00e9e, sinon toutes les commodit\u00e9s du Domaine de Pamadera sont disponibles. (Jacuzzi, bain \u00e0 remous, sauna et massage priv\u00e9 sont disponibles moyennant un suppl\u00e9ment sur place et selon disponibilit\u00e9)<\/p>\n<p>Personne suppl\u00e9mentaire 25 \u20ac,-pp.p jour.<\/p>\n<p>* les tarifs varient selon la p\u00e9riode, vous serez inform\u00e9 \u00e0 l&rsquo;avance de la tarification actuelle de la basse, moyenne ou haute saison<\/p>\n<p>&nbsp;<\/p>\n<p><span style=\"font-family: 'Rock Salt';\"><strong><span lang=\"fr\">D\u00e9jeuner:<\/span><\/strong><\/span><\/p>\n<p>Vous pouvez r\u00e9server un copieux petit-d\u00e9jeuner fran\u00e7ais pour 8 \u20ac \/ par jour.<\/p>\n<p><span style=\"font-family: 'Rock Salt';\"><strong><img decoding=\"async\" loading=\"lazy\" class=\"alignnone wp-image-753\" src=\"http:\/\/domainedepamadera.nl\/wp-content\/uploads\/2021\/02\/9.6-300x225.jpg\" alt=\"\" width=\"217\" height=\"163\" srcset=\"https:\/\/domainedepamadera.nl\/wp-content\/uploads\/2021\/02\/9.6-300x225.jpg 300w, https:\/\/domainedepamadera.nl\/wp-content\/uploads\/2021\/02\/9.6.jpg 486w\" sizes=\"(max-width: 217px) 100vw, 217px\" \/><\/strong><\/span><\/p>\n<p>Prenez soin de vos vacances et amusez-vous au Domaine de Pamadera. Nous travaillons tr\u00e8s dur tous les jours pour que vous passiez un s\u00e9jour sans soucis! S&rsquo;il y a des choses que vous n&rsquo;aimez pas, nous vous remercions de nous en informer. Les pourboires sont toujours les bienvenus!<\/p>\n<p>Patrick et Marianne Jungbeker<\/p>\n","protected":false},"excerpt":{"rendered":"<p>Tarifs des chambres Chambre \u2018d Hotes ; inclus le m\u00e9nage de fin de s\u00e9jour, le kit linge, le kit serviettes, la taxe de s\u00e9jour, les lits faits \u00e0 l&rsquo;arriv\u00e9e et le petit-d\u00e9jeuner. A partir de 99\u20ac* par chambre par nuit (\u00e0 partir de 2 nuits, tarif sur la base de 2 pers\/chambre) * les tarifs [&hellip;]<\/p>\n","protected":false},"author":1,"featured_media":0,"parent":0,"menu_order":0,"comment_status":"closed","ping_status":"closed","template":"","meta":{"footnotes":""},"_links":{"self":[{"href":"https:\/\/domainedepamadera.nl\/fr\/wp-json\/wp\/v2\/pages\/342"}],"collection":[{"href":"https:\/\/domainedepamadera.nl\/fr\/wp-json\/wp\/v2\/pages"}],"about":[{"href":"https:\/\/domainedepamadera.nl\/fr\/wp-json\/wp\/v2\/types\/page"}],"author":[{"embeddable":true,"href":"https:\/\/domainedepamadera.nl\/fr\/wp-json\/wp\/v2\/users\/1"}],"replies":[{"embeddable":true,"href":"https:\/\/domainedepamadera.nl\/fr\/wp-json\/wp\/v2\/comments?post=342"}],"version-history":[{"count":63,"href":"https:\/\/domainedepamadera.nl\/fr\/wp-json\/wp\/v2\/pages\/342\/revisions"}],"predecessor-version":[{"id":2192,"href":"https:\/\/domainedepamadera.nl\/fr\/wp-json\/wp\/v2\/pages\/342\/revisions\/2192"}],"wp:attachment":[{"href":"https:\/\/domainedepamadera.nl\/fr\/wp-json\/wp\/v2\/media?parent=342"}],"curies":[{"name":"wp","href":"https:\/\/api.w.org\/{rel}","templated":true}]}}