{"id":351,"date":"2020-12-23T11:23:42","date_gmt":"2020-12-23T11:23:42","guid":{"rendered":"http:\/\/domainedepamadera.nl\/?page_id=351"},"modified":"2022-01-09T14:13:07","modified_gmt":"2022-01-09T14:13:07","slug":"veranda","status":"publish","type":"page","link":"https:\/\/domainedepamadera.nl\/fr\/veranda\/","title":{"rendered":"Veranda"},"content":{"rendered":"<p><br \/>\n<span style=\"font-family: 'Rock Salt';\"><strong><span lang=\"fr\">L&rsquo;heure de la v\u00e9randa\u2026.<\/span><\/strong><\/span><\/p>\n<p>Au Domaine de Pamadera<\/p>\n<p><img decoding=\"async\" loading=\"lazy\" class=\"alignnone size-medium wp-image-1499\" src=\"https:\/\/domainedepamadera.nl\/wp-content\/uploads\/2022\/01\/C61D3110-2E42-4012-8C14-F727F9239723-300x225.jpeg\" alt=\"\" width=\"300\" height=\"225\" srcset=\"https:\/\/domainedepamadera.nl\/wp-content\/uploads\/2022\/01\/C61D3110-2E42-4012-8C14-F727F9239723-300x225.jpeg 300w, https:\/\/domainedepamadera.nl\/wp-content\/uploads\/2022\/01\/C61D3110-2E42-4012-8C14-F727F9239723-1024x768.jpeg 1024w, https:\/\/domainedepamadera.nl\/wp-content\/uploads\/2022\/01\/C61D3110-2E42-4012-8C14-F727F9239723-768x576.jpeg 768w, https:\/\/domainedepamadera.nl\/wp-content\/uploads\/2022\/01\/C61D3110-2E42-4012-8C14-F727F9239723-1536x1152.jpeg 1536w, https:\/\/domainedepamadera.nl\/wp-content\/uploads\/2022\/01\/C61D3110-2E42-4012-8C14-F727F9239723-2048x1536.jpeg 2048w\" sizes=\"(max-width: 300px) 100vw, 300px\" \/> <img decoding=\"async\" loading=\"lazy\" class=\"alignnone size-medium wp-image-1644\" src=\"https:\/\/domainedepamadera.nl\/wp-content\/uploads\/2022\/01\/00D6E521-1B89-4C9E-B8C7-146E5A323802-300x225.jpeg\" alt=\"\" width=\"300\" height=\"225\" srcset=\"https:\/\/domainedepamadera.nl\/wp-content\/uploads\/2022\/01\/00D6E521-1B89-4C9E-B8C7-146E5A323802-300x225.jpeg 300w, https:\/\/domainedepamadera.nl\/wp-content\/uploads\/2022\/01\/00D6E521-1B89-4C9E-B8C7-146E5A323802-1024x768.jpeg 1024w, https:\/\/domainedepamadera.nl\/wp-content\/uploads\/2022\/01\/00D6E521-1B89-4C9E-B8C7-146E5A323802-768x576.jpeg 768w, https:\/\/domainedepamadera.nl\/wp-content\/uploads\/2022\/01\/00D6E521-1B89-4C9E-B8C7-146E5A323802-1536x1152.jpeg 1536w, https:\/\/domainedepamadera.nl\/wp-content\/uploads\/2022\/01\/00D6E521-1B89-4C9E-B8C7-146E5A323802-2048x1536.jpeg 2048w\" sizes=\"(max-width: 300px) 100vw, 300px\" \/><\/p>\n<p><img decoding=\"async\" loading=\"lazy\" class=\"alignnone size-medium wp-image-1494\" src=\"https:\/\/domainedepamadera.nl\/wp-content\/uploads\/2022\/01\/1D328595-894F-4F16-970C-923DBC71FE20-300x225.jpeg\" alt=\"\" width=\"300\" height=\"225\" srcset=\"https:\/\/domainedepamadera.nl\/wp-content\/uploads\/2022\/01\/1D328595-894F-4F16-970C-923DBC71FE20-300x225.jpeg 300w, https:\/\/domainedepamadera.nl\/wp-content\/uploads\/2022\/01\/1D328595-894F-4F16-970C-923DBC71FE20-1024x768.jpeg 1024w, https:\/\/domainedepamadera.nl\/wp-content\/uploads\/2022\/01\/1D328595-894F-4F16-970C-923DBC71FE20-768x576.jpeg 768w, https:\/\/domainedepamadera.nl\/wp-content\/uploads\/2022\/01\/1D328595-894F-4F16-970C-923DBC71FE20-1536x1152.jpeg 1536w, https:\/\/domainedepamadera.nl\/wp-content\/uploads\/2022\/01\/1D328595-894F-4F16-970C-923DBC71FE20-2048x1536.jpeg 2048w\" sizes=\"(max-width: 300px) 100vw, 300px\" \/> <img decoding=\"async\" loading=\"lazy\" class=\"alignnone size-medium wp-image-1501\" src=\"https:\/\/domainedepamadera.nl\/wp-content\/uploads\/2022\/01\/9C2905CD-A28C-4B50-9D0B-C4E3F2F87D3F-300x225.jpeg\" alt=\"\" width=\"300\" height=\"225\" srcset=\"https:\/\/domainedepamadera.nl\/wp-content\/uploads\/2022\/01\/9C2905CD-A28C-4B50-9D0B-C4E3F2F87D3F-300x225.jpeg 300w, https:\/\/domainedepamadera.nl\/wp-content\/uploads\/2022\/01\/9C2905CD-A28C-4B50-9D0B-C4E3F2F87D3F-1024x768.jpeg 1024w, https:\/\/domainedepamadera.nl\/wp-content\/uploads\/2022\/01\/9C2905CD-A28C-4B50-9D0B-C4E3F2F87D3F-768x576.jpeg 768w, https:\/\/domainedepamadera.nl\/wp-content\/uploads\/2022\/01\/9C2905CD-A28C-4B50-9D0B-C4E3F2F87D3F-1536x1152.jpeg 1536w, https:\/\/domainedepamadera.nl\/wp-content\/uploads\/2022\/01\/9C2905CD-A28C-4B50-9D0B-C4E3F2F87D3F-2048x1536.jpeg 2048w\" sizes=\"(max-width: 300px) 100vw, 300px\" \/><\/p>\n<p>Lorsque vous entrez dans les portes de notre domaine, vous ne pouvez pas l&rsquo;ignorer! Notre pi\u00e8ce ma\u00eetresse est fi\u00e8rement notre v\u00e9randa o\u00f9 tout le monde se r\u00e9unit pour un petit-d\u00e9jeuner d\u00e9licieux et polyvalent, un d\u00e9jeuner savoureux, une planche de collation copieuse ou le d\u00eener tr\u00e8s discut\u00e9!<\/p>\n<p>N&rsquo;h\u00e9sitez pas \u00e0 venir vous asseoir sous notre v\u00e9randa pour un beau jeu ou une discussion. Ne sommes-nous pas l\u00e0\u2026. Pas de probl\u00e8me, faites simplement sonner la cloche brillante du navire et nous serons avec vous pour une d\u00e9licieuse glace rafra\u00eechissante ou pour r\u00e9pondre \u00e0 votre question.<\/p>\n<p>Le soir, l&rsquo;obscurit\u00e9 tombe sur les champs autour de nous. La sph\u00e8re rouge-jaune s&rsquo;enfonce lentement derri\u00e8re l&rsquo;horizon. Les animaux cherchent leurs cages de nuit et dans le silence vous entendez un hibou crier dans les bois, le d\u00e9but de la soir\u00e9e est un fait\u2026 Alors c&rsquo;est l&rsquo;heure de la magie!<\/p>\n<p>Si l&rsquo;\u00e9clairage d&rsquo;ambiance prend le relais de l&rsquo;obscurit\u00e9 et que le jardin d&rsquo;ambiance est \u00e9clair\u00e9 de telle mani\u00e8re que vous le savez, cela pourrait bien \u00eatre une longue soir\u00e9e! La piscine est magnifiquement \u00e9clair\u00e9e et l&rsquo;ancienne fa\u00e7ade de la grange se distingue par la lueur jaune d&rsquo;or de sa beaut\u00e9. Une autre partie du Jeu &lsquo;des Boules se joue, un verre de vin est vers\u00e9. Lentement la v\u00e9randa se remplit pour une r\u00e9union chaleureuse, un merveilleux bourdonnement entre le cr\u00e9pitement d&rsquo;un beau feu &#8230;<\/p>\n<p>Comment nous attendons avec impatience ces longues soir\u00e9es douillettes et sensuelles au Domaine de Pamadera jusqu&rsquo;\u00e0 ce qu&rsquo;un nouveau jour arrive.<\/p>\n<p>Bonne soir\u00e9e, bonne nuit!<\/p>\n","protected":false},"excerpt":{"rendered":"<p>L&rsquo;heure de la v\u00e9randa\u2026. Au Domaine de Pamadera Lorsque vous entrez dans les portes de notre domaine, vous ne pouvez pas l&rsquo;ignorer! Notre pi\u00e8ce ma\u00eetresse est fi\u00e8rement notre v\u00e9randa o\u00f9 tout le monde se r\u00e9unit pour un petit-d\u00e9jeuner d\u00e9licieux et polyvalent, un d\u00e9jeuner savoureux, une planche de collation copieuse ou le d\u00eener tr\u00e8s discut\u00e9! N&rsquo;h\u00e9sitez [&hellip;]<\/p>\n","protected":false},"author":1,"featured_media":0,"parent":0,"menu_order":0,"comment_status":"closed","ping_status":"closed","template":"","meta":{"footnotes":""},"_links":{"self":[{"href":"https:\/\/domainedepamadera.nl\/fr\/wp-json\/wp\/v2\/pages\/351"}],"collection":[{"href":"https:\/\/domainedepamadera.nl\/fr\/wp-json\/wp\/v2\/pages"}],"about":[{"href":"https:\/\/domainedepamadera.nl\/fr\/wp-json\/wp\/v2\/types\/page"}],"author":[{"embeddable":true,"href":"https:\/\/domainedepamadera.nl\/fr\/wp-json\/wp\/v2\/users\/1"}],"replies":[{"embeddable":true,"href":"https:\/\/domainedepamadera.nl\/fr\/wp-json\/wp\/v2\/comments?post=351"}],"version-history":[{"count":21,"href":"https:\/\/domainedepamadera.nl\/fr\/wp-json\/wp\/v2\/pages\/351\/revisions"}],"predecessor-version":[{"id":1781,"href":"https:\/\/domainedepamadera.nl\/fr\/wp-json\/wp\/v2\/pages\/351\/revisions\/1781"}],"wp:attachment":[{"href":"https:\/\/domainedepamadera.nl\/fr\/wp-json\/wp\/v2\/media?parent=351"}],"curies":[{"name":"wp","href":"https:\/\/api.w.org\/{rel}","templated":true}]}}