{"id":363,"date":"2020-12-23T11:33:54","date_gmt":"2020-12-23T11:33:54","guid":{"rendered":"http:\/\/domainedepamadera.nl\/?page_id=363"},"modified":"2025-11-28T13:42:42","modified_gmt":"2025-11-28T13:42:42","slug":"workshop","status":"publish","type":"page","link":"https:\/\/domainedepamadera.nl\/fr\/workshop\/","title":{"rendered":"Atelier"},"content":{"rendered":"<p><br \/>\n<span style=\"font-family: 'Rock Salt';\"><strong><span lang=\"fr\">Avez-vous d\u00e9j\u00e0 pens\u00e9 \u00e0 \u00eatre si relaxant et cr\u00e9atif ?! C&rsquo;est possible au Domaine de Pamadera<\/span><\/strong><\/span><\/p>\n<p><img decoding=\"async\" loading=\"lazy\" class=\"alignnone size-medium wp-image-1473\" src=\"https:\/\/domainedepamadera.nl\/wp-content\/uploads\/2022\/01\/C8495865-FE3B-458E-ABA9-BCA6CAB8DF2C-300x298.jpeg\" alt=\"\" width=\"300\" height=\"298\" srcset=\"https:\/\/domainedepamadera.nl\/wp-content\/uploads\/2022\/01\/C8495865-FE3B-458E-ABA9-BCA6CAB8DF2C-300x298.jpeg 300w, https:\/\/domainedepamadera.nl\/wp-content\/uploads\/2022\/01\/C8495865-FE3B-458E-ABA9-BCA6CAB8DF2C-1024x1019.jpeg 1024w, https:\/\/domainedepamadera.nl\/wp-content\/uploads\/2022\/01\/C8495865-FE3B-458E-ABA9-BCA6CAB8DF2C-150x150.jpeg 150w, https:\/\/domainedepamadera.nl\/wp-content\/uploads\/2022\/01\/C8495865-FE3B-458E-ABA9-BCA6CAB8DF2C-768x764.jpeg 768w, https:\/\/domainedepamadera.nl\/wp-content\/uploads\/2022\/01\/C8495865-FE3B-458E-ABA9-BCA6CAB8DF2C.jpeg 1125w\" sizes=\"(max-width: 300px) 100vw, 300px\" \/> <img decoding=\"async\" loading=\"lazy\" class=\"alignnone size-medium wp-image-1472\" src=\"https:\/\/domainedepamadera.nl\/wp-content\/uploads\/2022\/01\/187DF1C2-761A-40AB-800B-E02F6BCB0500-300x297.jpeg\" alt=\"\" width=\"300\" height=\"297\" srcset=\"https:\/\/domainedepamadera.nl\/wp-content\/uploads\/2022\/01\/187DF1C2-761A-40AB-800B-E02F6BCB0500-300x297.jpeg 300w, https:\/\/domainedepamadera.nl\/wp-content\/uploads\/2022\/01\/187DF1C2-761A-40AB-800B-E02F6BCB0500-1024x1012.jpeg 1024w, https:\/\/domainedepamadera.nl\/wp-content\/uploads\/2022\/01\/187DF1C2-761A-40AB-800B-E02F6BCB0500-150x150.jpeg 150w, https:\/\/domainedepamadera.nl\/wp-content\/uploads\/2022\/01\/187DF1C2-761A-40AB-800B-E02F6BCB0500-768x759.jpeg 768w, https:\/\/domainedepamadera.nl\/wp-content\/uploads\/2022\/01\/187DF1C2-761A-40AB-800B-E02F6BCB0500.jpeg 1125w\" sizes=\"(max-width: 300px) 100vw, 300px\" \/><\/p>\n<p>Alors que le soleil se d\u00e9place lentement dans le ciel bleu clair, avec les magnifiques nuages \u200b\u200bblancs de moutons qui vous aident \u00e0 r\u00eaver loin dans la journ\u00e9e, quelque chose de beau est \u00e0 nouveau au programme. La V\u00e9randa ou notre espace Atelier vous accueille \u00e0 portes ouvertes.<\/p>\n<p><span style=\"font-family: 'Rock Salt';\"><strong><img decoding=\"async\" loading=\"lazy\" class=\"alignnone size-medium wp-image-700\" src=\"http:\/\/domainedepamadera.nl\/wp-content\/uploads\/2021\/02\/work-300x196.jpg\" alt=\"\" width=\"300\" height=\"196\" srcset=\"https:\/\/domainedepamadera.nl\/wp-content\/uploads\/2021\/02\/work-300x196.jpg 300w, https:\/\/domainedepamadera.nl\/wp-content\/uploads\/2021\/02\/work.jpg 499w\" sizes=\"(max-width: 300px) 100vw, 300px\" \/> <img decoding=\"async\" loading=\"lazy\" class=\"alignnone size-medium wp-image-697\" src=\"http:\/\/domainedepamadera.nl\/wp-content\/uploads\/2021\/02\/work-2-300x196.jpg\" alt=\"\" width=\"300\" height=\"196\" srcset=\"https:\/\/domainedepamadera.nl\/wp-content\/uploads\/2021\/02\/work-2-300x196.jpg 300w, https:\/\/domainedepamadera.nl\/wp-content\/uploads\/2021\/02\/work-2.jpg 487w\" sizes=\"(max-width: 300px) 100vw, 300px\" \/><\/strong><\/span><br \/>\n<span style=\"font-family: 'Rock Salt';\"><strong><span lang=\"fr\">Laissez-vous surprendre par votre propre cr\u00e9ativit\u00e9 aid\u00e9e par les possibilit\u00e9s d&rsquo;un autre atelier cr\u00e9atif, actif, culinaire ou relaxant!<\/span><\/strong><\/span><\/p>\n<p>Laissez-vous emporter par les possibilit\u00e9s que chacun a et ne limitez pas votre peur de supprimer passivement votre cr\u00e9ativit\u00e9. Nous disons toujours ce qui est plus pr\u00e9cieux que votre propre pr\u00e9sence pour enrichir le confort de chacun et pour profiter vous-m\u00eame d&rsquo;une r\u00e9union d\u00e9tendue.<\/p>\n<p>D\u00e9couvrez les ateliers propos\u00e9s cette semaine et rejoignez-nous!<\/p>\n<p>Patrick et Marianne Jungbeker<\/p>\n<p><span style=\"font-family: 'Rock Salt';\"><strong> <img decoding=\"async\" loading=\"lazy\" class=\"alignnone size-medium wp-image-845\" src=\"https:\/\/domainedepamadera.nl\/wp-content\/uploads\/2021\/02\/20210183-Rond-24450-Mialet-Transparant-01-300x212.png\" alt=\"\" width=\"300\" height=\"212\" srcset=\"https:\/\/domainedepamadera.nl\/wp-content\/uploads\/2021\/02\/20210183-Rond-24450-Mialet-Transparant-01-300x212.png 300w, https:\/\/domainedepamadera.nl\/wp-content\/uploads\/2021\/02\/20210183-Rond-24450-Mialet-Transparant-01-768x544.png 768w, https:\/\/domainedepamadera.nl\/wp-content\/uploads\/2021\/02\/20210183-Rond-24450-Mialet-Transparant-01.png 842w\" sizes=\"(max-width: 300px) 100vw, 300px\" \/><\/strong><\/span><br \/>\n<span style=\"font-family: 'Rock Salt';\"><strong><span lang=\"fr\">Ateliers au Domaine de Pamadera<\/span><\/strong><\/span><\/p>\n<p>Ateliers (voir programme hebdomadaire)<\/p>\n<p>De beaux ateliers sont r\u00e9guli\u00e8rement donn\u00e9s au Domaine de Pamadera. Il peut s&rsquo;agir d&rsquo;ateliers th\u00e9matiques propos\u00e9s pendant un certain week-end ou pendant une p\u00e9riode de vacances ou m\u00eame dans une semaine \u00e0 th\u00e8me.<\/p>\n<p><span style=\"font-family: 'Rock Salt';\"><strong><img decoding=\"async\" loading=\"lazy\" class=\"alignnone wp-image-698\" src=\"http:\/\/domainedepamadera.nl\/wp-content\/uploads\/2021\/02\/work-3-300x187.jpg\" alt=\"\" width=\"420\" height=\"262\" srcset=\"https:\/\/domainedepamadera.nl\/wp-content\/uploads\/2021\/02\/work-3-300x187.jpg 300w, https:\/\/domainedepamadera.nl\/wp-content\/uploads\/2021\/02\/work-3-436x272.jpg 436w, https:\/\/domainedepamadera.nl\/wp-content\/uploads\/2021\/02\/work-3.jpg 515w\" sizes=\"(max-width: 420px) 100vw, 420px\" \/> <img decoding=\"async\" loading=\"lazy\" class=\"alignnone size-medium wp-image-699\" src=\"http:\/\/domainedepamadera.nl\/wp-content\/uploads\/2021\/02\/work-4-300x263.jpg\" alt=\"\" width=\"300\" height=\"263\" srcset=\"https:\/\/domainedepamadera.nl\/wp-content\/uploads\/2021\/02\/work-4-300x263.jpg 300w, https:\/\/domainedepamadera.nl\/wp-content\/uploads\/2021\/02\/work-4.jpg 525w\" sizes=\"(max-width: 300px) 100vw, 300px\" \/><\/strong><\/span><br \/>\n<span style=\"font-family: 'Rock Salt';\"><strong><span lang=\"fr\">Vous pouvez penser \u00e0 des ateliers cr\u00e9atifs, \u00e0 la menuiserie, \u00e0 des ateliers culinaires et \u00e0 des ateliers actifs. Vous pouvez suivre quels ateliers sont pr\u00e9vus sur notre site sous la rubrique ateliers. Si vous avez des suggestions, faites-le nous savoir!<\/span><\/strong><\/span><\/p>\n<p>\u00c0 partir de la saison 2022;<\/p>\n<p>Location de studio de fitness<\/p>\n<p>Location bain tourbillon<\/p>\n<p>Location de v\u00e9los \u00e9lectriques<\/p>\n","protected":false},"excerpt":{"rendered":"<p>Avez-vous d\u00e9j\u00e0 pens\u00e9 \u00e0 \u00eatre si relaxant et cr\u00e9atif ?! C&rsquo;est possible au Domaine de Pamadera Alors que le soleil se d\u00e9place lentement dans le ciel bleu clair, avec les magnifiques nuages \u200b\u200bblancs de moutons qui vous aident \u00e0 r\u00eaver loin dans la journ\u00e9e, quelque chose de beau est \u00e0 nouveau au programme. La V\u00e9randa [&hellip;]<\/p>\n","protected":false},"author":1,"featured_media":0,"parent":0,"menu_order":0,"comment_status":"closed","ping_status":"closed","template":"","meta":{"footnotes":""},"_links":{"self":[{"href":"https:\/\/domainedepamadera.nl\/fr\/wp-json\/wp\/v2\/pages\/363"}],"collection":[{"href":"https:\/\/domainedepamadera.nl\/fr\/wp-json\/wp\/v2\/pages"}],"about":[{"href":"https:\/\/domainedepamadera.nl\/fr\/wp-json\/wp\/v2\/types\/page"}],"author":[{"embeddable":true,"href":"https:\/\/domainedepamadera.nl\/fr\/wp-json\/wp\/v2\/users\/1"}],"replies":[{"embeddable":true,"href":"https:\/\/domainedepamadera.nl\/fr\/wp-json\/wp\/v2\/comments?post=363"}],"version-history":[{"count":21,"href":"https:\/\/domainedepamadera.nl\/fr\/wp-json\/wp\/v2\/pages\/363\/revisions"}],"predecessor-version":[{"id":2429,"href":"https:\/\/domainedepamadera.nl\/fr\/wp-json\/wp\/v2\/pages\/363\/revisions\/2429"}],"wp:attachment":[{"href":"https:\/\/domainedepamadera.nl\/fr\/wp-json\/wp\/v2\/media?parent=363"}],"curies":[{"name":"wp","href":"https:\/\/api.w.org\/{rel}","templated":true}]}}