{"id":376,"date":"2020-12-23T11:52:39","date_gmt":"2020-12-23T11:52:39","guid":{"rendered":"http:\/\/domainedepamadera.nl\/?page_id=376"},"modified":"2022-01-09T14:27:51","modified_gmt":"2022-01-09T14:27:51","slug":"zwembad","status":"publish","type":"page","link":"https:\/\/domainedepamadera.nl\/fr\/zwembad\/","title":{"rendered":"Piscine"},"content":{"rendered":"<p><br \/>\n<span style=\"font-family: 'Rock Salt';\"><strong><span lang=\"fr\">Amusement aquatique et rafra\u00eechissement,<\/span><\/strong><\/span><\/p>\n<p>sous le chaud soleil fran\u00e7ais &#8230;<\/p>\n<p><span style=\"font-family: 'Rock Salt';\"><strong> <img decoding=\"async\" loading=\"lazy\" class=\"alignnone wp-image-716\" src=\"http:\/\/domainedepamadera.nl\/wp-content\/uploads\/2021\/02\/5-300x201.jpg\" alt=\"\" width=\"333\" height=\"223\" srcset=\"https:\/\/domainedepamadera.nl\/wp-content\/uploads\/2021\/02\/5-300x201.jpg 300w, https:\/\/domainedepamadera.nl\/wp-content\/uploads\/2021\/02\/5-768x514.jpg 768w, https:\/\/domainedepamadera.nl\/wp-content\/uploads\/2021\/02\/5-272x182.jpg 272w, https:\/\/domainedepamadera.nl\/wp-content\/uploads\/2021\/02\/5.jpg 922w\" sizes=\"(max-width: 333px) 100vw, 333px\" \/> <img decoding=\"async\" loading=\"lazy\" class=\"alignnone size-medium wp-image-729\" src=\"http:\/\/domainedepamadera.nl\/wp-content\/uploads\/2021\/02\/54-1-300x224.jpg\" alt=\"\" width=\"300\" height=\"224\" srcset=\"https:\/\/domainedepamadera.nl\/wp-content\/uploads\/2021\/02\/54-1-300x224.jpg 300w, https:\/\/domainedepamadera.nl\/wp-content\/uploads\/2021\/02\/54-1.jpg 640w\" sizes=\"(max-width: 300px) 100vw, 300px\" \/> <\/strong><\/span><br \/>\n<span style=\"font-family: 'Rock Salt';\"><strong><span lang=\"fr\">Chaque matin, les premiers rayons du soleil tirent doucement la sph\u00e8re rouge-jaune au-dessus de l&rsquo;horizon.<\/span><\/strong><\/span><\/p>\n<p>Les derniers flocons de brume se retirent apr\u00e8s avoir vu ces rayons chauds et laissent s&rsquo;\u00e9vaporer les gouttes de ros\u00e9e sur la feuille verte d&rsquo;un tournesol qui regarde vers notre domaine.<\/p>\n<p>L&rsquo;eau dans la piscine bleue claire cr\u00e9e des cercles \u00e0 chaque contact d&rsquo;une libellule \u00e0 la recherche de nourriture et de danse accueillant la journ\u00e9e \u00e0 la lueur du petit matin.<\/p>\n<p>\u00c0 quel point ce sera diff\u00e9rent lorsque nos clients visiteront l&rsquo;eau pour se d\u00e9tendre sous le chaud soleil de midi fran\u00e7ais jaune dor\u00e9.<\/p>\n<p>Comment les enfants jouent, s&rsquo;\u00e9claboussent et participent \u00e0 un spectacle aquatique, s&rsquo;amusant joyeusement avec leurs parents depuis leur position d\u00e9tendue et en se plongeant davantage dans leur livre de lecture.<\/p>\n<p><span style=\"font-family: 'Rock Salt';\"><strong><img decoding=\"async\" loading=\"lazy\" class=\"alignnone size-medium wp-image-731\" src=\"http:\/\/domainedepamadera.nl\/wp-content\/uploads\/2021\/02\/15-300x225.jpg\" alt=\"\" width=\"300\" height=\"225\" srcset=\"https:\/\/domainedepamadera.nl\/wp-content\/uploads\/2021\/02\/15-300x225.jpg 300w, https:\/\/domainedepamadera.nl\/wp-content\/uploads\/2021\/02\/15.jpg 640w\" sizes=\"(max-width: 300px) 100vw, 300px\" \/> <img decoding=\"async\" loading=\"lazy\" class=\"alignnone size-medium wp-image-730\" src=\"http:\/\/domainedepamadera.nl\/wp-content\/uploads\/2021\/02\/97-300x225.jpg\" alt=\"\" width=\"300\" height=\"225\" srcset=\"https:\/\/domainedepamadera.nl\/wp-content\/uploads\/2021\/02\/97-300x225.jpg 300w, https:\/\/domainedepamadera.nl\/wp-content\/uploads\/2021\/02\/97.jpg 640w\" sizes=\"(max-width: 300px) 100vw, 300px\" \/><\/strong><\/span><br \/>\n<span style=\"font-family: 'Rock Salt';\"><strong><span lang=\"fr\">Temps oubli\u00e9 pendant la journ\u00e9e et \u00e9tonn\u00e9 de voir une journ\u00e9e merveilleuse et rapidement pass\u00e9e dans un lieu atmosph\u00e9rique unique avec notre belle piscine comme pi\u00e8ce ma\u00eetresse, qui ne peut pas attendre le lendemain pour arriver. Les vagues se d\u00e9veloppent et les \u00e9claboussures s\u00e8chent jusqu&rsquo;\u00e0 ce que les derni\u00e8res gouttes refluent dans le bain clair et que le clair de lune se refl\u00e8te sur une surface d&rsquo;eau \u00e9clair\u00e9e la nuit.<br \/>\n<\/span><\/strong><\/span><\/p>\n<p><img decoding=\"async\" loading=\"lazy\" class=\"alignnone size-medium wp-image-1605\" src=\"https:\/\/domainedepamadera.nl\/wp-content\/uploads\/2022\/01\/6BC7F44B-DB4A-44A9-ABA0-77A3147BFB9A-300x225.jpeg\" alt=\"\" width=\"300\" height=\"225\" srcset=\"https:\/\/domainedepamadera.nl\/wp-content\/uploads\/2022\/01\/6BC7F44B-DB4A-44A9-ABA0-77A3147BFB9A-300x225.jpeg 300w, https:\/\/domainedepamadera.nl\/wp-content\/uploads\/2022\/01\/6BC7F44B-DB4A-44A9-ABA0-77A3147BFB9A-768x576.jpeg 768w, https:\/\/domainedepamadera.nl\/wp-content\/uploads\/2022\/01\/6BC7F44B-DB4A-44A9-ABA0-77A3147BFB9A.jpeg 1024w\" sizes=\"(max-width: 300px) 100vw, 300px\" \/> <img decoding=\"async\" loading=\"lazy\" class=\"alignnone size-medium wp-image-1604\" src=\"https:\/\/domainedepamadera.nl\/wp-content\/uploads\/2022\/01\/E77AF88A-CF08-46D2-AB9D-3BEEC875F8EB-225x300.jpeg\" alt=\"\" width=\"225\" height=\"300\" srcset=\"https:\/\/domainedepamadera.nl\/wp-content\/uploads\/2022\/01\/E77AF88A-CF08-46D2-AB9D-3BEEC875F8EB-225x300.jpeg 225w, https:\/\/domainedepamadera.nl\/wp-content\/uploads\/2022\/01\/E77AF88A-CF08-46D2-AB9D-3BEEC875F8EB.jpeg 768w\" sizes=\"(max-width: 225px) 100vw, 225px\" \/><\/p>\n<p><strong><span class=\"Y2IQFc\" lang=\"fr\" style=\"font-family: 'Rock Salt';\">Venez vous r\u00e9galer au Domaine de Pamadera<\/span><\/strong><\/p>\n","protected":false},"excerpt":{"rendered":"<p>Amusement aquatique et rafra\u00eechissement, sous le chaud soleil fran\u00e7ais &#8230; Chaque matin, les premiers rayons du soleil tirent doucement la sph\u00e8re rouge-jaune au-dessus de l&rsquo;horizon. Les derniers flocons de brume se retirent apr\u00e8s avoir vu ces rayons chauds et laissent s&rsquo;\u00e9vaporer les gouttes de ros\u00e9e sur la feuille verte d&rsquo;un tournesol qui regarde vers notre [&hellip;]<\/p>\n","protected":false},"author":1,"featured_media":0,"parent":0,"menu_order":0,"comment_status":"closed","ping_status":"closed","template":"","meta":{"footnotes":""},"_links":{"self":[{"href":"https:\/\/domainedepamadera.nl\/fr\/wp-json\/wp\/v2\/pages\/376"}],"collection":[{"href":"https:\/\/domainedepamadera.nl\/fr\/wp-json\/wp\/v2\/pages"}],"about":[{"href":"https:\/\/domainedepamadera.nl\/fr\/wp-json\/wp\/v2\/types\/page"}],"author":[{"embeddable":true,"href":"https:\/\/domainedepamadera.nl\/fr\/wp-json\/wp\/v2\/users\/1"}],"replies":[{"embeddable":true,"href":"https:\/\/domainedepamadera.nl\/fr\/wp-json\/wp\/v2\/comments?post=376"}],"version-history":[{"count":15,"href":"https:\/\/domainedepamadera.nl\/fr\/wp-json\/wp\/v2\/pages\/376\/revisions"}],"predecessor-version":[{"id":1791,"href":"https:\/\/domainedepamadera.nl\/fr\/wp-json\/wp\/v2\/pages\/376\/revisions\/1791"}],"wp:attachment":[{"href":"https:\/\/domainedepamadera.nl\/fr\/wp-json\/wp\/v2\/media?parent=376"}],"curies":[{"name":"wp","href":"https:\/\/api.w.org\/{rel}","templated":true}]}}