{"id":380,"date":"2020-12-23T11:56:17","date_gmt":"2020-12-23T11:56:17","guid":{"rendered":"http:\/\/domainedepamadera.nl\/?page_id=380"},"modified":"2022-01-06T16:34:11","modified_gmt":"2022-01-06T16:34:11","slug":"evenementen","status":"publish","type":"page","link":"https:\/\/domainedepamadera.nl\/fr\/evenementen\/","title":{"rendered":"\u00c9v\u00e9nements"},"content":{"rendered":"<p><br \/>\n<span style=\"font-family: 'Rock Salt';\"><strong><span lang=\"fr\">Suivez votre \u00e9v\u00e9nement pr\u00e9f\u00e9r\u00e9\u2026.<\/span><\/strong><\/span><\/p>\n<p>Au milieu d&rsquo;une ambiance fran\u00e7aise bourguignonne dans la vaste campagne sous notre jolie v\u00e9randa!<\/p>\n<p>C&rsquo;est formidable de constater que lors de votre s\u00e9jour au Domaine de Pamadera vous \u00eates invit\u00e9 \u00e0 profiter de votre \u00e9v\u00e9nement pr\u00e9f\u00e9r\u00e9 tout en d\u00e9gustant une collation ou un verre!<\/p>\n<p>Les Jeux Olympiques, la Coupe du Monde ou le Tour de France projet\u00e9s chaque jour sur un m\u00e9ga \u00e9cran sous la v\u00e9randa! Vous en mode vacances avec vue sur notre magnifique jardin qui brille sous le soleil fran\u00e7ais tandis que votre favori met sur une performance ultime.<\/p>\n<p><img decoding=\"async\" loading=\"lazy\" class=\"alignnone size-medium wp-image-1683\" src=\"https:\/\/domainedepamadera.nl\/wp-content\/uploads\/2022\/01\/4F250E8C-DD4D-4408-8F3F-D36B64C9DC6C-300x225.jpeg\" alt=\"\" width=\"300\" height=\"225\" srcset=\"https:\/\/domainedepamadera.nl\/wp-content\/uploads\/2022\/01\/4F250E8C-DD4D-4408-8F3F-D36B64C9DC6C-300x225.jpeg 300w, https:\/\/domainedepamadera.nl\/wp-content\/uploads\/2022\/01\/4F250E8C-DD4D-4408-8F3F-D36B64C9DC6C-1024x768.jpeg 1024w, https:\/\/domainedepamadera.nl\/wp-content\/uploads\/2022\/01\/4F250E8C-DD4D-4408-8F3F-D36B64C9DC6C-768x576.jpeg 768w, https:\/\/domainedepamadera.nl\/wp-content\/uploads\/2022\/01\/4F250E8C-DD4D-4408-8F3F-D36B64C9DC6C-1536x1152.jpeg 1536w, https:\/\/domainedepamadera.nl\/wp-content\/uploads\/2022\/01\/4F250E8C-DD4D-4408-8F3F-D36B64C9DC6C-2048x1536.jpeg 2048w\" sizes=\"(max-width: 300px) 100vw, 300px\" \/>\u00a0 <img decoding=\"async\" loading=\"lazy\" class=\"alignnone size-medium wp-image-1684\" src=\"https:\/\/domainedepamadera.nl\/wp-content\/uploads\/2022\/01\/39729D7B-C0C0-4240-9D42-BA52AA446CB2-226x300.jpeg\" alt=\"\" width=\"226\" height=\"300\" srcset=\"https:\/\/domainedepamadera.nl\/wp-content\/uploads\/2022\/01\/39729D7B-C0C0-4240-9D42-BA52AA446CB2-226x300.jpeg 226w, https:\/\/domainedepamadera.nl\/wp-content\/uploads\/2022\/01\/39729D7B-C0C0-4240-9D42-BA52AA446CB2-772x1024.jpeg 772w, https:\/\/domainedepamadera.nl\/wp-content\/uploads\/2022\/01\/39729D7B-C0C0-4240-9D42-BA52AA446CB2-768x1019.jpeg 768w, https:\/\/domainedepamadera.nl\/wp-content\/uploads\/2022\/01\/39729D7B-C0C0-4240-9D42-BA52AA446CB2.jpeg 1125w\" sizes=\"(max-width: 226px) 100vw, 226px\" \/><\/p>\n<p>Le d\u00e9but de votre \u00e9v\u00e9nement sportif commence, le temps passe lentement, la tension est insupportable, vous vous d\u00e9placez vers le bord de votre si\u00e8ge. L&rsquo;exp\u00e9rience est comme \u00eatre au milieu de vos favoris. Vous ferez l&rsquo;exp\u00e9rience de la tentative ultime d&rsquo;\u00eatre le vainqueur sur le podium comme jamais auparavant et vous vivrez tout cela avec nous pendant vos vacances ou votre s\u00e9jour inoubliables.<\/p>\n<p>Au Domaine de Pamdera, vous ne devez rien rater et vivre le sport et les performances de haut niveau tout en d\u00e9gustant une collation et un verre,<\/p>\n<p>Une salutation sportive<\/p>\n<p><strong><img decoding=\"async\" loading=\"lazy\" class=\"alignnone wp-image-525\" src=\"http:\/\/domainedepamadera.nl\/wp-content\/uploads\/2021\/02\/10-300x225.jpg\" alt=\"\" width=\"252\" height=\"189\" \/> <img decoding=\"async\" loading=\"lazy\" class=\"alignnone wp-image-526\" src=\"http:\/\/domainedepamadera.nl\/wp-content\/uploads\/2021\/02\/11-300x225.jpg\" alt=\"\" width=\"251\" height=\"188\" \/> <img decoding=\"async\" loading=\"lazy\" class=\"alignnone wp-image-527\" src=\"http:\/\/domainedepamadera.nl\/wp-content\/uploads\/2021\/02\/54-300x224.jpg\" alt=\"\" width=\"250\" height=\"187\" srcset=\"https:\/\/domainedepamadera.nl\/wp-content\/uploads\/2021\/02\/54-300x224.jpg 300w, https:\/\/domainedepamadera.nl\/wp-content\/uploads\/2021\/02\/54.jpg 640w\" sizes=\"(max-width: 250px) 100vw, 250px\" \/>\u00a0 \u00a0 \u00a0<\/strong><\/p>\n","protected":false},"excerpt":{"rendered":"<p>Suivez votre \u00e9v\u00e9nement pr\u00e9f\u00e9r\u00e9\u2026. Au milieu d&rsquo;une ambiance fran\u00e7aise bourguignonne dans la vaste campagne sous notre jolie v\u00e9randa! C&rsquo;est formidable de constater que lors de votre s\u00e9jour au Domaine de Pamadera vous \u00eates invit\u00e9 \u00e0 profiter de votre \u00e9v\u00e9nement pr\u00e9f\u00e9r\u00e9 tout en d\u00e9gustant une collation ou un verre! Les Jeux Olympiques, la Coupe du Monde [&hellip;]<\/p>\n","protected":false},"author":1,"featured_media":0,"parent":0,"menu_order":0,"comment_status":"closed","ping_status":"closed","template":"","meta":{"footnotes":""},"_links":{"self":[{"href":"https:\/\/domainedepamadera.nl\/fr\/wp-json\/wp\/v2\/pages\/380"}],"collection":[{"href":"https:\/\/domainedepamadera.nl\/fr\/wp-json\/wp\/v2\/pages"}],"about":[{"href":"https:\/\/domainedepamadera.nl\/fr\/wp-json\/wp\/v2\/types\/page"}],"author":[{"embeddable":true,"href":"https:\/\/domainedepamadera.nl\/fr\/wp-json\/wp\/v2\/users\/1"}],"replies":[{"embeddable":true,"href":"https:\/\/domainedepamadera.nl\/fr\/wp-json\/wp\/v2\/comments?post=380"}],"version-history":[{"count":19,"href":"https:\/\/domainedepamadera.nl\/fr\/wp-json\/wp\/v2\/pages\/380\/revisions"}],"predecessor-version":[{"id":1689,"href":"https:\/\/domainedepamadera.nl\/fr\/wp-json\/wp\/v2\/pages\/380\/revisions\/1689"}],"wp:attachment":[{"href":"https:\/\/domainedepamadera.nl\/fr\/wp-json\/wp\/v2\/media?parent=380"}],"curies":[{"name":"wp","href":"https:\/\/api.w.org\/{rel}","templated":true}]}}