{"id":390,"date":"2020-12-23T13:48:10","date_gmt":"2020-12-23T13:48:10","guid":{"rendered":"http:\/\/domainedepamadera.nl\/?page_id=390"},"modified":"2023-12-22T10:19:57","modified_gmt":"2023-12-22T10:19:57","slug":"eten-drinken","status":"publish","type":"page","link":"https:\/\/domainedepamadera.nl\/fr\/eten-drinken\/","title":{"rendered":"Manger, boire"},"content":{"rendered":"\n<p><strong><span style=\"font-family: 'Rock Salt';\"><span lang=\"fr\">Nourriture et boisson; <\/span><\/span><\/strong><\/p>\n<p><strong><span style=\"font-family: 'Rock Salt';\"><span lang=\"fr\">Tout vous est servi sous notre fantastique v\u00e9randa atmosph\u00e9rique avec vue sur notre beau jardin<\/span><\/span><\/strong><\/p>\n<p><img decoding=\"async\" loading=\"lazy\" class=\"alignnone wp-image-480\" src=\"http:\/\/domainedepamadera.nl\/wp-content\/uploads\/2021\/01\/9.3-300x200.jpg\" alt=\"\" width=\"216\" height=\"144\" \/><\/p>\n<p><strong>8.00-10.00 u <\/strong><\/p>\n<p><span style=\"font-family: 'Rock Salt';\"><strong><span lang=\"fr\">Petit-d\u00e9jeuner fran\u00e7ais richement rempli<\/span><\/strong><\/span><\/p>\n<p><img decoding=\"async\" loading=\"lazy\" class=\"alignnone wp-image-489\" src=\"http:\/\/domainedepamadera.nl\/wp-content\/uploads\/2021\/01\/3.3-300x160.jpg\" alt=\"\" width=\"233\" height=\"124\" srcset=\"https:\/\/domainedepamadera.nl\/wp-content\/uploads\/2021\/01\/3.3-300x160.jpg 300w, https:\/\/domainedepamadera.nl\/wp-content\/uploads\/2021\/01\/3.3-1024x546.jpg 1024w, https:\/\/domainedepamadera.nl\/wp-content\/uploads\/2021\/01\/3.3-768x409.jpg 768w, https:\/\/domainedepamadera.nl\/wp-content\/uploads\/2021\/01\/3.3-720x380.jpg 720w, https:\/\/domainedepamadera.nl\/wp-content\/uploads\/2021\/01\/3.3.jpg 1163w\" sizes=\"(max-width: 233px) 100vw, 233px\" \/><\/p>\n<p><strong>12.00-14.00 lunchkaart<\/strong><\/p>\n<p><strong><span style=\"font-family: 'Rock Salt';\"><span lang=\"fr\">4 d\u00e9licieuses baguettes avec diff\u00e9rentes garnitures et le sandwich de la semaine! Jetez un \u0153il sur le spot avec lequel nous pouvons vous surprendre tous les jours!<\/span><\/span>4\u00a0<\/strong><\/p>\n<p><img decoding=\"async\" loading=\"lazy\" class=\"alignnone wp-image-481\" src=\"http:\/\/domainedepamadera.nl\/wp-content\/uploads\/2021\/01\/9.4-300x300.jpg\" alt=\"\" width=\"187\" height=\"187\" \/><\/p>\n<p><strong>16.00-17.30 <span style=\"font-family: 'Rock Salt';\"><span lang=\"fr\">carte de boisson<\/span><\/span><\/strong><\/p>\n<p><img decoding=\"async\" loading=\"lazy\" class=\"alignnone wp-image-483\" src=\"http:\/\/domainedepamadera.nl\/wp-content\/uploads\/2021\/01\/9.6-300x225.jpg\" alt=\"\" width=\"188\" height=\"141\" \/><\/p>\n<p><strong>19.30 u <span style=\"font-family: 'Rock Salt';\"><span lang=\"fr\">Profitez d&rsquo;un d\u00eener bourguignon<\/span><\/span><\/strong><\/p>\n<p><strong>\u00a0 <\/strong><\/p>\n<p><strong><span style=\"font-family: 'Rock Salt';\"><span lang=\"fr\">Manger &#038; boire au Domaine de Pamadera Notre v\u00e9randa est le centre de notre domaine, o\u00f9 les gens se r\u00e9unissent pour socialiser, discuter ou prendre un verre et prendre un verre. Bien s\u00fbr, nous avons quelque chose \u00e0 vous offrir! D\u00e8s que les premiers rayons de soleil mettent la v\u00e9randa \u00e0 la lumi\u00e8re, nous commen\u00e7ons par un petit-d\u00e9jeuner richement rempli avec de nombreux produits locaux. Vous ne pouviez pas souhaiter un meilleur d\u00e9but de journ\u00e9e, tout a \u00e9t\u00e9 pens\u00e9. Si vous manquez encore quelque chose pendant le petit-d\u00e9jeuner, veuillez nous en informer, nous pourrons peut-\u00eatre l&rsquo;ajouter \u00e0 l&rsquo;avenir. Cependant, personne n&rsquo;a jamais commenc\u00e9 la journ\u00e9e avec nous affam\u00e9s! <\/span><\/span><\/strong><\/p>\n<p><strong><span style=\"font-family: 'Rock Salt';\"><span lang=\"fr\">La matin\u00e9e se passe bien, activement ou comme vous le souhaitez. Le soleil brille haut dans le ciel bleu clair! Votre estomac commence \u00e0 gronder et vous vous dirigez vers la v\u00e9randa atmosph\u00e9rique. Vous y trouverez le tableau de menu avec de d\u00e9licieux sandwichs, parfois m\u00eame une surprise! <\/span><\/span><\/strong><\/p>\n<p><strong><span style=\"font-family: 'Rock Salt';\"><span lang=\"fr\">Soyez surpris et profitez de votre repas! Sous le chaud soleil de l&rsquo;apr\u00e8s-midi, les enfants recherchent une d\u00e9licieuse collation rafra\u00eechissante. Recherchez ceci dans notre refroidissement \u00e0 glace et laissez votre temp\u00e9rature corporelle baisser un peu avec une d\u00e9licieuse l\u00e9cher de votre glace. L&rsquo;apr\u00e8s-midi est magnifique sur notre domaine, quelle sensation de vacances vous en tirez! Le d\u00eener de ce soir commence vers 19.30 heures. Vous pouvez toujours utiliser des friandises pour cela! Pendant que les enfants se baignent dans la piscine, vous pourrez prendre un verre sous la v\u00e9randa, un d\u00e9licieux vin, une boisson ou l&rsquo;une des nombreuses sortes de bi\u00e8re, ainsi qu&rsquo;un d\u00e9licieux snack-board juste parce que vous le pouvez! <\/span><\/span><\/strong><\/p>\n<p><strong><span style=\"font-family: 'Rock Salt';\"><span lang=\"fr\">Apr\u00e8s une merveilleuse douche, vous vous pr\u00e9parerez pour le d\u00eener, douillet ensemble sous la v\u00e9randa avec les lumi\u00e8res qui vous permettront de r\u00eaver \u00e0 la belle vie \u00e0 la fran\u00e7aise. Chaque jour, nous essayons de servir un d\u00e9licieux repas et nous avons \u00e9galement pens\u00e9 aux plus petits d&rsquo;entre nous. D\u00e9licieusement satisfait de ce repas, votre soir\u00e9e se poursuit en bonne compagnie et vos r\u00eaves appellent \u00e0 une nuit de sommeil bien m\u00e9rit\u00e9e, jusqu&rsquo;\u00e0 ce que le matin revienne!<\/span><\/span><\/strong><\/p>\n<p>&nbsp;<\/p>\n<p><img decoding=\"async\" loading=\"lazy\" class=\"alignnone size-medium wp-image-521\" src=\"http:\/\/domainedepamadera.nl\/wp-content\/uploads\/2021\/02\/44-225x300.jpg\" alt=\"\" width=\"225\" height=\"300\" srcset=\"https:\/\/domainedepamadera.nl\/wp-content\/uploads\/2021\/02\/44-225x300.jpg 225w, https:\/\/domainedepamadera.nl\/wp-content\/uploads\/2021\/02\/44-rotated.jpg 480w\" sizes=\"(max-width: 225px) 100vw, 225px\" \/> <img decoding=\"async\" loading=\"lazy\" class=\"alignnone size-medium wp-image-522\" src=\"http:\/\/domainedepamadera.nl\/wp-content\/uploads\/2021\/02\/68-225x300.jpg\" alt=\"\" width=\"225\" height=\"300\" srcset=\"https:\/\/domainedepamadera.nl\/wp-content\/uploads\/2021\/02\/68-225x300.jpg 225w, https:\/\/domainedepamadera.nl\/wp-content\/uploads\/2021\/02\/68-rotated.jpg 480w\" sizes=\"(max-width: 225px) 100vw, 225px\" \/> <img decoding=\"async\" loading=\"lazy\" class=\"alignnone size-medium wp-image-523\" src=\"http:\/\/domainedepamadera.nl\/wp-content\/uploads\/2021\/02\/c7-225x300.jpg\" alt=\"\" width=\"225\" height=\"300\" srcset=\"https:\/\/domainedepamadera.nl\/wp-content\/uploads\/2021\/02\/c7-225x300.jpg 225w, https:\/\/domainedepamadera.nl\/wp-content\/uploads\/2021\/02\/c7.jpg 480w\" sizes=\"(max-width: 225px) 100vw, 225px\" \/><\/p>\n<p>&nbsp;<\/p>\n","protected":false},"excerpt":{"rendered":"<p>Nourriture et boisson; Tout vous est servi sous notre fantastique v\u00e9randa atmosph\u00e9rique avec vue sur notre beau jardin 8.00-10.00 u Petit-d\u00e9jeuner fran\u00e7ais richement rempli 12.00-14.00 lunchkaart 4 d\u00e9licieuses baguettes avec diff\u00e9rentes garnitures et le sandwich de la semaine! Jetez un \u0153il sur le spot avec lequel nous pouvons vous surprendre tous les jours!4\u00a0 16.00-17.30 carte [&hellip;]<\/p>\n","protected":false},"author":1,"featured_media":0,"parent":0,"menu_order":0,"comment_status":"closed","ping_status":"closed","template":"","meta":{"footnotes":""},"_links":{"self":[{"href":"https:\/\/domainedepamadera.nl\/fr\/wp-json\/wp\/v2\/pages\/390"}],"collection":[{"href":"https:\/\/domainedepamadera.nl\/fr\/wp-json\/wp\/v2\/pages"}],"about":[{"href":"https:\/\/domainedepamadera.nl\/fr\/wp-json\/wp\/v2\/types\/page"}],"author":[{"embeddable":true,"href":"https:\/\/domainedepamadera.nl\/fr\/wp-json\/wp\/v2\/users\/1"}],"replies":[{"embeddable":true,"href":"https:\/\/domainedepamadera.nl\/fr\/wp-json\/wp\/v2\/comments?post=390"}],"version-history":[{"count":40,"href":"https:\/\/domainedepamadera.nl\/fr\/wp-json\/wp\/v2\/pages\/390\/revisions"}],"predecessor-version":[{"id":2239,"href":"https:\/\/domainedepamadera.nl\/fr\/wp-json\/wp\/v2\/pages\/390\/revisions\/2239"}],"wp:attachment":[{"href":"https:\/\/domainedepamadera.nl\/fr\/wp-json\/wp\/v2\/media?parent=390"}],"curies":[{"name":"wp","href":"https:\/\/api.w.org\/{rel}","templated":true}]}}