{"id":6,"date":"2020-11-12T12:12:06","date_gmt":"2020-11-12T12:12:06","guid":{"rendered":"http:\/\/domainedepamadera.nl\/home-pagina\/"},"modified":"2025-12-30T09:59:20","modified_gmt":"2025-12-30T09:59:20","slug":"home-pagina","status":"publish","type":"page","link":"https:\/\/domainedepamadera.nl\/fr\/","title":{"rendered":"Home pagina"},"content":{"rendered":"<div id=\"pl-6\"  class=\"panel-layout\" ><div id=\"pg-6-0\"  class=\"panel-grid panel-no-style\" ><div id=\"pgc-6-0-0\"  class=\"panel-grid-cell\" ><div id=\"panel-6-0-0-0\" class=\"so-panel widget widget_circleicon-widget panel-first-child panel-last-child\" data-index=\"0\" >\t\t<div class=\"circle-icon-box circle-icon-position-top circle-icon-hide-box circle-icon-size-small \">\n\t\t\t\t\t\t\t<div class=\"circle-icon-wrapper\">\n\t\t\t\t\t\t\t\t\t\t<a href=\"http:\/\/domainedepamadera.nl\/chambre-d-hotes\/\" class=\"link-icon\" >\t\t\t\t\t<div class=\"circle-icon icon-style-set\" style=\"background-color: #5c5c38\">\n\t\t\t\t\t\t\t\t\t\t\t\t\t<div class=\"fa fa-forward\" ><\/div>\n\t\t\t\t\t\t\t\t\t\t\t<\/div> \n\t\t\t\t\t<\/a>\t\t\t\t<\/div>\n\t\t\t\n\t\t\t\t\t\t\t<a href=\"http:\/\/domainedepamadera.nl\/chambre-d-hotes\/\" class=\"link-title\" >\n\t\t\t\t\t\t\t\t\t\t\t\t\t<\/a>\n\t\t\t\n\t\t\t\t\t\t\t\t\t\t<a href=\"http:\/\/domainedepamadera.nl\/chambre-d-hotes\/\" class=\"more-button\" >  <i><\/i><\/a>\n\t\t\t\t\t<\/div>\n\t\t<\/div><\/div><div id=\"pgc-6-0-1\"  class=\"panel-grid-cell\" ><div id=\"panel-6-0-1-0\" class=\"so-panel widget widget_text panel-first-child panel-last-child\" data-index=\"1\" ><div class=\"panel-widget-style panel-widget-style-for-6-0-1-0\" ><h3 class=\"widget-title\">Chambres d&rsquo;H\u00f4tes<\/h3>\t\t\t<div class=\"textwidget\"><\/div>\n\t\t<\/div><\/div><\/div><div id=\"pgc-6-0-2\"  class=\"panel-grid-cell\" ><div id=\"panel-6-0-2-0\" class=\"so-panel widget widget_circleicon-widget panel-first-child panel-last-child\" data-index=\"2\" >\t\t<div class=\"circle-icon-box circle-icon-position-top circle-icon-hide-box circle-icon-size-small \">\n\t\t\t\t\t\t\t<div class=\"circle-icon-wrapper\">\n\t\t\t\t\t\t\t\t\t\t<a href=\"http:\/\/domainedepamadera.nl\/gites\/\" class=\"link-icon\" >\t\t\t\t\t<div class=\"circle-icon icon-style-set\" style=\"background-color: #5c5c38\">\n\t\t\t\t\t\t\t\t\t\t\t\t\t<div class=\"fa fa-forward\" ><\/div>\n\t\t\t\t\t\t\t\t\t\t\t<\/div> \n\t\t\t\t\t<\/a>\t\t\t\t<\/div>\n\t\t\t\n\t\t\t\t\t\t\t<a href=\"http:\/\/domainedepamadera.nl\/gites\/\" class=\"link-title\" >\n\t\t\t\t\t\t\t\t\t\t\t\t\t<\/a>\n\t\t\t\n\t\t\t\t\t\t\t\t\t\t<a href=\"http:\/\/domainedepamadera.nl\/gites\/\" class=\"more-button\" >  <i><\/i><\/a>\n\t\t\t\t\t<\/div>\n\t\t<\/div><\/div><div id=\"pgc-6-0-3\"  class=\"panel-grid-cell panel-grid-cell-mobile-last\" ><div id=\"panel-6-0-3-0\" class=\"so-panel widget widget_text panel-first-child panel-last-child\" data-index=\"3\" ><h3 class=\"widget-title\">G\u00eetes en appartementen<\/h3>\t\t\t<div class=\"textwidget\"><\/div>\n\t\t<\/div><\/div><div id=\"pgc-6-0-4\"  class=\"panel-grid-cell panel-grid-cell-empty\" ><\/div><\/div><div id=\"pg-6-1\"  class=\"panel-grid panel-no-style\" ><div id=\"pgc-6-1-0\"  class=\"panel-grid-cell\" ><div id=\"panel-6-1-0-0\" class=\"so-panel widget widget_circleicon-widget panel-first-child panel-last-child\" data-index=\"4\" >\t\t<div class=\"circle-icon-box circle-icon-position-top circle-icon-hide-box circle-icon-size-small \">\n\t\t\t\t\t\t\t<div class=\"circle-icon-wrapper\">\n\t\t\t\t\t\t\t\t\t\t<a href=\"http:\/\/domainedepamadera.nl\/workshops\/\" class=\"link-icon\" >\t\t\t\t\t<div class=\"circle-icon icon-style-set\" style=\"background-color: #5c5c38\">\n\t\t\t\t\t\t\t\t\t\t\t\t\t<div class=\"fa fa-forward\" ><\/div>\n\t\t\t\t\t\t\t\t\t\t\t<\/div> \n\t\t\t\t\t<\/a>\t\t\t\t<\/div>\n\t\t\t\n\t\t\t\t\t\t\t<a href=\"http:\/\/domainedepamadera.nl\/workshops\/\" class=\"link-title\" >\n\t\t\t\t\t\t\t\t\t\t\t\t\t<\/a>\n\t\t\t\n\t\t\t\t\t\t\t\t\t\t<a href=\"http:\/\/domainedepamadera.nl\/workshops\/\" class=\"more-button\" >  <i><\/i><\/a>\n\t\t\t\t\t<\/div>\n\t\t<\/div><\/div><div id=\"pgc-6-1-1\"  class=\"panel-grid-cell\" ><div id=\"panel-6-1-1-0\" class=\"so-panel widget widget_text panel-first-child panel-last-child\" data-index=\"5\" ><h3 class=\"widget-title\">Faciliteiten<\/h3>\t\t\t<div class=\"textwidget\"><\/div>\n\t\t<\/div><\/div><div id=\"pgc-6-1-2\"  class=\"panel-grid-cell\" ><div id=\"panel-6-1-2-0\" class=\"so-panel widget widget_circleicon-widget panel-first-child panel-last-child\" data-index=\"6\" >\t\t<div class=\"circle-icon-box circle-icon-position-top circle-icon-hide-box circle-icon-size-small \">\n\t\t\t\t\t\t\t<div class=\"circle-icon-wrapper\">\n\t\t\t\t\t\t\t\t\t\t<a href=\"http:\/\/domainedepamadera.nl\/eten-drinken\/\" class=\"link-icon\" >\t\t\t\t\t<div class=\"circle-icon icon-style-set\" style=\"background-color: #5c5c38\">\n\t\t\t\t\t\t\t\t\t\t\t\t\t<div class=\"fa fa-forward\" ><\/div>\n\t\t\t\t\t\t\t\t\t\t\t<\/div> \n\t\t\t\t\t<\/a>\t\t\t\t<\/div>\n\t\t\t\n\t\t\t\t\t\t\t<a href=\"http:\/\/domainedepamadera.nl\/eten-drinken\/\" class=\"link-title\" >\n\t\t\t\t\t\t\t\t\t\t\t\t\t<\/a>\n\t\t\t\n\t\t\t\t\t\t\t\t\t\t<a href=\"http:\/\/domainedepamadera.nl\/eten-drinken\/\" class=\"more-button\" >  <i><\/i><\/a>\n\t\t\t\t\t<\/div>\n\t\t<\/div><\/div><div id=\"pgc-6-1-3\"  class=\"panel-grid-cell panel-grid-cell-mobile-last\" ><div id=\"panel-6-1-3-0\" class=\"so-panel widget widget_text panel-first-child panel-last-child\" data-index=\"7\" ><h3 class=\"widget-title\">Eten &#038; Drinken<\/h3>\t\t\t<div class=\"textwidget\"><\/div>\n\t\t<\/div><\/div><div id=\"pgc-6-1-4\"  class=\"panel-grid-cell panel-grid-cell-empty\" ><\/div><\/div><div id=\"pg-6-2\"  class=\"panel-grid panel-no-style\" ><div id=\"pgc-6-2-0\"  class=\"panel-grid-cell\" ><div id=\"panel-6-2-0-0\" class=\"so-panel widget widget_circleicon-widget panel-first-child panel-last-child\" data-index=\"8\" >\t\t<div class=\"circle-icon-box circle-icon-position-top circle-icon-hide-box circle-icon-size-small \">\n\t\t\t\t\t\t\t<div class=\"circle-icon-wrapper\">\n\t\t\t\t\t\t\t\t\t\t<a href=\"http:\/\/domainedepamadera.nl\/zwembad\/\" class=\"link-icon\" >\t\t\t\t\t<div class=\"circle-icon icon-style-set\" style=\"background-color: #5c5c38\">\n\t\t\t\t\t\t\t\t\t\t\t\t\t<div class=\"fa fa-forward\" ><\/div>\n\t\t\t\t\t\t\t\t\t\t\t<\/div> \n\t\t\t\t\t<\/a>\t\t\t\t<\/div>\n\t\t\t\n\t\t\t\t\t\t\t<a href=\"http:\/\/domainedepamadera.nl\/zwembad\/\" class=\"link-title\" >\n\t\t\t\t\t\t\t\t\t\t\t\t\t<\/a>\n\t\t\t\n\t\t\t\t\t\t\t\t\t\t<a href=\"http:\/\/domainedepamadera.nl\/zwembad\/\" class=\"more-button\" >  <i><\/i><\/a>\n\t\t\t\t\t<\/div>\n\t\t<\/div><\/div><div id=\"pgc-6-2-1\"  class=\"panel-grid-cell\" ><div id=\"panel-6-2-1-0\" class=\"so-panel widget widget_text panel-first-child panel-last-child\" data-index=\"9\" ><h3 class=\"widget-title\">Zwembad<\/h3>\t\t\t<div class=\"textwidget\"><\/div>\n\t\t<\/div><\/div><div id=\"pgc-6-2-2\"  class=\"panel-grid-cell\" ><div id=\"panel-6-2-2-0\" class=\"so-panel widget widget_circleicon-widget panel-first-child panel-last-child\" data-index=\"10\" >\t\t<div class=\"circle-icon-box circle-icon-position-top circle-icon-hide-box circle-icon-size-small \">\n\t\t\t\t\t\t\t<div class=\"circle-icon-wrapper\">\n\t\t\t\t\t\t\t\t\t\t<div class=\"circle-icon icon-style-set\" style=\"background-color: #5c5c38\">\n\t\t\t\t\t\t\t\t\t\t\t\t\t<div class=\"fa fa-forward\" ><\/div>\n\t\t\t\t\t\t\t\t\t\t\t<\/div> \n\t\t\t\t\t\t\t\t\t<\/div>\n\t\t\t\n\t\t\t\t\t\t\t\t\t\n\t\t\t\t\t\t\t\t\t\t<a href=\"http:\/\/domainedepamadera.nl\/veranda\/\" class=\"more-button\" >  <i><\/i><\/a>\n\t\t\t\t\t<\/div>\n\t\t<\/div><\/div><div id=\"pgc-6-2-3\"  class=\"panel-grid-cell panel-grid-cell-mobile-last\" ><div id=\"panel-6-2-3-0\" class=\"so-panel widget widget_text panel-first-child panel-last-child\" data-index=\"11\" ><h3 class=\"widget-title\">Veranda<\/h3>\t\t\t<div class=\"textwidget\"><\/div>\n\t\t<\/div><\/div><div id=\"pgc-6-2-4\"  class=\"panel-grid-cell panel-grid-cell-empty\" ><\/div><\/div><div id=\"pg-6-3\"  class=\"panel-grid panel-no-style\" ><div id=\"pgc-6-3-0\"  class=\"panel-grid-cell\" ><div id=\"panel-6-3-0-0\" class=\"so-panel widget widget_circleicon-widget panel-first-child panel-last-child\" data-index=\"12\" >\t\t<div class=\"circle-icon-box circle-icon-position-top circle-icon-hide-box circle-icon-size-small \">\n\t\t\t\t\t\t\t<div class=\"circle-icon-wrapper\">\n\t\t\t\t\t\t\t\t\t\t<a href=\"http:\/\/domainedepamadera.nl\/beschikbaarheid\/\" class=\"link-icon\" >\t\t\t\t\t<div class=\"circle-icon icon-style-set\" style=\"background-color: #5c5c38\">\n\t\t\t\t\t\t\t\t\t\t\t\t\t<div class=\"fa fa-forward\" ><\/div>\n\t\t\t\t\t\t\t\t\t\t\t<\/div> \n\t\t\t\t\t<\/a>\t\t\t\t<\/div>\n\t\t\t\n\t\t\t\t\t\t\t<a href=\"http:\/\/domainedepamadera.nl\/beschikbaarheid\/\" class=\"link-title\" >\n\t\t\t\t\t\t\t\t\t\t\t\t\t<\/a>\n\t\t\t\n\t\t\t\t\t\t\t\t\t\t<a href=\"http:\/\/domainedepamadera.nl\/beschikbaarheid\/\" class=\"more-button\" >  <i><\/i><\/a>\n\t\t\t\t\t<\/div>\n\t\t<\/div><\/div><div id=\"pgc-6-3-1\"  class=\"panel-grid-cell\" ><div id=\"panel-6-3-1-0\" class=\"so-panel widget widget_text panel-first-child panel-last-child\" data-index=\"13\" ><h3 class=\"widget-title\">Beschikbaarheid<\/h3>\t\t\t<div class=\"textwidget\"><\/div>\n\t\t<\/div><\/div><div id=\"pgc-6-3-2\"  class=\"panel-grid-cell\" ><div id=\"panel-6-3-2-0\" class=\"so-panel widget widget_circleicon-widget panel-first-child panel-last-child\" data-index=\"14\" >\t\t<div class=\"circle-icon-box circle-icon-position-top circle-icon-hide-box circle-icon-size-small \">\n\t\t\t\t\t\t\t<div class=\"circle-icon-wrapper\">\n\t\t\t\t\t\t\t\t\t\t<a href=\"http:\/\/domainedepamadera.nl\/omgeving\/\" class=\"link-icon\" >\t\t\t\t\t<div class=\"circle-icon icon-style-set\" style=\"background-color: #5c5c38\">\n\t\t\t\t\t\t\t\t\t\t\t\t\t<div class=\"fa fa-forward\" ><\/div>\n\t\t\t\t\t\t\t\t\t\t\t<\/div> \n\t\t\t\t\t<\/a>\t\t\t\t<\/div>\n\t\t\t\n\t\t\t\t\t\t\t<a href=\"http:\/\/domainedepamadera.nl\/omgeving\/\" class=\"link-title\" >\n\t\t\t\t\t\t\t\t\t\t\t\t\t<\/a>\n\t\t\t\n\t\t\t\t\t\t\t\t\t\t<a href=\"http:\/\/domainedepamadera.nl\/omgeving\/\" class=\"more-button\" >  <i><\/i><\/a>\n\t\t\t\t\t<\/div>\n\t\t<\/div><\/div><div id=\"pgc-6-3-3\"  class=\"panel-grid-cell panel-grid-cell-mobile-last\" ><div id=\"panel-6-3-3-0\" class=\"so-panel widget widget_text panel-first-child panel-last-child\" data-index=\"15\" ><h3 class=\"widget-title\">Omgeving<\/h3>\t\t\t<div class=\"textwidget\"><\/div>\n\t\t<\/div><\/div><div id=\"pgc-6-3-4\"  class=\"panel-grid-cell panel-grid-cell-empty\" ><\/div><\/div><div id=\"pg-6-4\"  class=\"panel-grid panel-no-style\" ><div id=\"pgc-6-4-0\"  class=\"panel-grid-cell\" ><div id=\"panel-6-4-0-0\" class=\"so-panel widget widget_text panel-first-child panel-last-child\" data-index=\"16\" ><h3 class=\"widget-title\">Nouvelles<\/h3>\t\t\t<div class=\"textwidget\"><p><span class=\"Y2IQFc\" lang=\"fr\">Bienvenue sur notre site web Domaine de Pamadera, plein d&rsquo;informations et d&rsquo;impressions de notre Domaine pour vous donner une bonne impression de l&rsquo;ambiance et des possibilit\u00e9s pour des vacances sans soucis. Car oui, nous avons maintenant r\u00e9alis\u00e9 que nous vivons \u00e0 une autre \u00e9poque les uns avec les autres et que cela va rester un moment. Heureusement, notre Domaine n&rsquo;est qu&rsquo;\u00e0 800 km des Pays-Bas et vous pourrez profiter pleinement de vacances bien m\u00e9rit\u00e9es dans notre station avec toutes les possibilit\u00e9s, le beau temps, le calme et l&rsquo;espace pour chacun.<\/span><\/p>\n<p><img decoding=\"async\" loading=\"lazy\" class=\"alignnone size-medium wp-image-2350\" src=\"http:\/\/domainedepamadera.nl\/wp-content\/uploads\/2024\/12\/IMG_9866-228x300.jpeg\" alt=\"\" width=\"228\" height=\"300\" srcset=\"https:\/\/domainedepamadera.nl\/wp-content\/uploads\/2024\/12\/IMG_9866-228x300.jpeg 228w, https:\/\/domainedepamadera.nl\/wp-content\/uploads\/2024\/12\/IMG_9866-777x1024.jpeg 777w, https:\/\/domainedepamadera.nl\/wp-content\/uploads\/2024\/12\/IMG_9866-768x1012.jpeg 768w, https:\/\/domainedepamadera.nl\/wp-content\/uploads\/2024\/12\/IMG_9866.jpeg 1125w\" sizes=\"(max-width: 228px) 100vw, 228px\" \/> <img decoding=\"async\" loading=\"lazy\" class=\"alignnone size-medium wp-image-2349\" src=\"http:\/\/domainedepamadera.nl\/wp-content\/uploads\/2024\/12\/IMG_9862-227x300.jpeg\" alt=\"\" width=\"227\" height=\"300\" srcset=\"https:\/\/domainedepamadera.nl\/wp-content\/uploads\/2024\/12\/IMG_9862-227x300.jpeg 227w, https:\/\/domainedepamadera.nl\/wp-content\/uploads\/2024\/12\/IMG_9862-776x1024.jpeg 776w, https:\/\/domainedepamadera.nl\/wp-content\/uploads\/2024\/12\/IMG_9862-768x1014.jpeg 768w, https:\/\/domainedepamadera.nl\/wp-content\/uploads\/2024\/12\/IMG_9862.jpeg 1125w\" sizes=\"(max-width: 227px) 100vw, 227px\" \/> <img decoding=\"async\" loading=\"lazy\" class=\"alignnone size-medium wp-image-2342\" src=\"http:\/\/domainedepamadera.nl\/wp-content\/uploads\/2024\/12\/IMG_9846-227x300.jpeg\" alt=\"\" width=\"227\" height=\"300\" srcset=\"https:\/\/domainedepamadera.nl\/wp-content\/uploads\/2024\/12\/IMG_9846-227x300.jpeg 227w, https:\/\/domainedepamadera.nl\/wp-content\/uploads\/2024\/12\/IMG_9846-776x1024.jpeg 776w, https:\/\/domainedepamadera.nl\/wp-content\/uploads\/2024\/12\/IMG_9846-768x1014.jpeg 768w, https:\/\/domainedepamadera.nl\/wp-content\/uploads\/2024\/12\/IMG_9846.jpeg 1125w\" sizes=\"(max-width: 227px) 100vw, 227px\" \/> <img decoding=\"async\" loading=\"lazy\" class=\"alignnone size-medium wp-image-2344\" src=\"http:\/\/domainedepamadera.nl\/wp-content\/uploads\/2024\/12\/IMG_9850-227x300.jpeg\" alt=\"\" width=\"227\" height=\"300\" srcset=\"https:\/\/domainedepamadera.nl\/wp-content\/uploads\/2024\/12\/IMG_9850-227x300.jpeg 227w, https:\/\/domainedepamadera.nl\/wp-content\/uploads\/2024\/12\/IMG_9850-774x1024.jpeg 774w, https:\/\/domainedepamadera.nl\/wp-content\/uploads\/2024\/12\/IMG_9850-768x1016.jpeg 768w, https:\/\/domainedepamadera.nl\/wp-content\/uploads\/2024\/12\/IMG_9850.jpeg 1125w\" sizes=\"(max-width: 227px) 100vw, 227px\" \/><\/p>\n<p><span class=\"Y2IQFc\" lang=\"fr\">En juin 2021, nous sommes arriv\u00e9s en France avec 4 camions complets et de nombreux projets pour faire de notre Domaine un lieu unique pour tous ceux qui recherchent de belles vacances avec calme, nature, d\u00e9tente, convivialit\u00e9 dans une ambiance d\u00e9contract\u00e9e unique. Nous l&rsquo;avons cr\u00e9\u00e9, entre autres, sous nos belles v\u00e9randas qui forment le c\u0153ur battant de notre Domaine et dans lesquelles chacun peut entrer et sortir de chez soi car nous consid\u00e9rons chaque client comme notre invit\u00e9 personnel. Nous ne jouons pas un r\u00f4le, nous ne faisons pas notre travail, mais nous sommes qui nous sommes et nous agissons comme nous sommes et les h\u00f4tes qui ont d\u00e9j\u00e0 \u00e9t\u00e9 dans notre Domaine ont exp\u00e9riment\u00e9 que nous mettons tout en \u0153uvre pour vous apporter quelque chose unique qui rend vos vacances inoubliables. La saison 2026 d\u00e9marre officiellement le 1er avril, mais nous sommes ouverts toute l&rsquo;ann\u00e9e sur demande. Au cours de la derni\u00e8re ann\u00e9e, nous avons apport\u00e9 de nombreuses am\u00e9liorations \u00e0 notre domaine. La priorit\u00e9 \u00e9tait l&rsquo;entretien en retard dans de nombreuses petites choses que nous avons toutes r\u00e9solues. On aimerait faire tellement plus d&rsquo;\u00e9tapes, mais tout n&rsquo;est pas toujours possible en 1 fois. Mais cela viendra, ce qui est \u00e9crit en si peu de temps est en fait suffisant et la p\u00e9riode estivale derni\u00e8re a clairement montr\u00e9 que nous faisons quelque chose d&rsquo;unique, de bien faire ! Nous n&rsquo;avons re\u00e7u que de tr\u00e8s belles et tr\u00e8s belles r\u00e9actions et les gens sont repartis avec une batterie bien remplie, p\u00e9tillante, \u00e9nergie positive acquise lors de leur s\u00e9jour au Domaine de Pamadera. Cela nous renforce pour aborder la nouvelle ann\u00e9e avec beaucoup d&rsquo;enthousiasme et \u00eatre pr\u00eats \u00e0 vous accueillir. Sur ce site, vous serez tenu inform\u00e9 autant que possible, mais quelque chose n&rsquo;est pas clair ou avez-vous des souhaits sp\u00e9cifiques ou souhaitez-vous simplement un contact personnel ? appelez-nous ou envoyez-nous un courriel pour discuter des possibilit\u00e9s. Nous avons pens\u00e9 \u00e0 beaucoup de choses dans notre pr\u00e9paration de 10 ans et tout n&rsquo;est pas possible, mais nous sommes convaincus que vous ferez l&rsquo;exp\u00e9rience d&rsquo;un lieu unique en Dordogne en France.<\/span><\/p>\n<p><img decoding=\"async\" loading=\"lazy\" class=\"alignnone size-medium wp-image-2345\" src=\"http:\/\/domainedepamadera.nl\/wp-content\/uploads\/2024\/12\/IMG_9848-229x300.jpeg\" alt=\"\" width=\"229\" height=\"300\" srcset=\"https:\/\/domainedepamadera.nl\/wp-content\/uploads\/2024\/12\/IMG_9848-229x300.jpeg 229w, https:\/\/domainedepamadera.nl\/wp-content\/uploads\/2024\/12\/IMG_9848-780x1024.jpeg 780w, https:\/\/domainedepamadera.nl\/wp-content\/uploads\/2024\/12\/IMG_9848-768x1008.jpeg 768w, https:\/\/domainedepamadera.nl\/wp-content\/uploads\/2024\/12\/IMG_9848.jpeg 1125w\" sizes=\"(max-width: 229px) 100vw, 229px\" \/> <img decoding=\"async\" loading=\"lazy\" class=\"alignnone size-medium wp-image-2348\" src=\"http:\/\/domainedepamadera.nl\/wp-content\/uploads\/2024\/12\/IMG_9861-227x300.jpeg\" alt=\"\" width=\"227\" height=\"300\" srcset=\"https:\/\/domainedepamadera.nl\/wp-content\/uploads\/2024\/12\/IMG_9861-227x300.jpeg 227w, https:\/\/domainedepamadera.nl\/wp-content\/uploads\/2024\/12\/IMG_9861-773x1024.jpeg 773w, https:\/\/domainedepamadera.nl\/wp-content\/uploads\/2024\/12\/IMG_9861-768x1017.jpeg 768w, https:\/\/domainedepamadera.nl\/wp-content\/uploads\/2024\/12\/IMG_9861.jpeg 1125w\" sizes=\"(max-width: 227px) 100vw, 227px\" \/> <img decoding=\"async\" loading=\"lazy\" class=\"alignnone size-medium wp-image-2343\" src=\"http:\/\/domainedepamadera.nl\/wp-content\/uploads\/2024\/12\/IMG_9852-300x221.jpeg\" alt=\"\" width=\"300\" height=\"221\" srcset=\"https:\/\/domainedepamadera.nl\/wp-content\/uploads\/2024\/12\/IMG_9852-300x221.jpeg 300w, https:\/\/domainedepamadera.nl\/wp-content\/uploads\/2024\/12\/IMG_9852-1024x755.jpeg 1024w, https:\/\/domainedepamadera.nl\/wp-content\/uploads\/2024\/12\/IMG_9852-768x566.jpeg 768w, https:\/\/domainedepamadera.nl\/wp-content\/uploads\/2024\/12\/IMG_9852.jpeg 1125w\" sizes=\"(max-width: 300px) 100vw, 300px\" \/><\/p>\n<p>Que vous souhaitiez venir en famille ou en p\u00e9riode Adults Only, le Domaine de Pamadera est l&rsquo;endroit id\u00e9al pour passer de merveilleuses vacances au milieu de la campagne fran\u00e7aise pleine de paix, d&rsquo;espace et de convivialit\u00e9. Nous avons divis\u00e9 2026 en 3 p\u00e9riodes pr\u00e9-saison, mi-saison et haute saison. Si vous \u00eates int\u00e9ress\u00e9 par un s\u00e9jour, vous recevrez toujours \u00e0 l&rsquo;avance des informations d\u00e9taill\u00e9es sur les possibilit\u00e9s, la disponibilit\u00e9, les installations et les prix. Nous sommes ouverts et transparents et nous aimerions que cela continue !<\/p>\n<p>A bient\u00f4t au Domaine de Pamadera,<\/p>\n<p><a href=\"https:\/\/domainedepamadera.nl\/fr\/nieuws\/\">Cliquez ici pour les nouvelles compl\u00e8tes<\/a><\/p>\n<\/div>\n\t\t<\/div><\/div><div id=\"pgc-6-4-1\"  class=\"panel-grid-cell\" ><div id=\"panel-6-4-1-0\" class=\"so-panel widget widget_media_image panel-first-child panel-last-child\" data-index=\"17\" ><h3 class=\"widget-title\">Visitekaartje<\/h3><img width=\"1007\" height=\"644\" src=\"https:\/\/domainedepamadera.nl\/wp-content\/uploads\/2021\/02\/22.1.jpg\" class=\"image wp-image-502  attachment-full size-full\" alt=\"\" decoding=\"async\" style=\"max-width: 100%; height: auto;\" srcset=\"https:\/\/domainedepamadera.nl\/wp-content\/uploads\/2021\/02\/22.1.jpg 1007w, https:\/\/domainedepamadera.nl\/wp-content\/uploads\/2021\/02\/22.1-300x192.jpg 300w, https:\/\/domainedepamadera.nl\/wp-content\/uploads\/2021\/02\/22.1-768x491.jpg 768w\" sizes=\"(max-width: 1007px) 100vw, 1007px\" \/><\/div><\/div><\/div><div id=\"pg-6-5\"  class=\"panel-grid panel-no-style\" ><div id=\"pgc-6-5-0\"  class=\"panel-grid-cell panel-grid-cell-empty\" ><\/div><div id=\"pgc-6-5-1\"  class=\"panel-grid-cell\" ><div id=\"panel-6-5-1-0\" class=\"so-panel widget widget_media_video panel-first-child panel-last-child\" data-index=\"18\" ><h3 class=\"widget-title\">Domaine de Pamadera in beeld;<\/h3><div style=\"width:100%;\" class=\"wp-video\"><!--[if lt IE 9]><script>document.createElement('video');<\/script><![endif]-->\n<video class=\"wp-video-shortcode\" id=\"video-6-1\" preload=\"metadata\" controls=\"controls\"><source type=\"video\/mp4\" src=\"https:\/\/domainedepamadera.nl\/wp-content\/uploads\/2021\/05\/VIDEO-2021-05-21-15-14-14.mp4?_=1\" \/><source type=\"video\/mp4\" src=\"https:\/\/domainedepamadera.nl\/wp-content\/uploads\/2021\/05\/VIDEO-2021-05-21-15-14-14.mp4?_=1\" \/><a href=\"https:\/\/domainedepamadera.nl\/wp-content\/uploads\/2021\/05\/VIDEO-2021-05-21-15-14-14.mp4\">https:\/\/domainedepamadera.nl\/wp-content\/uploads\/2021\/05\/VIDEO-2021-05-21-15-14-14.mp4<\/a><\/video><\/div><\/div><\/div><\/div><div id=\"pg-6-6\"  class=\"panel-grid panel-no-style\" ><div id=\"pgc-6-6-0\"  class=\"panel-grid-cell\" ><div id=\"panel-6-6-0-0\" class=\"widget_text so-panel widget widget_custom_html panel-first-child panel-last-child\" data-index=\"19\" ><div class=\"textwidget custom-html-widget\"><img src=\"http:\/\/domainedepamadera.nl\/wp-content\/uploads\/2021\/02\/kaartje-Frankrijk.jpg\">\n<a href=\"https:\/\/www.google.nl\/maps\/dir\/Ambiance+Lavande,+Les+Parcs+(Mialet,+Dordogne),+24450+Aux+Parcs,+Frankrijk\/@45.5378728,0.9088896,13z\/data=!4m8!4m7!1m0!1m5!1m1!1s0x47ff1f24c58406f9:0x34702f402d7bdff!2m2!1d0.8923136!2d45.534213\">Klik hier voor routebeschrijving<\/a><\/div><\/div><\/div><div id=\"pgc-6-6-1\"  class=\"panel-grid-cell\" ><div id=\"panel-6-6-1-0\" class=\"widget_text so-panel widget widget_custom_html panel-first-child panel-last-child\" data-index=\"20\" ><div class=\"textwidget custom-html-widget\"><img src=\"https:\/\/www.tameteo.nl\/wimages\/fotob5d590968714ae0afaeaa29d8baf27ac.png\"><br>\n<a href=\"https:\/\/www.tameteo.nl\/mialet.htm\">Klik hier voor de weerberichten<\/a><\/div><\/div><\/div><\/div><\/div>","protected":false},"excerpt":{"rendered":"<p>Chambres d&rsquo;H\u00f4tes G\u00eetes en appartementen Faciliteiten Eten &#038; Drinken Zwembad Veranda Beschikbaarheid Omgeving Nouvelles Bienvenue sur notre site web Domaine de Pamadera, plein d&rsquo;informations et d&rsquo;impressions de notre Domaine pour vous donner une bonne impression de l&rsquo;ambiance et des possibilit\u00e9s pour des vacances sans soucis. Car oui, nous avons maintenant r\u00e9alis\u00e9 que nous vivons \u00e0 [&hellip;]<\/p>\n","protected":false},"author":1,"featured_media":0,"parent":0,"menu_order":0,"comment_status":"closed","ping_status":"closed","template":"home-panels.php","meta":{"footnotes":""},"_links":{"self":[{"href":"https:\/\/domainedepamadera.nl\/fr\/wp-json\/wp\/v2\/pages\/6"}],"collection":[{"href":"https:\/\/domainedepamadera.nl\/fr\/wp-json\/wp\/v2\/pages"}],"about":[{"href":"https:\/\/domainedepamadera.nl\/fr\/wp-json\/wp\/v2\/types\/page"}],"author":[{"embeddable":true,"href":"https:\/\/domainedepamadera.nl\/fr\/wp-json\/wp\/v2\/users\/1"}],"replies":[{"embeddable":true,"href":"https:\/\/domainedepamadera.nl\/fr\/wp-json\/wp\/v2\/comments?post=6"}],"version-history":[{"count":194,"href":"https:\/\/domainedepamadera.nl\/fr\/wp-json\/wp\/v2\/pages\/6\/revisions"}],"predecessor-version":[{"id":2443,"href":"https:\/\/domainedepamadera.nl\/fr\/wp-json\/wp\/v2\/pages\/6\/revisions\/2443"}],"wp:attachment":[{"href":"https:\/\/domainedepamadera.nl\/fr\/wp-json\/wp\/v2\/media?parent=6"}],"curies":[{"name":"wp","href":"https:\/\/api.w.org\/{rel}","templated":true}]}}